{"id":969,"date":"2015-02-26T14:50:57","date_gmt":"2015-02-26T13:50:57","guid":{"rendered":"http:\/\/salon-urody.wroclaw.pl\/?page_id=969"},"modified":"2023-09-25T13:25:20","modified_gmt":"2023-09-25T11:25:20","slug":"oczyszczanie-manualne","status":"publish","type":"page","link":"https:\/\/salon-urody.wroclaw.pl\/index.php\/pielegnacja-twarzy\/oczyszczanie-manualne\/","title":{"rendered":"Oczyszczanie manualne"},"content":{"rendered":"<p><a href=\"http:\/\/salon-urody.wroclaw.pl\/wp-content\/uploads\/2015\/02\/Oczyszczanie-manualne-Wroc\u0142aw.jpg\"><img decoding=\"async\" class=\"size-full wp-image-972 alignleft lazyload\" data-src=\"http:\/\/salon-urody.wroclaw.pl\/wp-content\/uploads\/2015\/02\/Oczyszczanie-manualne-Wroc\u0142aw.jpg\" alt=\"Oczyszczanie manualne Wroc\u0142aw\" width=\"236\" height=\"292\" data-wp-pid=\"972\" data-srcset=\"https:\/\/salon-urody.wroclaw.pl\/wp-content\/uploads\/2015\/02\/Oczyszczanie-manualne-Wroc\u0142aw.jpg 236w, https:\/\/salon-urody.wroclaw.pl\/wp-content\/uploads\/2015\/02\/Oczyszczanie-manualne-Wroc\u0142aw-121x150.jpg 121w\" data-sizes=\"(max-width: 236px) 100vw, 236px\" src=\"data:image\/svg+xml;base64,PHN2ZyB3aWR0aD0iMSIgaGVpZ2h0PSIxIiB4bWxucz0iaHR0cDovL3d3dy53My5vcmcvMjAwMC9zdmciPjwvc3ZnPg==\" style=\"--smush-placeholder-width: 236px; --smush-placeholder-aspect-ratio: 236\/292;\" \/><\/a><\/p>\n<p>&nbsp;<\/p>\n<p>&nbsp;<\/p>\n<p>&nbsp;<\/p>\n<p style=\"text-align: center;\"><strong>Oczyszczanie manualne<\/strong> to sterylnie wykonywany zabieg pomagaj\u0105cy odzyska\u0107 pi\u0119kna, czyst\u0105 sk\u00f3r\u0119. To w\u0142a\u015bnie od niego powinni\u015bmy rozpoczyna\u0107 piel\u0119gnacj\u0119 cery lub jej leczenie. Takie przygotowanie sprawi, \u017ce efekty p\u00f3\u017aniejszych zabieg\u00f3w kosmetycznych b\u0119d\u0105 o wiele pe\u0142niejsze.<\/p>\n<p>&nbsp;<\/p>\n<p>&nbsp;<\/p>\n<p>&nbsp;<\/p>\n<p>Rytua\u0142 po wst\u0119pnych czynno\u015bciach tonizuj\u0105cych rozpoczyna si\u0119 rozpulchnianiem sk\u00f3ry twarzy <b>mieszank\u0105 kwasow\u0105 <\/b>oraz mask\u0105 zmi\u0119kczaj\u0105c\u0105 nask\u00f3rek. Tak przygotowana twarz mo\u017ce zosta\u0107 poddana manualnemu oczyszczaniu niezaognionych zmian typu zask\u00f3rniki, prosaki czy krosty. Nast\u0119pnie zastosowany zostaje <strong>Darsonval<\/strong>, kt\u00f3ry dzia\u0142a silnie bakteriob\u00f3jczo i dezynfekuje obszar zabiegowy. <strong>Derma Wand<\/strong> generuje pr\u0105dy D&#8217;arsonvala o wysokiej cz\u0119stotliwo\u015bci kt\u00f3re nie tylko zabijaj\u0105 wirusy, grzyby i likwiduj\u0105 stany zapalne, ale tak\u017ce pobudzaj\u0105 procesy odnowy kom\u00f3rek i dotleniaj\u0105 jej. Takie wyko\u0144czenie zabiegu aktywuje system immunologiczny sk\u00f3ry. Aby wyciszy\u0107 sk\u00f3r\u0119 i z\u0142agodzi\u0107 podra\u017cnienia stosujemy \u0142agodz\u0105c\u0105 mask\u0119 algow\u0105 skutecznie niweluj\u0105c\u0105 zaczerwienienie po zabiegu. Wyka\u0144czaj\u0105cy krem antyseptyczny ukoi wszelki dyskomfort i pozostawi sk\u00f3r\u0119 g\u0142adk\u0105 w dotyku. Takiej piel\u0119gnacji mo\u017cemy podda\u0107 nie tylko twarz, ale tak\u017ce dekolt czy plecy. Oczyszczanie mechaniczne mo\u017ce by\u0107 poprzedzone peelingiem kawitacyjnym, z\u0142uszczaj\u0105cym <a title=\"kwas migda\u0142owy\" href=\"http:\/\/salon-urody.wroclaw.pl\/index.php\/pielegnacja-twarzy\/dodatki-pielegnacyjne-do-zabiegow\/\">kwasem migda\u0142owym<\/a>, <a title=\"mikrodermabrazja\" href=\"http:\/\/salon-urody.wroclaw.pl\/index.php\/pielegnacja-twarzy\/mikrodermabrazja-diamentowa\/\">mikrodermabrazj\u0105<\/a> lub uzupe\u0142nione sonoforez\u0105 czy dodatkowo nawil\u017caj\u0105c\u0105 <a title=\"mezoterapia bezig\u0142owa\" href=\"http:\/\/salon-urody.wroclaw.pl\/index.php\/pielegnacja-twarzy\/mezoterapia-beziglowa\/\">mezoterapi\u0105 bezig\u0142ow\u0105<\/a> z aktywnym serum. Polecamy po\u0142\u0105czenie tego zabiegu z rytua\u0142em do cery tr\u0105dzikowej &#8211; <a title=\"Thalgodermyl\" href=\"http:\/\/salon-urody.wroclaw.pl\/index.php\/pielegnacja-twarzy\/thalgodermyl\/\">Thalgodermyl by Thalgo<\/a> dla osi\u0105gni\u0119cia najlepszych rezultat\u00f3w.<\/p>\n<p>&nbsp;<\/p>\n<p><strong>Przeciwwskazania:<\/strong><a href=\"http:\/\/salon-urody.wroclaw.pl\/wp-content\/uploads\/2015\/02\/Oczyszczanie-manualne-Fantastic-Body.jpg\"><img decoding=\"async\" class=\"size-medium wp-image-975 alignright lazyload\" data-src=\"http:\/\/salon-urody.wroclaw.pl\/wp-content\/uploads\/2015\/02\/Oczyszczanie-manualne-Fantastic-Body-300x250.jpg\" alt=\"Oczyszczanie manualne Fantastic Body\" width=\"300\" height=\"250\" data-wp-pid=\"975\" data-srcset=\"https:\/\/salon-urody.wroclaw.pl\/wp-content\/uploads\/2015\/02\/Oczyszczanie-manualne-Fantastic-Body-300x250.jpg 300w, https:\/\/salon-urody.wroclaw.pl\/wp-content\/uploads\/2015\/02\/Oczyszczanie-manualne-Fantastic-Body-150x125.jpg 150w, https:\/\/salon-urody.wroclaw.pl\/wp-content\/uploads\/2015\/02\/Oczyszczanie-manualne-Fantastic-Body.jpg 886w\" data-sizes=\"(max-width: 300px) 100vw, 300px\" src=\"data:image\/svg+xml;base64,PHN2ZyB3aWR0aD0iMSIgaGVpZ2h0PSIxIiB4bWxucz0iaHR0cDovL3d3dy53My5vcmcvMjAwMC9zdmciPjwvc3ZnPg==\" style=\"--smush-placeholder-width: 300px; --smush-placeholder-aspect-ratio: 300\/250;\" \/><\/a><\/p>\n<ul>\n<li>\u00a0ostre stany zapalne sk\u00f3ry,<\/li>\n<li>opryszczka,<\/li>\n<li>stany alergiczne,<\/li>\n<li>cera naczynkowa,<\/li>\n<li>sk\u0142onno\u015bci do powstawania bliznowc\u00f3w,<\/li>\n<li>tr\u0105dzik r\u00f3\u017cowaty<\/li>\n<\/ul>\n<p>&nbsp;<\/p>\n<h3><strong>Cena:<\/strong><\/h3>\n<p>Oczyszczanie manualne twarzy\u2013 249,99 z\u0142<\/p>\n<h3>Najcz\u0119\u015bciej zadawane pytania:<\/h3>\n<ul>\n<li>\n<div class=\"JlqpRe\"><span class=\"JCzEY ZwRhJd\"><span class=\"CSkcDe\">Czy manualne oczyszczanie twarzy jest dobre?<\/span><\/span><\/div>\n<\/li>\n<\/ul>\n<p>Manualne oczyszczanie twarzy przynosi szereg pozytywnych efekt\u00f3w. Jednak\u017ce nie jest przeznaczone dla ka\u017cdego typu sk\u00f3ry. W przypadku cer wra\u017cliwych i sk\u0142onnych do podra\u017cnie\u0144 warto znale\u017a\u0107 alternatywne rozwi\u0105zanie, takie jak oksybrazja lub oczyszczanie wodorowe. Prawid\u0142owo i dok\u0142adnie przeprowadzony zabieg daje po\u017c\u0105dane rezultaty, nie zwi\u0119kszaj\u0105c przy tym stanu zapalnego. Jedynie do\u015bwiadczony kosmetolog wie, jak przygotowa\u0107 sk\u00f3r\u0119 i nast\u0119pnie dok\u0142adnie j\u0105 oczy\u015bci\u0107, dlatego zalecamy nie wykonywa\u0107 oczyszczania manualnego w domu.<\/p>\n<ul>\n<li>\n<div class=\"JlqpRe\"><span class=\"JCzEY ZwRhJd\"><span class=\"CSkcDe\">Czego nie robi\u0107 po oczyszczaniu manualnym?<\/span><\/span><\/div>\n<\/li>\n<\/ul>\n<p>Po zabiegu manualnego oczyszczania twarzy sk\u00f3ra mo\u017ce by\u0107 delikatnie podra\u017cniona i zaczerwieniona. W takiej sytuacji warto zast\u0105pi\u0107 preparaty na bazie alkoholu lub\u00a0 mentolu, koj\u0105cymi tonikami i nawil\u017caj\u0105cymi kremami<a href=\"https:\/\/koreabu.pl\/kremy\">\u00a0<\/a>o lekkiej konsystencji. W naszej piel\u0119gnacji nie mo\u017cemy zapomnie\u0107 r\u00f3wnie\u017c o ochronie przeciws\u0142onecznej, poniewa\u017c mog\u0105 pojawi\u0107 si\u0119 przebarwienia.<\/p>\n<ul>\n<li>\n<div class=\"JlqpRe\"><span class=\"JCzEY ZwRhJd\"><span class=\"CSkcDe\">Co ile mo\u017cna robi\u0107 oczyszczanie manualne?<\/span><\/span><\/div>\n<\/li>\n<\/ul>\n<div id=\"_ksm_ZPmADJuMwPAPppasOA_3\" class=\"bCOlv\" data-ved=\"2ahUKEwj5keyL96mAAxUbBhAIHSYLCwcQ7NUEegQIARAE\">\n<div class=\"IZE3Td\">\n<div class=\"t0bRye r2fjmd\" data-hveid=\"CAEQBQ\" data-ved=\"2ahUKEwj5keyL96mAAxUbBhAIHSYLCwcQu04oAHoECAEQBQ\">\n<div id=\"ksm_ZPmADJuMwPAPppasOA__6\">\n<div class=\"wDYxhc\" data-md=\"61\">\n<div class=\"LGOjhe\" role=\"heading\" data-attrid=\"wa:\/description\" aria-level=\"3\" data-hveid=\"CAYQAA\"><span class=\"ILfuVd\" lang=\"pl\"><span class=\"hgKElc\">Mi\u0119dzy zabiegami powinni\u015bmy odczeka\u0107 minimum 2 tygodnie, a w przypadku cer nadwra\u017cliwych oraz reaktywnych nawet 3 tygodnie, poniewa\u017c musimy mie\u0107 pewno\u015b\u0107, \u017ce warstwa ochronna sk\u00f3ry odpowiednio si\u0119 zregenerowa\u0142a. Dobrze aby zabieg manualnego oczyszczania twarzy by\u0142 wykonywany regularnie. Je\u015bli mamy do czynienia z problematyczn\u0105 sk\u00f3r\u0105, tr\u0105dzikow\u0105 mo\u017cemy pozwoli\u0107 sobie nawet na 4 tygodnie przerwy mi\u0119dzy zabiegami.<\/span><\/span><\/div>\n<\/div>\n<\/div>\n<\/div>\n<\/div>\n<\/div>\n<ul>\n<li>Kiedy oczyszczanie manualne?<\/li>\n<\/ul>\n<p>W przypadku borykania si\u0119 z zask\u00f3rnikami otwartymi, zamkni\u0119tymi, prosakami, krostkami, zmianami g\u0142\u00f3wnie niezapalnymi oczyszczanie manualne jest z\u0142otym \u015brodkiem. Zabieg nie tylko odnosi si\u0119 do twarzy, ale r\u00f3wnie\u017c umo\u017cliwia oczyszczenie innych partii cia\u0142a, takich jak: plecy, uda.\u00a0 Je\u015bli zale\u017cy nam na\u00a0g\u0142adkiej, \u015bwie\u017cej i pozbawionej grudek sk\u00f3rze,\u00a0zw\u0119\u017ceniu i oczyszczeniu por\u00f3w to jest to idealny wyb\u00f3r.<\/p>\n<ul>\n<li>\n<div class=\"JlqpRe\"><span class=\"JCzEY ZwRhJd\"><span class=\"CSkcDe\">Co zamiast manualnego oczyszczania twarzy?<\/span><\/span><\/div>\n<\/li>\n<\/ul>\n<p>W przypadku cer odwodnionych, podra\u017cnionych lepszym rozwi\u0105zaniem mo\u017ce okaza\u0107 si\u0119 oczyszczanie wodorowe, gdy doskwieraj\u0105 rozszerzone naczynka, a sk\u00f3rze cz\u0119sto towarzyszy rumie\u0144 i stan zapalny najlepiej zdecydowa\u0107 si\u0119 na zabieg oksybrazji po\u0142\u0105czony z kwasem. W przypadku kwas\u00f3w warto pami\u0119ta\u0107, \u017ce najlepsz\u0105 por\u0105 na nie b\u0119dzie jesie\u0144\/ zima. Mikrodermabrazja jest idealnym rozwi\u0105zaniem dla sk\u00f3ry grubej, z oznakami starzenia i widocznymi przebarwieniami, a tak\u017ce w przypadku sk\u00f3ry m\u0119\u017cczyzn.<\/p>\n<ul>\n<li>\n<div class=\"JlqpRe\"><span class=\"JCzEY ZwRhJd\"><span class=\"CSkcDe\">Jak otworzy\u0107 i oczy\u015bci\u0107 pory?<\/span><\/span><\/div>\n<\/li>\n<\/ul>\n<p>Stosuj\u0105c specjalistyczne kosmetyki z firmy HL, mamy dost\u0119p do wieloetapowego rozgrzania sk\u00f3ry, rozszerzenia por\u00f3w za pomoc\u0105 toniku z dodatkiem kamfory oraz mieszanki kwas\u00f3w owocowych, kt\u00f3re mog\u0105 by\u0107 stosowane ca\u0142orocznie. Substancje te wykazuj\u0105 dzia\u0142anie oczyszczaj\u0105ce, przeciwutleniaj\u0105ce, rozja\u015bniaj\u0105ce przebarwienia pozapalne, pobudzaj\u0105 mikrokr\u0105\u017cenie sk\u00f3ry, powoduj\u0105c jej lepsze dotlenienie, od\u017cywienie, przyspieszenie wch\u0142aniania substancji u\u017cytych w zabiegu. Na zako\u0144czenie wieloetapowego oczyszczania twarzy, aplikujemy preparat na bazie serwatki mlecznej z kwasem mlekowym i hydrolizowanymi proteinami mlecznymi, nawil\u017caj\u0105cy i przywracaj\u0105cy sk\u00f3rze jej naturalny balans i ph.<\/p>\n<ul>\n<li>\n<div class=\"JlqpRe\"><span class=\"JCzEY ZwRhJd\"><span class=\"CSkcDe\">Kiedy nie robi\u0107 oczyszczania twarzy?<\/span><\/span><\/div>\n<\/li>\n<\/ul>\n<p>W przypadku, gdy wyst\u0119puje du\u017ca ilo\u015b\u0107 stan\u00f3w zapalnych, opryszczka, stany alergiczne, tendencja do powstawania blizn, tr\u0105dzik r\u00f3\u017cowaty, sk\u00f3ra naczyniowa. Tego typu zabieg nie powinien by\u0107 stanowczo wykonywany w domu we w\u0142asnym zakresie, poniewa\u017c sk\u00f3ra wymaga odpowiedniego przygotowania do takich dzia\u0142a\u0144 oraz by\u0107 odpowiednio oczyszczona i obj\u0119ta dezynfekcj\u0105, by zapobiec rozprzestrzenianiu si\u0119 zmian ropnych.<\/p>\n<ul>\n<li>Ile trwa zabieg manualnego oczyszczania twarzy?<\/li>\n<\/ul>\n<p>Na taki zabieg nale\u017cy zarezerwowa\u0107 sobie przynajmniej 1,5 h, poniewa\u017c wymaga on stopniowego przygotowywania sk\u00f3ry, a nast\u0119pnie dok\u0142adno\u015bci przy wykonywaniu oczyszczania. Jest to zale\u017cne od stopnia zanieczyszczenia sk\u00f3ry, wi\u0119c jest to indywidualny parametr natomiast zawsze jest to ponad godzina. Istnieje mo\u017cliwo\u015b\u0107 dobrania po zabiegu maski algowej w celu za\u0142agodzenia podra\u017cnie\u0144, wynikaj\u0105cych z manualnego usuwania zmian. W\u00f3wczas czas zabiegu wyd\u0142u\u017ca si\u0119 o 20 minut.<\/p>\n<ul>\n<li>\n<div class=\"JlqpRe\"><span class=\"JCzEY ZwRhJd\"><span class=\"CSkcDe\">Co daje oczyszczanie twarzy?<\/span><\/span><\/div>\n<\/li>\n<\/ul>\n<p>Podczas zabiegu eliminowane s\u0105 niezaognione zmiany typu zask\u00f3rniki, prosaki czy krosty. Nast\u0119pnie zastosowany zostaje <strong>Darsonval<\/strong>, kt\u00f3ry dzia\u0142a silnie bakteriob\u00f3jczo i dezynfekuje obszar zabiegowy. **Derma Wand **generuje pr\u0105dy D\u2019arsonvala o wysokiej cz\u0119stotliwo\u015bci kt\u00f3re nie tylko zabijaj\u0105 wirusy, grzyby i likwiduj\u0105 stany zapalne, ale tak\u017ce pobudzaj\u0105 procesy odnowy kom\u00f3rek i dotleniaj\u0105 jej. Takie wyko\u0144czenie zabiegu aktywuje system immunologiczny sk\u00f3ry. Aby wyciszy\u0107 sk\u00f3r\u0119 i z\u0142agodzi\u0107 podra\u017cnienia stosujemy \u0142agodz\u0105c\u0105 mask\u0119 kremow\u0105 skutecznie niweluj\u0105c\u0105 zaczerwienienie po zabiegu. Wyka\u0144czaj\u0105cy krem antyseptyczny ukoi wszelki dyskomfort i pozostawi sk\u00f3r\u0119 g\u0142adk\u0105 w dotyku. \u00a0Cera jest ja\u015bniejsza, bardziej napi\u0119ta, g\u0142adsza i lepiej nawil\u017cona, ma zw\u0119\u017cone uj\u015bcia gruczo\u0142\u00f3w \u0142ojowych a sk\u00f3ra jest widocznie odblokowana i oczyszczona.<\/p>\n<ul>\n<li>\n<div class=\"JlqpRe\"><span class=\"JCzEY ZwRhJd\"><span class=\"CSkcDe\">Na czym polega g\u0142\u0119bokie oczyszczanie twarzy?<\/span><\/span><\/div>\n<div class=\"aj35ze\">\n<p>Zabieg rozpoczynamy od demakija\u017cu sk\u00f3ry, a nast\u0119pnie jej przygotowania do peelingu, \u0142\u0105cz\u0105cego w sobie\u00a0<strong><em>alfa-hydroksykwasy, beta-hydroksykwasy, retinol\u00a0<\/em><\/strong>oraz\u00a0<strong><em>olej z pestek winogron.\u00a0<\/em><\/strong>W tym celu wykorzystujemy rozgrzewaj\u0105cy lotion A-NOX, kt\u00f3ry zmniejsza wra\u017cliwo\u015b\u0107 sk\u00f3ry na peeling chemiczny, sprawiaj\u0105c \u017ce staje si\u0119 on mniej odczuwalny i bardziej komfortowy.\u00a0<strong>HL-ANTI AGE PEEL<\/strong> \u2013 specjalna mieszanka kwasowa. S<span style=\"font-weight: inherit;\">ubstancje te wykazuj\u0105 dzia\u0142anie oczyszczaj\u0105ce, przeciwutleniaj\u0105ce, rozja\u015bniaj\u0105ce przebarwienia pozapalne, pobudzaj\u0105 mikrokr\u0105\u017cenie sk\u00f3ry, powoduj\u0105c jej lepsze dotlenienie, od\u017cywienie, przyspieszenie wch\u0142aniania substancji u\u017cytych w zabiegu. Przygotowujemy sk\u00f3r\u0119 do oczyszczania za pomoc\u0105 zmi\u0119kczaj\u0105cego sk\u00f3r\u0119 preparatu A-NOX SOLUTION i \u017celu na bazie aloesu\u00a0<strong>ALOGEL<\/strong>\u2013 nawil\u017caj\u0105cej maski \u0142agodz\u0105cej, kt\u00f3ra przygotuje sk\u00f3r\u0119 do zalecanego oczyszczania manualnego. Zawiera ekstrakty z aloesu, kopru w\u0142oskiego, chmielu, oczaru wirginijskiego, kt\u00f3re dzia\u0142aj\u0105 \u0142agodz\u0105co, przeciwzapalnie i sebostatycznie<\/span><\/p>\n<\/div>\n<\/li>\n<\/ul>\n<p>[su_button url=&#8221;https:\/\/instytut27.booksy.com&#8221; target=&#8221;blank&#8221; background=&#8221;#FFA500&#8243; style=&#8221;soft&#8221; size=&#8221;4&#8243; radius=&#8221;round&#8221; text_shadow=&#8221;1px 1px 1px #000000&#8243; rel=&#8221;nofollow&#8221;]Rezerwacja online[\/su_button]<\/p>\n<ul>\n<li>Tel.: 505 455 777<\/li>\n<\/ul>\n<div class=\"fb-page\" data-href=\"https:\/\/www.facebook.com\/fitness.wroclaw\/?locale=pl_PL\" data-tabs=\"timeline\" data-width=\"200\" data-height=\"80\" data-small-header=\"false\" data-adapt-container-width=\"true\" data-hide-cover=\"false\" data-show-facepile=\"true\">\n<blockquote class=\"fb-xfbml-parse-ignore\" cite=\"https:\/\/www.facebook.com\/fitness.wroclaw\/?locale=pl_PL\"><p>&nbsp;<\/p><\/blockquote>\n<\/div>\n<p>&nbsp;<\/p>\n","protected":false},"excerpt":{"rendered":"<p>&nbsp; &nbsp; &nbsp; Oczyszczanie manualne to sterylnie wykonywany zabieg pomagaj\u0105cy odzyska\u0107 pi\u0119kna, czyst\u0105 sk\u00f3r\u0119. To w\u0142a\u015bnie od niego powinni\u015bmy rozpoczyna\u0107 piel\u0119gnacj\u0119 cery lub jej leczenie. Takie przygotowanie sprawi, \u017ce efekty p\u00f3\u017aniejszych zabieg\u00f3w kosmetycznych b\u0119d\u0105 o wiele pe\u0142niejsze. &nbsp; &nbsp; &nbsp; Rytua\u0142 po wst\u0119pnych czynno\u015bciach tonizuj\u0105cych rozpoczyna si\u0119 rozpulchnianiem sk\u00f3ry twarzy mieszank\u0105 kwasow\u0105 oraz mask\u0105 zmi\u0119kczaj\u0105c\u0105 [&hellip;]<\/p>\n","protected":false},"author":6,"featured_media":0,"parent":113,"menu_order":0,"comment_status":"open","ping_status":"open","template":"","meta":{"_uf_show_specific_survey":0,"_uf_disable_surveys":false,"__cvm_playback_settings":[],"__cvm_video_id":"","_glsr_average":0,"_glsr_ranking":0,"_glsr_reviews":0,"footnotes":""},"class_list":["post-969","page","type-page","status-publish","czr-hentry"],"aioseo_notices":[],"_links":{"self":[{"href":"https:\/\/salon-urody.wroclaw.pl\/index.php\/wp-json\/wp\/v2\/pages\/969","targetHints":{"allow":["GET"]}}],"collection":[{"href":"https:\/\/salon-urody.wroclaw.pl\/index.php\/wp-json\/wp\/v2\/pages"}],"about":[{"href":"https:\/\/salon-urody.wroclaw.pl\/index.php\/wp-json\/wp\/v2\/types\/page"}],"author":[{"embeddable":true,"href":"https:\/\/salon-urody.wroclaw.pl\/index.php\/wp-json\/wp\/v2\/users\/6"}],"replies":[{"embeddable":true,"href":"https:\/\/salon-urody.wroclaw.pl\/index.php\/wp-json\/wp\/v2\/comments?post=969"}],"version-history":[{"count":0,"href":"https:\/\/salon-urody.wroclaw.pl\/index.php\/wp-json\/wp\/v2\/pages\/969\/revisions"}],"up":[{"embeddable":true,"href":"https:\/\/salon-urody.wroclaw.pl\/index.php\/wp-json\/wp\/v2\/pages\/113"}],"wp:attachment":[{"href":"https:\/\/salon-urody.wroclaw.pl\/index.php\/wp-json\/wp\/v2\/media?parent=969"}],"curies":[{"name":"wp","href":"https:\/\/api.w.org\/{rel}","templated":true}]}}