{"id":791,"date":"2015-02-16T11:42:36","date_gmt":"2015-02-16T10:42:36","guid":{"rendered":"http:\/\/salon-urody.wroclaw.pl\/?page_id=791"},"modified":"2023-08-18T16:10:08","modified_gmt":"2023-08-18T14:10:08","slug":"raspberry-body-program-spa-detox","status":"publish","type":"page","link":"https:\/\/salon-urody.wroclaw.pl\/index.php\/pielegnacja-ciala\/raspberry-body-program-spa-detox\/","title":{"rendered":"Raspberry Body Program &#8211; SPA DETOX"},"content":{"rendered":"<p><span style=\"color: #800080;\"><strong>RASPBERRY BODY PROGRAM<\/strong><\/span><\/p>\n<p><span style=\"color: #800080;\"><strong>SPA DETOX<\/strong><\/span><\/p>\n<p>Zabieg <span style=\"color: #800080;\">wyszczuplaj\u0105co &#8211; detoksykuj\u0105cy<\/span> z brazylijsk\u0105 BIO-Kofein\u0105 z Guarany.<\/p>\n<p>Dzia\u0142anie:<img decoding=\"async\" class=\"size-medium wp-image-795 alignright lazyload\" data-src=\"http:\/\/salon-urody.wroclaw.pl\/wp-content\/uploads\/2015\/02\/Raspberry-Love-300x245.jpg\" alt=\"Raspberry Love\" width=\"200\" height=\"150\" src=\"data:image\/svg+xml;base64,PHN2ZyB3aWR0aD0iMSIgaGVpZ2h0PSIxIiB4bWxucz0iaHR0cDovL3d3dy53My5vcmcvMjAwMC9zdmciPjwvc3ZnPg==\" style=\"--smush-placeholder-width: 200px; --smush-placeholder-aspect-ratio: 200\/150;\" \/><\/p>\n<p>&#8211; zapobiega powstawaniu cellulitu oraz niweluje ju\u017c powsta\u0142y<br \/>\n&#8211; wspomaga redukcj\u0119 tkanki t\u0142uszczowej (stymuluje lipoliz\u0119, zapobiega lipo &#8211; genezie)<br \/>\n&#8211; wyszczupla i modeluje sylwetk\u0119; uj\u0119drnia i uelastycznia sk\u00f3r\u0119;<br \/>\nintensywnie od\u017cywia i nawil\u017ca<br \/>\n&#8211; poprawia struktur\u0119 sk\u00f3ry<br \/>\n&#8211; zmniejsza obrz\u0119ki i zastoje; posiada w\u0142a\u015bciwo\u015bci antyoksydacyjne; relaksuje<\/p>\n<p><span style=\"color: #800080;\">I FAZA &#8211; eksfojacja i wyg\u0142adzanie &#8211; Peeling<\/span><\/p>\n<p>Intensywny i aromatyczny etap rytua\u0142u oparty na masa\u017cu cia\u0142a malinowym peelingiem z BIO-Kofein\u0105. Aktywnie <img decoding=\"async\" class=\"size-medium wp-image-861 alignright lazyload\" data-src=\"http:\/\/salon-urody.wroclaw.pl\/wp-content\/uploads\/2015\/02\/Raspberry-Body-Wrapping.jpg\" alt=\"Raspberry Body Wrapping\" width=\"300\" height=\"400\" src=\"data:image\/svg+xml;base64,PHN2ZyB3aWR0aD0iMSIgaGVpZ2h0PSIxIiB4bWxucz0iaHR0cDovL3d3dy53My5vcmcvMjAwMC9zdmciPjwvc3ZnPg==\" style=\"--smush-placeholder-width: 300px; --smush-placeholder-aspect-ratio: 300\/400;\" \/>stymuluje mikrokr\u0105\u017cenie i metabolizm sk\u00f3ry. Wspomaga wydalanie wody i toksyn z organizmu (detoksykacja sk\u00f3ry). Pozbywaj\u0105c si\u0119 zrogowacia\u0142ego i przesuszonego nask\u00f3rka przygotowujemy cia\u0142o do aplikacji sk\u0142adnik\u00f3w aktywnych.<\/p>\n<p><span style=\"color: #800080;\">II FAZA \u2013 detoksykacja \u2013 Sonoforeza<\/span><\/p>\n<p>Najistotniejsza cz\u0119\u015b\u0107 zabiegowa. Rozprowadzamy r\u00f3wnomiernie wyszczuplaj\u0105cy koncentrat malinowy ze szczeg\u00f3lnym uwzgl\u0119dnieniem obszar\u00f3w z nadmiarem tkanki t\u0142uszczowej lub cellulitu. Aby zwi\u0119kszy\u0107 oddzia\u0142ywanie substancji aktywnych wspomagamy ich absorpcj\u0119 poprzez zastosowanie sonoforezy, kt\u00f3ra znacznie zwi\u0119ksza przepuszczalno\u015b\u0107 b\u0142ony kom\u00f3rkowej dla wt\u0142aczanych koncentrat\u00f3w. BIO-Kofeina z Guarany skutecznie niweluje wszystkie formy cellulitu, uj\u0119drnia sk\u00f3r\u0119 i znacznie przyspiesza spalanie tkanki t\u0142uszczowej.<\/p>\n<p><span style=\"color: #800080;\">III FAZA &#8211; aktywacja i odnowa \u2013 Body Wrapping<\/span><\/p>\n<p>Kiedy ju\u017c przygotowali\u015bmy sk\u00f3r\u0119, zapewnimy jej g\u0142\u0119bokie od\u017cywienie. Cia\u0142o zostaje teraz otulone g\u0119st\u0105 mask\u0105 malinow\u0105 a nast\u0119pnie zgodnie z metod\u0105 Body Wrappingu owini\u0119te foli\u0105, kt\u00f3ra przyspieszy absorpcj\u0119 substancji aktywnych. Teraz poddajemy si\u0119 p\u00f3\u0142-godzinnej relaksacji pod rozgrzewaj\u0105cym kocem termicznym i pozwalamy aby nasze cia\u0142o w pe\u0142ni czerpa\u0142o z bogactwa sk\u0142adnik\u00f3w zawartych w masce.<\/p>\n<p><span style=\"color: #800080;\">IV FAZA \u2013 piel\u0119gnacja \u2013 Masa\u017c SPA<\/span><\/p>\n<p>Po etapie relaksacji nale\u017cy uwie\u0144czy\u0107 nasz rytua\u0142 intensywnym masa\u017cem drenuj\u0105cym na bazie multi &#8211; aktywnego lotionu modeluj\u0105cego sylwetk\u0119.<\/p>\n<p>Ten wspania\u0142y zabieg mo\u017cna stosowa\u0107 na niemal wszystkie partie cia\u0142a. Dla uzyskania rezultatu g\u0142adkiej i j\u0119drnej sk\u00f3ry bez objaw\u00f3w cellulitu zalecana jest seria 8 rytua\u0142\u00f3w piel\u0119gnacyjnych 1 \u2013 2 razy w tygodniu, a dla podtrzymania efekt\u00f3w 1 zabieg w miesi\u0105cu.<br \/>\nJe\u015bli chcesz sprawi\u0107 sobie lub najbli\u017cszym odrobin\u0119 przyjemno\u015bci i poczu\u0107 si\u0119 jak w prawdziwym SPA mo\u017cesz podda\u0107 si\u0119 rytua\u0142owi jednorazowo, a gwarantujemy, \u017ce nabierzesz ochoty na wi\u0119cej.<\/p>\n<p>&nbsp;<\/p>\n<p><span style=\"color: #800080;\">Wskazania:<img decoding=\"async\" class=\"wp-image-863 alignleft lazyload\" data-src=\"http:\/\/salon-urody.wroclaw.pl\/wp-content\/uploads\/2015\/02\/Raspberry-Spa-Wyszczuplanie.jpg\" alt=\"Raspberry Spa Wyszczuplanie\" width=\"333\" height=\"250\" src=\"data:image\/svg+xml;base64,PHN2ZyB3aWR0aD0iMSIgaGVpZ2h0PSIxIiB4bWxucz0iaHR0cDovL3d3dy53My5vcmcvMjAwMC9zdmciPjwvc3ZnPg==\" style=\"--smush-placeholder-width: 333px; --smush-placeholder-aspect-ratio: 333\/250;\" \/><\/span><br \/>\nnadmierna tkanka t\u0142uszczowa(brzuch, uda, po\u015bladki, ramiona); r\u00f3\u017cne formy cellulitu(wodny, t\u0142uszczowy); utrata j\u0119drno\u015bci i elastyczno\u015bci sk\u00f3ry; sk\u00f3ra przesuszona i niedotleniona; zaburzenia wydalania toksyn; zatrzymywanie wody w tkankach(obrz\u0119k); zaburzona przemiana materii; nieprawid\u0142owe kr\u0105\u017cenie krwi; pasywny tryb \u017cycia; rozci\u0105gni\u0119ta sk\u00f3ra po porodzie(nie podczas laktacji); w trakcie diety redukcyjnej;<br \/>\nCena:<\/p>\n<p>Raspberry Body Program Spa Detox <\/p>\n<h4>Serdecznie zapraszamy do zapoznania si\u0119 z naszymi zabiegami.<\/h4>\n<p>[su_button url=&#8221;https:\/\/instytut27.booksy.com&#8221; target=&#8221;blank&#8221; background=&#8221;#9acd32&#8243; style=&#8221;soft&#8221; size=&#8221;4&#8243; radius=&#8221;round&#8221; text_shadow=&#8221;1px 1px 1px #000000&#8243; rel=&#8221;nofollow&#8221;]Rezerwacja online[\/su_button]<span style=\"line-height: 1.5;\"><\/p>\n<div id=\"fb-root\"><a href=\"https:\/\/www.instagram.com\/fantastic.body.wroclaw\/\"><img decoding=\"async\" class=\"alignleft lazyload\" style=\"--smush-placeholder-width: 72px; --smush-placeholder-aspect-ratio: 72\/71;border: 0;\" data-src=\"https:\/\/cdn.pixabay.com\/photo\/2016\/08\/09\/17\/52\/instagram-1581266_960_720.jpg\" alt=\"INSTAGRAM\" width=\"72\" height=\"71\" src=\"data:image\/svg+xml;base64,PHN2ZyB3aWR0aD0iMSIgaGVpZ2h0PSIxIiB4bWxucz0iaHR0cDovL3d3dy53My5vcmcvMjAwMC9zdmciPjwvc3ZnPg==\" \/><\/a><\/div>\n<p><script async defer crossorigin=\"anonymous\" src=\"https:\/\/connect.facebook.net\/pl_PL\/sdk.js#xfbml=1&#038;version=v16.0\" nonce=\"eKVMTvDK\"><\/script><\/p>\n<div class=\"fb-page\" data-href=\"https:\/\/www.facebook.com\/fitness.wroclaw\/?locale=pl_PL\" data-tabs=\"timeline\" data-width=\"200\" data-height=\"80\" data-small-header=\"false\" data-adapt-container-width=\"true\" data-hide-cover=\"false\" data-show-facepile=\"true\">\n<blockquote class=\"fb-xfbml-parse-ignore\" cite=\"https:\/\/www.facebook.com\/fitness.wroclaw\/?locale=pl_PL\"><p><a href=\"https:\/\/www.facebook.com\/fitness.wroclaw\/?locale=pl_PL\">Salon Urody, kosmetyczny &#8211; Klinika odchudzania &#8211; Fantastic Body Instytut<\/a><\/p><\/blockquote>\n<\/div>\n","protected":false},"excerpt":{"rendered":"<p>RASPBERRY BODY PROGRAM SPA DETOX Zabieg wyszczuplaj\u0105co &#8211; detoksykuj\u0105cy z brazylijsk\u0105 BIO-Kofein\u0105 z Guarany. Dzia\u0142anie: &#8211; zapobiega powstawaniu cellulitu oraz niweluje ju\u017c powsta\u0142y &#8211; wspomaga redukcj\u0119 tkanki t\u0142uszczowej (stymuluje lipoliz\u0119, zapobiega lipo &#8211; genezie) &#8211; wyszczupla i modeluje sylwetk\u0119; uj\u0119drnia i uelastycznia sk\u00f3r\u0119; intensywnie od\u017cywia i nawil\u017ca &#8211; poprawia struktur\u0119 sk\u00f3ry &#8211; zmniejsza obrz\u0119ki i [&hellip;]<\/p>\n","protected":false},"author":6,"featured_media":0,"parent":110,"menu_order":0,"comment_status":"open","ping_status":"open","template":"","meta":{"_uf_show_specific_survey":0,"_uf_disable_surveys":false,"__cvm_playback_settings":[],"__cvm_video_id":"","_glsr_average":0,"_glsr_ranking":0,"_glsr_reviews":0,"footnotes":""},"class_list":["post-791","page","type-page","status-publish","czr-hentry"],"aioseo_notices":[],"_links":{"self":[{"href":"https:\/\/salon-urody.wroclaw.pl\/index.php\/wp-json\/wp\/v2\/pages\/791","targetHints":{"allow":["GET"]}}],"collection":[{"href":"https:\/\/salon-urody.wroclaw.pl\/index.php\/wp-json\/wp\/v2\/pages"}],"about":[{"href":"https:\/\/salon-urody.wroclaw.pl\/index.php\/wp-json\/wp\/v2\/types\/page"}],"author":[{"embeddable":true,"href":"https:\/\/salon-urody.wroclaw.pl\/index.php\/wp-json\/wp\/v2\/users\/6"}],"replies":[{"embeddable":true,"href":"https:\/\/salon-urody.wroclaw.pl\/index.php\/wp-json\/wp\/v2\/comments?post=791"}],"version-history":[{"count":0,"href":"https:\/\/salon-urody.wroclaw.pl\/index.php\/wp-json\/wp\/v2\/pages\/791\/revisions"}],"up":[{"embeddable":true,"href":"https:\/\/salon-urody.wroclaw.pl\/index.php\/wp-json\/wp\/v2\/pages\/110"}],"wp:attachment":[{"href":"https:\/\/salon-urody.wroclaw.pl\/index.php\/wp-json\/wp\/v2\/media?parent=791"}],"curies":[{"name":"wp","href":"https:\/\/api.w.org\/{rel}","templated":true}]}}