{"id":61,"date":"2014-08-19T00:46:41","date_gmt":"2014-08-18T22:46:41","guid":{"rendered":"http:\/\/salon-urody.wroclaw.pl\/?page_id=61"},"modified":"2025-08-07T22:55:18","modified_gmt":"2025-08-07T20:55:18","slug":"kontakt","status":"publish","type":"page","link":"https:\/\/salon-urody.wroclaw.pl\/index.php\/kontakt-3\/kontakt\/","title":{"rendered":"Wskaz\u00f3wki dojazdu"},"content":{"rendered":"<p>Klinika Odchudzania Fantastic Body &#8211; <a href=\"https:\/\/salon-urody.wroclaw.pl\/index.php\/pielegnacja-ciala\/kriolipoliza\/\">Kriolipoliza<\/a> &#8211; Hifu &#8211; Depilacja Laserowa<br \/>\nWroc\u0142aw, ul Legnicka 72; Zadzwo\u0144: <a href=\"tel:50545777\">tel. 505455777<\/a><br \/>\nCzynne pon-pt 9 &#8211; 21, sobota 10 -14<\/p>\n<p>Rezerwacja zabieg\u00f3w online: <a href=\"https:\/\/instytut27.booksy.com\/\">rezerwacja<\/a><\/p>\n<p><iframe style=\"border: 0;\" data-src=\"https:\/\/www.google.com\/maps\/embed?pb=!1m18!1m12!1m3!1d5008.365247065579!2d16.978006287408093!3d51.12353937455866!2m3!1f0!2f0!3f0!3m2!1i1024!2i768!4f13.1!3m3!1m2!1s0x470fea08b77a4869%3A0x1a3d08347b90de13!2sKlinika%20Odchudzania%20Fantastic%20Body%20-%20Kriolipoliza%20-%20Hifu%20-%20Depilacja%20Laserowa!5e0!3m2!1spl!2spl!4v1754599294307!5m2!1spl!2spl\" width=\"600\" height=\"450\" allowfullscreen=\"allowfullscreen\" src=\"data:image\/svg+xml;base64,PHN2ZyB3aWR0aD0iMSIgaGVpZ2h0PSIxIiB4bWxucz0iaHR0cDovL3d3dy53My5vcmcvMjAwMC9zdmciPjwvc3ZnPg==\" class=\"lazyload\" data-load-mode=\"1\"><\/iframe><\/p>\n","protected":false},"excerpt":{"rendered":"<p>Klinika Odchudzania Fantastic Body &#8211; Kriolipoliza &#8211; Hifu &#8211; Depilacja Laserowa Wroc\u0142aw, ul Legnicka 72; Zadzwo\u0144: tel. 505455777 Czynne pon-pt 9 &#8211; 21, sobota 10 -14 Rezerwacja zabieg\u00f3w online: rezerwacja<\/p>\n","protected":false},"author":1,"featured_media":0,"parent":1309,"menu_order":0,"comment_status":"open","ping_status":"open","template":"","meta":{"_uf_show_specific_survey":0,"_uf_disable_surveys":false,"__cvm_playback_settings":[],"__cvm_video_id":"","_glsr_average":0,"_glsr_ranking":0,"_glsr_reviews":0,"footnotes":""},"class_list":["post-61","page","type-page","status-publish","czr-hentry"],"aioseo_notices":[],"_links":{"self":[{"href":"https:\/\/salon-urody.wroclaw.pl\/index.php\/wp-json\/wp\/v2\/pages\/61","targetHints":{"allow":["GET"]}}],"collection":[{"href":"https:\/\/salon-urody.wroclaw.pl\/index.php\/wp-json\/wp\/v2\/pages"}],"about":[{"href":"https:\/\/salon-urody.wroclaw.pl\/index.php\/wp-json\/wp\/v2\/types\/page"}],"author":[{"embeddable":true,"href":"https:\/\/salon-urody.wroclaw.pl\/index.php\/wp-json\/wp\/v2\/users\/1"}],"replies":[{"embeddable":true,"href":"https:\/\/salon-urody.wroclaw.pl\/index.php\/wp-json\/wp\/v2\/comments?post=61"}],"version-history":[{"count":3,"href":"https:\/\/salon-urody.wroclaw.pl\/index.php\/wp-json\/wp\/v2\/pages\/61\/revisions"}],"predecessor-version":[{"id":4134,"href":"https:\/\/salon-urody.wroclaw.pl\/index.php\/wp-json\/wp\/v2\/pages\/61\/revisions\/4134"}],"up":[{"embeddable":true,"href":"https:\/\/salon-urody.wroclaw.pl\/index.php\/wp-json\/wp\/v2\/pages\/1309"}],"wp:attachment":[{"href":"https:\/\/salon-urody.wroclaw.pl\/index.php\/wp-json\/wp\/v2\/media?parent=61"}],"curies":[{"name":"wp","href":"https:\/\/api.w.org\/{rel}","templated":true}]}}