{"id":53,"date":"2014-08-18T22:54:11","date_gmt":"2014-08-18T20:54:11","guid":{"rendered":"http:\/\/salon-urody.wroclaw.pl\/?page_id=53"},"modified":"2023-09-25T12:43:55","modified_gmt":"2023-09-25T10:43:55","slug":"vella-slim","status":"publish","type":"page","link":"https:\/\/salon-urody.wroclaw.pl\/index.php\/pielegnacja-ciala\/vella-slim\/","title":{"rendered":"Vella Slim"},"content":{"rendered":"<p><a href=\"http:\/\/salon-urody.wroclaw.pl\/wp-content\/uploads\/2014\/08\/lipo1.jpg\"><img decoding=\"async\" class=\"alignnone size-medium wp-image-54 lazyload\" data-src=\"http:\/\/salon-urody.wroclaw.pl\/wp-content\/uploads\/2014\/08\/lipo1-300x220.jpg\" alt=\"lipo1\" width=\"300\" height=\"220\" data-srcset=\"https:\/\/salon-urody.wroclaw.pl\/wp-content\/uploads\/2014\/08\/lipo1-300x220.jpg 300w, https:\/\/salon-urody.wroclaw.pl\/wp-content\/uploads\/2014\/08\/lipo1-150x110.jpg 150w, https:\/\/salon-urody.wroclaw.pl\/wp-content\/uploads\/2014\/08\/lipo1.jpg 674w\" data-sizes=\"(max-width: 300px) 100vw, 300px\" src=\"data:image\/svg+xml;base64,PHN2ZyB3aWR0aD0iMSIgaGVpZ2h0PSIxIiB4bWxucz0iaHR0cDovL3d3dy53My5vcmcvMjAwMC9zdmciPjwvc3ZnPg==\" style=\"--smush-placeholder-width: 300px; --smush-placeholder-aspect-ratio: 300\/220;\" \/><\/a><\/p>\n<p>&nbsp;<\/p>\n<p><span style=\"color: #800080;\">Zabieg wyszczuplaj\u0105co-odchudzaj\u0105cy.<\/span> <span style=\"color: #800080;\">Nieinwazyjna metoda usuwania cellulitu.<\/span><\/p>\n<p>Opis dzia\u0142ania Vella Slim\u00ae<br \/>\n\u015awiat\u0142o lasera podczerwieni rozgrzewa powierzchni\u0119 sk\u00f3ry dzi\u0119ki czemu energia RF mo\u017ce penetrowa\u0107 g\u0142\u0119boko tkank\u0119 \u0142\u0105czn\u0105. Kombinacja lasera podczerwieni wraz z nakierowan\u0105 energi\u0105 RF przyspiesza mi\u0119dzykom\u00f3rkow\u0105 dyfuzj\u0119 tlenu. Synergiczny efekt zabiegu zwi\u0119kszony jest dzi\u0119ki po\u0142\u0105czeniu dzia\u0142ania podczerwieni i energii fal radiowych RF z zasysaniem sk\u00f3ry i rolowaniem jej jednocze\u015bnie. Specjalnie zaprojektowane rolki nakierowuj\u0105 energi\u0119 RF zwi\u0119kszaj\u0105c tym samym zakres penetracji od 5 do15 mm w g\u0142\u0105b sk\u00f3ry. Dodatkowym atutem jest mechaniczna stymulacja, kt\u00f3ra powoduje rozbicie t\u0142uszczu w tkance podsk\u00f3rnej, co redukuje cellulit i przyspiesza wydalanie gliceryd\u00f3w z organizmu.<\/p>\n<p><span style=\"color: #800080;\">Wskazania:<\/span><img decoding=\"async\" class=\"size-medium wp-image-672 alignright lazyload\" data-src=\"http:\/\/salon-urody.wroclaw.pl\/wp-content\/uploads\/2015\/02\/Body1.jpg\" alt=\"Body\" width=\"300\" height=\"400\" src=\"data:image\/svg+xml;base64,PHN2ZyB3aWR0aD0iMSIgaGVpZ2h0PSIxIiB4bWxucz0iaHR0cDovL3d3dy53My5vcmcvMjAwMC9zdmciPjwvc3ZnPg==\" style=\"--smush-placeholder-width: 300px; --smush-placeholder-aspect-ratio: 300\/400;\" \/><\/p>\n<ul>\n<li><span style=\"color: #000000;\">\u00a0oty\u0142o\u015b\u0107 miejscowa<\/span><\/li>\n<li><span style=\"color: #000000;\">\u00a0uj\u0119drnienie sk\u00f3ry na nogach, ramionach, plecach, brzuchu i po\u015bladkach<\/span><\/li>\n<li><span style=\"color: #000000;\">\u00a0odzyskanie figury po porodzie<\/span><\/li>\n<\/ul>\n<p>Przeciwwskazania:<\/p>\n<p>&#8211; rozrusznik serca<br \/>\n&#8211; przewlek\u0142e choroby nerek i serca<br \/>\n&#8211; choroby zapalne sk\u00f3ry<br \/>\n&#8211; ci\u0105\u017ca i okres karmienia piersi\u0105<br \/>\n&#8211; choroby nowotworowe<br \/>\n&#8211; menstruacja<br \/>\n&#8211; z\u0142ote, hialuronowe nici, wszelkie silikonowe implanty nie najlepiej znosz\u0105ce wysokie temperatury<br \/>\n&#8211; goj\u0105ce si\u0119 rany w obszarze dzia\u0142ania (ci\u0119cie cesarskie musi si\u0119 goi\u0107 minimum 3 miesi\u0105ce)<br \/>\n&#8211; przyjmowanie hormon\u00f3w<br \/>\n&#8211; naczyniowa cera lub tendencj\u0119 do powstawania \u201epaj\u0105czk\u00f3w\u201d (np. na nogach)<\/p>\n<p>Czynno\u015bci po &#8211; zabiegowe:<\/p>\n<ul>\n<li>\u00a0nie powinno si\u0119 przemywa\u0107 sk\u00f3ry wod\u0105 ani intensywnie masowa\u0107 do 8 godzin po zabiegu<\/li>\n<li>\u00a0nie powinno si\u0119 spo\u017cywa\u0107 surowego, ostrego i zimnego jedzenia w dniu zabiegu<\/li>\n<li>\u00a0zalecane jest wypicie oko\u0142o 2-3 litr\u00f3w wody w dniu zabiegu<\/li>\n<li>\u00a0wskazana jest dieta nisko-t\u0142uszczowa na 3 dni przed zabiegiem, w dniu zabiegu i 3 dni po zabiegu<\/li>\n<li>\u00a0nale\u017cy zrezygnowa\u0107 z gor\u0105cych k\u0105pieli, opalania i korzystania z sauny do tygodnia po zabiegu<\/li>\n<li>\u00a0niewskazane jest spo\u017cywanie napoj\u00f3w alkoholowych do 3 dni po zabiegu<\/li>\n<li>\u00a0warto intensywnie nawil\u017ca\u0107 sk\u00f3r\u0119 balsamami, a w celu podtrzymania efekt\u00f3w polecane jest stosowanie\u00a0aktywnych preparat\u00f3w do cia\u0142a<\/li>\n<\/ul>\n<p>Zabiegi na okolice brzucha i talii.<\/p>\n<p>Jest to zabieg szczeg\u00f3lnie polecany jest paniom, kt\u00f3re walcz\u0105 z miejscowym ot\u0142uszczeniem cia\u0142a w okolicach talii i brzucha, a tak\u017ce kobietom, kt\u00f3re chc\u0105 odzyska\u0107 swoje kszta\u0142ty po porodzie. Okolice talii s\u0105 jednym z najbardziej problematycznych obszar\u00f3w cia\u0142a trudnym do wymodelowania tylko przy pomocy \u0107wicze\u0144 i diety. Zastosowanie Vela Slim\u00ae stanowi idealne rozwi\u0105zanie i pomaga zniwelowa\u0107 zb\u0119dne kr\u0105g\u0142o\u015bci.<\/p>\n<p>Cena zabieg\u00f3w:<\/p>\n<table width=\"541\" cellspacing=\"0\" cellpadding=\"4\">\n<tbody>\n<tr>\n<td valign=\"top\" width=\"531\">\n<p class=\"western\"><strong><em><span lang=\"it-IT\">Zabiegi Vella Slim\u00a0&#8211;\u00a0(Endermomasa\u017c + RF + Infrared)<\/span><\/em><\/strong><\/p>\n<\/td>\n<\/tr>\n<tr>\n<td valign=\"top\" width=\"531\">okolice oczu &#8211; 69 z\u0142<\/td>\n<\/tr>\n<tr>\n<td valign=\"top\" width=\"531\">podbr\u00f3dek i szyja &#8211;\u00a090 z\u0142<\/td>\n<\/tr>\n<tr>\n<td valign=\"top\" width=\"531\">ramiona\u00a0&#8211; 80\u00a0z\u0142<\/td>\n<\/tr>\n<tr>\n<td valign=\"top\" width=\"531\">brzuch i boczki\u00a0&#8211; 100\u00a0z\u0142<\/td>\n<\/tr>\n<tr>\n<td valign=\"top\" width=\"531\">po\u015bladki\u00a0&#8211; 100\u00a0z\u0142<\/td>\n<\/tr>\n<tr>\n<td valign=\"top\" width=\"531\">ca\u0142e uda\u00a0&#8211; 120\u00a0z\u0142<\/td>\n<\/tr>\n<tr>\n<td valign=\"top\" width=\"531\">\u0142ydki\u00a0&#8211; 80\u00a0z\u0142<\/td>\n<\/tr>\n<tr>\n<td valign=\"top\" width=\"531\">brzuch + uda\u00a0&#8211; 190\u00a0z\u0142<\/td>\n<\/tr>\n<\/tbody>\n<\/table>\n<p>Pakiet VIP 6 zabieg\u00f3w na dowoln\u0105 cz\u0119\u015b\u0107 cia\u0142a (jedna do wyboru) &#8211; 480\u00a0z\u0142<\/p>\n<h4>Serdecznie zapraszamy do zapoznania si\u0119 z naszymi zabiegami.<\/h4>\n<p>[su_button url=&#8221;https:\/\/instytut27.booksy.com&#8221; target=&#8221;blank&#8221; background=&#8221;#9acd32&#8243; style=&#8221;soft&#8221; size=&#8221;4&#8243; radius=&#8221;round&#8221; text_shadow=&#8221;1px 1px 1px #000000&#8243; rel=&#8221;nofollow&#8221;]Rezerwacja online[\/su_button]<\/p>\n<div class=\"fb-page\" data-href=\"https:\/\/www.facebook.com\/fitness.wroclaw\/?locale=pl_PL\" data-tabs=\"timeline\" data-width=\"200\" data-height=\"80\" data-small-header=\"false\" data-adapt-container-width=\"true\" data-hide-cover=\"false\" data-show-facepile=\"true\">\n<blockquote class=\"fb-xfbml-parse-ignore\" cite=\"https:\/\/www.facebook.com\/fitness.wroclaw\/?locale=pl_PL\"><p>&nbsp;<\/p><\/blockquote>\n<\/div>\n","protected":false},"excerpt":{"rendered":"<p>&nbsp; Zabieg wyszczuplaj\u0105co-odchudzaj\u0105cy. Nieinwazyjna metoda usuwania cellulitu. Opis dzia\u0142ania Vella Slim\u00ae \u015awiat\u0142o lasera podczerwieni rozgrzewa powierzchni\u0119 sk\u00f3ry dzi\u0119ki czemu energia RF mo\u017ce penetrowa\u0107 g\u0142\u0119boko tkank\u0119 \u0142\u0105czn\u0105. Kombinacja lasera podczerwieni wraz z nakierowan\u0105 energi\u0105 RF przyspiesza mi\u0119dzykom\u00f3rkow\u0105 dyfuzj\u0119 tlenu. Synergiczny efekt zabiegu zwi\u0119kszony jest dzi\u0119ki po\u0142\u0105czeniu dzia\u0142ania podczerwieni i energii fal radiowych RF z zasysaniem sk\u00f3ry [&hellip;]<\/p>\n","protected":false},"author":1,"featured_media":0,"parent":110,"menu_order":0,"comment_status":"open","ping_status":"open","template":"","meta":{"_uf_show_specific_survey":0,"_uf_disable_surveys":false,"__cvm_playback_settings":[],"__cvm_video_id":"","_glsr_average":0,"_glsr_ranking":0,"_glsr_reviews":0,"footnotes":""},"class_list":["post-53","page","type-page","status-publish","czr-hentry"],"aioseo_notices":[],"_links":{"self":[{"href":"https:\/\/salon-urody.wroclaw.pl\/index.php\/wp-json\/wp\/v2\/pages\/53","targetHints":{"allow":["GET"]}}],"collection":[{"href":"https:\/\/salon-urody.wroclaw.pl\/index.php\/wp-json\/wp\/v2\/pages"}],"about":[{"href":"https:\/\/salon-urody.wroclaw.pl\/index.php\/wp-json\/wp\/v2\/types\/page"}],"author":[{"embeddable":true,"href":"https:\/\/salon-urody.wroclaw.pl\/index.php\/wp-json\/wp\/v2\/users\/1"}],"replies":[{"embeddable":true,"href":"https:\/\/salon-urody.wroclaw.pl\/index.php\/wp-json\/wp\/v2\/comments?post=53"}],"version-history":[{"count":0,"href":"https:\/\/salon-urody.wroclaw.pl\/index.php\/wp-json\/wp\/v2\/pages\/53\/revisions"}],"up":[{"embeddable":true,"href":"https:\/\/salon-urody.wroclaw.pl\/index.php\/wp-json\/wp\/v2\/pages\/110"}],"wp:attachment":[{"href":"https:\/\/salon-urody.wroclaw.pl\/index.php\/wp-json\/wp\/v2\/media?parent=53"}],"curies":[{"name":"wp","href":"https:\/\/api.w.org\/{rel}","templated":true}]}}