{"id":420,"date":"2015-02-04T14:19:32","date_gmt":"2015-02-04T13:19:32","guid":{"rendered":"http:\/\/salon-urody.wroclaw.pl\/?page_id=420"},"modified":"2023-09-25T13:36:26","modified_gmt":"2023-09-25T11:36:26","slug":"white-perfection","status":"publish","type":"page","link":"https:\/\/salon-urody.wroclaw.pl\/index.php\/pielegnacja-twarzy\/white-perfection\/","title":{"rendered":"White Perfection"},"content":{"rendered":"<h2 style=\"text-align: center;\"><strong style=\"color: #ffcc00;\">White Perfection \/ Luminescence<\/strong><\/h2>\n<p class=\"western\">Rozja\u015bniaj\u0105cy rytua\u0142 <strong style=\"color: #ff9900;\">AZA PEEL 2 + VITAMIN PEEL C 2<\/strong><\/p>\n<p class=\"western\"><a href=\"http:\/\/salon-urody.wroclaw.pl\/wp-content\/uploads\/2015\/02\/White-Perfection.jpg\"><img decoding=\"async\" class=\"size-medium wp-image-520 alignright lazyload\" data-src=\"http:\/\/salon-urody.wroclaw.pl\/wp-content\/uploads\/2015\/02\/White-Perfection.jpg\" alt=\"White Perfection\" width=\"340\" height=\"300\" src=\"data:image\/svg+xml;base64,PHN2ZyB3aWR0aD0iMSIgaGVpZ2h0PSIxIiB4bWxucz0iaHR0cDovL3d3dy53My5vcmcvMjAwMC9zdmciPjwvc3ZnPg==\" style=\"--smush-placeholder-width: 340px; --smush-placeholder-aspect-ratio: 340\/300;\" \/><\/a><\/p>\n<p>W zabiegu wykorzystany jest kwasem azelainowy oraz czynna posta\u0107 <em>witaminy C (kwas askorbinowy) w po\u0142\u0105czeniu z kwasem laktobionowym.<\/em><\/p>\n<p><strong><span style=\"color: #003366;\">AZA PEEL 2<\/span><\/strong> to <span style=\"color: #003366;\">30 % kwas azelainowy<\/span>, polecany jest dla cer naczyniowych, wra\u017cliwych i tych sk\u0142onnych do rumienia.<span style=\"color: #cc9900;\"> Znajduje swoje zastosowanie przy melasmie, ostudzie oraz przebarwieniach pozapalnych, czy oznakach fotostarzenia si\u0119 sk\u00f3ry.<\/span>\u00a0<span style=\"color: #cc9900;\">Hamuj\u0105c tyrozynaz\u0119 uniemo\u017cliwia powstawanie przebarwie\u0144, ponadto blokuje aktywno\u015b\u0107 nadaktywnych melanocyt\u00f3w.<\/span><\/p>\n<p>Rekomendowany tak\u017ce przy zapalnym i niezapalnym tr\u0105dziku pospolitym oraz r\u00f3\u017cowatym, \u0142uszczycy, jak r\u00f3wnie\u017c zapaleniu mieszk\u00f3w w\u0142osowych.<\/p>\n<p>Kwas azelainowy\u00a0wykazuje dzia\u0142anie przeciwbakteryjne zar\u00f3wno dla bakterii tlenowych jak i beztlenowych, ponadto dzia\u0142a przeciwzapalne powstrzymuj\u0105c wolne rodniki. Przeciwdzia\u0142a rozk\u0142adowi \u0142oju i lipid\u00f3w na sk\u0142adniki dra\u017cni\u0105ce i nasilaj\u0105ce zmiany tr\u0105dzikowe. Zapobiega powstawaniu zask\u00f3rnik\u00f3w poprzez wp\u0142yw na proces ko\u0144cowej keratynizacji mieszk\u00f3w w\u0142osowych.<\/p>\n<p><span style=\"color: #cc9900;\"><strong>VITAMIN PEEL C 2<\/strong><\/span> to po\u0142\u0105czenie <span style=\"color: #003366;\">40% kwasu askorbinowego i 10% kwasu laktobionowego.<\/span><\/p>\n<p><span style=\"color: #333333;\">Witamina C stymuluje lepsze ukrwienie sk\u00f3ry, poprzez wspomaganie procesu syntezy kolagenu wp\u0142ywa na j\u0119drno\u015b\u0107 i elastyczno\u015b\u0107 sk\u00f3ry, wzmacnia \u015bcianki naczy\u0144 krwiono\u015bnych, rozja\u015bnia sk\u00f3r\u0119 i wp\u0142ywa na sp\u0142ycenie zmarszczek. Dodatkowa obecno\u015b\u0107 kwasu laktobionowego pomaga w remisji lub znacznej redukcji przebarwie\u0144, teleangiektazji i zmniejszeniu lub ca\u0142kowitym usuni\u0119ciu stanu zapalnego sk\u00f3ry.<\/span><\/p>\n<p><span style=\"color: #cc9933;\">VITAMIN C PEEL 2 dodatkowo:<\/span><\/p>\n<p><img decoding=\"async\" class=\"size-medium wp-image-797 alignright lazyload\" data-src=\"http:\/\/salon-urody.wroclaw.pl\/wp-content\/uploads\/2015\/02\/Zamykanie-naczynek-koncentrat-witaminy-C-300x203.jpg\" alt=\"Zamykanie naczynek- koncentrat witaminy C\" width=\"350\" height=\"250\" src=\"data:image\/svg+xml;base64,PHN2ZyB3aWR0aD0iMSIgaGVpZ2h0PSIxIiB4bWxucz0iaHR0cDovL3d3dy53My5vcmcvMjAwMC9zdmciPjwvc3ZnPg==\" style=\"--smush-placeholder-width: 350px; --smush-placeholder-aspect-ratio: 350\/250;\" \/><\/p>\n<ul>\n<li>ma unikaln\u0105 w\u0142a\u015bciwo\u015b\u0107 wi\u0105zania i zatrzymywania wody w nask\u00f3rku,<\/li>\n<li>wyg\u0142adza i zmi\u0119kcza nask\u00f3rek,<\/li>\n<li>posiada dzia\u0142anie antyoksydacyjne,<\/li>\n<li>reguluje odnow\u0119 kom\u00f3rkow\u0105,<\/li>\n<li>\u0142agodzi podra\u017cnienia i stany zapalne sk\u00f3ry<\/li>\n<\/ul>\n<p><a name=\"_GoBack\"><\/a>Po\u0142\u0105czenie tych dw\u00f3ch preparat\u00f3w tworzy zabieg dla os\u00f3b z problemem sk\u00f3ry wysuszonej, poszarza\u0142ej, cery naczyniowej, palaczy. Idealnie sprawdza si\u0119 jako kuracja po k\u0105pielach s\u0142onecznych. Rozja\u015bnia sk\u00f3r\u0119 i neutralizuje drobne przebarwienia.<\/p>\n<h4><span style=\"color: grey;\">Zapraszamy do rezerwacji zabieg\u00f3w <a href=\"https:\/\/instytut27.booksy.com\">online<\/a><\/span><\/h4>\n<p>[su_button url=&#8221;https:\/\/instytut27.booksy.com&#8221; target=&#8221;blank&#8221; background=&#8221;#CC0099&#8243; style=&#8221;soft&#8221; size=&#8221;4&#8243; radius=&#8221;round&#8221; text_shadow=&#8221;1px 1px 1px #000000&#8243; rel=&#8221;nofollow&#8221;]Rezerwacja online[\/su_button]<span style=\"line-height: 1.5;\"><br \/>\n<\/span><\/p>\n","protected":false},"excerpt":{"rendered":"<p>White Perfection \/ Luminescence Rozja\u015bniaj\u0105cy rytua\u0142 AZA PEEL 2 + VITAMIN PEEL C 2 W zabiegu wykorzystany jest kwasem azelainowy oraz czynna posta\u0107 witaminy C (kwas askorbinowy) w po\u0142\u0105czeniu z kwasem laktobionowym. AZA PEEL 2 to 30 % kwas azelainowy, polecany jest dla cer naczyniowych, wra\u017cliwych i tych sk\u0142onnych do rumienia. Znajduje swoje zastosowanie przy [&hellip;]<\/p>\n","protected":false},"author":6,"featured_media":0,"parent":113,"menu_order":0,"comment_status":"open","ping_status":"open","template":"","meta":{"_uf_show_specific_survey":0,"_uf_disable_surveys":false,"__cvm_playback_settings":[],"__cvm_video_id":"","_glsr_average":0,"_glsr_ranking":0,"_glsr_reviews":0,"footnotes":""},"class_list":["post-420","page","type-page","status-publish","czr-hentry"],"aioseo_notices":[],"_links":{"self":[{"href":"https:\/\/salon-urody.wroclaw.pl\/index.php\/wp-json\/wp\/v2\/pages\/420","targetHints":{"allow":["GET"]}}],"collection":[{"href":"https:\/\/salon-urody.wroclaw.pl\/index.php\/wp-json\/wp\/v2\/pages"}],"about":[{"href":"https:\/\/salon-urody.wroclaw.pl\/index.php\/wp-json\/wp\/v2\/types\/page"}],"author":[{"embeddable":true,"href":"https:\/\/salon-urody.wroclaw.pl\/index.php\/wp-json\/wp\/v2\/users\/6"}],"replies":[{"embeddable":true,"href":"https:\/\/salon-urody.wroclaw.pl\/index.php\/wp-json\/wp\/v2\/comments?post=420"}],"version-history":[{"count":0,"href":"https:\/\/salon-urody.wroclaw.pl\/index.php\/wp-json\/wp\/v2\/pages\/420\/revisions"}],"up":[{"embeddable":true,"href":"https:\/\/salon-urody.wroclaw.pl\/index.php\/wp-json\/wp\/v2\/pages\/113"}],"wp:attachment":[{"href":"https:\/\/salon-urody.wroclaw.pl\/index.php\/wp-json\/wp\/v2\/media?parent=420"}],"curies":[{"name":"wp","href":"https:\/\/api.w.org\/{rel}","templated":true}]}}