{"id":418,"date":"2015-02-04T14:12:39","date_gmt":"2015-02-04T13:12:39","guid":{"rendered":"http:\/\/salon-urody.wroclaw.pl\/?page_id=418"},"modified":"2023-09-25T13:34:54","modified_gmt":"2023-09-25T11:34:54","slug":"red-stop","status":"publish","type":"page","link":"https:\/\/salon-urody.wroclaw.pl\/index.php\/pielegnacja-twarzy\/odzywienie-regeneracja\/red-stop\/","title":{"rendered":"Red STOP"},"content":{"rendered":"<p><span style=\"color: #800000;\"><strong><a style=\"color: #800000;\" href=\"http:\/\/salon-urody.wroclaw.pl\/wp-content\/uploads\/2015\/02\/Cme.jpg\"><img decoding=\"async\" class=\"alignnone size-medium wp-image-424 lazyload\" data-src=\"http:\/\/salon-urody.wroclaw.pl\/wp-content\/uploads\/2015\/02\/Cme.jpg\" alt=\"Cme\" width=\"1\" height=\"1\" data-srcset=\"https:\/\/salon-urody.wroclaw.pl\/wp-content\/uploads\/2015\/02\/Cme.jpg 783w, https:\/\/salon-urody.wroclaw.pl\/wp-content\/uploads\/2015\/02\/Cme-150x86.jpg 150w, https:\/\/salon-urody.wroclaw.pl\/wp-content\/uploads\/2015\/02\/Cme-300x172.jpg 300w, https:\/\/salon-urody.wroclaw.pl\/wp-content\/uploads\/2015\/02\/Cme-570x350.jpg 570w, https:\/\/salon-urody.wroclaw.pl\/wp-content\/uploads\/2015\/02\/Cme-270x250.jpg 270w\" data-sizes=\"(max-width: 1px) 100vw, 1px\" src=\"data:image\/svg+xml;base64,PHN2ZyB3aWR0aD0iMSIgaGVpZ2h0PSIxIiB4bWxucz0iaHR0cDovL3d3dy53My5vcmcvMjAwMC9zdmciPjwvc3ZnPg==\" style=\"--smush-placeholder-width: 1px; --smush-placeholder-aspect-ratio: 1\/1;\" \/><\/a>Red STOP<\/strong><\/span><\/p>\n<p><span style=\"color: #800000;\">Rytua\u0142 przeznaczony dla cery wra\u017cliwej i naczyniowej.<\/span><\/p>\n<p>Jest to zabieg wzmacniaj\u0105cy \u015bciany naczy\u0144 krwiono\u015bnych i usprawniaj\u0105cy mikrocyrkulacj\u0119 w naczyniach w\u0142osowatych sk\u00f3ry. Podczas zabiegu do sk\u00f3ry w\u0142a\u015bciwej przy pomocy <a title=\"mezoterapia bezig\u0142owa\" href=\"http:\/\/salon-urody.wroclaw.pl\/index.php\/pielegnacja-twarzy\/mezoterapia-beziglowa\/\">mezoterapii bezig\u0142owej<\/a> zostaje wprowadzone serum z aktywna witamin\u0105 C. Wyp\u0142ywa ona na j\u0119drno\u015b\u0107 sk\u00f3ry, sp\u0142yca drobne zmarszczki i przyspiesza syntez\u0119 kolagenu.<span style=\"color: #800000;\"> Dzi\u0119ki ultrad\u017awi\u0119kom witamina C stopniowo uwalania si\u0119 do sk\u00f3ry, wzmacniaj\u0105c \u015bciany naczy\u0144 krwiono\u015bnych, dodatkowo zmniejszaj\u0105 si\u0119 podra\u017cnienia sk\u00f3ry i podnosi si\u0119 stopie\u0144 jej nawil\u017cenia.<\/span> Efektywno\u015b\u0107 zabiegu zwielokrotnia u\u017cycie maski algowej z bogatej w kwas askorbinowy oraz kremu z rutyn\u0105, kt\u00f3re zwi\u0119kszaj\u0105 odporno\u015b\u0107 naczynek na p\u0119kanie.<\/p>\n<p><img decoding=\"async\" class=\"size-medium wp-image-422 aligncenter lazyload\" data-src=\"http:\/\/salon-urody.wroclaw.pl\/wp-content\/uploads\/2015\/02\/LoveC.jpg\" alt=\"LoveC\" width=\"440\" height=\"400\" src=\"data:image\/svg+xml;base64,PHN2ZyB3aWR0aD0iMSIgaGVpZ2h0PSIxIiB4bWxucz0iaHR0cDovL3d3dy53My5vcmcvMjAwMC9zdmciPjwvc3ZnPg==\" style=\"--smush-placeholder-width: 440px; --smush-placeholder-aspect-ratio: 440\/400;\" \/><\/p>\n<p>Dodatkowe w\u0142a\u015bciwo\u015bci anty-oksydacyjne wt\u0142aczanego serum na bazie kwasu hialuronowego, wyci\u0105g\u00f3w ro\u015blinnych i od\u017cywczych polipeptyd\u00f3w zapewniaj\u0105 ochron\u0119 przed wolnymi rodnikami odpowiedzialnymi za proces starzenia si\u0119 sk\u00f3ry. <span style=\"color: #800000;\">Aktywna witamina C znacznie poprawia jako\u015b\u0107 cery, zmniejsza przebarwienia, sprawia \u017ce sk\u00f3ra staje si\u0119 ja\u015bniejsza i promienna.<\/span><\/p>\n<p>Zabieg przeznaczony jest dla kobiet i m\u0119\u017cczyzn w ka\u017cdym wieku.<\/p>\n<p><span style=\"color: #800000;\">Wskazania:<\/span><\/p>\n<ul>\n<li>cera naczyniowa<\/li>\n<li>cera wra\u017cliwa<\/li>\n<li>liczne teleangiektazje<\/li>\n<li>tr\u0105dzik r\u00f3\u017cowaty<\/li>\n<li>s\u0142abo nawil\u017cona sk\u00f3ra<\/li>\n<\/ul>\n<p>&nbsp;<\/p>\n<p><span style=\"color: #800000;\">Efekty zabiegu:<strong><br \/>\n<img decoding=\"async\" class=\"size-medium wp-image-796 alignright lazyload\" data-src=\"http:\/\/salon-urody.wroclaw.pl\/wp-content\/uploads\/2015\/02\/Vitamina-C.jpg\" alt=\"WItamina C\" width=\"300\" height=\"400\" src=\"data:image\/svg+xml;base64,PHN2ZyB3aWR0aD0iMSIgaGVpZ2h0PSIxIiB4bWxucz0iaHR0cDovL3d3dy53My5vcmcvMjAwMC9zdmciPjwvc3ZnPg==\" style=\"--smush-placeholder-width: 300px; --smush-placeholder-aspect-ratio: 300\/400;\" \/><\/strong><\/span><\/p>\n<ul>\n<li>obkurczenie \u015bcian naczy\u0144 krwiono\u015bnych i zwi\u0119kszenie ich odporno\u015b\u0107 na p\u0119kanie<\/li>\n<li>zmniejszenie rumienia<\/li>\n<li>zmniejszenie podra\u017cnie\u0144<\/li>\n<li>zapobieganie teleangiektazjom<\/li>\n<li>wzmocnienie funkcji ochronnych sk\u00f3ry<\/li>\n<li>ujednolicenie kolorytu sk\u00f3ry<\/li>\n<li>wysoki poziom od\u017cywienia i nawil\u017cenia cery<\/li>\n<\/ul>\n<p>&nbsp;<\/p>\n<p>Cena:<\/p>\n<ul>\n<li><strong>RED STOP COMBO E-LIGHT + mezoterapia bezig\u0142owa\u2013 299 z\u0142<\/strong><\/li>\n<li><strong>RED STOP DELUX z Mezoterapi\u0105- 200 z\u0142<\/strong><\/li>\n<li><strong>RED STOP DELUX z Sonoforez\u0105- 180 z\u0142<\/strong><\/li>\n<\/ul>\n<h4><span style=\"color: grey;\">Zapraszamy do rezerwacji zabieg\u00f3w <a href=\"https:\/\/instytut27.booksy.com\">online<\/a><\/span><\/h4>\n<p>[su_button url=&#8221;https:\/\/instytut27.booksy.com&#8221; target=&#8221;blank&#8221; background=&#8221;#CC0099&#8243; style=&#8221;soft&#8221; size=&#8221;4&#8243; radius=&#8221;round&#8221; text_shadow=&#8221;1px 1px 1px #000000&#8243; rel=&#8221;nofollow&#8221;]Rezerwacja online[\/su_button]<\/p>\n","protected":false},"excerpt":{"rendered":"<p>Red STOP Rytua\u0142 przeznaczony dla cery wra\u017cliwej i naczyniowej. Jest to zabieg wzmacniaj\u0105cy \u015bciany naczy\u0144 krwiono\u015bnych i usprawniaj\u0105cy mikrocyrkulacj\u0119 w naczyniach w\u0142osowatych sk\u00f3ry. Podczas zabiegu do sk\u00f3ry w\u0142a\u015bciwej przy pomocy mezoterapii bezig\u0142owej zostaje wprowadzone serum z aktywna witamin\u0105 C. Wyp\u0142ywa ona na j\u0119drno\u015b\u0107 sk\u00f3ry, sp\u0142yca drobne zmarszczki i przyspiesza syntez\u0119 kolagenu. Dzi\u0119ki ultrad\u017awi\u0119kom witamina C [&hellip;]<\/p>\n","protected":false},"author":6,"featured_media":0,"parent":2310,"menu_order":0,"comment_status":"open","ping_status":"open","template":"","meta":{"_uf_show_specific_survey":0,"_uf_disable_surveys":false,"__cvm_playback_settings":[],"__cvm_video_id":"","_glsr_average":0,"_glsr_ranking":0,"_glsr_reviews":0,"footnotes":""},"class_list":["post-418","page","type-page","status-publish","czr-hentry"],"aioseo_notices":[],"_links":{"self":[{"href":"https:\/\/salon-urody.wroclaw.pl\/index.php\/wp-json\/wp\/v2\/pages\/418","targetHints":{"allow":["GET"]}}],"collection":[{"href":"https:\/\/salon-urody.wroclaw.pl\/index.php\/wp-json\/wp\/v2\/pages"}],"about":[{"href":"https:\/\/salon-urody.wroclaw.pl\/index.php\/wp-json\/wp\/v2\/types\/page"}],"author":[{"embeddable":true,"href":"https:\/\/salon-urody.wroclaw.pl\/index.php\/wp-json\/wp\/v2\/users\/6"}],"replies":[{"embeddable":true,"href":"https:\/\/salon-urody.wroclaw.pl\/index.php\/wp-json\/wp\/v2\/comments?post=418"}],"version-history":[{"count":0,"href":"https:\/\/salon-urody.wroclaw.pl\/index.php\/wp-json\/wp\/v2\/pages\/418\/revisions"}],"up":[{"embeddable":true,"href":"https:\/\/salon-urody.wroclaw.pl\/index.php\/wp-json\/wp\/v2\/pages\/2310"}],"wp:attachment":[{"href":"https:\/\/salon-urody.wroclaw.pl\/index.php\/wp-json\/wp\/v2\/media?parent=418"}],"curies":[{"name":"wp","href":"https:\/\/api.w.org\/{rel}","templated":true}]}}