{"id":415,"date":"2015-02-04T13:26:35","date_gmt":"2015-02-04T12:26:35","guid":{"rendered":"http:\/\/salon-urody.wroclaw.pl\/?page_id=415"},"modified":"2023-06-16T17:07:35","modified_gmt":"2023-06-16T15:07:35","slug":"frost-peel","status":"publish","type":"page","link":"https:\/\/salon-urody.wroclaw.pl\/index.php\/pielegnacja-twarzy\/frost-peel\/","title":{"rendered":"Hard Peel by Rhonda Allison"},"content":{"rendered":"<p><strong>TCA 15% FROST PEEL + RETI PEEL 3% &#8211; RHONDA ALISSON<\/strong><\/p>\n<p>&nbsp;<\/p>\n<p><span style=\"color: #333399;\"><strong>Frost Peel<\/strong> <\/span>wykorzystuje pochodn\u0105 jednego z najskuteczniejszych kwas\u00f3w rekomendowanych do peeling\u00f3w powierzchownych i \u015bredniog\u0142\u0119bokich \u2013 kwasu <em>tr\u00f3jchlorooctowego TCA<\/em>, charakteryzuj\u0105cego si\u0119 najwy\u017csz\u0105 dermatologicznie skuteczno\u015bci\u0105. Dzi\u0119ki ma\u0142ym cz\u0105steczkom o wiele szybciej penetruje nask\u00f3rek i sk\u00f3r\u0119 w\u0142a\u015bciw\u0105, nie dopuszczaj\u0105c przy tym do alergizacji. Peelingi na bazie kwasu TCA stosowana s\u0105 z powodzeniem w Stanach Zjednoczonych ju\u017c niemal od stu lat.<\/p>\n<p><a href=\"http:\/\/salon-urody.wroclaw.pl\/wp-content\/uploads\/2015\/02\/Frost-Peel.jpg\"><img decoding=\"async\" class=\"size-medium wp-image-569 alignleft lazyload\" data-src=\"http:\/\/salon-urody.wroclaw.pl\/wp-content\/uploads\/2015\/02\/Frost-Peel-198x300.jpg\" alt=\"Frost Peel\" width=\"198\" height=\"300\" data-srcset=\"https:\/\/salon-urody.wroclaw.pl\/wp-content\/uploads\/2015\/02\/Frost-Peel-198x300.jpg 198w, https:\/\/salon-urody.wroclaw.pl\/wp-content\/uploads\/2015\/02\/Frost-Peel-99x150.jpg 99w, https:\/\/salon-urody.wroclaw.pl\/wp-content\/uploads\/2015\/02\/Frost-Peel.jpg 342w\" data-sizes=\"(max-width: 198px) 100vw, 198px\" src=\"data:image\/svg+xml;base64,PHN2ZyB3aWR0aD0iMSIgaGVpZ2h0PSIxIiB4bWxucz0iaHR0cDovL3d3dy53My5vcmcvMjAwMC9zdmciPjwvc3ZnPg==\" style=\"--smush-placeholder-width: 198px; --smush-placeholder-aspect-ratio: 198\/300;\" \/><\/a><\/p>\n<p>Zabieg polega na aplikacji kilku warstw roztworu kwasu tr\u00f3jchlorooctowego na powierzchni\u0119 sk\u00f3ry. Zr\u00f3\u017cnicowana g\u0142\u0119boko\u015b\u0107 dzia\u0142ania zale\u017cy od st\u0119\u017cenia roztworu (ok.15%), ilo\u015bci nak\u0142adanych warstw, czasu trwania aplikacji oraz obszaru zabiegowego. Interakcja cz\u0105steczek TCA z bia\u0142kami nask\u00f3rka powoduje zbielenie na sk\u00f3rze \u2013 tak zwany efekt \u201efrost\u201d, kt\u00f3remu towarzyszy kilkominutowe odczucie pieczenia \u015bwiadcz\u0105ce o efektywno\u015bci oddzia\u0142ywania peelingu. Po etapie neutralizacji i ch\u0142odzenia obszaru poddanego zabiegowi nak\u0142adamy \u0142agodz\u0105ca mask\u0119 i ochronny krem suplementacyjny.<\/p>\n<p>Dochodzi do g\u0142\u0119bokiego z\u0142uszczania nask\u00f3rka, a po 2- 3 dniach zaczyna si\u0119 utrzymuj\u0105ce do 10 dni z\u0142uszczanie. <span style=\"color: #333399;\">Nowo powsta\u0142a tkanka \u0142\u0105czna zawiera liczne m\u0142ode fibroblasty.<\/span> Zabieg dedykowany jest osobom o sk\u00f3rze dojrza\u0142ej z pierwszymi oznakami starzenia, t\u0142ustej, \u0142ojotokowej, ze zmianami tr\u0105dzikowymi lub potr\u0105dzikowymi, przebarwieniami, a tak\u017ce cer z cechami tzw. fotostarzenia i przebarwieniami.<\/p>\n<p>Spektrum oddzia\u0142ywania kwas\u00f3w TCA jest dwustopniowe:<\/p>\n<p><strong>Frost PEEL (1 warstwa)<\/strong>\u00a0\u2013 sk\u00f3ra dojrza\u0142a wymagaj\u0105ca rewitalizacji i stymulacji; sk\u00f3ra palacza; idealne rozwi\u0105zanie dla cer \u0142ojotokowych z zask\u00f3rnikami lub zmianami sk\u00f3rnymi, (blizny lub przebarwienia).<\/p>\n<p><strong>Frost PEEL (3 warstwy)<\/strong>\u2013 silniejsza chemabrazja skierowana do bardzie z\u0142o\u017conych przypadk\u00f3w jak brak elastyczno\u015bci i j\u0119drno\u015bci sk\u00f3ry, rozleg\u0142e pigmentacje, a nawet g\u0142\u0119bsze blizny i rozst\u0119py.<\/p>\n<p>Uniwersalno\u015b\u0107 kwas\u00f3w TCA pozwala na precyzyjne dopasowanie zabiegu do rodzaju problemu sk\u00f3ry i mo\u017cliwo\u015b\u0107 zastosowania ich zar\u00f3wno na twarz jak i cia\u0142o (rozst\u0119py, blizny, przebarwienia na d\u0142oniach).<\/p>\n<p><span style=\"color: #333399;\">Innowacyjno\u015b\u0107 derma &#8211; peelingu TCA sprawia, \u017ce sk\u00f3ra si\u0119 regeneruje i odzyskuje \u015bwie\u017cy, zadbany wygl\u0105d. Zrogowacia\u0142y nask\u00f3rek zostaje skutecznie z\u0142uszczony, a sk\u00f3ra w\u0142a\u015bciwa mobilizowana jest do zwi\u0119kszania syntezy elastyny, kwasu hialuronowego oraz kolagenu.<\/span><\/p>\n<p>Pozwala to pozby\u0107 si\u0119 widocznych defekt\u00f3w sk\u00f3ry oraz zainicjowa\u0107 przebudow\u0119 jej g\u0142\u0119bszych struktur. Po profesjonalnym peelingu nale\u017cy od\u017cywia\u0107 i dba\u0107 o kondycj\u0119 sk\u00f3ry, potrzebuj\u0105cej dog\u0142\u0119bnego nawil\u017cania, a szczeg\u00f3lnej ochrony przed promieniowaniem UV.<\/p>\n<p>Wskazania do zabiegu:<\/p>\n<div id=\"attachment_583\" style=\"width: 310px\" class=\"wp-caption alignright\"><a href=\"http:\/\/salon-urody.wroclaw.pl\/wp-content\/uploads\/2015\/02\/Frost-II.jpg\"><img decoding=\"async\" aria-describedby=\"caption-attachment-583\" class=\"size-medium wp-image-583 lazyload\" data-src=\"http:\/\/salon-urody.wroclaw.pl\/wp-content\/uploads\/2015\/02\/Frost-II-300x295.jpg\" alt=\"Frost Peel\" width=\"300\" height=\"295\" data-srcset=\"https:\/\/salon-urody.wroclaw.pl\/wp-content\/uploads\/2015\/02\/Frost-II-300x295.jpg 300w, https:\/\/salon-urody.wroclaw.pl\/wp-content\/uploads\/2015\/02\/Frost-II-150x147.jpg 150w, https:\/\/salon-urody.wroclaw.pl\/wp-content\/uploads\/2015\/02\/Frost-II.jpg 347w\" data-sizes=\"(max-width: 300px) 100vw, 300px\" src=\"data:image\/svg+xml;base64,PHN2ZyB3aWR0aD0iMSIgaGVpZ2h0PSIxIiB4bWxucz0iaHR0cDovL3d3dy53My5vcmcvMjAwMC9zdmciPjwvc3ZnPg==\" style=\"--smush-placeholder-width: 300px; --smush-placeholder-aspect-ratio: 300\/295;\" \/><\/a><p id=\"caption-attachment-583\" class=\"wp-caption-text\">Frost Peel Worc\u0142aw<\/p><\/div>\n<p>&nbsp;<\/p>\n<ul>\n<li>przebarwienia, pigmentacje, blizny, ostuda<\/li>\n<li>tr\u0105dzik pospolity (zask\u00f3rnikowy), rozszerzone uj\u015bcia gruczo\u0142\u00f3w \u0142ojowych, nadmierne rogowacenie<\/li>\n<li>szczeg\u00f3lnie zalecane osobom pal\u0105cym jako rewitalizacja sk\u00f3ry<\/li>\n<li>odm\u0142odzenie sk\u00f3ry zwiotcza\u0142ej, pozbawionej elastyczno\u015bci, drobne i \u015brednie zmarszczki i bruzdy<\/li>\n<li>umiarkowane i zaawansowane fotostarzenie,<\/li>\n<li>rozst\u0119py, zwiotczenie sk\u00f3ry (brzuch)<\/li>\n<\/ul>\n<p>&nbsp;<\/p>\n<p><span style=\"color: #333399;\">Efekt peelingu TCA:<\/span><\/p>\n<p>&nbsp;<\/p>\n<ul>\n<li>zmniejszenie lub likwidacja przebarwie\u0144<\/li>\n<li>obkurczenie uj\u015b\u0107 gruczo\u0142\u00f3w \u0142ojowych<\/li>\n<li>wyr\u00f3wnanie i rozja\u015bnienie kolorytu sk\u00f3ry<\/li>\n<li>znaczne sp\u0142ycenie zmarszczek<\/li>\n<li>efekt liftingu i napi\u0119cia sk\u00f3ry<\/li>\n<li>poprawa elastyczno\u015bci<\/li>\n<li>odm\u0142odzenie<\/li>\n<li>zwi\u0119kszenie g\u0119sto\u015bci sk\u00f3ry<\/li>\n<li>zmniejszenie ilo\u015bci zask\u00f3rnik\u00f3w<\/li>\n<\/ul>\n<p>Przeciwwskazania do zabiegu:<\/p>\n<ul>\n<li>ci\u0105\u017ca i okres laktacji<\/li>\n<li>choroby nowotworowe, choroby autoimmunologiczne<\/li>\n<li>aktywne infekcje wirusowe (np. opryszczka), choroby sk\u00f3ry (np. AZS, wyprysk, \u0142uszczyca, tr\u0105dzik w fazie aktywnej)<\/li>\n<li>infekcje bakteryjne<\/li>\n<li>przyjmowanie ratinoid\u00f3w<\/li>\n<li>\u015bwie\u017ce blizny<\/li>\n<li>alergia na substancje z\u0142uszczaj\u0105ce<\/li>\n<li>sk\u0142onno\u015b\u0107 do blizn i bliznowace\u0144<\/li>\n<li>regularne opalanie<\/li>\n<\/ul>\n<p>Po zabiegu obowi\u0105zuje:<\/p>\n<ul>\n<li>bezwzgl\u0119dny zakaz opalenia przez minimum 4 tygodnie po zabiegu<\/li>\n<li>stosowanie krem\u00f3w z filtrem UVA i UVB SPF 50 przez minimum miesi\u0105c<\/li>\n<li>bezwzgl\u0119dny zakaz zdrapywania \u0142uszcz\u0105cego si\u0119 nask\u00f3rka<\/li>\n<li>nie mo\u017cna korzysta\u0107 z sauny i basenu przez 1 miesi\u0105c<\/li>\n<li>zakaz wykonywania jakichkolwiek peeling\u00f3w przez okres 1 miesi\u0105ca<\/li>\n<li>nale\u017cy stosowa\u0107 kremy silnie nawil\u017caj\u0105ce<\/li>\n<li>makija\u017c mo\u017cna stosowa\u0107 dopiero kilka godzin po zabiegu (ok. 24h po zabiegu)<\/li>\n<\/ul>\n<p>&nbsp;<\/p>\n<p>Zalecenia:<\/p>\n<p>W serii 3 &#8211; 4 zabieg\u00f3w wykonywanych co 40 dni ze wskazaniem dla sk\u00f3r z objawami foto-starzenia i pigmentacji jako zabieg anti \u2013 age stymuluj\u0105cy odnow\u0119 kom\u00f3rkow\u0105, ujednolicaj\u0105cy koloryt cery, a tak\u017ce sp\u0142ycaj\u0105cy blizny potr\u0105dzikowe i wyr\u00f3wnuj\u0105cy struktur\u0119 sk\u00f3ry. Wykonywany tak\u017ce jednorazowo jako jedna z najbardziej uniwersalnych metod eksfoliacji dermatologicznej.<\/p>\n<p>&nbsp;<\/p>\n<p><strong>Frost PEEL TCA 15% + Retibrazja<\/strong> <\/p>\n<p><strong>Frost PEEL TCA 15% + Retibrazja<\/strong><\/p>\n<p>&nbsp;<\/p>\n<h4>Serdecznie zapraszamy do zapoznania si\u0119 z naszymi zabiegami.<\/h4>\n<p>[su_button url=&#8221;https:\/\/instytut27.booksy.com&#8221; target=&#8221;blank&#8221; background=&#8221;#9acd32&#8243; style=&#8221;soft&#8221; size=&#8221;4&#8243; radius=&#8221;round&#8221; text_shadow=&#8221;1px 1px 1px #000000&#8243; rel=&#8221;nofollow&#8221;]Rezerwacja online[\/su_button]<span style=\"line-height: 1.5;\"><br \/>\n&nbsp;<\/p>\n","protected":false},"excerpt":{"rendered":"<p>TCA 15% FROST PEEL + RETI PEEL 3% &#8211; RHONDA ALISSON &nbsp; Frost Peel wykorzystuje pochodn\u0105 jednego z najskuteczniejszych kwas\u00f3w rekomendowanych do peeling\u00f3w powierzchownych i \u015bredniog\u0142\u0119bokich \u2013 kwasu tr\u00f3jchlorooctowego TCA, charakteryzuj\u0105cego si\u0119 najwy\u017csz\u0105 dermatologicznie skuteczno\u015bci\u0105. Dzi\u0119ki ma\u0142ym cz\u0105steczkom o wiele szybciej penetruje nask\u00f3rek i sk\u00f3r\u0119 w\u0142a\u015bciw\u0105, nie dopuszczaj\u0105c przy tym do alergizacji. Peelingi na bazie [&hellip;]<\/p>\n","protected":false},"author":6,"featured_media":0,"parent":113,"menu_order":0,"comment_status":"open","ping_status":"open","template":"","meta":{"_uf_show_specific_survey":0,"_uf_disable_surveys":false,"__cvm_playback_settings":[],"__cvm_video_id":"","_glsr_average":0,"_glsr_ranking":0,"_glsr_reviews":0,"footnotes":""},"class_list":["post-415","page","type-page","status-publish","czr-hentry"],"aioseo_notices":[],"_links":{"self":[{"href":"https:\/\/salon-urody.wroclaw.pl\/index.php\/wp-json\/wp\/v2\/pages\/415","targetHints":{"allow":["GET"]}}],"collection":[{"href":"https:\/\/salon-urody.wroclaw.pl\/index.php\/wp-json\/wp\/v2\/pages"}],"about":[{"href":"https:\/\/salon-urody.wroclaw.pl\/index.php\/wp-json\/wp\/v2\/types\/page"}],"author":[{"embeddable":true,"href":"https:\/\/salon-urody.wroclaw.pl\/index.php\/wp-json\/wp\/v2\/users\/6"}],"replies":[{"embeddable":true,"href":"https:\/\/salon-urody.wroclaw.pl\/index.php\/wp-json\/wp\/v2\/comments?post=415"}],"version-history":[{"count":0,"href":"https:\/\/salon-urody.wroclaw.pl\/index.php\/wp-json\/wp\/v2\/pages\/415\/revisions"}],"up":[{"embeddable":true,"href":"https:\/\/salon-urody.wroclaw.pl\/index.php\/wp-json\/wp\/v2\/pages\/113"}],"wp:attachment":[{"href":"https:\/\/salon-urody.wroclaw.pl\/index.php\/wp-json\/wp\/v2\/media?parent=415"}],"curies":[{"name":"wp","href":"https:\/\/api.w.org\/{rel}","templated":true}]}}