{"id":396,"date":"2015-02-03T14:28:36","date_gmt":"2015-02-03T13:28:36","guid":{"rendered":"http:\/\/salon-urody.wroclaw.pl\/?page_id=396"},"modified":"2023-08-21T11:14:05","modified_gmt":"2023-08-21T09:14:05","slug":"rasberry-extract-ritual","status":"publish","type":"page","link":"https:\/\/salon-urody.wroclaw.pl\/index.php\/pielegnacja-twarzy\/rasberry-extract-ritual\/","title":{"rendered":"Raspberry Extract Ritual Thalgo"},"content":{"rendered":"<p style=\"text-align: left;\"><span style=\"color: #800080;\"><strong>Raspberry Extract Ritual Thalgo<\/strong><\/span><\/p>\n<p style=\"text-align: left;\">Zabieg do sk\u00f3r wra\u017cliwych z <span style=\"color: #800080;\">rozszerzonymi<\/span> naczynkami<\/p>\n<p><img decoding=\"async\" class=\"size-medium wp-image-555 alignleft lazyload\" data-src=\"http:\/\/salon-urody.wroclaw.pl\/wp-content\/uploads\/2015\/02\/raspberry-me.jpg\" alt=\"raspberry me\" width=\"400\" height=\"400\" src=\"data:image\/svg+xml;base64,PHN2ZyB3aWR0aD0iMSIgaGVpZ2h0PSIxIiB4bWxucz0iaHR0cDovL3d3dy53My5vcmcvMjAwMC9zdmciPjwvc3ZnPg==\" style=\"--smush-placeholder-width: 400px; --smush-placeholder-aspect-ratio: 400\/400;\" \/><\/p>\n<p>Sk\u00f3ra wra\u017cliwa charakteryzuje si\u0119 nadmiern\u0105 reaktywno\u015bci\u0105 na bod\u017ace zewn\u0119trzne. Zaczerwienienie, pieczenie, sw\u0119dzenie i uczucie podra\u017cnienia s\u0105 oznak\u0105 dyskomfortu odczuwanego przez osoby ze sk\u00f3r\u0105 wra\u017cliw\u0105. Thalgo opracowa\u0142o program piel\u0119gnacji maj\u0105cy ukoi\u0107 podra\u017cnienia i uszczelni\u0107 rozszerzone naczynia krwiono\u015bne. Naturalne aktywne sk\u0142adniki, otrzymane dzi\u0119ki wykorzystaniu nowoczesnych technologii, znacznie redukuj\u0105 powierzchown\u0105 wra\u017cliwo\u015b\u0107 sk\u00f3ry i zmniejszaj\u0105 reakcje kom\u00f3rek sk\u00f3ry na agresywne czynniki zewn\u0119trzne. W trakcie rytua\u0142u zastosowana jest maska alginatowa oraz ampu\u0142ka zawieraj\u0105ca ekstrakt z malin, kt\u00f3ra niemal natychmiastowo przynosi cerze wra\u017cliwej uczucie ukojenia, doskonale jednocze\u015bnie nawil\u017caj\u0105c i zabezpieczaj\u0105c sk\u00f3r\u0119.<\/p>\n<p>&nbsp;<\/p>\n<p>&nbsp;<\/p>\n<p><span style=\"color: #800080;\">Wskazania:<\/span> sk\u00f3ra naczyniowa, cienka, sk\u0142onna do zaczerwienie\u0144 i podra\u017cnie\u0144, tr\u0105dzik r\u00f3\u017cowaty.<\/p>\n<p>&nbsp;<\/p>\n<p><span style=\"color: #800080;\">Cel:<\/span> zabieg ma na celu wzmocni\u0107 i uszczelni\u0107 \u015bciany naczy\u0144 krwiono\u015bnych, z\u0142agodzi\u0107 podra\u017cnienia i zaczerwienienia, nawil\u017cy\u0107 i od\u017cywi\u0107 cer\u0119, zmniejszy\u0107 wra\u017cliwo\u015b\u0107 sk\u00f3ry na czynniki zewn\u0119trzne poprzez wzmocnienie funkcji immunologicznych kom\u00f3rek Langerhansa.<\/p>\n<p>&nbsp;<\/p>\n<p><span style=\"color: #800080;\">Sk\u0142adniki aktywne w zabiegu:<\/span><\/p>\n<p>&#8211; <em>ziemia okrzemkowa<\/em><\/p>\n<p>&#8211; <em>ekstrakt z malin<\/em><\/p>\n<p>&#8211; <em>witaminy A, PP, K<\/em><\/p>\n<p>&nbsp;<\/p>\n<p>Czas zabiegu: 60min.<\/p>\n<p><img decoding=\"async\" class=\"size-medium wp-image-928 alignright lazyload\" data-src=\"http:\/\/salon-urody.wroclaw.pl\/wp-content\/uploads\/2015\/02\/Raspberry-Thalgo-207x300.jpg\" alt=\"Raspberry Thalgo\" width=\"300\" height=\"400\" src=\"data:image\/svg+xml;base64,PHN2ZyB3aWR0aD0iMSIgaGVpZ2h0PSIxIiB4bWxucz0iaHR0cDovL3d3dy53My5vcmcvMjAwMC9zdmciPjwvc3ZnPg==\" style=\"--smush-placeholder-width: 300px; --smush-placeholder-aspect-ratio: 300\/400;\" \/><\/p>\n<p>Przeciwwskazania: nadwra\u017cliwo\u015b\u0107 na sk\u0142adniki zawarte w preparatach, powierzchniowe uszkodzenia nask\u00f3rka (mikrourazy), sk\u00f3ra tr\u0105dzikowa.<\/p>\n<p>&nbsp;<\/p>\n<p>Cz\u0119stotliwo\u015b\u0107 wykonywania zabieg\u00f3w: seria 6 zabieg\u00f3w \u2013 1 raz w tygodniu.<\/p>\n<p>&nbsp;<\/p>\n<h4>Serdecznie zapraszamy do zapoznania si\u0119 z naszymi zabiegami.<\/h4>\n<p>[su_button url=&#8221;https:\/\/instytut27.booksy.com&#8221; target=&#8221;blank&#8221; style=&#8221;soft&#8221; size=&#8221;4&#8243; radius=&#8221;round&#8221; text_shadow=&#8221;1px 1px 1px #000000&#8243; rel=&#8221;nofollow&#8221;]Zarezerwuj online[\/su_button]<\/p>\n<div id=\"fb-root\"><a href=\"https:\/\/www.instagram.com\/fantastic.body.wroclaw\/\"><img decoding=\"async\" class=\"alignleft lazyload\" style=\"--smush-placeholder-width: 72px; --smush-placeholder-aspect-ratio: 72\/71;border: 0;\" data-src=\"https:\/\/cdn.pixabay.com\/photo\/2016\/08\/09\/17\/52\/instagram-1581266_960_720.jpg\" alt=\"INSTAGRAM\" width=\"72\" height=\"71\" src=\"data:image\/svg+xml;base64,PHN2ZyB3aWR0aD0iMSIgaGVpZ2h0PSIxIiB4bWxucz0iaHR0cDovL3d3dy53My5vcmcvMjAwMC9zdmciPjwvc3ZnPg==\" \/><\/a><\/div>\n<p><script async defer crossorigin=\"anonymous\" src=\"https:\/\/connect.facebook.net\/pl_PL\/sdk.js#xfbml=1&#038;version=v16.0\" nonce=\"eKVMTvDK\"><\/script><\/p>\n<div class=\"fb-page\" data-href=\"https:\/\/www.facebook.com\/fitness.wroclaw\/?locale=pl_PL\" data-tabs=\"timeline\" data-width=\"200\" data-height=\"80\" data-small-header=\"false\" data-adapt-container-width=\"true\" data-hide-cover=\"false\" data-show-facepile=\"true\">\n<blockquote class=\"fb-xfbml-parse-ignore\" cite=\"https:\/\/www.facebook.com\/fitness.wroclaw\/?locale=pl_PL\"><p><a href=\"https:\/\/www.facebook.com\/fitness.wroclaw\/?locale=pl_PL\">Salon Urody, kosmetyczny &#8211; Klinika odchudzania &#8211; Fantastic Body Instytut<\/a><\/p><\/blockquote>\n<\/div>\n","protected":false},"excerpt":{"rendered":"<p>Raspberry Extract Ritual Thalgo Zabieg do sk\u00f3r wra\u017cliwych z rozszerzonymi naczynkami Sk\u00f3ra wra\u017cliwa charakteryzuje si\u0119 nadmiern\u0105 reaktywno\u015bci\u0105 na bod\u017ace zewn\u0119trzne. Zaczerwienienie, pieczenie, sw\u0119dzenie i uczucie podra\u017cnienia s\u0105 oznak\u0105 dyskomfortu odczuwanego przez osoby ze sk\u00f3r\u0105 wra\u017cliw\u0105. Thalgo opracowa\u0142o program piel\u0119gnacji maj\u0105cy ukoi\u0107 podra\u017cnienia i uszczelni\u0107 rozszerzone naczynia krwiono\u015bne. Naturalne aktywne sk\u0142adniki, otrzymane dzi\u0119ki wykorzystaniu nowoczesnych technologii, [&hellip;]<\/p>\n","protected":false},"author":6,"featured_media":0,"parent":113,"menu_order":0,"comment_status":"open","ping_status":"closed","template":"","meta":{"_uf_show_specific_survey":0,"_uf_disable_surveys":false,"__cvm_playback_settings":[],"__cvm_video_id":"","_glsr_average":0,"_glsr_ranking":0,"_glsr_reviews":0,"footnotes":""},"class_list":["post-396","page","type-page","status-publish","czr-hentry"],"aioseo_notices":[],"_links":{"self":[{"href":"https:\/\/salon-urody.wroclaw.pl\/index.php\/wp-json\/wp\/v2\/pages\/396","targetHints":{"allow":["GET"]}}],"collection":[{"href":"https:\/\/salon-urody.wroclaw.pl\/index.php\/wp-json\/wp\/v2\/pages"}],"about":[{"href":"https:\/\/salon-urody.wroclaw.pl\/index.php\/wp-json\/wp\/v2\/types\/page"}],"author":[{"embeddable":true,"href":"https:\/\/salon-urody.wroclaw.pl\/index.php\/wp-json\/wp\/v2\/users\/6"}],"replies":[{"embeddable":true,"href":"https:\/\/salon-urody.wroclaw.pl\/index.php\/wp-json\/wp\/v2\/comments?post=396"}],"version-history":[{"count":0,"href":"https:\/\/salon-urody.wroclaw.pl\/index.php\/wp-json\/wp\/v2\/pages\/396\/revisions"}],"up":[{"embeddable":true,"href":"https:\/\/salon-urody.wroclaw.pl\/index.php\/wp-json\/wp\/v2\/pages\/113"}],"wp:attachment":[{"href":"https:\/\/salon-urody.wroclaw.pl\/index.php\/wp-json\/wp\/v2\/media?parent=396"}],"curies":[{"name":"wp","href":"https:\/\/api.w.org\/{rel}","templated":true}]}}