{"id":394,"date":"2015-02-03T14:04:01","date_gmt":"2015-02-03T13:04:01","guid":{"rendered":"http:\/\/salon-urody.wroclaw.pl\/?page_id=394"},"modified":"2023-08-22T14:39:22","modified_gmt":"2023-08-22T12:39:22","slug":"thalgodermyl","status":"publish","type":"page","link":"https:\/\/salon-urody.wroclaw.pl\/index.php\/pielegnacja-twarzy\/absolute-hydration-ritual-thalgo\/thalgodermyl\/","title":{"rendered":"Thalgodermyl Thalgo"},"content":{"rendered":"<p><strong>Intensywny zabieg przeciwtr\u0105dzikowy.<\/strong><\/p>\n<p><strong>Thalgodermyl<\/strong> nale\u017cy do zabieg\u00f3w leczniczych przeznaczonych dla os\u00f3b z tr\u0105dzikiem. Badania kliniczne udowodni\u0142y jego przeciw\u0142ojotokowe, przeciwbakteryjnie i przeciwzapalne dzia\u0142anie. <span style=\"color: #000080;\">Pomaga b\u0142yskawicznie odzyska\u0107 zdrow\u0105 i czyst\u0105 sk\u00f3r\u0119.<\/span><\/p>\n<p><a href=\"http:\/\/salon-urody.wroclaw.pl\/wp-content\/uploads\/2015\/02\/Thalgodermyl.jpg\"><img decoding=\"async\" class=\"alignnone size-medium wp-image-522 lazyload\" data-src=\"http:\/\/salon-urody.wroclaw.pl\/wp-content\/uploads\/2015\/02\/Thalgodermyl-300x194.jpg\" alt=\"Thalgodermyl\" width=\"300\" height=\"194\" data-srcset=\"https:\/\/salon-urody.wroclaw.pl\/wp-content\/uploads\/2015\/02\/Thalgodermyl-300x194.jpg 300w, https:\/\/salon-urody.wroclaw.pl\/wp-content\/uploads\/2015\/02\/Thalgodermyl-150x97.jpg 150w, https:\/\/salon-urody.wroclaw.pl\/wp-content\/uploads\/2015\/02\/Thalgodermyl.jpg 530w\" data-sizes=\"(max-width: 300px) 100vw, 300px\" src=\"data:image\/svg+xml;base64,PHN2ZyB3aWR0aD0iMSIgaGVpZ2h0PSIxIiB4bWxucz0iaHR0cDovL3d3dy53My5vcmcvMjAwMC9zdmciPjwvc3ZnPg==\" style=\"--smush-placeholder-width: 300px; --smush-placeholder-aspect-ratio: 300\/194;\" \/><\/a><\/p>\n<p><span style=\"color: #000080;\">Wskazania: <\/span>zabieg przeznaczony jest do piel\u0119gnacji sk\u00f3ry tr\u0105dzikowej.<\/p>\n<p><span style=\"color: #000080;\">Cel:<\/span> regulacja pracy gruczo\u0142\u00f3w \u0142ojowych, zw\u0119\u017cenie por\u00f3w sk\u00f3ry, zapobieganie tworzeniu si\u0119 zask\u00f3rnik\u00f3w i stan\u00f3w zapalnych, poprawa nawil\u017cenia oraz kolorytu sk\u00f3ry.<\/p>\n<p><span style=\"color: #000080;\">Sk\u0142adniki aktywne w zabiegu:<\/span><\/p>\n<ul>\n<li><em>Controlamina<\/em> \u2013 kompleks stabilizuj\u0105cy prac\u0119 gruczo\u0142\u00f3w \u0142ojowych oparty na wyci\u0105gu z algi Laminaria Digitata<\/li>\n<li><em>Cytobiol Bardan<\/em>e \u2013 kompleks witaminy B8, wyci\u0105g z \u0142opianu i soli cynku o dzia\u0142aniu dezynfekuj\u0105cym i lekko wysuszaj\u0105cym<\/li>\n<li><em>Pam Extracts<\/em> \u2013 wyci\u0105g z pestek grejpfruta<\/li>\n<li><em>Ac. Net<\/em> \u2013 kompleks o silnym dzia\u0142aniu przeciwtr\u0105dzikowym i przeciwzapalnym<\/li>\n<li><em>Olejki esencjonalne z cytryny, rumianku, lawendy<\/em><\/li>\n<li><em>Ekstrakty ro\u015blinne z \u017ce\u0144-szenia, werbeny, arniki, skrzypu i brzozy<\/em><\/li>\n<li><em>Organiczny alginat<\/em><\/li>\n<li><em>Ziemia okrzemkowa<\/em><\/li>\n<\/ul>\n<p><span style=\"color: #333333;\">Czas zabiegu:<\/span> 60 minut.<\/p>\n<p>Przeciwwskazania: uczulenie na sk\u0142adniki zawarte w preparatach.<\/p>\n<p><span style=\"color: #333333;\">Cz\u0119stotliwo\u015b\u0107 wykonywania zabieg\u00f3w:<\/span> 1 raz w tygodniu, a\u017c do uzyskania efektu czystej sk\u00f3ry.<\/p>\n<h4>Serdecznie zapraszamy do zapoznania si\u0119 z naszymi zabiegami.<\/h4>\n<p>[su_button url=&#8221;https:\/\/instytut27.booksy.com&#8221; target=&#8221;blank&#8221; background=&#8221;#9acd32&#8243; style=&#8221;soft&#8221; size=&#8221;4&#8243; radius=&#8221;round&#8221; text_shadow=&#8221;1px 1px 1px #000000&#8243; rel=&#8221;nofollow&#8221;]Rezerwacja online[\/su_button]<\/p>\n<p>&nbsp;<\/p>\n","protected":false},"excerpt":{"rendered":"<p>Intensywny zabieg przeciwtr\u0105dzikowy. Thalgodermyl nale\u017cy do zabieg\u00f3w leczniczych przeznaczonych dla os\u00f3b z tr\u0105dzikiem. Badania kliniczne udowodni\u0142y jego przeciw\u0142ojotokowe, przeciwbakteryjnie i przeciwzapalne dzia\u0142anie. Pomaga b\u0142yskawicznie odzyska\u0107 zdrow\u0105 i czyst\u0105 sk\u00f3r\u0119. Wskazania: zabieg przeznaczony jest do piel\u0119gnacji sk\u00f3ry tr\u0105dzikowej. Cel: regulacja pracy gruczo\u0142\u00f3w \u0142ojowych, zw\u0119\u017cenie por\u00f3w sk\u00f3ry, zapobieganie tworzeniu si\u0119 zask\u00f3rnik\u00f3w i stan\u00f3w zapalnych, poprawa nawil\u017cenia oraz [&hellip;]<\/p>\n","protected":false},"author":6,"featured_media":0,"parent":279,"menu_order":0,"comment_status":"open","ping_status":"open","template":"","meta":{"_uf_show_specific_survey":0,"_uf_disable_surveys":false,"__cvm_playback_settings":[],"__cvm_video_id":"","_glsr_average":0,"_glsr_ranking":0,"_glsr_reviews":0,"footnotes":""},"class_list":["post-394","page","type-page","status-publish","czr-hentry"],"aioseo_notices":[],"_links":{"self":[{"href":"https:\/\/salon-urody.wroclaw.pl\/index.php\/wp-json\/wp\/v2\/pages\/394","targetHints":{"allow":["GET"]}}],"collection":[{"href":"https:\/\/salon-urody.wroclaw.pl\/index.php\/wp-json\/wp\/v2\/pages"}],"about":[{"href":"https:\/\/salon-urody.wroclaw.pl\/index.php\/wp-json\/wp\/v2\/types\/page"}],"author":[{"embeddable":true,"href":"https:\/\/salon-urody.wroclaw.pl\/index.php\/wp-json\/wp\/v2\/users\/6"}],"replies":[{"embeddable":true,"href":"https:\/\/salon-urody.wroclaw.pl\/index.php\/wp-json\/wp\/v2\/comments?post=394"}],"version-history":[{"count":0,"href":"https:\/\/salon-urody.wroclaw.pl\/index.php\/wp-json\/wp\/v2\/pages\/394\/revisions"}],"up":[{"embeddable":true,"href":"https:\/\/salon-urody.wroclaw.pl\/index.php\/wp-json\/wp\/v2\/pages\/279"}],"wp:attachment":[{"href":"https:\/\/salon-urody.wroclaw.pl\/index.php\/wp-json\/wp\/v2\/media?parent=394"}],"curies":[{"name":"wp","href":"https:\/\/api.w.org\/{rel}","templated":true}]}}