{"id":386,"date":"2015-02-03T13:40:22","date_gmt":"2015-02-03T12:40:22","guid":{"rendered":"http:\/\/salon-urody.wroclaw.pl\/?page_id=386"},"modified":"2023-06-16T17:01:32","modified_gmt":"2023-06-16T15:01:32","slug":"shape-correct-by-thalgo","status":"publish","type":"page","link":"https:\/\/salon-urody.wroclaw.pl\/index.php\/pielegnacja-ciala\/shape-correct-by-thalgo\/","title":{"rendered":"Shape &#038; Correct by THALGO"},"content":{"rendered":"<p>&nbsp;<\/p>\n<p style=\"text-align: center;\"><strong>Zabieg uj\u0119drniaj\u0105co &#8211; modeluj\u0105cy (Thalgo + ampu\u0142ka)<\/strong><\/p>\n<p><a href=\"http:\/\/salon-urody.wroclaw.pl\/wp-content\/uploads\/2015\/02\/thalgo.jpg\"><img decoding=\"async\" class=\"alignnone size-medium wp-image-563 aligncenter lazyload\" data-src=\"http:\/\/salon-urody.wroclaw.pl\/wp-content\/uploads\/2015\/02\/thalgo-300x83.jpg\" alt=\"Imprimer\" width=\"300\" height=\"83\" data-srcset=\"https:\/\/salon-urody.wroclaw.pl\/wp-content\/uploads\/2015\/02\/thalgo-300x83.jpg 300w, https:\/\/salon-urody.wroclaw.pl\/wp-content\/uploads\/2015\/02\/thalgo-150x41.jpg 150w, https:\/\/salon-urody.wroclaw.pl\/wp-content\/uploads\/2015\/02\/thalgo-1024x283.jpg 1024w, https:\/\/salon-urody.wroclaw.pl\/wp-content\/uploads\/2015\/02\/thalgo.jpg 1280w\" data-sizes=\"(max-width: 300px) 100vw, 300px\" src=\"data:image\/svg+xml;base64,PHN2ZyB3aWR0aD0iMSIgaGVpZ2h0PSIxIiB4bWxucz0iaHR0cDovL3d3dy53My5vcmcvMjAwMC9zdmciPjwvc3ZnPg==\" style=\"--smush-placeholder-width: 300px; --smush-placeholder-aspect-ratio: 300\/83;\" \/><\/a><\/p>\n<p>&nbsp;<\/p>\n<p><span style=\"color: #003366;\"><strong>SHAPE &amp; CORRECT<\/strong><\/span><\/p>\n<p><a href=\"http:\/\/salon-urody.wroclaw.pl\/wp-content\/uploads\/2015\/02\/Vella.jpg\"><img decoding=\"async\" class=\"alignright wp-image-676 size-medium lazyload\" title=\"Odchudzanie - Wroc\u0142aw\" data-src=\"http:\/\/salon-urody.wroclaw.pl\/wp-content\/uploads\/2015\/02\/Vella-170x300.jpg\" alt=\"wyszczuplanie Wroc\u0142aw\" width=\"170\" height=\"300\" data-srcset=\"https:\/\/salon-urody.wroclaw.pl\/wp-content\/uploads\/2015\/02\/Vella-170x300.jpg 170w, https:\/\/salon-urody.wroclaw.pl\/wp-content\/uploads\/2015\/02\/Vella-85x150.jpg 85w, https:\/\/salon-urody.wroclaw.pl\/wp-content\/uploads\/2015\/02\/Vella.jpg 477w\" data-sizes=\"(max-width: 170px) 100vw, 170px\" src=\"data:image\/svg+xml;base64,PHN2ZyB3aWR0aD0iMSIgaGVpZ2h0PSIxIiB4bWxucz0iaHR0cDovL3d3dy53My5vcmcvMjAwMC9zdmciPjwvc3ZnPg==\" style=\"--smush-placeholder-width: 170px; --smush-placeholder-aspect-ratio: 170\/300;\" \/><\/a><\/p>\n<p>Rozpoczynamy intensywn\u0105 walk\u0119 z niechcian\u0105 warstw\u0105 tkanki t\u0142uszczowej oraz uj\u0119drniamy sk\u00f3r\u0119 trac\u0105c\u0105 na elastyczno\u015bci.<\/p>\n<p>\u0141\u0105czymy dzia\u0142anie<a title=\"RF\" href=\"http:\/\/salon-urody.wroclaw.pl\/index.php\/pielegnacja-ciala\/fale-radiowe-na-cialo\/\"><span style=\"color: #003366;\"><strong> fali radiowej RF<\/strong><\/span><\/a> na bazie produkt\u00f3w<span style=\"color: #003366;\"> <strong>Thalgo<\/strong> &#8211;<\/span> stymuluj\u0105cych aktywno\u015b\u0107 kom\u00f3rek i produkcj\u0119 kolagenu wraz z <a title=\"mezoterapia bezig\u0142owa\" href=\"http:\/\/salon-urody.wroclaw.pl\/index.php\/pielegnacja-twarzy\/mezoterapia-beziglowa\/\"><span style=\"color: #003366;\"><strong>mezoterapi\u0105 bezig\u0142ow\u0105<\/strong><\/span><\/a>, kt\u00f3ra pozwoli na wt\u0142oczenie w g\u0142\u0105b sk\u00f3ry sk\u0142adnik\u00f3w aktywnych redukuj\u0105cych wielko\u015b\u0107 kom\u00f3rek t\u0142uszczowych i przyspieszaj\u0105cych metabolizm tr\u00f3jgliceryd\u00f3w.<\/p>\n<p>W pierwszym etapie zabiegu wykorzystujemy dzia\u0142anie <a title=\"RF\" href=\"http:\/\/salon-urody.wroclaw.pl\/index.php\/pielegnacja-ciala\/fale-radiowe-na-cialo\/\"><span style=\"color: #003366;\"><strong>fali radiowej<\/strong><\/span><\/a>, kt\u00f3rej celem jest silne przegrzanie tkanek. Dochodzi w\u00f3wczas do pobudzenia fibroblast\u00f3w, przyspieszonej produkcji kolagenu i elastyny, kt\u00f3re odpowiadaj\u0105 za zwi\u0119kszone napi\u0119cie sk\u00f3ry jak r\u00f3wnie\u017c popraw\u0119 jej g\u0119sto\u015bci i elastyczno\u015bci. Fala radiowa oddzia\u0142uje r\u00f3wnie\u017c na tkank\u0119 t\u0142uszczow\u0105 \u2013 podniesienie temperatury do 54 stopni &#8211; przyczynia si\u0119 do jej redukcji. Ponadto dochodzi do rozszerzenia naczy\u0144 krwiono\u015bnych, co u\u0142atwia wch\u0142anianie sk\u0142adnik\u00f3w aktywnych.<\/p>\n<p>Zabieg wykonywany jest na preparacie <span style=\"color: #003366;\"><strong>I PLUMP<\/strong><\/span> firmy <span style=\"color: #003366;\"><strong>THALGO<\/strong><\/span>, kt\u00f3ry dodatkowo dzia\u0142a wyg\u0142adzaj\u0105co, regeneruj\u0105co. \u017bel stymuluje aktywno\u015b\u0107 kom\u00f3rkow\u0105, produkcj\u0119 kolagenu i kwasu hialuronowego, wspomaga penetracj\u0119 sk\u0142adnik\u00f3w aktywnych do g\u0142\u0119bszych warstw nask\u00f3rka oraz utrzymanie kszta\u0142tu w\u0142\u00f3kien kolagenowych jak r\u00f3wnie\u017c syntez\u0119 nowych, a wszystko to dzi\u0119ki takim sk\u0142adnikom jak: <span style=\"color: #003366;\"><em>adenozyna<\/em> <\/span>(substancja, kt\u00f3ra jest cz\u0119\u015bci\u0105 DNA),<span style=\"color: #003366;\"> <em>kwas hialuronowy<\/em> i <em>kompleks Seve Bleue<\/em>.<\/span><\/p>\n<p>Drugi etap polega na wprowadzeniu sk\u0142adnik\u00f3w aktywnych do g\u0142\u0119bszych warstw sk\u00f3ry za pomoc\u0105 <a title=\"mezoterapia bezig\u0142owa\" href=\"http:\/\/salon-urody.wroclaw.pl\/index.php\/pielegnacja-twarzy\/mezoterapia-beziglowa\/\"><span style=\"color: #003366;\"><strong>mezoterapii bezig\u0142owej<\/strong><\/span><\/a>. Podczas tego zabiegu wykorzystuje si\u0119 zjawisko elektroporacji, czyli zwi\u0119kszenia przepuszczalno\u015bci b\u0142ony kom\u00f3rkowej dla wt\u0142aczanych preparat\u00f3w wskutek zadzia\u0142ania fali elektromagnetycznej, co sprawia, \u017ce ich dzia\u0142anie jest o wiele efektywniejsze. W trakcie mezoterapii wprowadzamy ampu\u0142k\u0119 zawieraj\u0105c\u0105 borowin\u0119, guaran\u0119, kofein\u0119 oraz bluszcz. Sk\u0142adniki te niweluj\u0105 wszystkie formy cellulitu (wodny i t\u0142uszczowy), przyspieszaj\u0105 spalanie tkanki t\u0142uszczowej, uj\u0119drniaj\u0105 i uelastyczniaj\u0105 sk\u00f3r\u0119, kt\u00f3ra mo\u017ce by\u0107 nadmiernie os\u0142abiona po ci\u0105\u017cy lub znacznej utracie wagi.<span style=\"color: #003366;\"> Synergiczny efekt oddzia\u0142ywania fali radiowej w po\u0142\u0105czeniu z mezoterapi\u0105 prze\u0142o\u017cy si\u0119 na uj\u0119drnienie i zwi\u0119kszenie g\u0119sto\u015bci sk\u00f3ry oraz znaczne zmniejszenie obwod\u00f3w.<\/span><\/p>\n<p>Zabiegi wykonujemy z cz\u0119stotliwo\u015bci\u0105 raz na tydzie\u0144.<\/p>\n<p><a href=\"http:\/\/salon-urody.wroclaw.pl\/wp-content\/uploads\/2015\/02\/Perfect-Body.jpg\"><img decoding=\"async\" class=\"alignleft wp-image-617 size-medium lazyload\" title=\"Wyszczuplanie Wroc\u0142aw\" data-src=\"http:\/\/salon-urody.wroclaw.pl\/wp-content\/uploads\/2015\/02\/Perfect-Body-269x300.jpg\" alt=\"Fantastic Body\" width=\"269\" height=\"300\" data-srcset=\"https:\/\/salon-urody.wroclaw.pl\/wp-content\/uploads\/2015\/02\/Perfect-Body-269x300.jpg 269w, https:\/\/salon-urody.wroclaw.pl\/wp-content\/uploads\/2015\/02\/Perfect-Body-134x150.jpg 134w, https:\/\/salon-urody.wroclaw.pl\/wp-content\/uploads\/2015\/02\/Perfect-Body.jpg 786w\" data-sizes=\"(max-width: 269px) 100vw, 269px\" src=\"data:image\/svg+xml;base64,PHN2ZyB3aWR0aD0iMSIgaGVpZ2h0PSIxIiB4bWxucz0iaHR0cDovL3d3dy53My5vcmcvMjAwMC9zdmciPjwvc3ZnPg==\" style=\"--smush-placeholder-width: 269px; --smush-placeholder-aspect-ratio: 269\/300;\" \/><\/a><\/p>\n<h4>Serdecznie zapraszamy do zapoznania si\u0119 z naszymi zabiegami.<\/h4>\n<p>[su_button url=&#8221;https:\/\/instytut27.booksy.com&#8221; target=&#8221;blank&#8221; background=&#8221;#9acd32&#8243; style=&#8221;soft&#8221; size=&#8221;4&#8243; radius=&#8221;round&#8221; text_shadow=&#8221;1px 1px 1px #000000&#8243; rel=&#8221;nofollow&#8221;]Rezerwacja online[\/su_button]<span style=\"line-height: 1.5;\"><\/p>\n","protected":false},"excerpt":{"rendered":"<p>&nbsp; Zabieg uj\u0119drniaj\u0105co &#8211; modeluj\u0105cy (Thalgo + ampu\u0142ka) &nbsp; SHAPE &amp; CORRECT Rozpoczynamy intensywn\u0105 walk\u0119 z niechcian\u0105 warstw\u0105 tkanki t\u0142uszczowej oraz uj\u0119drniamy sk\u00f3r\u0119 trac\u0105c\u0105 na elastyczno\u015bci. \u0141\u0105czymy dzia\u0142anie fali radiowej RF na bazie produkt\u00f3w Thalgo &#8211; stymuluj\u0105cych aktywno\u015b\u0107 kom\u00f3rek i produkcj\u0119 kolagenu wraz z mezoterapi\u0105 bezig\u0142ow\u0105, kt\u00f3ra pozwoli na wt\u0142oczenie w g\u0142\u0105b sk\u00f3ry sk\u0142adnik\u00f3w aktywnych [&hellip;]<\/p>\n","protected":false},"author":6,"featured_media":0,"parent":110,"menu_order":0,"comment_status":"open","ping_status":"open","template":"","meta":{"_uf_show_specific_survey":0,"_uf_disable_surveys":false,"__cvm_playback_settings":[],"__cvm_video_id":"","_glsr_average":0,"_glsr_ranking":0,"_glsr_reviews":0,"footnotes":""},"class_list":["post-386","page","type-page","status-publish","czr-hentry"],"aioseo_notices":[],"_links":{"self":[{"href":"https:\/\/salon-urody.wroclaw.pl\/index.php\/wp-json\/wp\/v2\/pages\/386","targetHints":{"allow":["GET"]}}],"collection":[{"href":"https:\/\/salon-urody.wroclaw.pl\/index.php\/wp-json\/wp\/v2\/pages"}],"about":[{"href":"https:\/\/salon-urody.wroclaw.pl\/index.php\/wp-json\/wp\/v2\/types\/page"}],"author":[{"embeddable":true,"href":"https:\/\/salon-urody.wroclaw.pl\/index.php\/wp-json\/wp\/v2\/users\/6"}],"replies":[{"embeddable":true,"href":"https:\/\/salon-urody.wroclaw.pl\/index.php\/wp-json\/wp\/v2\/comments?post=386"}],"version-history":[{"count":0,"href":"https:\/\/salon-urody.wroclaw.pl\/index.php\/wp-json\/wp\/v2\/pages\/386\/revisions"}],"up":[{"embeddable":true,"href":"https:\/\/salon-urody.wroclaw.pl\/index.php\/wp-json\/wp\/v2\/pages\/110"}],"wp:attachment":[{"href":"https:\/\/salon-urody.wroclaw.pl\/index.php\/wp-json\/wp\/v2\/media?parent=386"}],"curies":[{"name":"wp","href":"https:\/\/api.w.org\/{rel}","templated":true}]}}