{"id":3796,"date":"2023-08-09T15:07:57","date_gmt":"2023-08-09T13:07:57","guid":{"rendered":"https:\/\/salon-urody.wroclaw.pl\/?page_id=3796"},"modified":"2025-08-07T22:36:04","modified_gmt":"2025-08-07T20:36:04","slug":"koktajl-mlodosci-witaminowy-boost-dla-skory","status":"publish","type":"page","link":"https:\/\/salon-urody.wroclaw.pl\/index.php\/koktajl-mlodosci-witaminowy-boost-dla-skory\/","title":{"rendered":"Koktajl m\u0142odo\u015bci: bomba witaminowa."},"content":{"rendered":"<h2 class=\"column_row\"><strong style=\"color: #669900;\">Koktajl m\u0142odo\u015bci! Bomba witaminowa.<\/strong><img decoding=\"async\" class=\"alignleft wp-image-3797 size-medium lazyload\" data-src=\"https:\/\/salon-urody.wroclaw.pl\/wp-content\/uploads\/2023\/08\/lemon-1322249-225x300.jpg\" alt=\"Od\u015bwie\u017cenie sk\u00f3ry i dotlenienie\" width=\"225\" height=\"300\" data-srcset=\"https:\/\/salon-urody.wroclaw.pl\/wp-content\/uploads\/2023\/08\/lemon-1322249-225x300.jpg 225w, https:\/\/salon-urody.wroclaw.pl\/wp-content\/uploads\/2023\/08\/lemon-1322249-768x1024.jpg 768w, https:\/\/salon-urody.wroclaw.pl\/wp-content\/uploads\/2023\/08\/lemon-1322249-113x150.jpg 113w, https:\/\/salon-urody.wroclaw.pl\/wp-content\/uploads\/2023\/08\/lemon-1322249-1152x1536.jpg 1152w, https:\/\/salon-urody.wroclaw.pl\/wp-content\/uploads\/2023\/08\/lemon-1322249-1536x2048.jpg 1536w, https:\/\/salon-urody.wroclaw.pl\/wp-content\/uploads\/2023\/08\/lemon-1322249-scaled.jpg 1920w\" data-sizes=\"(max-width: 225px) 100vw, 225px\" src=\"data:image\/svg+xml;base64,PHN2ZyB3aWR0aD0iMSIgaGVpZ2h0PSIxIiB4bWxucz0iaHR0cDovL3d3dy53My5vcmcvMjAwMC9zdmciPjwvc3ZnPg==\" style=\"--smush-placeholder-width: 225px; --smush-placeholder-aspect-ratio: 225\/300;\" \/><\/h2>\n<p>Po zimie ka\u017cda sk\u00f3ra potrzebuje odpowiedniej piel\u0119gnacji. Nasz rytua\u0142 z\u0142uszczaj\u0105co-nawil\u017caj\u0105cy doskonale przygotuje j\u0105 na sezon letni. Rozpoczynamy terapi\u0119 innowacyjnym oczyszczaniem wibracyjnym z peelingiem kawitacyjnym. Dzi\u0119ki niemu sk\u00f3ra b\u0119dzie odpowiednio przygotowana na dalsze etapy.<\/p>\n<p>Kolejnym krokiem jest niezawodna <strong style=\"color: #99cc00;\">Infuzja tlenowa.<\/strong> Z jej pomoc\u0105, wybrane uprzednio sk\u0142adniki aktywne s\u0105 skutecznie wprowadzane w g\u0142\u0105b sk\u00f3ry. Terapia tlenem od\u015bwie\u017ca sk\u00f3r\u0119 oraz dotlenia, wzmacniaj\u0105c barier\u0119 ochronn\u0105 i poprawiaj\u0105c zachodz\u0105ce w niej procesy metaboliczne. Jest to idealny pomys\u0142 dla cer naczyniowych, wra\u017cliwych i podra\u017cnionych, gdy\u017c zabieg za pomoc\u0105 niskiej temperatury powietrza pod ci\u015bnieniem sch\u0142adza tkanki obj\u0119te rumieniem. \u015aciany naczy\u0144 krwiono\u015bnych zostaj\u0105 wzmocnione i naczynka obkurczaj\u0105 si\u0119, co jest r\u00f3wnoznaczne ze zmniejszeniem ich widoczno\u015bci.<\/p>\n<p>&nbsp;<\/p>\n<fieldset style=\"background-color: #d4e157; border: 2px; padding: 3;\">Kompleks witamin zawarty w ampu\u0142ce roz\u015bwietla i nawil\u017ca sk\u00f3r\u0119. Nast\u0119pnie aplikujemy mask\u0119 kremow\u0105 z witamin\u0105 C i wt\u0142aczamy j\u0105 w sk\u00f3r\u0119 masuj\u0105c\u0105 g\u0142owic\u0105 z czerwonym<a href=\"https:\/\/salon-urody.wroclaw.pl\/index.php\/pielegnacja-twarzy\/odzywienie-regeneracja\/foto-terapia-led\/\"> \u015bwiat\u0142em LED<\/a>, pobudzaj\u0105c kolagen i elastyn\u0119 do odbudowy.<\/fieldset>\n<p>&nbsp;<\/p>\n<h4><strong style=\"color: #669900;\">Jakie korzy\u015bci niesie za sob\u0105 witamina C?<\/strong><\/h4>\n<p>Witamina C, znana r\u00f3wnie\u017c jako kwas askorbinowy, to istotna substancja od\u017cywcza znajduj\u0105ca si\u0119 w wielu owocach i warzywach.<\/p>\n<p><img decoding=\"async\" class=\"size-medium wp-image-3798 alignright lazyload\" style=\"--smush-placeholder-width: 300px; --smush-placeholder-aspect-ratio: 300\/300;text-align: center;\" data-src=\"https:\/\/salon-urody.wroclaw.pl\/wp-content\/uploads\/2023\/08\/mloda-kobieta-robi-jej-poranna-rutyne-300x300.jpg\" alt=\"\" width=\"300\" height=\"300\" data-srcset=\"https:\/\/salon-urody.wroclaw.pl\/wp-content\/uploads\/2023\/08\/mloda-kobieta-robi-jej-poranna-rutyne-300x300.jpg 300w, https:\/\/salon-urody.wroclaw.pl\/wp-content\/uploads\/2023\/08\/mloda-kobieta-robi-jej-poranna-rutyne-1024x1024.jpg 1024w, https:\/\/salon-urody.wroclaw.pl\/wp-content\/uploads\/2023\/08\/mloda-kobieta-robi-jej-poranna-rutyne-150x150.jpg 150w, https:\/\/salon-urody.wroclaw.pl\/wp-content\/uploads\/2023\/08\/mloda-kobieta-robi-jej-poranna-rutyne-768x768.jpg 768w, https:\/\/salon-urody.wroclaw.pl\/wp-content\/uploads\/2023\/08\/mloda-kobieta-robi-jej-poranna-rutyne-1536x1536.jpg 1536w, https:\/\/salon-urody.wroclaw.pl\/wp-content\/uploads\/2023\/08\/mloda-kobieta-robi-jej-poranna-rutyne.jpg 2000w\" data-sizes=\"(max-width: 300px) 100vw, 300px\" src=\"data:image\/svg+xml;base64,PHN2ZyB3aWR0aD0iMSIgaGVpZ2h0PSIxIiB4bWxucz0iaHR0cDovL3d3dy53My5vcmcvMjAwMC9zdmciPjwvc3ZnPg==\" \/><em style=\"font-weight: inherit;\"> Oto niekt\u00f3re z jej g\u0142\u00f3wnych w\u0142a\u015bciwo\u015bci:<\/em><\/p>\n<ol>\n<li>Antyoksydacyjna ochrona: witamina C jest silnym antyoksydantem, co oznacza, \u017ce pomaga neutralizowa\u0107 wolne rodniki, kt\u00f3re mog\u0105 uszkadza\u0107 kom\u00f3rki i przyczynia\u0107 si\u0119 do proces\u00f3w starzenia.<\/li>\n<li>Stymulacja produkcji kolagenu: witamina C jest kluczowym czynnikiem w produkcji kolagenu, bia\u0142ka odpowiedzialnego za elastyczno\u015b\u0107 i strukturaln\u0105 integralno\u015b\u0107 sk\u00f3ry. Regularne spo\u017cycie witaminy C mo\u017ce pom\u00f3c w utrzymaniu zdrowej i j\u0119drnej sk\u00f3ry.<\/li>\n<li>Poprawa zdrowia sk\u00f3ry: witamina C mo\u017ce pom\u00f3c w redukcji przebarwie\u0144, plam starczych oraz innych niedoskona\u0142o\u015bci sk\u00f3ry. Dzia\u0142a rozja\u015bniaj\u0105co na sk\u00f3r\u0119, nadaj\u0105c jej zdrowszy i bardziej wyr\u00f3wnany wygl\u0105d.<\/li>\n<li>Wspomaganie gojenia si\u0119 ran: witamina C odgrywa istotn\u0105 rol\u0119 w procesie gojenia si\u0119 ran i regeneracji tkanek, co mo\u017ce przyspieszy\u0107 leczenie uszkodze\u0144 sk\u00f3ry.<\/li>\n<li>Wzmocnienie uk\u0142adu odporno\u015bciowego: spo\u017cywanie witaminy C mo\u017ce wspom\u00f3c og\u00f3ln\u0105 odporno\u015b\u0107 organizmu, co jest istotne dla zdrowia sk\u00f3ry.<\/li>\n<\/ol>\n<p>&nbsp;<\/p>\n<fieldset style=\"background-color: #e6ee9c; border: 2px; padding: 3;\">\n<p style=\"text-align: center;\">Efektem jest promienna, g\u0142adka sk\u00f3ra, a delikatne zmarszczki zostaj\u0105 zmniejszone.<\/p>\n<p style=\"text-align: center;\">Tylko teraz w promocji za<strong> 269,99<\/strong> zamiast <strong>319,99<\/strong>!&#8221;<\/p>\n<\/fieldset>\n<h4><\/h4>\n<h4><img decoding=\"async\" class=\"wp-image-3806 alignleft lazyload\" style=\"--smush-placeholder-width: 285px; --smush-placeholder-aspect-ratio: 285\/190;font-weight: inherit;\" data-src=\"https:\/\/salon-urody.wroclaw.pl\/wp-content\/uploads\/2023\/08\/mloda-kobieta-zaczyna-zabieg-maski-skory-w-spa-300x200.jpg\" alt=\"\" width=\"285\" height=\"190\" data-srcset=\"https:\/\/salon-urody.wroclaw.pl\/wp-content\/uploads\/2023\/08\/mloda-kobieta-zaczyna-zabieg-maski-skory-w-spa-300x200.jpg 300w, https:\/\/salon-urody.wroclaw.pl\/wp-content\/uploads\/2023\/08\/mloda-kobieta-zaczyna-zabieg-maski-skory-w-spa-1024x681.jpg 1024w, https:\/\/salon-urody.wroclaw.pl\/wp-content\/uploads\/2023\/08\/mloda-kobieta-zaczyna-zabieg-maski-skory-w-spa-150x100.jpg 150w, https:\/\/salon-urody.wroclaw.pl\/wp-content\/uploads\/2023\/08\/mloda-kobieta-zaczyna-zabieg-maski-skory-w-spa-768x511.jpg 768w, https:\/\/salon-urody.wroclaw.pl\/wp-content\/uploads\/2023\/08\/mloda-kobieta-zaczyna-zabieg-maski-skory-w-spa-1536x1022.jpg 1536w, https:\/\/salon-urody.wroclaw.pl\/wp-content\/uploads\/2023\/08\/mloda-kobieta-zaczyna-zabieg-maski-skory-w-spa.jpg 2000w\" data-sizes=\"(max-width: 285px) 100vw, 285px\" src=\"data:image\/svg+xml;base64,PHN2ZyB3aWR0aD0iMSIgaGVpZ2h0PSIxIiB4bWxucz0iaHR0cDovL3d3dy53My5vcmcvMjAwMC9zdmciPjwvc3ZnPg==\" \/><\/h4>\n<p><img decoding=\"async\" class=\"alignright wp-image-3814 lazyload\" data-src=\"https:\/\/salon-urody.wroclaw.pl\/wp-content\/uploads\/2023\/08\/kosmetolog-stosuje-maske-na-twarzy-klienta-w-salonie-pieknosci-300x200.jpg\" alt=\"Maska algowa\" width=\"295\" height=\"197\" data-srcset=\"https:\/\/salon-urody.wroclaw.pl\/wp-content\/uploads\/2023\/08\/kosmetolog-stosuje-maske-na-twarzy-klienta-w-salonie-pieknosci-300x200.jpg 300w, https:\/\/salon-urody.wroclaw.pl\/wp-content\/uploads\/2023\/08\/kosmetolog-stosuje-maske-na-twarzy-klienta-w-salonie-pieknosci-1024x683.jpg 1024w, https:\/\/salon-urody.wroclaw.pl\/wp-content\/uploads\/2023\/08\/kosmetolog-stosuje-maske-na-twarzy-klienta-w-salonie-pieknosci-150x100.jpg 150w, https:\/\/salon-urody.wroclaw.pl\/wp-content\/uploads\/2023\/08\/kosmetolog-stosuje-maske-na-twarzy-klienta-w-salonie-pieknosci-768x512.jpg 768w, https:\/\/salon-urody.wroclaw.pl\/wp-content\/uploads\/2023\/08\/kosmetolog-stosuje-maske-na-twarzy-klienta-w-salonie-pieknosci-1536x1024.jpg 1536w, https:\/\/salon-urody.wroclaw.pl\/wp-content\/uploads\/2023\/08\/kosmetolog-stosuje-maske-na-twarzy-klienta-w-salonie-pieknosci-2048x1365.jpg 2048w\" data-sizes=\"(max-width: 295px) 100vw, 295px\" src=\"data:image\/svg+xml;base64,PHN2ZyB3aWR0aD0iMSIgaGVpZ2h0PSIxIiB4bWxucz0iaHR0cDovL3d3dy53My5vcmcvMjAwMC9zdmciPjwvc3ZnPg==\" style=\"--smush-placeholder-width: 295px; --smush-placeholder-aspect-ratio: 295\/197;\" \/><\/p>\n<h4><\/h4>\n<p style=\"text-align: center;\"><strong>Odnawiaj\u0105ce Promienie \u015awie\u017co\u015bci<\/strong><\/p>\n<p style=\"text-align: center;\">Zanurz si\u0119 w chwili g\u0142\u0119bokiego odpr\u0119\u017cenia i rewitalizacji dzi\u0119ki niezwyk\u0142emu zabiegowi infuzji tlenowej z dodatkiem witaminy C. To wyj\u0105tkowe do\u015bwiadczenie przywr\u00f3ci Twojej sk\u00f3rze blask, nawil\u017cenie i witalno\u015b\u0107, pozostawiaj\u0105c Ci\u0119 od\u015bwie\u017conym i pe\u0142nym energii.<\/p>\n<p>&nbsp;<\/p>\n<p>&nbsp;<\/p>\n<p>&nbsp;<\/p>\n<h4>Najcz\u0119\u015bciej zadawane\u00a0pytania:<\/h4>\n<details>\n<summary>Co daje infuzja tlenowa?<\/summary>\n<p>Po przeprowadzeniu tej terapii mo\u017cna zaobserwowa\u0107 korzy\u015bci, takie jak: rozja\u015bnienie sk\u00f3ry- infuzja tlenowa mo\u017ce przyczyni\u0107 si\u0119 do rozja\u015bnienia sk\u00f3ry, redukcji przebarwie\u0144 i poprawy jej og\u00f3lnego kolorytu, poprawa elastyczno\u015bci i napi\u0119cia sk\u00f3ry. Infuzja tlenowa mo\u017ce tak\u017ce wspomaga\u0107 metabolizm kom\u00f3rkowy sk\u00f3ry, co przyspiesza regeneracj\u0119 i odnow\u0119 kom\u00f3rek. Dostarczenie dodatkowego tlenu do sk\u00f3ry za pomoc\u0105 infuzji tlenowej mo\u017ce pom\u00f3c w optymalnym dotlenieniu tkanek. Nast\u0119puje wyg\u0142adzenie zmarszczek, zw\u0142aszcza w okolicach oczu. Dodatkowo sk\u00f3ra zyskuje g\u0142\u0119bokie nawil\u017cenie. Infuzja tlenowa mo\u017ce wykazywa\u0107 dzia\u0142anie przeciwstarzeniowe.<\/p>\n<\/details>\n<details>\n<summary>Z czym \u0142\u0105czy\u0107 Infuzje tlenowa?<\/summary>\n<p>Infuzj\u0119 tlenow\u0105 cz\u0119sto stosuje si\u0119 po mikrodermabrazji, gdy\u017c po usuni\u0119ciu martwych kom\u00f3rek nask\u00f3rka sk\u00f3ra jest bardziej podatna na wch\u0142anianie substancji aktywnych z infuzji tlenowej. To po\u0142\u0105czenie pomaga w odnowie sk\u00f3ry, redukcji zmarszczek i poprawie tekstury sk\u00f3ry. Kolejnym popularnym po\u0142\u0105czeniem jest infuzja tlenowa po zabiegach mezoterapii mikroig\u0142owej, kt\u00f3re polegaj\u0105 na wprowadzaniu substancji aktywnych w g\u0142\u0105b sk\u00f3ry za pomoc\u0105 mikroiniekcji. Infuzja tlenowa mo\u017ce pom\u00f3c w lepszym wch\u0142anianiu i dystrybucji tych substancji, wspieraj\u0105c efekty mezoterapii. Infuzja tlenowa mo\u017ce by\u0107 \u0142\u0105czona z innymi zabiegami przeciwstarzeniowymi, takimi jak fotoodm\u0142adzanie, radiofrekwencja czy terapie LED.<\/p>\n<\/details>\n<details>\n<summary>Na czym polega zabieg infuzji tlenowej?<\/summary>\n<p>Zabieg<a href=\"https:\/\/salon-urody.wroclaw.pl\/index.php\/pielegnacja-twarzy\/odzywienie-regeneracja\/infuzja-tlenowa-zabieg-gwiazd\/\"> infuzji tlenowej<\/a>, znany r\u00f3wnie\u017c jako terapia tlenowa, polega na dostarczaniu aktywnego tlenu i sk\u0142adnik\u00f3w od\u017cywczych do sk\u00f3ry w celu poprawy jej kondycji i wygl\u0105du. Infuzja tlenowa dzia\u0142a na r\u00f3\u017cnych poziomach sk\u00f3ry, od\u017cywiaj\u0105c kom\u00f3rki, pobudzaj\u0105c regeneracj\u0119, poprawiaj\u0105c metabolizm kom\u00f3rkowy i wzmacniaj\u0105c napi\u0119cie sk\u00f3ry. Efekty zabiegu mog\u0105 by\u0107 widoczne zaraz po zabiegu, ale najlepsze rezultaty osi\u0105ga si\u0119 po serii kilku zabieg\u00f3w.<\/p>\n<\/details>\n<details>\n<summary>Czego nie \u0142\u0105czy\u0107 z witamina C na twarz?<\/summary>\n<p>Witamina C (kwas askorbinowy) jest sk\u0142adnikiem o dzia\u0142aniu antyoksydacyjnym i jest powszechnie stosowana w kosmetykach do piel\u0119gnacji sk\u00f3ry. Jednak\u017ce istniej\u0105 pewne sk\u0142adniki, z kt\u00f3rymi witamina C mo\u017ce reagowa\u0107 lub kt\u00f3re mog\u0105 zmniejsza\u0107 jej skuteczno\u015b\u0107. Oto kilka substancji, z kt\u00f3rymi warto unika\u0107 \u0142\u0105czenia witaminy C na sk\u00f3rze:<\/p>\n<ul>\n<li>Niacynamid (witamina B3)<\/li>\n<li>Kwasy alfa i beta hydroksylowe (AHA, BHA)<\/li>\n<li>Retinoidy (witamina A)<\/li>\n<li>Benzoyl peroxide<\/li>\n<\/ul>\n<\/details>\n<details>\n<summary>Co daje sk\u00f3rze witamina C?<\/summary>\n<p>Witamina C dzia\u0142a jako silny antyoksydant, co oznacza, \u017ce neutralizuje wolne rodniki. Mog\u0105 one uszkadza\u0107 sk\u00f3r\u0119 pod wp\u0142ywem promieniowania UV, zanieczyszcze\u0144 \u015brodowiskowych i innych czynnik\u00f3w. Witamina C jest kluczowa dla produkcji kolagenu, bia\u0142ka, kt\u00f3re utrzymuje sk\u00f3r\u0119 elastyczn\u0105, j\u0119drn\u0105 i zdrow\u0105. Stosowanie witaminy C mo\u017ce pom\u00f3c w poprawie struktury sk\u00f3ry i zmniejszeniu widoczno\u015bci zmarszczek i linii mimicznych. Wspomaga tak\u017ce procesy gojenia si\u0119 sk\u00f3ry poprzez stymulowanie produkcji kolagenu.<\/p>\n<\/details>\n<details>\n<summary>Jak cz\u0119sto u\u017cywa\u0107 maski LED?<\/summary>\n<p><a href=\"https:\/\/salon-urody.wroclaw.pl\/index.php\/pielegnacja-twarzy\/odzywienie-regeneracja\/foto-terapia-led\/\">Maska LED<\/a> jest bezbolesnym i nieinwazyjnym zabiegiem, kt\u00f3ry mo\u017ce przynie\u015b\u0107 widoczne efekty w piel\u0119gnacji sk\u00f3ry twarzy i szyi. Ta metoda wykorzystuje r\u00f3\u017cne d\u0142ugo\u015bci fal \u015bwietlnych, aby dzia\u0142a\u0107 na sk\u00f3r\u0119 w szerokim spektrum. Chc\u0105c osi\u0105gn\u0105\u0107 po\u017c\u0105dane rezultaty, zaleca si\u0119 przeprowadzenie serii 10\u201315 zabieg\u00f3w maski LED, wykonuj\u0105c je co 2\u20133 dni. Regularne i konsekwentne stosowanie zabiegu mo\u017ce przyczyni\u0107 si\u0119 do og\u00f3lnej poprawy kondycji sk\u00f3ry.<\/p>\n<\/details>\n<details>\n<summary>Na co dzia\u0142a czerwone \u015bwiat\u0142o?<\/summary>\n<p>Wykorzystanie czerwonego \u015bwiat\u0142a o d\u0142ugo\u015bci fali oko\u0142o 700 nm, kt\u00f3re ma dzia\u0142anie piel\u0119gnuj\u0105ce i wyg\u0142adzaj\u0105ce sk\u00f3r\u0119. To \u015bwiat\u0142o jest znane z swoich w\u0142a\u015bciwo\u015bci nawil\u017caj\u0105cych oraz stymuluj\u0105cych produkcj\u0119 kolagenu. Czerwone \u015bwiat\u0142o penetruje g\u0142\u0119bsze warstwy sk\u00f3ry, dzia\u0142aj\u0105c na fibroblasty \u2013 kom\u00f3rki odpowiedzialne za produkcj\u0119 kolagenu.<br \/>\nStymulacja tych kom\u00f3rek poprzez czerwone \u015bwiat\u0142o mo\u017ce prowadzi\u0107 do zwi\u0119kszenia produkcji kolagenu i elastyny, kt\u00f3re s\u0105 niezb\u0119dne dla utrzymania j\u0119drno\u015bci i elastyczno\u015bci sk\u00f3ry. Dodatkowo, czerwone \u015bwiat\u0142o mo\u017ce r\u00f3wnie\u017c poprawi\u0107 mikrokr\u0105\u017cenie sk\u00f3ry, co przyczynia si\u0119 do lepszego od\u017cywienia tkanek sk\u00f3rnych. To mo\u017ce przynie\u015b\u0107 korzy\u015bci w postaci poprawy nawil\u017cenia sk\u00f3ry i redukcji drobnych zmarszczek, nadaj\u0105c sk\u00f3rze zdrowszy i bardziej promienny wygl\u0105d.<\/p>\n<\/details>\n<details>\n<summary>Co to jest terapia \u015bwiat\u0142em LED?<\/summary>\n<p>Zabieg z wykorzystaniem \u015bwiat\u0142a (LED) Light Emiting Diode- jest ca\u0142kowicie bezbolesny i nieinwazyjny. Polega na dostarczaniu kom\u00f3rkom sk\u00f3ry odpowiedniej energii rewitalizuj\u0105cej. Fototerapia za pomoc\u0105 \u015bwiat\u0142a LED poprawia funkcjonowanie kom\u00f3rek sk\u00f3ry oraz ich ukrwienie, przywracaj\u0105c sk\u00f3rze m\u0142odszy i bardziej wypocz\u0119ty wygl\u0105d. Podczas zabiegu \u015bwiat\u0142o LED emitowane przez diody o odpowiednich d\u0142ugo\u015bciach fal jest skierowane na sk\u00f3r\u0119. R\u00f3\u017cne d\u0142ugo\u015bci fal maj\u0105 r\u00f3\u017cne korzystne w\u0142a\u015bciwo\u015bci dla sk\u00f3ry. Na przyk\u0142ad, czerwone \u015bwiat\u0142o jest cz\u0119sto stosowane do stymulacji produkcji kolagenu i elastyny, poprawy elastyczno\u015bci sk\u00f3ry oraz redukcji zmarszczek.<\/p>\n<\/details>\n<details>\n<summary>Czy peeling kawitacyjny zmniejsza pory?<\/summary>\n<p><a href=\"https:\/\/salon-urody.wroclaw.pl\/index.php\/pielegnacja-twarzy\/peeling-kawitacyjny\/\">Peeling kawitacyjny<\/a> to jedna z metod stosowanych w kosmetologii do oczyszczania sk\u00f3ry. Wykorzystuje on fal\u0119 ultrad\u017awi\u0119kow\u0105, kt\u00f3ra powoduje powstawanie mikro-p\u0119cherzyk\u00f3w w mikrosferach p\u0142ynu na powierzchni sk\u00f3ry. P\u0119cherzyki te nast\u0119pnie p\u0119kaj\u0105, wywo\u0142uj\u0105c efekt kawitacji, czyli tworzenia si\u0119 ma\u0142ych impuls\u00f3w wibracyjnych, kt\u00f3re pomagaj\u0105 usun\u0105\u0107 martwe kom\u00f3rki nask\u00f3rka, zanieczyszczenia i nadmiar sebum.<br \/>\nOczyszczenie sk\u00f3ry za pomoc\u0105 peelingu kawitacyjnego mo\u017ce przynie\u015b\u0107 kilka korzy\u015bci, takich jak poprawa czysto\u015bci sk\u00f3ry, usuni\u0119cie zanieczyszcze\u0144 i nadmiaru sebum oraz z\u0142agodzenie niekt\u00f3rych niedoskona\u0142o\u015bci sk\u00f3ry. Poprzez skuteczne oczyszczenie sk\u00f3ry, usuwanie zanieczyszcze\u0144 i sebum z por\u00f3w mo\u017ce przyczyni\u0107 si\u0119 do tymczasowego zmniejszenia ich widoczno\u015bci.<\/p>\n<\/details>\n<details>\n<summary>Czy peeling kawitacyjny boli?<\/summary>\n<p>Sam proces kawitacji, czyli tworzenia p\u0119cherzyk\u00f3w powietrza w mikroskalach wodnych na powierzchni sk\u00f3ry, jest zazwyczaj nieinwazyjny i delikatny dla pacjenta. Podczas zabiegu mo\u017cna odczu\u0107 lekkie mrowienie, ciep\u0142o lub delikatne uczucie pulsacji. To normalne i wynika z dzia\u0142ania ultrad\u017awi\u0119k\u00f3w na sk\u00f3r\u0119. Jednak wi\u0119kszo\u015b\u0107 os\u00f3b nie odczuwa \u017cadnego b\u00f3lu podczas peelingu kawitacyjnego.<\/p>\n<\/details>\n<div><\/div>\n<div><\/div>\n<div><\/div>\n<div><\/div>\n<div class=\"flex gap-1\">Zadzwo\u0144 teraz: <a href=\"tel:50545777\">tel. 505455777<\/a> lub rezerwuj <a href=\"https:\/\/instytut27.booksy.com\">online<\/a><\/div>\n<p>&nbsp;<\/p>\n<p>Znajdziesz nas r\u00f3wnie\u017c tutaj \u27a4<\/p>\n<div id=\"fb-root\"><a href=\"https:\/\/www.instagram.com\/fantastic.body.wroclaw\/\"><img decoding=\"async\" class=\"alignleft lazyload\" style=\"--smush-placeholder-width: 72px; --smush-placeholder-aspect-ratio: 72\/71;border: 0;\" data-src=\"https:\/\/cdn.pixabay.com\/photo\/2016\/08\/09\/17\/52\/instagram-1581266_960_720.jpg\" alt=\"INSTAGRAM\" width=\"72\" height=\"71\" src=\"data:image\/svg+xml;base64,PHN2ZyB3aWR0aD0iMSIgaGVpZ2h0PSIxIiB4bWxucz0iaHR0cDovL3d3dy53My5vcmcvMjAwMC9zdmciPjwvc3ZnPg==\" \/><\/a><\/div>\n<p><script async defer crossorigin=\"anonymous\" src=\"https:\/\/connect.facebook.net\/pl_PL\/sdk.js#xfbml=1&#038;version=v16.0\" nonce=\"eKVMTvDK\"><\/script><\/p>\n<div class=\"fb-page\" data-href=\"https:\/\/www.facebook.com\/fitness.wroclaw\/?locale=pl_PL\" data-tabs=\"timeline\" data-width=\"200\" data-height=\"80\" data-small-header=\"false\" data-adapt-container-width=\"true\" data-hide-cover=\"false\" data-show-facepile=\"true\">\n<blockquote class=\"fb-xfbml-parse-ignore\" cite=\"https:\/\/www.facebook.com\/fitness.wroclaw\/?locale=pl_PL\"><p><a href=\"https:\/\/www.facebook.com\/fitness.wroclaw\/?locale=pl_PL\">Salon Urody, kosmetyczny &#8211; Klinika odchudzania &#8211; Fantastic Body Instytut<\/a><\/p><\/blockquote>\n<\/div>\n","protected":false},"excerpt":{"rendered":"<p>Koktajl m\u0142odo\u015bci! Bomba witaminowa. Po zimie ka\u017cda sk\u00f3ra potrzebuje odpowiedniej piel\u0119gnacji. Nasz rytua\u0142 z\u0142uszczaj\u0105co-nawil\u017caj\u0105cy doskonale przygotuje j\u0105 na sezon letni. Rozpoczynamy terapi\u0119 innowacyjnym oczyszczaniem wibracyjnym z peelingiem kawitacyjnym. Dzi\u0119ki niemu sk\u00f3ra b\u0119dzie odpowiednio przygotowana na dalsze etapy. Kolejnym krokiem jest niezawodna Infuzja tlenowa. Z jej pomoc\u0105, wybrane uprzednio sk\u0142adniki aktywne s\u0105 skutecznie wprowadzane w g\u0142\u0105b [&hellip;]<\/p>\n","protected":false},"author":9,"featured_media":0,"parent":0,"menu_order":0,"comment_status":"closed","ping_status":"closed","template":"","meta":{"_uf_show_specific_survey":0,"_uf_disable_surveys":false,"__cvm_playback_settings":[],"__cvm_video_id":"","_glsr_average":0,"_glsr_ranking":0,"_glsr_reviews":0,"footnotes":""},"class_list":["post-3796","page","type-page","status-publish","czr-hentry"],"aioseo_notices":[],"_links":{"self":[{"href":"https:\/\/salon-urody.wroclaw.pl\/index.php\/wp-json\/wp\/v2\/pages\/3796","targetHints":{"allow":["GET"]}}],"collection":[{"href":"https:\/\/salon-urody.wroclaw.pl\/index.php\/wp-json\/wp\/v2\/pages"}],"about":[{"href":"https:\/\/salon-urody.wroclaw.pl\/index.php\/wp-json\/wp\/v2\/types\/page"}],"author":[{"embeddable":true,"href":"https:\/\/salon-urody.wroclaw.pl\/index.php\/wp-json\/wp\/v2\/users\/9"}],"replies":[{"embeddable":true,"href":"https:\/\/salon-urody.wroclaw.pl\/index.php\/wp-json\/wp\/v2\/comments?post=3796"}],"version-history":[{"count":2,"href":"https:\/\/salon-urody.wroclaw.pl\/index.php\/wp-json\/wp\/v2\/pages\/3796\/revisions"}],"predecessor-version":[{"id":4131,"href":"https:\/\/salon-urody.wroclaw.pl\/index.php\/wp-json\/wp\/v2\/pages\/3796\/revisions\/4131"}],"wp:attachment":[{"href":"https:\/\/salon-urody.wroclaw.pl\/index.php\/wp-json\/wp\/v2\/media?parent=3796"}],"curies":[{"name":"wp","href":"https:\/\/api.w.org\/{rel}","templated":true}]}}