{"id":3774,"date":"2023-08-09T13:00:24","date_gmt":"2023-08-09T11:00:24","guid":{"rendered":"https:\/\/salon-urody.wroclaw.pl\/?page_id=3774"},"modified":"2025-08-07T21:10:02","modified_gmt":"2025-08-07T19:10:02","slug":"kobido-japonska-sztuka-zdrowia-i-harmonii-skory","status":"publish","type":"page","link":"https:\/\/salon-urody.wroclaw.pl\/index.php\/kobido-japonska-sztuka-zdrowia-i-harmonii-skory\/","title":{"rendered":"Kobido: Japo\u0144ski Rytua\u0142 Zdrowej Sk\u00f3ry"},"content":{"rendered":"<h2><strong><span style=\"color: #333300;\">Kobido- z trosk\u0105 o zdrowie i harmonie organizmu.<\/span><\/strong><\/h2>\n<div id=\"attachment_3776\" style=\"width: 235px\" class=\"wp-caption alignleft\"><img decoding=\"async\" aria-describedby=\"caption-attachment-3776\" class=\"wp-image-3776 size-medium lazyload\" data-src=\"https:\/\/salon-urody.wroclaw.pl\/wp-content\/uploads\/2023\/08\/IMG_20230711_224512-225x300.jpg\" alt=\"Kobido_wroc\u0142aw\" width=\"225\" height=\"300\" data-srcset=\"https:\/\/salon-urody.wroclaw.pl\/wp-content\/uploads\/2023\/08\/IMG_20230711_224512-225x300.jpg 225w, https:\/\/salon-urody.wroclaw.pl\/wp-content\/uploads\/2023\/08\/IMG_20230711_224512-768x1024.jpg 768w, https:\/\/salon-urody.wroclaw.pl\/wp-content\/uploads\/2023\/08\/IMG_20230711_224512-113x150.jpg 113w, https:\/\/salon-urody.wroclaw.pl\/wp-content\/uploads\/2023\/08\/IMG_20230711_224512-1152x1536.jpg 1152w, https:\/\/salon-urody.wroclaw.pl\/wp-content\/uploads\/2023\/08\/IMG_20230711_224512.jpg 1200w\" data-sizes=\"(max-width: 225px) 100vw, 225px\" src=\"data:image\/svg+xml;base64,PHN2ZyB3aWR0aD0iMSIgaGVpZ2h0PSIxIiB4bWxucz0iaHR0cDovL3d3dy53My5vcmcvMjAwMC9zdmciPjwvc3ZnPg==\" style=\"--smush-placeholder-width: 225px; --smush-placeholder-aspect-ratio: 225\/300;\" \/><p id=\"caption-attachment-3776\" class=\"wp-caption-text\">Wroc\u0142aw- masa\u017c Kobido<\/p><\/div>\n<p id=\"tw-target-text\" class=\"tw-data-text tw-text-large tw-ta\" dir=\"ltr\" style=\"text-align: center;\" data-placeholder=\"T\u0142umaczenie\"><span class=\"Y2IQFc\" lang=\"pl\"><span style=\"color: #666600;\"><strong>Kobido<\/strong><\/span> to japo\u0144ska technika <a href=\"https:\/\/salon-urody.wroclaw.pl\/index.php\/pielegnacja-ciala\/masaze\/\">masa\u017cu<\/a> twarzy, cz\u0119sto nazywana \u201estaro\u017cytnym sposobem na pi\u0119kno\u201d. Jest zakorzeniony w tradycyjnej kulturze japo\u0144skiej, praktykowany od wiek\u00f3w jako metoda promowania m\u0142odzie\u0144czej i promiennej sk\u00f3ry.<\/span><\/p>\n<p id=\"tw-target-text\" class=\"tw-data-text tw-text-large tw-ta\" dir=\"ltr\" data-placeholder=\"T\u0142umaczenie\"><span class=\"Y2IQFc\" lang=\"pl\"> <a href=\"https:\/\/booksy.com\/pl-pl\/21612_klinika-odchudzania-fantastic-body_salon-kosmetyczny_13750_wroclaw#ba_s=sh_1\">Kobido<\/a> obejmuje seri\u0119 skomplikowanych i rytmicznych ruch\u00f3w wykonywanych na twarzy, szyi i dekolcie. Stosowane s\u0105 r\u00f3\u017cne techniki, takie jak ugniatanie, oklepywanie i <span style=\"font-weight: inherit;\">g\u0142askanie. Ruchy te maj\u0105 na celu pobudzenie kr\u0105\u017cenia krwi, rozlu\u017anienie mi\u0119\u015bni twarzy i popraw\u0119 og\u00f3lnego stanu zdrowia sk\u00f3ry. Masa\u017c r\u00f3wnie\u017c wp\u0142ywa na stymulacj\u0119 uk\u0142adu limfatycznego, aby wspom\u00f3c detoksykacje i zmniejszy\u0107 obrz\u0119ki.<\/span><\/span><\/p>\n<p><img decoding=\"async\" class=\"size-medium wp-image-3788 alignright lazyload\" data-src=\"https:\/\/salon-urody.wroclaw.pl\/wp-content\/uploads\/2023\/08\/IMG_20230711_224350-225x300.jpg\" alt=\"\" width=\"225\" height=\"300\" data-srcset=\"https:\/\/salon-urody.wroclaw.pl\/wp-content\/uploads\/2023\/08\/IMG_20230711_224350-225x300.jpg 225w, https:\/\/salon-urody.wroclaw.pl\/wp-content\/uploads\/2023\/08\/IMG_20230711_224350-768x1024.jpg 768w, https:\/\/salon-urody.wroclaw.pl\/wp-content\/uploads\/2023\/08\/IMG_20230711_224350-113x150.jpg 113w, https:\/\/salon-urody.wroclaw.pl\/wp-content\/uploads\/2023\/08\/IMG_20230711_224350-1152x1536.jpg 1152w, https:\/\/salon-urody.wroclaw.pl\/wp-content\/uploads\/2023\/08\/IMG_20230711_224350.jpg 1200w\" data-sizes=\"(max-width: 225px) 100vw, 225px\" src=\"data:image\/svg+xml;base64,PHN2ZyB3aWR0aD0iMSIgaGVpZ2h0PSIxIiB4bWxucz0iaHR0cDovL3d3dy53My5vcmcvMjAwMC9zdmciPjwvc3ZnPg==\" style=\"--smush-placeholder-width: 225px; --smush-placeholder-aspect-ratio: 225\/300;\" \/>Wa\u017cne jest, aby pami\u0119ta\u0107, \u017ce <a href=\"https:\/\/booksy.com\/pl-pl\/21612_klinika-odchudzania-fantastic-body_salon-kosmetyczny_13750_wroclaw#ba_s=sh_1\">Kobido<\/a> to nie tylko zabieg upi\u0119kszaj\u0105cy, ale ma tak\u017ce holistyczne korzy\u015bci dla cia\u0142a i umys\u0142u. Jest cz\u0119sto uwa\u017cany za naturaln\u0105 i nieinwazyjn\u0105 alternatyw\u0119 dla bardziej inwazyjnych, liftinguj\u0105cych zabieg\u00f3w kosmetycznych. W naszym<strong><em> Instytucie Urody Fantastic Body<\/em><\/strong> wykonywany jest przez odpowiednio przygotowanych specjalist\u00f3w z dziedziny fizjoterapii i rehabilitacji. Pe\u0142ny masa\u017c twarzy, jak r\u00f3wnie\u017c karku, sk\u0142ada si\u0119 z ponad stu ruch\u00f3w, kt\u00f3rych wykonanie wymaga precyzji i wiedzy na temat budowy mi\u0119\u015bni, powi\u0119zi i sk\u00f3ry.<\/p>\n<h4 dir=\"ltr\" data-placeholder=\"T\u0142umaczenie\"><span style=\"color: #666600;\">Oto wspania\u0142e rezultaty masa\u017cu w stylu Kobido- praca na wielu poziomach sk\u00f3ry:<\/span><\/h4>\n<ul>\n<li>zmniejszenie zmarszczek mimicznych i bruzd;<\/li>\n<li>uniesienie owalu twarzy (lifting bez igie\u0142, nici i skalpela);<\/li>\n<li>uwypuklenie konturu twarzy;<\/li>\n<li>\u00a0drena\u017c limfatyczny, kt\u00f3ry wspomaga detoksykacj\u0119 i poprawia koloryt sk\u00f3ry;<\/li>\n<li>\u00a0dog\u0142\u0119bne od\u017cywienie sk\u00f3ry;<\/li>\n<li>pobudzenie produkcji kolagenu i elastyny;<\/li>\n<li>przyspieszenie regeneracji kom\u00f3rkowej;<\/li>\n<li>redukcja napi\u0119cia szyi i karku;<\/li>\n<li>\u00a0porz\u0105dny relaks dla cia\u0142a i umys\u0142u.<\/li>\n<\/ul>\n<p><img decoding=\"async\" class=\"wp-image-3777 size-medium alignleft lazyload\" style=\"--smush-placeholder-width: 225px; --smush-placeholder-aspect-ratio: 225\/300;font-weight: inherit;\" data-src=\"https:\/\/salon-urody.wroclaw.pl\/wp-content\/uploads\/2023\/08\/IMG_20230711_220141-225x300.jpg\" alt=\"Liftinguj\u0105cy masa\u017c twarzy\" width=\"225\" height=\"300\" data-srcset=\"https:\/\/salon-urody.wroclaw.pl\/wp-content\/uploads\/2023\/08\/IMG_20230711_220141-225x300.jpg 225w, https:\/\/salon-urody.wroclaw.pl\/wp-content\/uploads\/2023\/08\/IMG_20230711_220141-768x1024.jpg 768w, https:\/\/salon-urody.wroclaw.pl\/wp-content\/uploads\/2023\/08\/IMG_20230711_220141-113x150.jpg 113w, https:\/\/salon-urody.wroclaw.pl\/wp-content\/uploads\/2023\/08\/IMG_20230711_220141-1152x1536.jpg 1152w, https:\/\/salon-urody.wroclaw.pl\/wp-content\/uploads\/2023\/08\/IMG_20230711_220141.jpg 1200w\" data-sizes=\"(max-width: 225px) 100vw, 225px\" src=\"data:image\/svg+xml;base64,PHN2ZyB3aWR0aD0iMSIgaGVpZ2h0PSIxIiB4bWxucz0iaHR0cDovL3d3dy53My5vcmcvMjAwMC9zdmciPjwvc3ZnPg==\" \/><\/p>\n<p>&nbsp;<\/p>\n<p>&nbsp;<\/p>\n<p>&nbsp;<\/p>\n<p style=\"text-align: center;\">Technika <strong>Kobido<\/strong> to g\u0142\u0119boka stymulacja tkanek i intensywny drena\u017c limfatyczny. Szybkie i intensywne ruchy d\u0142oni przeplataj\u0105 si\u0119 z delikatnymi, powolnymi gestami g\u0142askania i miarowego oklepywania. Warto te\u017c zwr\u00f3ci\u0107 uwag\u0119 na ostro\u017cne post\u0119powanie w przypadku wyj\u0105tkowych sytuacji. <strong>Masa\u017c twarzy<\/strong> <strong>Kobido<\/strong>, podobnie jak wiele innych terapii, mo\u017ce nie by\u0107 odpowiedni dla wszystkich os\u00f3b.<\/p>\n<p>&nbsp;<\/p>\n<h4><\/h4>\n<h4>Zadzwo\u0144 teraz: <a href=\"tel:50545777\">tel. 505455777<\/a><\/h4>\n<p><a href=\"https:\/\/instytut27.booksy.com\">Rezerwuj online<\/a><\/p>\n<p>&nbsp;<\/p>\n<p>&nbsp;<\/p>\n<h4 style=\"text-align: left;\"><strong>Istniej\u0105 pewne przeciwwskazania, przy kt\u00f3rych lepiej\u00a0unika\u0107 tej techniki:<\/strong><\/h4>\n<ol>\n<li>Aktywny tr\u0105dzik lub stan zapalny.<\/li>\n<li>Choroby sk\u00f3ry: tr\u0105dzik r\u00f3\u017cowaty, egzema lub \u0142uszczyca, powinny skonsultowa\u0107 si\u0119 z dermatologiem.<\/li>\n<li>Uszkodzenia sk\u00f3ry: je\u015bli na sk\u00f3rze twarzy s\u0105 uszkodzenia, otarcia, siniaki lub oparzenia s\u0142oneczne, lepiej poczeka\u0107, a\u017c sk\u00f3ra si\u0119 zagoi, zanim przyst\u0105pisz do masa\u017cu twarzy.<\/li>\n<li>Choroby sk\u00f3ry zaka\u017ane: w przypadku chor\u00f3b, takich jak opryszczka, lepiej odroczy\u0107 masa\u017c Kobido do momentu, gdy infekcja si\u0119 uspokoi.<\/li>\n<li>Stan zdrowia og\u00f3lnego: osoby z ci\u0119\u017ckim nadci\u015bnieniem, chorobami serca, chorobami autoimmunologicznymi lub problemami naczyniowymi, powinny skonsultowa\u0107 si\u0119 z lekarzem przed przyst\u0105pieniem do masa\u017cu.<\/li>\n<li>Sk\u0142onno\u015b\u0107 do obrz\u0119k\u00f3w lub\u00a0 zaburzenia naczyniowe.<\/li>\n<li>W przypadku ci\u0105\u017cy, zawsze warto skonsultowa\u0107 si\u0119 z lekarzem przed podj\u0119ciem jakichkolwiek terapii lub masa\u017cu, w tym Kobido.<\/li>\n<li style=\"text-align: left;\">Niew\u0142a\u015bciwie wykwalifikowany masa\u017cysta.<\/li>\n<\/ol>\n<h4>Najcz\u0119\u015bciej zadawane pytania:<\/h4>\n<details>\n<summary>Czy masa\u017c Kobido co\u015b daje?<\/summary>\n<p>Masa\u017c Kobido mo\u017ce przynie\u015b\u0107 wiele korzy\u015bci dla sk\u00f3ry, zdrowia i samopoczucia, zw\u0142aszcza je\u015bli jest wykonywany przez wysoko wykwalifikowanego i do\u015bwiadczonego specjalist\u0119. Oto kilka potencjalnych korzy\u015bci masa\u017cu Kobido:<\/p>\n<ul>\n<li>poprawa kr\u0105\u017cenia krwi,<\/li>\n<li>regularny masa\u017c Kobido mo\u017ce pom\u00f3c w uj\u0119drnieniu sk\u00f3ry, zmniejszeniu widoczno\u015bci zmarszczek i poprawie og\u00f3lnego wygl\u0105du sk\u00f3ry,<\/li>\n<li>nadaj\u0105c jej zdrowszy i bardziej promienny wygl\u0105d,<\/li>\n<li>Kobido mo\u017ce pom\u00f3c w stymulacji uk\u0142adu limfatycznego, co mo\u017ce przyczyni\u0107 si\u0119 do usuwania nadmiaru p\u0142yn\u00f3w i toksyn z tkanek, redukcja obrz\u0119k\u00f3w.<\/li>\n<li>Kobido wykorzystuje pewne punkty akupresurowe na twarzy, kt\u00f3re maj\u0105 potencja\u0142 do wp\u0142ywania na r\u00f3\u017cne aspekty zdrowia i samopoczucia, og\u00f3lne odpr\u0119\u017cenie organizmu.<\/li>\n<\/ul>\n<\/details>\n<details>\n<summary>Kiedy nie robi\u0107 Kobido?<\/summary>\n<p>Niewskazane jest przeprowadzanie tego masa\u017cu u os\u00f3b z cer\u0105 naczynkow\u0105, w przypadku gor\u0105czki, obecno\u015bci nowotwor\u00f3w lub tr\u0105dziku. Dodatkowe przeciwwskazania obejmuj\u0105 wysokie ci\u015bnienie krwi, infekcje oko\u0142oz\u0119bowe, choroby wirusowe, bakteryjne sk\u00f3ry, ostre stany zapalne organizmu oraz stany zapalne sk\u00f3ry, w przypadku ci\u0105\u017cy bez konsultacji uprzednio z lekarzem r\u00f3wnie\u017c nale\u017cy unika\u0107 tak intensywnych technik.<\/p>\n<\/details>\n<details>\n<summary>Czy masa\u017c Kobido usuwa zmarszczki?<\/summary>\n<p>Masa\u017c Kobido ma na celu stymulacj\u0119 kr\u0105\u017cenia krwi, uj\u0119drnienie mi\u0119\u015bni twarzy oraz popraw\u0119 og\u00f3lnego wygl\u0105du sk\u00f3ry, co mo\u017ce wp\u0142yn\u0105\u0107 na zmniejszenie widoczno\u015bci drobnych linii i zmarszczek.<br \/>\nMasa\u017c Kobido mo\u017ce by\u0107 bardziej skuteczny w redukcji drobnych zmarszczek powsta\u0142ych na skutek napi\u0119cia mi\u0119\u015bniowego lub utrzymywania gorszych nawyk\u00f3w postawy.<br \/>\nW przypadku g\u0142\u0119bszych i bardziej widocznych zmarszczek, efekty mog\u0105 by\u0107 mniej zauwa\u017calne.<\/p>\n<p>Efekty masa\u017cu Kobido b\u0119d\u0105 r\u00f3\u017cni\u0107 si\u0119 w zale\u017cno\u015bci od indywidualnych cech sk\u00f3ry, genetyki, stylu \u017cycia i innych czynnik\u00f3w. Efekty masa\u017cu Kobido zale\u017c\u0105 r\u00f3wnie\u017c od umiej\u0119tno\u015bci i do\u015bwiadczenia masa\u017cysty.<\/p>\n<\/details>\n<details>\n<summary>Jak cz\u0119sto powtarza\u0107 masa\u017c Kobido<\/summary>\n<p>Planuj\u0105c utrzyma\u0107 efekt uniesienia, zdrowego wygl\u0105du twarzy, zmniejszenia widoczno\u015bci zmarszczek oraz poprawienia j\u0119drno\u015bci, zaleca si\u0119 wykonywanie masa\u017cu twarzy co <strong>2-3 tygodnie.<\/strong> Je\u015bli d\u0105\u017cysz do szybkich rezultat\u00f3w, sugerujemy przeprowadzenie serii 5 zabieg\u00f3w, ka\u017cdy w odst\u0119pie co 2 tygodnie. Nast\u0119pnie, aby podtrzyma\u0107 efekty, zaleca si\u0119 wykonywanie przypominaj\u0105cych masa\u017cy co oko\u0142o 4-6 tygodni.<\/p>\n<\/details>\n<details>\n<summary>Po jakim czasie wida\u0107 efekty masa\u017cu Kobido?<\/summary>\n<p>Po pierwszej sesji masa\u017cu mo\u017cna dostrzec widoczne efekty, lecz zwykle, by utrzyma\u0107 je na d\u0142u\u017cej, polecamy skorzystanie z kompleksowej serii masa\u017cy. Chc\u0105c uzyska\u0107 jakiekolwiek rezultaty, masa\u017c Kobido powinien by\u0107 wykonywany regularnie i w spos\u00f3b odpowiednio zr\u00f3wnowa\u017cony. Optymalnym rozwi\u0105zaniem jest seria 12 spotka\u0144 przeprowadzanych w ci\u0105gu 6 tygodni<\/p>\n<\/details>\n<details>\n<summary>Jak si\u0119 wygl\u0105da po masa\u017cu Kobido?<\/summary>\n<p>Chwilowe zaczerwienienie: w niekt\u00f3rych przypadkach mo\u017ce pojawi\u0107 si\u0119 chwilowe zaczerwienienie sk\u00f3ry, podobnie jak po lekkim masa\u017cu. To zazwyczaj ust\u0119puje w ci\u0105gu kilku godzin. Promienna sk\u00f3ra- sk\u00f3ra jest zdecydowanie bardziej promienna, wyg\u0142adzona i o\u017cywiona po masa\u017cu Kobido. Masa\u017c Kobido mo\u017ce wp\u0142ywa\u0107 na relaksacj\u0119 mi\u0119\u015bni twarzy i ca\u0142ego cia\u0142a, dlatego po zabiegu sk\u00f3ra mo\u017ce by\u0107 bardziej rozlu\u017aniona.<\/p>\n<\/details>\n<details>\n<summary>Czy po Kobido s\u0105 siniaki?<\/summary>\n<p>Warto wspomnie\u0107, \u017ce zabieg Kobido nie powinien powodowa\u0107 b\u00f3lu, chocia\u017c dynamiczne ruchy r\u0105k mog\u0105 generowa\u0107 pewne odczucia blisko tej granicy. Zabieg nigdy nie powinien prowadzi\u0107 do powstawania siniak\u00f3w czy intensywnych uszkodze\u0144 nask\u00f3rka.<\/p>\n<\/details>\n<details>\n<summary>Czy Kobido podnosi powieki?<\/summary>\n<p>Masa\u017c Kobido dodaje sk\u00f3rze zdrowszej oprawy, od\u015bwie\u017ca i wyr\u00f3wnuje koloryt. Redukuje cienie pod oczami i opuchlizn\u0119. Wspomaga tak\u017ce walk\u0119 z bezsenno\u015bci\u0105, co r\u00f3wnie\u017c wp\u0142ywa na bardziej wypocz\u0119ty wygl\u0105d zewn\u0119trzny. Umo\u017cliwia tak\u017ce delikatne uniesienie opadaj\u0105cych k\u0105cik\u00f3w powiek oraz przynosi rozlu\u017anienie dla mi\u0119\u015bni oka. Pozytywne efekty masa\u017cu mo\u017cna dostrzec u os\u00f3b cierpi\u0105cych na bruksizm- nocne zgrzytania z\u0119bami oraz napi\u0119cia szcz\u0119ki, poniewa\u017c masa\u017c skutecznie niweluje napi\u0119cie i rozlu\u017ania mi\u0119\u015bnie twarzy.<\/p>\n<\/details>\n<details>\n<summary>Czy mo\u017cna zrobi\u0107 masa\u017c Kobido po botoksie?<\/summary>\n<p>Tej japo\u0144skiej manualnej techniki nie mo\u017cna \u0142\u0105czy\u0107 z inwazyjnymi zabiegami, takimi jak zabieg wype\u0142nienia botoksem, nale\u017cy odczeka\u0107 oko\u0142o dwa tygodnie przed wykonaniem masa\u017cu. W przypadku operacji chirurgicznych zalecany czas przerwy to 3 miesi\u0105ce, natomiast miesi\u0105c po wype\u0142nianiu kwasem hialuronowym, 10 dni po <a href=\"https:\/\/salon-urody.wroclaw.pl\/index.php\/pielegnacja-twarzy\/kwasy-eksfoiacje\/\">peelingach kwasowych<\/a> oraz tydzie\u0144 po zabiegu <a href=\"https:\/\/salon-urody.wroclaw.pl\/index.php\/medycyna-estetyczna\/mezoterapia-iglowa-rewitalizacja-skory\/\">mezoterapii ig\u0142owej<\/a> sk\u00f3ry.<\/p>\n<\/details>\n<details>\n<summary>Ile trwa masa\u017c Kobido twarzy?<\/summary>\n<p>Zabieg Kobido w naszym salonie trwa 70 minut i jego koszt to 200 z\u0142. Dobrym pomys\u0142em jest zastosowanie maski algowej na koniec rytua\u0142u w\u00f3wczas zabieg trwa oko\u0142o 1,5 godziny i koszt takiej terapii \u0142\u0105czonej to 235 z\u0142.<\/p>\n<\/details>\n<p>&nbsp;<\/p>\n<div class=\"flex gap-1\">Dowiedz si\u0119 wi\u0119cej! Um\u00f3w wizyt\u0119 ju\u017c teraz 505 455 777 lub <a href=\"https:\/\/instytut27.booksy.com\">online<\/a>:<\/div>\n<p>&nbsp;<\/p>\n<p>Znajdziesz nas r\u00f3wnie\u017c tutaj \u27a4<\/p>\n<div id=\"fb-root\"><a href=\"https:\/\/www.instagram.com\/fantastic.body.wroclaw\/\"><img decoding=\"async\" class=\"aligncenter lazyload\" style=\"--smush-placeholder-width: 72px; --smush-placeholder-aspect-ratio: 72\/71;border: 0;\" data-src=\"https:\/\/cdn.pixabay.com\/photo\/2016\/08\/09\/17\/52\/instagram-1581266_960_720.jpg\" alt=\"INSTAGRAM\" width=\"72\" height=\"71\" src=\"data:image\/svg+xml;base64,PHN2ZyB3aWR0aD0iMSIgaGVpZ2h0PSIxIiB4bWxucz0iaHR0cDovL3d3dy53My5vcmcvMjAwMC9zdmciPjwvc3ZnPg==\" \/><\/a><\/div>\n<p style=\"text-align: center;\"><script async defer crossorigin=\"anonymous\" src=\"https:\/\/connect.facebook.net\/pl_PL\/sdk.js#xfbml=1&#038;version=v16.0\" nonce=\"eKVMTvDK\"><\/script><a href=\"https:\/\/www.facebook.com\/fitness.wroclaw\/?locale=pl_PL\">Salon Urody, kosmetyczny &#8211; Klinika odchudzania &#8211; Fantastic Body Instytut<\/a><\/p>\n","protected":false},"excerpt":{"rendered":"<p>Kobido- z trosk\u0105 o zdrowie i harmonie organizmu. Kobido to japo\u0144ska technika masa\u017cu twarzy, cz\u0119sto nazywana \u201estaro\u017cytnym sposobem na pi\u0119kno\u201d. Jest zakorzeniony w tradycyjnej kulturze japo\u0144skiej, praktykowany od wiek\u00f3w jako metoda promowania m\u0142odzie\u0144czej i promiennej sk\u00f3ry. Kobido obejmuje seri\u0119 skomplikowanych i rytmicznych ruch\u00f3w wykonywanych na twarzy, szyi i dekolcie. Stosowane s\u0105 r\u00f3\u017cne techniki, takie jak [&hellip;]<\/p>\n","protected":false},"author":9,"featured_media":0,"parent":0,"menu_order":0,"comment_status":"closed","ping_status":"closed","template":"","meta":{"_uf_show_specific_survey":0,"_uf_disable_surveys":false,"__cvm_playback_settings":[],"__cvm_video_id":"","_glsr_average":0,"_glsr_ranking":0,"_glsr_reviews":0,"footnotes":""},"class_list":["post-3774","page","type-page","status-publish","czr-hentry"],"aioseo_notices":[],"_links":{"self":[{"href":"https:\/\/salon-urody.wroclaw.pl\/index.php\/wp-json\/wp\/v2\/pages\/3774","targetHints":{"allow":["GET"]}}],"collection":[{"href":"https:\/\/salon-urody.wroclaw.pl\/index.php\/wp-json\/wp\/v2\/pages"}],"about":[{"href":"https:\/\/salon-urody.wroclaw.pl\/index.php\/wp-json\/wp\/v2\/types\/page"}],"author":[{"embeddable":true,"href":"https:\/\/salon-urody.wroclaw.pl\/index.php\/wp-json\/wp\/v2\/users\/9"}],"replies":[{"embeddable":true,"href":"https:\/\/salon-urody.wroclaw.pl\/index.php\/wp-json\/wp\/v2\/comments?post=3774"}],"version-history":[{"count":3,"href":"https:\/\/salon-urody.wroclaw.pl\/index.php\/wp-json\/wp\/v2\/pages\/3774\/revisions"}],"predecessor-version":[{"id":4126,"href":"https:\/\/salon-urody.wroclaw.pl\/index.php\/wp-json\/wp\/v2\/pages\/3774\/revisions\/4126"}],"wp:attachment":[{"href":"https:\/\/salon-urody.wroclaw.pl\/index.php\/wp-json\/wp\/v2\/media?parent=3774"}],"curies":[{"name":"wp","href":"https:\/\/api.w.org\/{rel}","templated":true}]}}