{"id":365,"date":"2015-02-02T19:53:57","date_gmt":"2015-02-02T18:53:57","guid":{"rendered":"http:\/\/salon-urody.wroclaw.pl\/?page_id=365"},"modified":"2023-09-25T13:07:03","modified_gmt":"2023-09-25T11:07:03","slug":"mezoterapia-mikroiglowa","status":"publish","type":"page","link":"https:\/\/salon-urody.wroclaw.pl\/index.php\/pielegnacja-twarzy\/odzywienie-regeneracja\/mezoterapia-mikroiglowa\/","title":{"rendered":"Mezoterapia Mikroig\u0142owa"},"content":{"rendered":"<h2 style=\"text-align: center;\"><strong><strong style=\"color: #00ced1;\">Mezoterapia mikroig\u0142owa<\/strong><\/strong><\/h2>\n<p style=\"text-align: center;\">Zabieg z zakresu medycyny estetycznej, polegaj\u0105cy na stymulacji, pobudzeniu i regeneracji w\u0142\u00f3kien kolagenu i elastyny przez mikroiniekcje za pomoc\u0105<\/p>\n<p style=\"text-align: center;\">\u00a0specjalistycznej g\u0142owicy z mikroig\u0142ami.<\/p>\n<p style=\"text-align: center;\">Powsta\u0142e mikro uszkodzenia, wykorzystuj\u0105 wrodzone umiej\u0119tno\u015bci organizmu\u00a0do naprawy sk\u00f3ry oraz fizjologicznej produkcji kolagenu. Zostaje r\u00f3wnie\u017c zwi\u0119kszona przepuszczalno\u015b\u0107 sk\u00f3ry, dzi\u0119ki czemu jest ona gotowa na przyj\u0119cie substancji aktywnych.<\/p>\n<p><img decoding=\"async\" class=\"wp-image-3162 alignright lazyload\" data-src=\"https:\/\/salon-urody.wroclaw.pl\/wp-content\/uploads\/2023\/01\/ImageofDr.PenUltimaA6ProfessionalPlusdevice3_1024x1024@2x-300x300.webp\" alt=\"\" width=\"220\" height=\"220\" data-srcset=\"https:\/\/salon-urody.wroclaw.pl\/wp-content\/uploads\/2023\/01\/ImageofDr.PenUltimaA6ProfessionalPlusdevice3_1024x1024@2x-300x300.webp 300w, https:\/\/salon-urody.wroclaw.pl\/wp-content\/uploads\/2023\/01\/ImageofDr.PenUltimaA6ProfessionalPlusdevice3_1024x1024@2x-150x150.webp 150w, https:\/\/salon-urody.wroclaw.pl\/wp-content\/uploads\/2023\/01\/ImageofDr.PenUltimaA6ProfessionalPlusdevice3_1024x1024@2x-768x768.webp 768w, https:\/\/salon-urody.wroclaw.pl\/wp-content\/uploads\/2023\/01\/ImageofDr.PenUltimaA6ProfessionalPlusdevice3_1024x1024@2x.webp 1000w\" data-sizes=\"(max-width: 220px) 100vw, 220px\" src=\"data:image\/svg+xml;base64,PHN2ZyB3aWR0aD0iMSIgaGVpZ2h0PSIxIiB4bWxucz0iaHR0cDovL3d3dy53My5vcmcvMjAwMC9zdmciPjwvc3ZnPg==\" style=\"--smush-placeholder-width: 220px; --smush-placeholder-aspect-ratio: 220\/220;\" \/><\/p>\n<p>&nbsp;<\/p>\n<p class=\"western\" style=\"text-align: center;\">Zastosowanie przy pomocy profesjonalnego aparatu techniki nak\u0142uwania \u015br\u00f3dsk\u00f3rnego powierzchniowego, dzi\u0119ki substancjom\u00a0czynnym<strong> (<em>nieusieciowany kwas hialuronowy, kompleks multiwitaminowy, peptydy niskocz\u0105steczkowe, koenzymy<\/em>)<\/strong> powoduje zwi\u0119kszenie metabolizmu kom\u00f3rek ora stymulacji fibroblast\u00f3w do produkcji kolagenu i elastyny, rewitalizacja sk\u00f3ry i poprawa mikrokr\u0105\u017cenia, tonusu oraz trofiki. Sk\u00f3ra pod wp\u0142ywem kontrolowanych nak\u0142u\u0107 <strong>Dermapen\u2019em<\/strong> ulega intensywnym procesom regeneracji.<\/p>\n<p>&nbsp;<\/p>\n<p>&nbsp;<\/p>\n<p><img decoding=\"async\" class=\"size-medium wp-image-3163 alignleft lazyload\" data-src=\"https:\/\/salon-urody.wroclaw.pl\/wp-content\/uploads\/2023\/01\/ImageofDr.PenUltimaA6ProfessionalPlusdevice1_grande-300x300.webp\" alt=\"\" width=\"300\" height=\"300\" data-srcset=\"https:\/\/salon-urody.wroclaw.pl\/wp-content\/uploads\/2023\/01\/ImageofDr.PenUltimaA6ProfessionalPlusdevice1_grande-300x300.webp 300w, https:\/\/salon-urody.wroclaw.pl\/wp-content\/uploads\/2023\/01\/ImageofDr.PenUltimaA6ProfessionalPlusdevice1_grande-150x150.webp 150w, https:\/\/salon-urody.wroclaw.pl\/wp-content\/uploads\/2023\/01\/ImageofDr.PenUltimaA6ProfessionalPlusdevice1_grande.webp 600w\" data-sizes=\"(max-width: 300px) 100vw, 300px\" src=\"data:image\/svg+xml;base64,PHN2ZyB3aWR0aD0iMSIgaGVpZ2h0PSIxIiB4bWxucz0iaHR0cDovL3d3dy53My5vcmcvMjAwMC9zdmciPjwvc3ZnPg==\" style=\"--smush-placeholder-width: 300px; --smush-placeholder-aspect-ratio: 300\/300;\" \/><\/p>\n<p>&nbsp;<\/p>\n<p class=\"western\" style=\"text-align: center;\">Ampu\u0142ki stosowane w trakcie iniekcji nale\u017c\u0105 do najwy\u017cszych sfer kosmetycznej piel\u0119gnacji, odznaczaj\u0105 si\u0119 czysto\u015bci\u0105 i intensywno\u015bci\u0105 wysoko st\u0119\u017conych sk\u0142adnik\u00f3w. Ich skuteczno\u015b\u0107 wynika z dopasowania sk\u0142ad\u00f3w kosmetycznych do indywidualnych potrzeb sk\u00f3ry.<\/p>\n<p class=\"western\" style=\"text-align: center;\"><span style=\"color: #333399;\">Celem zabiegu jest indukcja proces\u00f3w regeneracyjnych w\u0142asnym podzia\u0142em kom\u00f3rkowym, a w efekcie czego sk\u00f3ra samoistnie zaczyna produkowa\u0107 kolagen.<\/span><\/p>\n<p class=\"western\" style=\"text-align: center;\">Cera staje si\u0119 g\u0142adsza, bardziej napi\u0119ta i dog\u0142\u0119bnie nawil\u017cona. Zabieg przeprowadzany jest w wysoce sterylny spos\u00f3b, wykorzystuj\u0105c za ka\u017cdym razem jednorazow\u0105, indywidualnie pakowan\u0105 nak\u0142adk\u0119 mikroig\u0142ow\u0105, montowan\u0105 do g\u0142owicy urz\u0105dzenia.<\/p>\n<p>&nbsp;<\/p>\n<p>&nbsp;<\/p>\n<h3 class=\"western\"><strong style=\"color: #20b2aa;\">Przebieg zabiegu:<\/strong><\/h3>\n<p class=\"western\">Rytua\u0142 rozpoczyna si\u0119 oczyszczeniem powierzchni zabiegowej. Przy pomocy peelingu enzymatycznego usuwamy obumar\u0142e kom\u00f3rki nask\u00f3rka, przygotowuj\u0105c obszar do intensywniejszego przenikania substancji aktywnych w g\u0142\u0105b sk\u00f3ry. Przechodzimy do etapu w\u0142a\u015bciwego, czyli wykonania kilku tysi\u0119cy bezbolesnych nak\u0142u\u0107 <strong>Derma Pen&#8217;em<\/strong>. G\u0142\u0119boko\u015b\u0107 penetracji g\u0142owicy mikroig\u0142owej ustalana jest przez kosmetologa. W trakcie procedury nak\u0142adana jest ampu\u0142ka na bazie nisko-cz\u0105steczkowego kwasu hialuronowego, po\u0142\u0105czonego z koktajlem multiwitaminowym indywidualnie dobieranym od potrzeb sk\u00f3ry. Kwas hialuronowy, dzi\u0119ki swoim naturalnym w\u0142a\u015bciwo\u015bciom wi\u0105zania wody, zwi\u0119ksza spr\u0119\u017cysto\u015b\u0107 i nawodnienie sk\u00f3ry oraz wype\u0142nianie drobnych zmarszczek mimicznych. Dodatkowo ostrzykujemy g\u0142\u0119bsze bruzdy, aby w trakcie procesu gojenia stymulowany by\u0142 prawid\u0142owy podzia\u0142 kom\u00f3rkowy. Dzi\u0119ki temu znacznie wyr\u00f3wnuje si\u0119 struktura sk\u00f3ry. Wyko\u0144czeniem zabiegu jest na\u0142o\u017cenie koj\u0105cej maski algowej, zmniejszaj\u0105c ewentualny obrz\u0119k lub zaczerwienienie sk\u00f3ry oraz aplikacja silnie nawil\u017caj\u0105cego kremu.<\/p>\n<p><img decoding=\"async\" class=\"size-medium wp-image-3165 alignright lazyload\" data-src=\"https:\/\/salon-urody.wroclaw.pl\/wp-content\/uploads\/2023\/01\/mesoaroma-witamina-c-5ml-250x300.webp\" alt=\"\" width=\"250\" height=\"300\" data-srcset=\"https:\/\/salon-urody.wroclaw.pl\/wp-content\/uploads\/2023\/01\/mesoaroma-witamina-c-5ml-250x300.webp 250w, https:\/\/salon-urody.wroclaw.pl\/wp-content\/uploads\/2023\/01\/mesoaroma-witamina-c-5ml-125x150.webp 125w, https:\/\/salon-urody.wroclaw.pl\/wp-content\/uploads\/2023\/01\/mesoaroma-witamina-c-5ml.webp 600w\" data-sizes=\"(max-width: 250px) 100vw, 250px\" src=\"data:image\/svg+xml;base64,PHN2ZyB3aWR0aD0iMSIgaGVpZ2h0PSIxIiB4bWxucz0iaHR0cDovL3d3dy53My5vcmcvMjAwMC9zdmciPjwvc3ZnPg==\" style=\"--smush-placeholder-width: 250px; --smush-placeholder-aspect-ratio: 250\/300;\" \/><\/p>\n<p>&nbsp;<\/p>\n<h3><strong style=\"color: #20b2aa;\">Efekty:<\/strong><\/h3>\n<ul>\n<li>poprawa owalu twarzy<\/li>\n<li><span style=\"color: #333333;\">intensywne nawil\u017cenie g\u0142\u0119bokich warstw sk\u00f3ry<\/span><\/li>\n<li><span style=\"color: #333333;\">odnowienie oraz rozja\u015bnienie nask\u00f3rka i drobnych przebarwie\u0144<\/span><\/li>\n<li>sp\u0142ycenie zmarszczek mimicznych twarzy<\/li>\n<li>rozja\u015bnienie cieni pod oczami<\/li>\n<li>uj\u0119drnienie i regeneracja sk\u00f3ry<\/li>\n<li>odm\u0142odzenie sk\u00f3ry twarzy, szyi, dekoltu<\/li>\n<li><span style=\"color: #333333;\">\u00a0dzia\u0142anie holistyczne na wi\u0119ksze obszarowo partie w przeciwie\u0144stwie do mezoterapii ig\u0142owej<\/span><\/li>\n<li><span style=\"color: #333333;\">\u00a0stymulacja proces\u00f3w naprawczych i wyr\u00f3wnanie struktury sk\u00f3ry (blizny potr\u0105dzikowe)<\/span><\/li>\n<\/ul>\n<p>&nbsp;<\/p>\n<h3 class=\"western\"><strong style=\"color: #20b2aa;\">Po zabiegu:<\/strong><\/h3>\n<p class=\"western\" style=\"text-align: center;\">Zalecamy wykonywanie tego typu zabieg\u00f3w w godzinach popo\u0142udniowych i wieczornych, aby nie nara\u017ca\u0107 sk\u00f3ry na promieniowanie s\u0142oneczne i zanieczyszczenia atmosferyczne. W dniu zabiegu nie wykonujemy makija\u017cu, nie korzystamy z basenu, si\u0142owni czy sauny, unikaj\u0105c mo\u017cliwo\u015bci zaka\u017cenia bakteriami. Unikamy opalania do 30 dni i stosujemy filtry UVA+UVB na okolice poddane ostrzykiwaniu. Wieczorem wykonujemy codzienn\u0105 piel\u0119gnacj\u0119, bior\u0105c pod uwag\u0119 stosowanie krem\u00f3w suplementacyjnych, ze wzgl\u0119du na zwi\u0119kszon\u0105 ch\u0142onno\u015b\u0107 sk\u00f3ry, a tak\u017ce przez czas gojenia do czterech d\u00f3b po zabiegu.<\/p>\n<h3 class=\"western\"><strong style=\"color: #20b2aa;\">Przeciwwskazania:<\/strong><\/h3>\n<ul>\n<li class=\"western\">\u00a0zmiany \u0142ojotokowe, tr\u0105dzik, atopowe zapalenie sk\u00f3ry, \u0142uszczyca, tr\u0105dzik r\u00f3\u017cowaty<\/li>\n<li class=\"western\">\u00a0ci\u0105\u017ca i okres laktacji<\/li>\n<li class=\"western\">\u00a0choroby nowotworowe<\/li>\n<li class=\"western\">\u00a0teleangiektazje \u2013 poszerzone drobne naczynia krwiono\u015bne, paj\u0105czki, punkty rubinowe<\/li>\n<li class=\"western\">\u00a0tendencja do tworzenia blizn hipertoficznych i keloid\u00f3w, powolne gojenie si\u0119 ran<\/li>\n<li class=\"western\">\u00a0opalona sk\u00f3ra \u2013 nale\u017cy odczeka\u0107 minimum miesi\u0105c<\/li>\n<li class=\"western\">\u00a0inwazyjne zabiegi laserowych &#8211; nale\u017cy zastosowa\u0107 zalecany odst\u0119p czasowy<\/li>\n<li class=\"western\">\u00a0alergia na stal nierdzewn\u0105<\/li>\n<li class=\"western\">\u00a0hemofilia lub zaburzenia krwawienia, wysokie ci\u015bnienie krwi, przyjmowanie lek\u00f3w przeciwci\u015bnieniowych lub nasercowych<\/li>\n<li class=\"western\">\u00a0opryszczka lub inna chroniczna infekcja na obszarze, kt\u00f3ry ma by\u0107 poddany zabiegowi<\/li>\n<li class=\"western\">\u00a0brak czucia na obszarze, kt\u00f3ry ma by\u0107 poddany zabiegowi (nie stosujemy \u017cadnego znieczulenia miejscowego typu emla lub zastrzyki znieczulaj\u0105ce)<\/li>\n<li class=\"western\">\u00a0przyjmowanie lek\u00f3w, witamin, zi\u00f3\u0142 lub preparat\u00f3w homeopatycznych rozrzedzaj\u0105cych krew<\/li>\n<li class=\"western\">\u00a0botoks lub wype\u0142niacz zaaplikowany w ci\u0105gu ostatnich 3 miesi\u0119cy na okolic\u0105 zabiegow\u0105<\/li>\n<li class=\"western\">\u00a0operacje plastyczne przebyte w ci\u0105gu ostatnich 4 miesi\u0119cy<\/li>\n<li class=\"western\">\u00a0iniekcji permanentnymi wype\u0142niaczami w ci\u0105gu ostatnich 6 miesi\u0119cy<\/li>\n<\/ul>\n<p><img decoding=\"async\" class=\"size-medium wp-image-3171 alignleft lazyload\" data-src=\"https:\/\/salon-urody.wroclaw.pl\/wp-content\/uploads\/2023\/01\/photo-screaming-woman-drops-water-around-her-face-young-clean-skin-splash-spa-treatment-girl-washing-body-care-178406231-300x200.jpg\" alt=\"\" width=\"300\" height=\"200\" data-srcset=\"https:\/\/salon-urody.wroclaw.pl\/wp-content\/uploads\/2023\/01\/photo-screaming-woman-drops-water-around-her-face-young-clean-skin-splash-spa-treatment-girl-washing-body-care-178406231-300x200.jpg 300w, https:\/\/salon-urody.wroclaw.pl\/wp-content\/uploads\/2023\/01\/photo-screaming-woman-drops-water-around-her-face-young-clean-skin-splash-spa-treatment-girl-washing-body-care-178406231-150x100.jpg 150w, https:\/\/salon-urody.wroclaw.pl\/wp-content\/uploads\/2023\/01\/photo-screaming-woman-drops-water-around-her-face-young-clean-skin-splash-spa-treatment-girl-washing-body-care-178406231-768x512.jpg 768w, https:\/\/salon-urody.wroclaw.pl\/wp-content\/uploads\/2023\/01\/photo-screaming-woman-drops-water-around-her-face-young-clean-skin-splash-spa-treatment-girl-washing-body-care-178406231.jpg 800w\" data-sizes=\"(max-width: 300px) 100vw, 300px\" src=\"data:image\/svg+xml;base64,PHN2ZyB3aWR0aD0iMSIgaGVpZ2h0PSIxIiB4bWxucz0iaHR0cDovL3d3dy53My5vcmcvMjAwMC9zdmciPjwvc3ZnPg==\" style=\"--smush-placeholder-width: 300px; --smush-placeholder-aspect-ratio: 300\/200;\" \/><\/p>\n<p>&nbsp;<\/p>\n<p>&nbsp;<\/p>\n<p>&nbsp;<\/p>\n<p>&nbsp;<\/p>\n<p>&nbsp;<\/p>\n<p>&nbsp;<\/p>\n<p>&nbsp;<\/p>\n<p class=\"western\" style=\"text-align: center;\">Dla uzyskania optymalnych rezultat\u00f3w zaleca si\u0119 wykonanie serii <strong>3 \u2013 6 zabieg\u00f3w<\/strong> w <strong>dwu-tygodniowych odst\u0119pach<\/strong> czasu raz do roku lub jako b\u0142yskawicznie nawil\u017caj\u0105cy zabieg jednorazowy.<\/p>\n<ul>\n<li class=\"western\">Cena 1 zabiegu na twarz \u2013 <strong><em>300 z\u0142<\/em><\/strong><\/li>\n<li class=\"western\">Cena w pakiecie x 3 (twarz)\u00a0 \u2013 <em><strong>250z\u0142 (250 x 3 = 750z\u0142)<\/strong><\/em><\/li>\n<li>Cena w pakiecie x 5 (twarz) &#8211; <em><strong>250 z\u0142<\/strong><\/em><\/li>\n<\/ul>\n<p>Najcz\u0119\u015bciej zadawane pytania:<\/p>\n<details>\n<summary>Czy jeden zabieg mezoterapii ma sens?<\/summary>\n<p>Najbardziej skuteczne i zadowalaj\u0105ce efekty otrzymamy po wykonaniu serii 4-6 zabieg\u00f3w powtarzanych w odst\u0119pach 2\/4 tygodniowych w zale\u017cno\u015bci od typu sk\u00f3ry. Wykonanie serii zabieg\u00f3w owocuje popraw\u0105 strukturaln\u0105 i funkcjonaln\u0105 sk\u00f3ry. Nast\u0119puje zwi\u0119kszenie napi\u0119cia i elastyczno\u015bci, pogrubienie nask\u00f3rka.<\/p>\n<\/details>\n<details>\n<summary>Po jakim czasie wida\u0107 efekty mezoterapii?<\/summary>\n<p>Pierwszych efekt\u00f3w mo\u017cna si\u0119 spodziewa\u0107 po kilkunastu dniach. W tym czasie odczuwalne jest lekkie napi\u0119cie sk\u00f3ry. Staje si\u0119 ona roz\u015bwietlona i nabiera blasku. W kolejnych tygodniach powstaj\u0105 nowe kom\u00f3rki w\u0142\u00f3kien kolagenowych i elastyny, co wi\u0105\u017ce si\u0119 z zwi\u0119kszeniem elastyczno\u015bci i napi\u0119cia, a tak\u017ce g\u0119sto\u015bci struktury sk\u00f3ry. Dla wzmocnienia efekt\u00f3w konieczna jest seria zabiegowa. Odm\u0142odzenie: 6-8 zabieg\u00f3w co 4 tygodnie, rozst\u0119py: 4-8 zabieg\u00f3w co 4-6 tygodni.<\/p>\n<\/details>\n<details>\n<summary>Jak wygl\u0105da twarz po mezoterapii mikroig\u0142owej?<\/summary>\n<p>Do kilku dni po zabiegu <b>mezoterapii mikroig\u0142owej<\/b> na twarzy mo\u017ce by\u0107 widoczne zaczerwienienie i delikatne, subtelne \u015blady iniekcji. Mo\u017ce pojawi\u0107 si\u0119 delikatna opuchlizna, wynikaj\u0105ca z podra\u017cnienia i stanu zapalnego sk\u00f3ry. Na tym etapie normalnym zjawiskiem jest chwilowa nadwra\u017cliwo\u015b\u0107. W niekt\u00f3rych przypadkach mo\u017ce wyst\u0105pi\u0107 lekkie mrowienie. Wspomniane niedogodno\u015bci ust\u0119puj\u0105 w ci\u0105gu kilku dni po zabiegu. Nie nale\u017cy nara\u017ca\u0107 sk\u00f3ry na szkodliwe dzia\u0142anie czynnik\u00f3w zewn\u0119trznych.<\/p>\n<\/details>\n<details>\n<summary>Czego nie wolno robi\u0107 po mezoterapii mikroig\u0142owej?<\/summary>\n<p>Po zabiegu bardzo istotne jest, by stosowa\u0107 si\u0119 do zalece\u0144 kosmetologa, aby procesy naprawcze w sk\u00f3rze przebiega\u0142y bez komplikacji. Przez okres 4 tygodni nie opala\u0107 sk\u00f3ry (na s\u0142o\u0144cu lub solarium). Unika\u0107 sauny, basenu oraz intensywnych \u0107wicze\u0144 fizycznych. Przez tydzie\u0144 po mezoterapii, nale\u017cy odstawi\u0107 substancje o dzia\u0142aniu z\u0142uszczaj\u0105cym i preparaty do depilacji. Warto pami\u0119ta\u0107 o kremach ochronnych z filtrem ochronnym o wysokim SPF (30\/50),\u00a0 aby unikn\u0105\u0107 podra\u017cnie\u0144<span style=\"font-weight: inherit;\">. Pami\u0119taj tak\u017ce o nawil\u017ceniu po zabiegu, stosuj\u0105c preparaty bez zawarto\u015bci alkoholu i sk\u0142adnik\u00f3w dra\u017cni\u0105cych sk\u00f3r\u0119.<\/span><\/p>\n<\/details>\n<details>\n<summary>Co jest lepsze mezoterapia ig\u0142owa czy mikroig\u0142owa?<\/summary>\n<p>Efekt regeneracji i nawil\u017cenia sk\u00f3ry mo\u017cemy osi\u0105gn\u0105\u0107 dzi\u0119ki <a href=\"https:\/\/salon-urody.wroclaw.pl\/index.php\/medycyna-estetyczna\/__trashed\/\">mezoterapii ig\u0142owej<\/a> \u2013 podczas tego zabiegu kosmetolog za pomoc\u0105 pistoletu wyposa\u017conego w a\u017c dziewi\u0119\u0107 precyzyjnych igie\u0142ek podaje preparat do nieco g\u0142\u0119bszej warstwy sk\u00f3ry. Natomiast mezoterapia mikroig\u0142owa doskonale sprawdzi si\u0119 na takie zmiany sk\u00f3rne jak blizny czy rozst\u0119py. \u00a0Nie preparat jest tutaj najbardziej istotny, a ilo\u015b\u0107 i g\u0142\u0119boko\u015b\u0107 nak\u0142u\u0107.<br \/>\nMikroiniekcje skutkuj\u0105 stanem zapalnym sk\u00f3ry, w nast\u0119pstwie kt\u00f3rego rozpoczynaj\u0105 si\u0119 procesy regeneracji i odnowy struktury sk\u00f3ry.<\/p>\n<\/details>\n<details>\n<summary>Na co pomaga mezoterapia mikroig\u0142owa?<\/summary>\n<p>Po wykonaniu serii zabieg\u00f3w <b>mezoterapii mikroig\u0142owej<\/b> mo\u017cemy zaobserwowa\u0107 widoczn\u0105 redukcj\u0119 zmarszczek, popraw\u0119 owalu twarzy. Efektom towarzyszy tak\u017ce wzrost napi\u0119cia oraz wyr\u00f3wnanie kolorytu sk\u00f3ry. W zabiegach na cia\u0142o i nie tylko jedn\u0105 z korzy\u015bci jest redukcja blizn (po przebiegu tr\u0105dziku, pooperacyjnych), a tak\u017ce rozst\u0119p\u00f3w. \u015awietnie sprawdzi si\u0119 przy sk\u00f3rze poszarza\u0142ej, pozbawionej blasku, j\u0119drno\u015bci.<\/p>\n<\/details>\n<details>\n<summary>Jak si\u0119 przygotowa\u0107 do mezoterapii mikroig\u0142owej?<\/summary>\n<p>Tydzie\u0144 przed zabiegiem odradza si\u0119 stanowczo przyjmowania antybiotyk\u00f3w, lek\u00f3w przeciwzapalnych takich jak ibuprofen, aspiryna oraz lek\u00f3w przeciwzakrzepowych. <b>Nie wskazane<\/b> jest tak\u017ce spo\u017cywanie alkoholu oraz opalanie si\u0119 przed zabiegiem, co mog\u0142oby podra\u017cni\u0107 sk\u00f3r\u0119. Po zabiegu <b>mezoterapii<\/b>\u00a0<strong>mikroig\u0142owej<\/strong> nale\u017cy pami\u0119ta\u0107 o kremie z filtrem ochronnym SPF50.<\/p>\n<\/details>\n<details>\n<summary>Czy mezoterapia jest niebezpieczna?<\/summary>\n<p>Mo\u017ce wydawa\u0107 si\u0119, \u017ce zabieg jest niebezpieczny zwa\u017cywszy na iniekcyjne uszkodzenia sk\u00f3ry. Nic bardziej mylnego! Terapia ma pozytywny wp\u0142yw na sk\u00f3r\u0119, zdecydowanie poprawia jej kondycj\u0119. Posiada r\u00f3wnie\u017c intensywne dzia\u0142anie anti-aging. Przynosi niesamowite rezultaty, je\u015bli tylko wykonywana jest przez osoby wyspecjalizowane, zgodnie z obowi\u0105zuj\u0105cymi zasadami, z pomoc\u0105 odpowiednich preparat\u00f3w.<\/p>\n<\/details>\n<details>\n<summary>Ile kosztuje zabieg mezoterapii mikroig\u0142owej?<\/summary>\n<p>W zale\u017cno\u015bci od partii koszt zabiegu mo\u017ce nieznacznie si\u0119 r\u00f3\u017cni\u0107. M\u00f3wi\u0105c o zabiegu na twarz jest to kwota 350 z\u0142, zabieg na 1 parti\u0119 cia\u0142a to 300. Najlepszym rozwi\u0105zaniem jest pakiet za 1600 z\u0142 na pi\u0119\u0107 zabieg\u00f3w mezoterpii mikroig\u0142owej na twarz, szyj\u0119 i dekolt.<\/p>\n<\/details>\n<details>\n<summary>Czy po mezoterapii mikroig\u0142owej schodzi sk\u00f3ra?<\/summary>\n<p>Po zabiegu mezoterapii mikroig\u0142owej mo\u017ce wyst\u0105pi\u0107 zaczerwienienie, niewielki obrz\u0119k lub punktowe krwawienie, kt\u00f3re zazwyczaj ust\u0119puj\u0105 w ci\u0105gu kilku godzin do kilku dni. Rzadziej, ale w niekt\u00f3rych przypadkach, mo\u017ce doj\u015b\u0107 do z\u0142uszczania si\u0119 sk\u00f3ry. Mo\u017ce by\u0107 to spowodowane reakcj\u0105 sk\u00f3ry na sam\u0105 procedur\u0119 lub na wprowadzone substancje aktywne. Sk\u00f3ra mo\u017ce reagowa\u0107 poprzez odrzucenie martwego nask\u00f3rka i pobudzenie procesu odnowy kom\u00f3rkowej, co prowadzi do z\u0142uszczania si\u0119 sk\u00f3ry i odkrycia zdrowszej i bardziej promiennej warstwy sk\u00f3ry.<\/p>\n<\/details>\n<p>&nbsp;<\/p>\n<div>\n<div class=\"dnXCYb\" tabindex=\"0\" role=\"button\" aria-controls=\"_QWKDZKiBMbD3qwHQ7Y2QAQ_1\" aria-expanded=\"true\" data-hveid=\"CAEQAQ\">\n<div class=\"aj35ze\"><\/div>\n<div class=\"L3Ezfd\" data-ved=\"2ahUKEwjopaKQ3Lb_AhWw-yoKHdB2AxIQuk56BAgBEAI\"><\/div>\n<\/div>\n<\/div>\n<div id=\"_QWKDZKiBMbD3qwHQ7Y2QAQ_1\" class=\"bCOlv\" data-ved=\"2ahUKEwjopaKQ3Lb_AhWw-yoKHdB2AxIQ7NUEegQIARAE\">\n<div class=\"IZE3Td\">\n<div class=\"t0bRye r2fjmd\" data-hveid=\"CAEQBQ\" data-ved=\"2ahUKEwjopaKQ3Lb_AhWw-yoKHdB2AxIQu04oAHoECAEQBQ\">\n<div id=\"QWKDZKiBMbD3qwHQ7Y2QAQ__3\">\n<div class=\"wDYxhc\" data-md=\"61\"><\/div>\n<\/div>\n<\/div>\n<\/div>\n<\/div>\n<div class=\"ysxiae iRPzcb\">\n<div>\n<div class=\"aj35ze\"><\/div>\n<\/div>\n<div>\n<div class=\"dnXCYb\" tabindex=\"0\" role=\"button\" aria-controls=\"_A2KDZLnwJ9K3rgS4-oGwBA_2\" aria-expanded=\"false\" data-hveid=\"CAIQAQ\">\n<div class=\"aj35ze\"><\/div>\n<\/div>\n<\/div>\n<\/div>\n<div>\n<div class=\"dnXCYb\" tabindex=\"0\" role=\"button\" aria-controls=\"_A2KDZLnwJ9K3rgS4-oGwBA_2\" aria-expanded=\"false\" data-hveid=\"CAIQAQ\">\n<div class=\"JlqpRe\"><\/div>\n<\/div>\n<\/div>\n<p>&nbsp;<\/p>\n<p>Um\u00f3w si\u0119 na zabieg telefonicznie pod numerem 505 455 777 lub <a href=\"https:\/\/instytut27.booksy.com\" target=\"_blank\" rel=\"noopener noreferrer\">online<\/a>.<br \/>\n[su_button url=&#8221;https:\/\/instytut27.booksy.com&#8221; target=&#8221;blank&#8221; background=&#8221;#FFA500&#8243; style=&#8221;soft&#8221; size=&#8221;4&#8243; radius=&#8221;round&#8221; text_shadow=&#8221;1px 1px 1px #000000&#8243; rel=&#8221;nofollow&#8221;]Rezerwacja online[\/su_button]<\/p>\n<p>&nbsp;<\/p>\n","protected":false},"excerpt":{"rendered":"<p>Mezoterapia mikroig\u0142owa Zabieg z zakresu medycyny estetycznej, polegaj\u0105cy na stymulacji, pobudzeniu i regeneracji w\u0142\u00f3kien kolagenu i elastyny przez mikroiniekcje za pomoc\u0105 \u00a0specjalistycznej g\u0142owicy z mikroig\u0142ami. Powsta\u0142e mikro uszkodzenia, wykorzystuj\u0105 wrodzone umiej\u0119tno\u015bci organizmu\u00a0do naprawy sk\u00f3ry oraz fizjologicznej produkcji kolagenu. Zostaje r\u00f3wnie\u017c zwi\u0119kszona przepuszczalno\u015b\u0107 sk\u00f3ry, dzi\u0119ki czemu jest ona gotowa na przyj\u0119cie substancji aktywnych. &nbsp; Zastosowanie przy [&hellip;]<\/p>\n","protected":false},"author":6,"featured_media":0,"parent":2310,"menu_order":0,"comment_status":"open","ping_status":"open","template":"","meta":{"_uf_show_specific_survey":0,"_uf_disable_surveys":false,"__cvm_playback_settings":[],"__cvm_video_id":"","_glsr_average":0,"_glsr_ranking":0,"_glsr_reviews":0,"footnotes":""},"class_list":["post-365","page","type-page","status-publish","czr-hentry"],"aioseo_notices":[],"_links":{"self":[{"href":"https:\/\/salon-urody.wroclaw.pl\/index.php\/wp-json\/wp\/v2\/pages\/365","targetHints":{"allow":["GET"]}}],"collection":[{"href":"https:\/\/salon-urody.wroclaw.pl\/index.php\/wp-json\/wp\/v2\/pages"}],"about":[{"href":"https:\/\/salon-urody.wroclaw.pl\/index.php\/wp-json\/wp\/v2\/types\/page"}],"author":[{"embeddable":true,"href":"https:\/\/salon-urody.wroclaw.pl\/index.php\/wp-json\/wp\/v2\/users\/6"}],"replies":[{"embeddable":true,"href":"https:\/\/salon-urody.wroclaw.pl\/index.php\/wp-json\/wp\/v2\/comments?post=365"}],"version-history":[{"count":0,"href":"https:\/\/salon-urody.wroclaw.pl\/index.php\/wp-json\/wp\/v2\/pages\/365\/revisions"}],"up":[{"embeddable":true,"href":"https:\/\/salon-urody.wroclaw.pl\/index.php\/wp-json\/wp\/v2\/pages\/2310"}],"wp:attachment":[{"href":"https:\/\/salon-urody.wroclaw.pl\/index.php\/wp-json\/wp\/v2\/media?parent=365"}],"curies":[{"name":"wp","href":"https:\/\/api.w.org\/{rel}","templated":true}]}}