{"id":321,"date":"2014-12-30T21:14:43","date_gmt":"2014-12-30T20:14:43","guid":{"rendered":"http:\/\/salon-urody.wroclaw.pl\/?page_id=321"},"modified":"2023-09-25T13:35:45","modified_gmt":"2023-09-25T11:35:45","slug":"retix-c","status":"publish","type":"page","link":"https:\/\/salon-urody.wroclaw.pl\/index.php\/pielegnacja-twarzy\/kwasy-eksfoiacje\/retix-c\/","title":{"rendered":"Retix.C &#8211; Czas Cofn\u0105\u0107 Czas"},"content":{"rendered":"<h2><span style=\"color: #b5a642;\"><strong>RETIX. C<\/strong><\/span><\/h2>\n<p>Zabieg <span style=\"color: #b5a642;\"><strong>Retix.C<\/strong><\/span> jest to synergistyczne dzia\u0142anie 3 sk\u0142adnik\u00f3w<strong><span style=\"color: #b5a642;\"> retinolu 4%<\/span><\/strong>, <strong><span style=\"color: #cfb53b;\">witaminy C 8%<\/span><\/strong> i <strong><span style=\"color: #999900;\">antyoksydant\u00f3w 30%<\/span><\/strong>. W trakcie profesjonalnej terapii wykorzystujemy serum zawieraj\u0105ce kompleks Acticell\u00ae oraz mask\u0119 o silnych w\u0142a\u015bciwo\u015bciach eksfoliacyjnych. Sk\u0142adniki aktywne to przede wszystkim kompleks polimerowy Matrix dog\u0142\u0119bnie penetruj\u0105cy nasz\u0105 sk\u00f3r\u0119, stabilna lewoskr\u0119tna posta\u0107 witaminy C o silnie rozja\u015bniaj\u0105cym dzia\u0142aniu oraz wysokie st\u0119\u017cenie Antyoksydant\u00f3w neutralizuj\u0105ce dzia\u0142anie wolnych rodnik\u00f3w.<\/p>\n<p><img decoding=\"async\" class=\"alignright wp-image-605 size-medium lazyload\" title=\"Retix.C\" data-src=\"http:\/\/salon-urody.wroclaw.pl\/wp-content\/uploads\/2014\/12\/Retix.-300x192.jpg\" alt=\"Retix.c\" width=\"300\" height=\"192\" data-srcset=\"https:\/\/salon-urody.wroclaw.pl\/wp-content\/uploads\/2014\/12\/Retix.-300x192.jpg 300w, https:\/\/salon-urody.wroclaw.pl\/wp-content\/uploads\/2014\/12\/Retix.-150x96.jpg 150w, https:\/\/salon-urody.wroclaw.pl\/wp-content\/uploads\/2014\/12\/Retix..jpg 677w\" data-sizes=\"(max-width: 300px) 100vw, 300px\" src=\"data:image\/svg+xml;base64,PHN2ZyB3aWR0aD0iMSIgaGVpZ2h0PSIxIiB4bWxucz0iaHR0cDovL3d3dy53My5vcmcvMjAwMC9zdmciPjwvc3ZnPg==\" style=\"--smush-placeholder-width: 300px; --smush-placeholder-aspect-ratio: 300\/192;\" \/><\/p>\n<p>Eksfoliacja<span style=\"color: #999900;\"> <strong>Retix.C<\/strong><\/span> polecana jest jako zabieg <strong><span style=\"color: #999900;\">anti-age<\/span><\/strong>, przeciwdzia\u0142aj\u0105cy efektom starzenia. Czysta posta\u0107 witaminy A uznawana jest za jedn\u0105 z bezkonkurencyjnych substancji odm\u0142adzaj\u0105cych. Zabieg stosowany jest tak\u017ce przy sk\u00f3rach tr\u0105dzikowych, ze wzgl\u0119du na dzia\u0142anie retinolu, kt\u00f3ry <em>reguluje prac\u0119 gruczo\u0142\u00f3w \u0142ojowych<\/em>. Sk\u00f3ra pozostaje wolna od zanieczyszcze\u0144 i drobnych przebarwie\u0144.<\/p>\n<p>Przed zabiegiem:<br \/>\nNa tydzie\u0144 przed zabiegiem nie nale\u017cy opala\u0107 sk\u00f3ry, nie nale\u017cy stosowa\u0107 depilacji, elektrolizy, woskowania, \u015bcieraj\u0105cych g\u0105bek, retinoid\u00f3w, preparat\u00f3w dra\u017cni\u0105cych sk\u00f3r\u0119, stosowa\u0107 \u015brodk\u00f3w samoopalaj\u0105cych, m\u0119\u017cczy\u017ani nie powinni si\u0119 goli\u0107.<\/p>\n<p><img decoding=\"async\" class=\"size-medium wp-image-584 alignright lazyload\" data-src=\"http:\/\/salon-urody.wroclaw.pl\/wp-content\/uploads\/2015\/02\/Frost-Peel-before-and-after-300x175.jpg\" alt=\"Frost Peel - before and after\" width=\"300\" height=\"175\" data-srcset=\"https:\/\/salon-urody.wroclaw.pl\/wp-content\/uploads\/2015\/02\/Frost-Peel-before-and-after-300x175.jpg 300w, https:\/\/salon-urody.wroclaw.pl\/wp-content\/uploads\/2015\/02\/Frost-Peel-before-and-after-150x87.jpg 150w, https:\/\/salon-urody.wroclaw.pl\/wp-content\/uploads\/2015\/02\/Frost-Peel-before-and-after.jpg 515w\" data-sizes=\"(max-width: 300px) 100vw, 300px\" src=\"data:image\/svg+xml;base64,PHN2ZyB3aWR0aD0iMSIgaGVpZ2h0PSIxIiB4bWxucz0iaHR0cDovL3d3dy53My5vcmcvMjAwMC9zdmciPjwvc3ZnPg==\" style=\"--smush-placeholder-width: 300px; --smush-placeholder-aspect-ratio: 300\/175;\" \/><\/p>\n<p>Po oko\u0142o 2-3 dniach gdy sk\u00f3ra zacznie si\u0119 \u0142uszczy\u0107, mo\u017ce pojawi\u0107 si\u0119 przej\u015bciowe zaczerwienienie i uczucie gor\u0105ca.\u00a0Nie nale\u017cy odrywa\u0107 p\u0142at\u00f3w sk\u00f3ry. W trakcie terapii <strong><span style=\"color: #999900;\">Retix.C<\/span> <\/strong>nale\u017cy zrezygnowa\u0107 z aktywno\u015bci fizycznej, sauny, solarium.<\/p>\n<p><strong><span style=\"color: #999900;\">Zabieg ma na celu regulacj\u0119 proces\u00f3w rogowacenia nask\u00f3rka, odbudow\u0119 w\u0142\u00f3kien kolagenu\u00a0i elastyny, ochron\u0119 przed fotouszkodzeniami i zwi\u0119kszenie naturalnej bariery ochronnej sk\u00f3ry, rozja\u015bnienie plam pigmentacyjnych, redukcj\u0119 niedoskona\u0142o\u015bci sk\u00f3ry, zag\u0119szczenie i popraw\u0119 napi\u0119cia sk\u00f3ry oraz wzrost poziomu nawil\u017cenia.<\/span><\/strong><\/p>\n<p><strong><u>Przeciwwskazania:<\/u><\/strong><\/p>\n<ul>\n<li>ekspozycja sk\u00f3ry na s\u0142o\u0144ce, alergie sk\u00f3rne, opryszczka w fazie aktywnej, stan po zabiegu chirurgicznym w obr\u0119bie twarzy(do 2 miesi\u0119cy);<\/li>\n<li>ci\u0105\u017ca, karmienie piersi\u0105;<\/li>\n<li>liczne znamiona melanocytowe, teleangiektazje, choroby autoimmunologiczne;<\/li>\n<li>stan po krioterapii \u00a0(do 6 miesi\u0119cy), sk\u00f3ra podra\u017cniona i uszkodzona;<\/li>\n<li>ci\u0119\u017ckie postacie tr\u0105dziku (wymagaj\u0105 wcze\u015bniejszej terapii farmakologicznej),<img decoding=\"async\" class=\"size-medium wp-image-552 alignright lazyload\" data-src=\"http:\/\/salon-urody.wroclaw.pl\/wp-content\/uploads\/2014\/12\/Ret-300x189.jpg\" alt=\"Ret\" width=\"300\" height=\"189\" data-srcset=\"https:\/\/salon-urody.wroclaw.pl\/wp-content\/uploads\/2014\/12\/Ret-300x189.jpg 300w, https:\/\/salon-urody.wroclaw.pl\/wp-content\/uploads\/2014\/12\/Ret-150x95.jpg 150w, https:\/\/salon-urody.wroclaw.pl\/wp-content\/uploads\/2014\/12\/Ret.jpg 572w\" data-sizes=\"(max-width: 300px) 100vw, 300px\" src=\"data:image\/svg+xml;base64,PHN2ZyB3aWR0aD0iMSIgaGVpZ2h0PSIxIiB4bWxucz0iaHR0cDovL3d3dy53My5vcmcvMjAwMC9zdmciPjwvc3ZnPg==\" style=\"--smush-placeholder-width: 300px; --smush-placeholder-aspect-ratio: 300\/189;\" \/><\/li>\n<li>doustna terapia pochodnymi witaminy A (wymagana co najmniej p\u00f3\u0142roczna przerwa), sk\u0142onno\u015b\u0107 do powstawania bliznowc\u00f3w;<\/li>\n<\/ul>\n<p>Zabieg Retix.C 4% najlepiej wykona\u0107 w serii 3 zabieg\u00f3w co 28 dni.<br \/>\n[su_button url=&#8221;https:\/\/instytut27.booksy.com&#8221; target=&#8221;blank&#8221; style=&#8221;soft&#8221; size=&#8221;4&#8243; radius=&#8221;round&#8221; text_shadow=&#8221;1px 1px 1px #000000&#8243; rel=&#8221;nofollow&#8221;]Zarezerwuj online[\/su_button]<\/p>\n<div class=\"fb-page\" data-href=\"https:\/\/www.facebook.com\/fitness.wroclaw\/?locale=pl_PL\" data-tabs=\"timeline\" data-width=\"200\" data-height=\"80\" data-small-header=\"false\" data-adapt-container-width=\"true\" data-hide-cover=\"false\" data-show-facepile=\"true\">\n<blockquote class=\"fb-xfbml-parse-ignore\" cite=\"https:\/\/www.facebook.com\/fitness.wroclaw\/?locale=pl_PL\"><p>&nbsp;<\/p><\/blockquote>\n<\/div>\n","protected":false},"excerpt":{"rendered":"<p>RETIX. C Zabieg Retix.C jest to synergistyczne dzia\u0142anie 3 sk\u0142adnik\u00f3w retinolu 4%, witaminy C 8% i antyoksydant\u00f3w 30%. W trakcie profesjonalnej terapii wykorzystujemy serum zawieraj\u0105ce kompleks Acticell\u00ae oraz mask\u0119 o silnych w\u0142a\u015bciwo\u015bciach eksfoliacyjnych. Sk\u0142adniki aktywne to przede wszystkim kompleks polimerowy Matrix dog\u0142\u0119bnie penetruj\u0105cy nasz\u0105 sk\u00f3r\u0119, stabilna lewoskr\u0119tna posta\u0107 witaminy C o silnie rozja\u015bniaj\u0105cym dzia\u0142aniu oraz [&hellip;]<\/p>\n","protected":false},"author":1,"featured_media":322,"parent":2291,"menu_order":0,"comment_status":"open","ping_status":"open","template":"","meta":{"_uf_show_specific_survey":0,"_uf_disable_surveys":false,"__cvm_playback_settings":[],"__cvm_video_id":"","_glsr_average":0,"_glsr_ranking":0,"_glsr_reviews":0,"footnotes":""},"class_list":["post-321","page","type-page","status-publish","has-post-thumbnail","czr-hentry"],"aioseo_notices":[],"_links":{"self":[{"href":"https:\/\/salon-urody.wroclaw.pl\/index.php\/wp-json\/wp\/v2\/pages\/321","targetHints":{"allow":["GET"]}}],"collection":[{"href":"https:\/\/salon-urody.wroclaw.pl\/index.php\/wp-json\/wp\/v2\/pages"}],"about":[{"href":"https:\/\/salon-urody.wroclaw.pl\/index.php\/wp-json\/wp\/v2\/types\/page"}],"author":[{"embeddable":true,"href":"https:\/\/salon-urody.wroclaw.pl\/index.php\/wp-json\/wp\/v2\/users\/1"}],"replies":[{"embeddable":true,"href":"https:\/\/salon-urody.wroclaw.pl\/index.php\/wp-json\/wp\/v2\/comments?post=321"}],"version-history":[{"count":0,"href":"https:\/\/salon-urody.wroclaw.pl\/index.php\/wp-json\/wp\/v2\/pages\/321\/revisions"}],"up":[{"embeddable":true,"href":"https:\/\/salon-urody.wroclaw.pl\/index.php\/wp-json\/wp\/v2\/pages\/2291"}],"wp:featuredmedia":[{"embeddable":true,"href":"https:\/\/salon-urody.wroclaw.pl\/index.php\/wp-json\/wp\/v2\/media\/322"}],"wp:attachment":[{"href":"https:\/\/salon-urody.wroclaw.pl\/index.php\/wp-json\/wp\/v2\/media?parent=321"}],"curies":[{"name":"wp","href":"https:\/\/api.w.org\/{rel}","templated":true}]}}