{"id":3184,"date":"2023-02-03T16:41:06","date_gmt":"2023-02-03T15:41:06","guid":{"rendered":"https:\/\/salon-urody.wroclaw.pl\/?page_id=3184"},"modified":"2025-08-09T03:10:45","modified_gmt":"2025-08-09T01:10:45","slug":"oczyszczanie-wodorowe","status":"publish","type":"page","link":"https:\/\/salon-urody.wroclaw.pl\/index.php\/oczyszczanie-wodorowe\/","title":{"rendered":"Oczyszczanie wodorowe"},"content":{"rendered":"<h3 style=\"text-align: center;\"><strong style=\"color: #00bcd4;\">Oczyszczanie wodorowe<\/strong><\/h3>\n<p style=\"text-align: center;\">Zabieg \u0142\u0105cz\u0105cy w sobie zar\u00f3wno bezcenne dzia\u0142anie aktywnego wodoru, dog\u0142\u0119bnego oczyszczenia, nawil\u017cenia, rewitalizacj\u0119 oraz od\u017cywienie. Profesjonalny zabieg <a href=\"https:\/\/salon-urody.wroclaw.pl\/index.php\/pielegnacja-twarzy\/\">oczyszczania sk\u00f3ry<\/a> za pomoc\u0105 aktywnego wodoru kompleksowo zadba o jej stan. Po\u0142\u0105czenie efekt\u00f3w, jakie zapewnia hydrabrazja, infuzja, ultrad\u017awi\u0119ki i bipolarna fala radiowa zapewni doskona\u0142y efekt i pe\u0142ne od\u015bwie\u017cenie.<\/p>\n<h4 style=\"text-align: center;\"><span style=\"color: #33cccc;\">W walce z wolnymi rodnikami<\/span><\/h4>\n<p><img decoding=\"async\" class=\"wp-image-3190 alignleft lazyload\" style=\"--smush-placeholder-width: 236px; --smush-placeholder-aspect-ratio: 236\/133;font-weight: inherit;\" data-src=\"https:\/\/salon-urody.wroclaw.pl\/wp-content\/uploads\/2023\/02\/woda-e1691248446948-300x169.jpg\" alt=\"Oczyszczanie wodorowe\" width=\"236\" height=\"133\" data-srcset=\"https:\/\/salon-urody.wroclaw.pl\/wp-content\/uploads\/2023\/02\/woda-e1691248446948-300x169.jpg 300w, https:\/\/salon-urody.wroclaw.pl\/wp-content\/uploads\/2023\/02\/woda-e1691248446948-150x84.jpg 150w, https:\/\/salon-urody.wroclaw.pl\/wp-content\/uploads\/2023\/02\/woda-e1691248446948-768x432.jpg 768w, https:\/\/salon-urody.wroclaw.pl\/wp-content\/uploads\/2023\/02\/woda-e1691248446948.jpg 800w\" data-sizes=\"(max-width: 236px) 100vw, 236px\" src=\"data:image\/svg+xml;base64,PHN2ZyB3aWR0aD0iMSIgaGVpZ2h0PSIxIiB4bWxucz0iaHR0cDovL3d3dy53My5vcmcvMjAwMC9zdmciPjwvc3ZnPg==\" \/><\/p>\n<p style=\"text-align: left;\">Od lat tematyka wolnych rodnik\u00f3w RFT otacza nas w kontek\u015bcie zachowania dobrej kondycji sk\u00f3ry i <span style=\"font-weight: inherit;\">zdrowego, m\u0142odego wygl\u0105du.\u00a0 <\/span><span style=\"font-weight: inherit;\">S\u0105 one n<\/span><span style=\"font-weight: inherit;\">iezb\u0119dne <\/span><span style=\"font-weight: inherit;\">do zachowania niekt\u00f3rych proces\u00f3w kom\u00f3rkowych, jednak gdy r\u00f3wnowaga prooksydacyjno-<\/span><span style=\"font-weight: inherit;\">antyoksydacyjna z wiekiem zostaje zaburzona, nadmiar wolnych rodnik\u00f3w <\/span><span style=\"font-weight: inherit;\">dzia\u0142a szkodliwie na nasz\u0105 sk\u00f3r\u0119. W\u00f3wczas mamy do czynienia z\u00a0 niszcz\u0105cym wp\u0142ywem na bia\u0142ka, lipidy oraz <\/span><span style=\"font-weight: inherit;\">kwasy nukleinowe w kom\u00f3rkach, a w rezultacie wi\u0105\u017ce si\u0119 to z widocznym starzeniem si\u0119 sk\u00f3ry, kt\u00f3ra traci j\u0119drno\u015b\u0107, zdrowy kolor, napi\u0119cie i \u015bwie\u017co\u015b\u0107. Na ratunek w takiej sytuacji przychodzi <\/span><span style=\"color: #808080;\"><em style=\"font-weight: inherit;\"><strong>oczyszczanie<\/strong><\/em><em style=\"font-weight: inherit;\"><strong> wodorowe.<\/strong><\/em><\/span><\/p>\n<p>&nbsp;<\/p>\n<div id=\"attachment_3195\" style=\"width: 189px\" class=\"wp-caption alignright\"><img decoding=\"async\" aria-describedby=\"caption-attachment-3195\" class=\"wp-image-3195 lazyload\" style=\"--smush-placeholder-width: 179px; --smush-placeholder-aspect-ratio: 179\/269;font-weight: inherit;\" title=\"Oczyszczanie wodorowe\" data-src=\"https:\/\/salon-urody.wroclaw.pl\/wp-content\/uploads\/2023\/02\/34790828_xxl-1-200x300.jpg\" alt=\"Oczyszczanie twarzy - Salon urody Wroc\u0142aw\" width=\"179\" height=\"269\" data-srcset=\"https:\/\/salon-urody.wroclaw.pl\/wp-content\/uploads\/2023\/02\/34790828_xxl-1-200x300.jpg 200w, https:\/\/salon-urody.wroclaw.pl\/wp-content\/uploads\/2023\/02\/34790828_xxl-1-683x1024.jpg 683w, https:\/\/salon-urody.wroclaw.pl\/wp-content\/uploads\/2023\/02\/34790828_xxl-1-100x150.jpg 100w, https:\/\/salon-urody.wroclaw.pl\/wp-content\/uploads\/2023\/02\/34790828_xxl-1-768x1152.jpg 768w, https:\/\/salon-urody.wroclaw.pl\/wp-content\/uploads\/2023\/02\/34790828_xxl-1-1024x1536.jpg 1024w, https:\/\/salon-urody.wroclaw.pl\/wp-content\/uploads\/2023\/02\/34790828_xxl-1-1365x2048.jpg 1365w, https:\/\/salon-urody.wroclaw.pl\/wp-content\/uploads\/2023\/02\/34790828_xxl-1-scaled.jpg 1707w\" data-sizes=\"(max-width: 179px) 100vw, 179px\" src=\"data:image\/svg+xml;base64,PHN2ZyB3aWR0aD0iMSIgaGVpZ2h0PSIxIiB4bWxucz0iaHR0cDovL3d3dy53My5vcmcvMjAwMC9zdmciPjwvc3ZnPg==\" \/><p id=\"caption-attachment-3195\" class=\"wp-caption-text\">Oczyszczanie wodorowe we Wroc\u0142awiu<\/p><\/div>\n<p style=\"text-align: left;\">Wprowadzaj\u0105c mikroskopijne cz\u0105stki aktywnego wodoru w g\u0142\u0105b sk\u00f3ry pod du\u017cym ci\u015bnieniem za pomoc\u0105 wody,\u00a0co w rezultacie prowadzi do wi\u0105zania si\u0119 <span style=\"font-weight: inherit;\">RFT z jonami wodoru, doprowadzaj\u0105c do powstania wody i czystego tlenu<\/span><span style=\"font-weight: inherit;\">.\u00a0 Kiedy cz\u0105steczki wodoru trafi\u0105 w g\u0142\u0119bokie struktury Twojej sk\u00f3ry rozpoczynaj\u0105 intensywn\u0105 prac\u0119.<\/span><\/p>\n<p>&nbsp;<\/p>\n<h4 style=\"text-align: center;\"><strong>Zabieg oczyszczania wodorowego swoj\u0105 skuteczno\u015b\u0107 zawdzi\u0119cza kilku etapom:<\/strong><\/h4>\n<ul>\n<li style=\"list-style-type: none;\">\n<ul>\n<li><span style=\"font-weight: inherit;\"><strong style=\"color: #0099cc;\">Neutralizacja wolnych rodnik\u00f3w za pomoc\u0105 wodorowej wody.<\/strong><\/span><\/li>\n<\/ul>\n<\/li>\n<\/ul>\n<p style=\"text-align: left;\">Neutralizacja wolnych rodnik\u00f3w nast\u0119puje po po\u0142\u0105czeniu si\u0119 z cz\u0105stk\u0105 aktywnego wodoru, w efekcie czego powstaje woda i tlen.<\/p>\n<ul>\n<li style=\"list-style-type: none;\">\n<ul>\n<li><strong style=\"color: #0099cc;\">Z\u0142uszczenie obumar\u0142ych warstw nask\u00f3rka<\/strong><\/li>\n<\/ul>\n<\/li>\n<\/ul>\n<p style=\"text-align: left;\">Przygotowanie sk\u00f3ry do przyj\u0119cia substancji aktywnych.<\/p>\n<ul>\n<li style=\"list-style-type: none;\">\n<ul>\n<li><strong style=\"color: #0099cc;\"> Dotlenienie<\/strong><\/li>\n<\/ul>\n<\/li>\n<\/ul>\n<p style=\"text-align: left;\">Tlen wspomaga mikrokr\u0105\u017cenie oraz cyrkulacj\u0119, dzi\u0119ki czemu wspomaga wch\u0142anianie substancji aktywnej. Jest on tak\u017ce istotny w produkcji elastyny i kolagenu.<\/p>\n<ul>\n<li style=\"list-style-type: none;\">\n<ul>\n<li><span id=\"Etap_IV_-_Rozprowadzenie_antyoksydantu_na_obszarze_zabiegowym\" class=\"ez-toc-section\"><strong style=\"color: #0099cc;\">Rozprowadzenie antyoksydantu na obszarze zabiegowym<\/strong><\/span><\/li>\n<\/ul>\n<\/li>\n<\/ul>\n<p style=\"text-align: left;\">Antyoksydanty\u00a0 maj\u0105 za zadanie zredukowa\u0107 uszkodzenia spowodowane w nask\u00f3rku przez wolne rodniki. Do antyoksydant\u00f3w o potwierdzonym dzia\u0142aniu mo\u017cemy zaliczy\u0107 m.in. koenzym Q10, witaminy A, C i E, kwas felurowy.<\/p>\n<ul>\n<li style=\"list-style-type: none;\">\n<ul>\n<li><span id=\"Etap_V_-_Wprowadzenie_antyoksydantu_do_przestrzeni_miedzykomorkowej\" class=\"ez-toc-section\"><strong style=\"color: #0099cc;\">Wprowadzenie antyoksydantu do przestrzeni mi\u0119dzykom\u00f3rkowej<\/strong><\/span><\/li>\n<\/ul>\n<\/li>\n<\/ul>\n<p style=\"text-align: left;\">Stosuj\u0105c mezoterapi\u0119 bezig\u0142ow\u0105, wykorzystuj\u0105c\u0105 ultrad\u017awi\u0119ki, wt\u0142aczamy antyoksydanty w g\u0142\u0105b sk\u00f3ry. Wysoka cz\u0119stotliwo\u015b\u0107 doprowadza do drga\u0144 kom\u00f3rek oraz efektu termicznego, a w efekcie pobudzenia kr\u0105\u017cenia krwi i limfy. Dzi\u0119ki temu poprawia si\u0119 metabolizm i regeneracja kom\u00f3rki, a tak\u017ce przepuszczalno\u015b\u0107 b\u0142ony kom\u00f3rkowej.<\/p>\n<ul>\n<li style=\"list-style-type: none;\">\n<ul>\n<li><span id=\"Etap_VI_-_Zabieg_anty-aging\" class=\"ez-toc-section\"><strong style=\"color: #0099cc;\">Zabieg anty-aging<\/strong><\/span><\/li>\n<\/ul>\n<\/li>\n<\/ul>\n<p style=\"text-align: left;\">Na zako\u0144czenie, przeprowadzamy lifting za pomoc\u0105 bipolarnej fali radiowej. Wykorzystanie pr\u0105du wysokiej cz\u0119stotliwo\u015bci prowadzi do powstania efektu termicznego. Pod wp\u0142ywem wysokiej temperatury w\u0142\u00f3kna kolagenowe ulegaj\u0105 skurczeniu, a p\u00f3\u017aniej tak\u017ce napi\u0119ciu. Przegrzanie przyczynia si\u0119 do <strong>stymulacji fibroblast\u00f3w<\/strong>, kt\u00f3re maj\u0105 znacz\u0105c\u0105 rol\u0119 w wytwarzaniu nowego<strong> kolagenu i elastyny.<\/strong><\/p>\n<p>&nbsp;<\/p>\n<p style=\"text-align: center;\"><span style=\"color: #808080;\"><strong>Zabieg oczyszczania wodorowego<\/strong><\/span> polecany jest zar\u00f3wno dla kobiet i m\u0119\u017cczyzn\u0105, niezale\u017cnie od wieku. W szczeg\u00f3lno\u015bci polecane jest osobom, kt\u00f3rych sk\u00f3ra nara\u017cona jest na dzia\u0142anie zanieczyszcze\u0144 miejskich.<\/p>\n<p><strong>Swoj\u0105 rol\u0119 spe\u0142ni w przypadku:<\/strong><\/p>\n<ul>\n<li>sk\u00f3ry wymagaj\u0105cej oczyszczenia<\/li>\n<li>sk\u00f3ry suchej, t\u0142ustej i mieszanej<\/li>\n<li>sk\u00f3ry tr\u0105dzikowej i naczyniowej<\/li>\n<li>sk\u00f3ry pozbawionej blasku<\/li>\n<li>sk\u00f3ry odwodnionej<\/li>\n<\/ul>\n<p><strong>Efektami zabiegu s\u0105:<\/strong><\/p>\n<ul>\n<li>neutralizacja wolnych rodnik\u00f3w &#8211; anti-aging,<\/li>\n<li>wyr\u00f3wnanie kolorytu sk\u00f3ry<\/li>\n<li>poprawa elastyczno\u015bci i j\u0119drno\u015bci<\/li>\n<li>rewitalizacja i g\u0142\u0119bokie nawil\u017cenie<\/li>\n<li>precyzyjne oczyszczenie i od\u015bwie\u017cenie sk\u00f3ry<\/li>\n<li>redukcja obrz\u0119k\u00f3w<\/li>\n<li>regulacja poziomu wydzielanego sebum<\/li>\n<\/ul>\n<h4 style=\"text-align: center;\"><strong style=\"color: #00bcd4;\">Efektami oczyszczania wodorowego cieszymy si\u0119 zaraz po zabiegu!<\/strong><\/h4>\n<p style=\"text-align: center;\"><strong>Cena zabiegu:<\/strong> 259,99 z\u0142<\/p>\n<p>Zadzwo\u0144 teraz: <a href=\"tel:50545777\">tel. 505455777<\/a><\/p>\n<p><a href=\"https:\/\/instytut27.booksy.com\">Rezerwuj online<\/a><\/p>\n<h3>Najcz\u0119\u015bciej zadawane pytania:<\/h3>\n<details>\n<summary>Co ile powinno si\u0119 robi\u0107 oczyszczanie wodorowe?<\/summary>\n<p>Zabieg mo\u017cna wykonywa\u0107 przez ca\u0142y rok. Dla uzyskania trwa\u0142ych efekt\u00f3w od\u015bwie\u017cenia, nawodnienia i odm\u0142odzenia sk\u00f3ry najlepiej dba\u0107 o regularne odst\u0119py 3-4 tygodni oraz wykona\u0107 seri\u0119 zabiegow\u0105. Wa\u017cne jest, aby nie za cz\u0119sto powtarza\u0107 zabieg (na przyk\u0142ad co 2 dni), poniewa\u017c mo\u017cemy w\u00f3wczas zaburzy\u0107 barier\u0119 ochronn\u0105 sk\u00f3ry i doprowadzi\u0107 do przet\u0142uszczania i pojawienia si\u0119 problematycznych zmian na jej powierzchni.<\/p>\n<\/details>\n<details>\n<summary>Kiedy wida\u0107 efekty po oczyszczaniu wodorowym?<\/summary>\n<p>Ju\u017c po pierwszym zabiegu dostrzegamy znacz\u0105 popraw\u0119 w strukturze sk\u00f3ry. Staje si\u0119 ona wyg\u0142adzona i wyr\u00f3wnana, a tak\u017ce oczyszczona i nawil\u017cona. Je\u015bli jednak zale\u017cy nam na osi\u0105gni\u0119ciu optymalnych rezultat\u00f3w, warto wykona\u0107 seri\u0119 zabieg\u00f3w w odst\u0119pach 3-4 tygodniowych. Po pierwszym zabiegu sk\u00f3ra staje si\u0119 bardziej promienna i od\u015bwie\u017cona. Mo\u017cna zauwa\u017cy\u0107 wyr\u00f3wnanie kolorytu sk\u00f3ry.<\/p>\n<\/details>\n<details>\n<summary>Jak wygl\u0105da twarz po oczyszczaniu wodorowym?<\/summary>\n<p>Po zabiegu <span style=\"color: #808080;\"><b>oczyszczania wodorowego <\/b><\/span>sk\u00f3ra jest g\u0142adka nawil\u017cona, od\u017cywiona i rozpromieniona. Wyg\u0142adzone zostaj\u0105 niewielkie zmarszczki. Sk\u00f3ra wygl\u0105da \u015bwie\u017co i m\u0142odo. Zabieg \u015bwietnie sprawdzi si\u0119 zar\u00f3wno przy sk\u00f3rze suchej, pozbawionej blasku, jak i naczyniowej lub z przebarwieniami i zask\u00f3rnikami. Po zabiegu mo\u017cemy \u015bmia\u0142o wr\u00f3ci\u0107 do codziennych obowi\u0105zk\u00f3w, poniewa\u017c tego typu oczyszczanie nie wyklucza nas z \u017cycia publicznego. Sk\u00f3ra jest w dobrym stanie, nie wyst\u0119puj\u0105 podra\u017cnienia, ani widoczne z\u0142uszczanie, a jedyne pozytywne efekty wizualne, takie jak wyr\u00f3wnanie kolorytu sk\u00f3ry.<\/p>\n<\/details>\n<details>\n<summary>Kiedy najlepiej zrobi\u0107 oczyszczanie wodorowe?<\/summary>\n<p>Zabieg mo\u017cemy wykonywa\u0107 ca\u0142y rok, nie uwra\u017cliwia na promienie s\u0142oneczne. Dzia\u0142a na wielu p\u0142aszczyznach, dlatego tak naprawd\u0119 jest skuteczny dla ka\u017cdego typu sk\u00f3ry. Oczyszcza, nawadnia, ma dzia\u0142anie antyoksydacyjne, anti-aging, roz\u015bwietla, zmniejsza widoczno\u015b\u0107 rozszerzonych por\u00f3w, napina sk\u00f3r\u0119. Jest dobry dla cery wra\u017cliwej, naczyniowej, problematycznej i suchej.<\/p>\n<\/details>\n<details>\n<summary>Co nam daje oczyszczanie wodorowe?<\/summary>\n<p>Zalecany jest dla os\u00f3b w ka\u017cdym wieku, zar\u00f3wno dla Pa\u0144 jak i Pan\u00f3w. Terapia wodorem i tlenem doskonale nawadnia sk\u00f3r\u0119 od podstaw, ale tak\u017ce dzia\u0142a redukuj\u0105co na wolne rodniki, co wi\u0105\u017ce si\u0119 z dzia\u0142aniem przeciwko starzeniu si\u0119 sk\u00f3ry. Oczyszczenie, nawodnienie i odm\u0142odzenie sk\u00f3ry- to wszystko podczas tego jednego zabiegu. Nast\u0119puje spowolnienie procesu starzenia si\u0119 sk\u00f3ry, kt\u00f3ra uzyskuje blask i \u015bwie\u017co\u015b\u0107, jest g\u0142\u0119boko oczyszczona i nawil\u017cona. Wzrost elastyczno\u015bci oraz wyr\u00f3wnanie kolorytu. Zmniejszona widoczno\u015b\u0107 por\u00f3w i eliminacja zask\u00f3rnik\u00f3w.<\/p>\n<\/details>\n<details>\n<summary>Ile czasu trwa zabieg oczyszczania wodorowego?<\/summary>\n<p>Zabieg trwa oko\u0142o godziny. Idealnym po\u0142\u0105czeniem, kt\u00f3re b\u0119dzie uzupe\u0142nieniem zabiegu jest zastosowanie maski algowej, kt\u00f3ra dodatkowo wyg\u0142adzi sk\u00f3r\u0119 i stworzy efekt okluzji, u\u0142atwiaj\u0105c penetracj\u0119 substancji aktywnych podczas zabiegu. Uzyskamy dzi\u0119ki niej tak\u017ce efekt odpr\u0119\u017cenia powiek i nawil\u017cenia ust oraz 20 minut relaksu.<\/p>\n<\/details>\n<details>\n<summary>Czy oczyszczanie wodorowe zmniejsza pory?<\/summary>\n<p>Wykorzystanie aktywnego wodoru niesie za sob\u0105 szereg korzy\u015bci- sk\u00f3ra staje si\u0119 g\u0142\u0119boko nawil\u017cona oraz oczyszczona. Pory zostaj\u0105 widocznie zw\u0119\u017cone i oczyszczone, co korzystnie niweluje problemy z tr\u0105dzikiem oraz zask\u00f3rnikami. Poprzez dostarczenie tlenu skutecznie redukujemy bakterie beztlenowe. Wod\u00f3r wprowadzony pod wysokim ci\u015bnieniem odpowiada za od\u017cywienie i napi\u0119cie.<\/p>\n<\/details>\n<details>\n<summary>Czy jeden zabieg oczyszczania wodorowego wystarczy?<\/summary>\n<p>Efekty i zadowolenie z zabiegu oczyszczania wodorowego s\u0105 widoczne cz\u0119sto ju\u017c po pierwszym zabiegu. Taki jednorazowy zabieg mo\u017ce by\u0107 odpowiedni dla os\u00f3b, kt\u00f3re utrzymuj\u0105 dobr\u0105 kondycj\u0119 sk\u00f3ry i chc\u0105 jedynie dokona\u0107 oczyszczenia i od\u015bwie\u017cenia wygl\u0105du sk\u00f3ry. Natomiast przeprowadzenie serii 3-4 zabieg\u00f3w oczyszczania wodorowego, wykonywanych w odst\u0119pach 3-4 tygodniowych zapewni d\u0142ugotrwa\u0142e rezultaty i redukcj\u0119 bardziej zaawansowanych problem\u00f3w sk\u00f3rnych. Tego rodzaju seria jest bardziej intensywna i skupia si\u0119 na konkretnych problemach sk\u00f3rnych, takich jak tr\u0105dzik, rozszerzone pory, nier\u00f3wny koloryt lub nier\u00f3wno\u015bci sk\u00f3ry.<\/p>\n<\/details>\n<details>\n<summary>Co jest lepsze oczyszczanie manualne czy wodorowe?<\/summary>\n<p>Zar\u00f3wno oczyszczanie manualne, jak i oczyszczanie wodorowe maj\u0105 swoje unikalne zalety i mog\u0105 by\u0107 skuteczne w zale\u017cno\u015bci od indywidualnych potrzeb sk\u00f3ry. Ostateczny wyb\u00f3r mi\u0119dzy tymi dwoma metodami zale\u017cy od preferencji, stanu sk\u00f3ry i oczekiwanych rezultat\u00f3w. Oczyszczanie wodorowe jest delikatne dla sk\u00f3ry, nie wymaga bezpo\u015bredniego dotyku ani uciskania, co mo\u017ce by\u0107 korzystne dla os\u00f3b z wra\u017cliw\u0105 sk\u00f3r\u0105 lub sk\u0142onno\u015bci\u0105 do podra\u017cnie\u0144. Natomiast je\u015bli sk\u00f3ra jest problematyczna, gruba. przet\u0142uszczaj\u0105ca si\u0119, to zdecydowanie nie ma przeciwwskaza\u0107, aby dok\u0142adnie oczy\u015bci\u0107 j\u0105 manualnie.<\/p>\n<\/details>\n<details>\n<summary>Czy po oczyszczaniu wodorowym twarz jest czerwona?<\/summary>\n<p>Oczyszczanie wodorowe nale\u017cy do zabieg\u00f3w \u0142agodnych, kt\u00f3ry nie powinien powodowa\u0107 d\u0142ugotrwa\u0142ego podra\u017cnienia sk\u00f3ry. Po zako\u0144czeniu zabiegu oczyszczania wodorowego, mo\u017ce pojawi\u0107 si\u0119 \u0142agodne zaczerwienienie sk\u00f3ry, kt\u00f3re jest wynikiem stymulacji kr\u0105\u017cenia i aktywacji sk\u00f3ry. To normalna reakcja i zazwyczaj ust\u0119puje w ci\u0105gu kilku godzin. Mo\u017ce si\u0119 r\u00f3wnie\u017c zdarzy\u0107, \u017ce sk\u00f3ra nie b\u0119dzie reagowa\u0107 zaczerwienieniem, a b\u0119dzie wygl\u0105da\u0107 na rozja\u015bnion\u0105 i od\u015bwie\u017con\u0105 bez znacz\u0105cych zmian kolorytu.<\/p>\n<\/details>\n<p>&nbsp;<\/p>\n<p><span style=\"color: grey;\"><strong>Zapraszamy do rezerwacji zabieg\u00f3w <\/strong><a href=\"https:\/\/instytut27.booksy.com\">online<\/a><\/span><\/p>\n<p>Zadzwo\u0144 teraz: <a href=\"tel:50545777\">tel. 505455777<\/a><\/p>\n<div class=\"fb-page\" data-href=\"https:\/\/www.facebook.com\/fitness.wroclaw\/?locale=pl_PL\" data-tabs=\"timeline\" data-width=\"200\" data-height=\"80\" data-small-header=\"false\" data-adapt-container-width=\"true\" data-hide-cover=\"false\" data-show-facepile=\"true\">\n<blockquote class=\"fb-xfbml-parse-ignore\" cite=\"https:\/\/www.facebook.com\/fitness.wroclaw\/?locale=pl_PL\">\n<p style=\"text-align: center;\">\n<\/blockquote>\n<\/div>\n","protected":false},"excerpt":{"rendered":"<p>Oczyszczanie wodorowe Zabieg \u0142\u0105cz\u0105cy w sobie zar\u00f3wno bezcenne dzia\u0142anie aktywnego wodoru, dog\u0142\u0119bnego oczyszczenia, nawil\u017cenia, rewitalizacj\u0119 oraz od\u017cywienie. Profesjonalny zabieg oczyszczania sk\u00f3ry za pomoc\u0105 aktywnego wodoru kompleksowo zadba o jej stan. Po\u0142\u0105czenie efekt\u00f3w, jakie zapewnia hydrabrazja, infuzja, ultrad\u017awi\u0119ki i bipolarna fala radiowa zapewni doskona\u0142y efekt i pe\u0142ne od\u015bwie\u017cenie. W walce z wolnymi rodnikami Od lat tematyka [&hellip;]<\/p>\n","protected":false},"author":9,"featured_media":2985,"parent":0,"menu_order":0,"comment_status":"closed","ping_status":"closed","template":"","meta":{"_uf_show_specific_survey":0,"_uf_disable_surveys":false,"__cvm_playback_settings":[],"__cvm_video_id":"","_glsr_average":0,"_glsr_ranking":0,"_glsr_reviews":0,"footnotes":""},"class_list":["post-3184","page","type-page","status-publish","has-post-thumbnail","czr-hentry"],"aioseo_notices":[],"_links":{"self":[{"href":"https:\/\/salon-urody.wroclaw.pl\/index.php\/wp-json\/wp\/v2\/pages\/3184","targetHints":{"allow":["GET"]}}],"collection":[{"href":"https:\/\/salon-urody.wroclaw.pl\/index.php\/wp-json\/wp\/v2\/pages"}],"about":[{"href":"https:\/\/salon-urody.wroclaw.pl\/index.php\/wp-json\/wp\/v2\/types\/page"}],"author":[{"embeddable":true,"href":"https:\/\/salon-urody.wroclaw.pl\/index.php\/wp-json\/wp\/v2\/users\/9"}],"replies":[{"embeddable":true,"href":"https:\/\/salon-urody.wroclaw.pl\/index.php\/wp-json\/wp\/v2\/comments?post=3184"}],"version-history":[{"count":2,"href":"https:\/\/salon-urody.wroclaw.pl\/index.php\/wp-json\/wp\/v2\/pages\/3184\/revisions"}],"predecessor-version":[{"id":4147,"href":"https:\/\/salon-urody.wroclaw.pl\/index.php\/wp-json\/wp\/v2\/pages\/3184\/revisions\/4147"}],"wp:featuredmedia":[{"embeddable":true,"href":"https:\/\/salon-urody.wroclaw.pl\/index.php\/wp-json\/wp\/v2\/media\/2985"}],"wp:attachment":[{"href":"https:\/\/salon-urody.wroclaw.pl\/index.php\/wp-json\/wp\/v2\/media?parent=3184"}],"curies":[{"name":"wp","href":"https:\/\/api.w.org\/{rel}","templated":true}]}}