{"id":315,"date":"2014-12-30T19:38:06","date_gmt":"2014-12-30T18:38:06","guid":{"rendered":"http:\/\/salon-urody.wroclaw.pl\/?page_id=315"},"modified":"2023-09-25T12:42:43","modified_gmt":"2023-09-25T10:42:43","slug":"masaze","status":"publish","type":"page","link":"https:\/\/salon-urody.wroclaw.pl\/index.php\/pielegnacja-ciala\/masaze\/","title":{"rendered":"Masa\u017c"},"content":{"rendered":"<p><img decoding=\"async\" class=\"size-medium wp-image-3698 alignleft lazyload\" data-src=\"https:\/\/salon-urody.wroclaw.pl\/wp-content\/uploads\/2023\/07\/20230711_231936_0000-200x300.png\" alt=\"\" width=\"200\" height=\"300\" data-srcset=\"https:\/\/salon-urody.wroclaw.pl\/wp-content\/uploads\/2023\/07\/20230711_231936_0000-200x300.png 200w, https:\/\/salon-urody.wroclaw.pl\/wp-content\/uploads\/2023\/07\/20230711_231936_0000-682x1024.png 682w, https:\/\/salon-urody.wroclaw.pl\/wp-content\/uploads\/2023\/07\/20230711_231936_0000-100x150.png 100w, https:\/\/salon-urody.wroclaw.pl\/wp-content\/uploads\/2023\/07\/20230711_231936_0000-768x1152.png 768w, https:\/\/salon-urody.wroclaw.pl\/wp-content\/uploads\/2023\/07\/20230711_231936_0000-1024x1536.png 1024w, https:\/\/salon-urody.wroclaw.pl\/wp-content\/uploads\/2023\/07\/20230711_231936_0000.png 1333w\" data-sizes=\"(max-width: 200px) 100vw, 200px\" src=\"data:image\/svg+xml;base64,PHN2ZyB3aWR0aD0iMSIgaGVpZ2h0PSIxIiB4bWxucz0iaHR0cDovL3d3dy53My5vcmcvMjAwMC9zdmciPjwvc3ZnPg==\" style=\"--smush-placeholder-width: 200px; --smush-placeholder-aspect-ratio: 200\/300;\" \/><\/p>\n<p><a href=\"https:\/\/salon-urody.wroclaw.pl\/index.php\/kobido-japonska-sztuka-zdrowia-i-harmonii-skory\/\"><strong>Masa\u017c<\/strong> <\/a>jest zabiegiem z zakresu fizjoterapii, polegaj\u0105cym na \u015bwiadomym, mechanicznym, spr\u0119\u017cystym odkszta\u0142caniu tkanek i narz\u0105d\u00f3w,\u00a0stwarzaj\u0105cym mo\u017cliwo\u015b\u0107 przywracania najbardziej optymalnego uk\u0142adu przestrzennego kom\u00f3rek, tkanek, narz\u0105d\u00f3w oraz uk\u0142ad\u00f3w.<\/p>\n<p>Jest r\u00f3wnie\u017c form\u0105 terapii, w kt\u00f3rej energia kinetyczna jest zamieniana w energi\u0119 mechaniczn\u0105 (ciepln\u0105) ukierunkowan\u0105 przede wszystkim na tkanki, maj\u0105c\u0105 bezpo\u015bredni jak i po\u015bredni wp\u0142yw na organizm.<\/p>\n<p>W <span style=\"color: #003300;\"><strong>masa\u017cu klasycznym<\/strong><\/span>\u00a0wykorzystuje si\u0119<strong>\u00a0<\/strong><em>techniki g\u0142askania<\/em>\u00a0&#8211; maj\u0105ce na celu zwi\u0119kszenie przep\u0142ywu krwi, podniesienie temperatury sk\u00f3ry, wzbudzenie potencja\u0142u receptor\u00f3w, og\u00f3lne rozlu\u017anienie;\u00a0<em>techniki rozcierania<\/em>\u00a0&#8211; umo\u017cliwiaj\u0105ce szybsze wch\u0142anianie obrz\u0119k\u00f3w i wysi\u0119k\u00f3w, uelastyczniaj\u0105ce masowan\u0105 tkank\u0119;\u00a0<em>techniki ugniatania<\/em>\u00a0&#8211; stanowi\u0105ce biern\u0105 gimnastyk\u0119 dla mi\u0119\u015bni i naczy\u0144, pobudzaj\u0105ce o\u015brodkowy uk\u0142ad nerwowy jak r\u00f3wnie\u017c przyspieszaj\u0105ce procesy regeneracyjne,\u00a0<em>oklepywanie<\/em>\u00a0&#8211; reguluj\u0105ce napi\u0119cie mi\u0119\u015bni, od\u017cywiaj\u0105ce tkanki;\u00a0<em>wibracja<\/em><strong>\u00a0<\/strong>\u2013 dzia\u0142aj\u0105ca przeciwb\u00f3lowo, przyspieszaj\u0105ca tworzenie si\u0119 kostniny;\u00a0<em>wstrz\u0105sanie<\/em>\u00a0\u2013 poprawiaj\u0105ce kr\u0105\u017cenie, zwi\u0119kszaj\u0105ce elastyczno\u015b\u0107 wi\u0119zade\u0142 jak r\u00f3wnie\u017c\u00a0<em>wyciskanie<\/em>\u00a0\u2013 umo\u017cliwiaj\u0105ce odprowadzenie ch\u0142onki i krwi \u017cylnej, zapobiegaj\u0105c obrz\u0119kom ch\u0142onnym.<\/p>\n<p>W naszym gabinecie ka\u017cdy masa\u017c rozpoczynamy od rozgrzania i odpr\u0119\u017cenia tkanki mi\u0119\u015bniowej\u00a0<strong>g\u0142\u0119bok\u0105 podczerwieni\u0105 <a href=\"https:\/\/salon-urody.wroclaw.pl\/index.php\/pielegnacja-twarzy\/fale-radiowe-rf-lifting-bez-skalpela\/\">InfraRed<\/a>.<\/strong><\/p>\n<p>Wykonujemy masa\u017ce ca\u0142o\u015bciowe kr\u0119gos\u0142upa jak r\u00f3wnie\u017c cz\u0119\u015bciowe, obejmuj\u0105ce\u00a0<em>szyj\u0119<\/em>\u00a0i\u00a0<em>kark<\/em>,\u00a0<em>odcinek l\u0119d\u017awiowo<\/em>\u00a0\u2013\u00a0<em>krzy\u017cowy<\/em>,\u00a0<em>okolic\u0119 obr\u0119czy barkowej<\/em>\u00a0oraz\u00a0<em>obr\u0119czy biodrowej<\/em>,\u00a0<em>stawy kolanowe<\/em>\u00a0jak r\u00f3wnie\u017c\u00a0<em>stopy<\/em>.<\/p>\n<p>&nbsp;<\/p>\n<p><strong><span style=\"color: #003300;\">Masa\u017c twarzy<\/span><\/strong>, szyi i dekoltu:<\/p>\n<div id=\"attachment_316\" style=\"width: 286px\" class=\"wp-caption alignleft\"><img decoding=\"async\" aria-describedby=\"caption-attachment-316\" class=\"wp-image-316 size-medium lazyload\" title=\"Masa\u017c twarzy_Wroc\u0142aw\" data-src=\"http:\/\/salon-urody.wroclaw.pl\/wp-content\/uploads\/2014\/12\/masa\u017c-twarzy-276x300.jpg\" alt=\"masa\u017c twarzy\" width=\"276\" height=\"300\" data-wp-pid=\"316\" data-srcset=\"https:\/\/salon-urody.wroclaw.pl\/wp-content\/uploads\/2014\/12\/masa\u017c-twarzy-276x300.jpg 276w, https:\/\/salon-urody.wroclaw.pl\/wp-content\/uploads\/2014\/12\/masa\u017c-twarzy-138x150.jpg 138w, https:\/\/salon-urody.wroclaw.pl\/wp-content\/uploads\/2014\/12\/masa\u017c-twarzy.jpg 432w\" data-sizes=\"(max-width: 276px) 100vw, 276px\" src=\"data:image\/svg+xml;base64,PHN2ZyB3aWR0aD0iMSIgaGVpZ2h0PSIxIiB4bWxucz0iaHR0cDovL3d3dy53My5vcmcvMjAwMC9zdmciPjwvc3ZnPg==\" style=\"--smush-placeholder-width: 276px; --smush-placeholder-aspect-ratio: 276\/300;\" \/><p id=\"caption-attachment-316\" class=\"wp-caption-text\">Masa\u017c twarzy Thalgo<\/p><\/div>\n<p>&nbsp;<\/p>\n<p>&nbsp;<\/p>\n<p>Jest doskona\u0142\u0105 form\u0105 relaksu \u00a0jak i \u00a0dodatkiem pasuj\u0105cym do ka\u017cdego zabiegu kosmetycznego.<\/p>\n<p>Opiera si\u0119 na odpowiednich technikach masa\u017cu, kt\u00f3re pozwalaj\u0105 nam si\u0119 zrelaksowa\u0107 i odpr\u0119\u017cy\u0107. Dzi\u0119ki masa\u017cowi twarzy, szyi\u00a0i dekoltu poprawia si\u0119 koloryt sk\u00f3ry, jej ukrwienie, a co za tym idzie do sk\u00f3ry i tkanek zostaje dostarczona wi\u0119ksza ilo\u015b\u0107 tlenu\u00a0i substancji od\u017cywczych. Wp\u0142ywa to na popraw\u0119 kolorytu i od\u017cywienia sk\u00f3ry.\u00a0<strong>Masa\u017c<\/strong>\u00a0dodatkowo zwi\u0119ksza absorpcje substancji aktywnych u\u017cytych podczas zabieg\u00f3w. Powolne relaksuj\u0105ce ruchy wprowadzaj\u0105 w pe\u0142en stan odpr\u0119\u017cenia. Jest bardzo popularny przy takich dolegliwo\u015bciach jak: stres, przem\u0119czenie, b\u00f3le g\u0142owy oraz b\u00f3le staw\u00f3w skroniowo &#8211; \u017cuchwowych.<\/p>\n<p>&nbsp;<\/p>\n<p>&nbsp;<\/p>\n<p>&nbsp;<\/p>\n<p><span style=\"color: #003300;\"><strong>Masa\u017c ba\u0144k\u0105 chi\u0144sk\u0105 &#8211; Wroc\u0142aw<\/strong><\/span><\/p>\n<div id=\"attachment_737\" style=\"width: 310px\" class=\"wp-caption alignright\"><a href=\"http:\/\/salon-urody.wroclaw.pl\/wp-content\/uploads\/2015\/02\/Masa\u017ce-relaksacyjne-w-Fantastic-Body-ju\u017c-od-39z\u0142.jpg\"><img decoding=\"async\" aria-describedby=\"caption-attachment-737\" class=\"wp-image-737 size-medium lazyload\" data-src=\"http:\/\/salon-urody.wroclaw.pl\/wp-content\/uploads\/2015\/02\/Masa\u017ce-relaksacyjne-w-Fantastic-Body-ju\u017c-od-39z\u0142-300x169.jpg\" alt=\"Masa\u017c relaksacyjny\" width=\"300\" height=\"169\" data-wp-pid=\"737\" data-srcset=\"https:\/\/salon-urody.wroclaw.pl\/wp-content\/uploads\/2015\/02\/Masa\u017ce-relaksacyjne-w-Fantastic-Body-ju\u017c-od-39z\u0142-300x169.jpg 300w, https:\/\/salon-urody.wroclaw.pl\/wp-content\/uploads\/2015\/02\/Masa\u017ce-relaksacyjne-w-Fantastic-Body-ju\u017c-od-39z\u0142-150x84.jpg 150w, https:\/\/salon-urody.wroclaw.pl\/wp-content\/uploads\/2015\/02\/Masa\u017ce-relaksacyjne-w-Fantastic-Body-ju\u017c-od-39z\u0142.jpg 634w\" data-sizes=\"(max-width: 300px) 100vw, 300px\" src=\"data:image\/svg+xml;base64,PHN2ZyB3aWR0aD0iMSIgaGVpZ2h0PSIxIiB4bWxucz0iaHR0cDovL3d3dy53My5vcmcvMjAwMC9zdmciPjwvc3ZnPg==\" style=\"--smush-placeholder-width: 300px; --smush-placeholder-aspect-ratio: 300\/169;\" \/><\/a><p id=\"caption-attachment-737\" class=\"wp-caption-text\">Masa\u017c relaksacyjny w Fantastic Body &#8211; Wroc\u0142aw<\/p><\/div>\n<p>Masa\u017c ba\u0144k\u0105 chi\u0144sk\u0105 wykonywany jest za pomoc\u0105 specjalnych gumowych baniek. Polega on\u00a0na zasysaniu sk\u00f3ry, tkanki podsk\u00f3rnej i t\u0142uszczowej do wn\u0119trza ba\u0144ki. Ma to za zadanie poprawi\u0107 kr\u0105\u017cenie podsk\u00f3rne, stanowi\u0105c intensywny rodzaj masa\u017cu.<\/p>\n<p>Najcz\u0119\u015bciej zabieg <em>ba\u0144kami chi\u0144skimi<\/em> wykonywany jest w przypadku cellulitu, ma\u0142o elastycznej sk\u00f3ry lub jako uzupe\u0142nienie masa\u017cu leczniczego np. kr\u0119gos\u0142upa czy te\u017c innych cz\u0119\u015bci cia\u0142a, chc\u0105c uzyska\u0107 efekt g\u0142\u0119bokiego przekrwienia tkanek oraz ich rozlu\u017anienia.<\/p>\n<p><em>Masa\u017c ba\u0144k\u0105 chi\u0144sk\u0105<\/em> bardzo intensywnie wp\u0142ywa na ukrwienie obj\u0119tych nim miejsc, dlatego te\u017c po zabiegu mog\u0105 wyst\u0105pi\u0107 zaczerwienienia, a nawet zasinienia, szczeg\u00f3lnie u os\u00f3b podatnych<br \/>\nna powstawanie siniak\u00f3w (krucho\u015b\u0107 naczynek w\u0142osowatych).<\/p>\n<p>Nale\u017cy r\u00f3wnie\u017c pami\u0119ta\u0107, \u017ce <em>masa\u017c<\/em> ten jest intensywny, cz\u0119sto w pocz\u0105tkowym dzia\u0142aniu nawet bolesny. Dla uzyskania najlepszych efekt\u00f3w zaleca si\u0119 wykonywa\u0107 go w serii 10 zabieg\u00f3w 2-3 razy w tygodniu.<\/p>\n<p>Wskazania :<\/p>\n<ul>\n<li>cellulit<\/li>\n<li>ma\u0142o elastyczna sk\u00f3ra<\/li>\n<li>wzmo\u017cone napi\u0119cie mi\u0119\u015bni<\/li>\n<li>przem\u0119czenie organizmu<\/li>\n<li>stymulacja uk\u0142adu odporno\u015bciowego organizmu<\/li>\n<li>zespo\u0142u b\u00f3lowe kr\u0119gos\u0142upa, przeci\u0105\u017cenia mi\u0119\u015bni<\/li>\n<\/ul>\n<p>Przeciwwskazania:<\/p>\n<ul>\n<li>sk\u0142onno\u015b\u0107 do tzw. paj\u0105czk\u00f3w (istnieje prawdopodobie\u0144stwo, \u017ce pojawi\u0105 si\u0119 nowe),\u00a0\u017cylaki,\u00a0zapalenia \u017cy\u0142 g\u0142\u0119bokich i powierzchownych,\u00a0zmiany sk\u00f3rne, zmiany ropne na sk\u00f3rze,\u00a0gor\u0105czka,\u00a0zmiany nowotworowe,\u00a0hemofilia (zaburzenia krzepliwo\u015bci krwi),\u00a0ci\u0105\u017ca i menstruacja (nie pracujemy w okolicy jamy brzusznej i kr\u0119gos\u0142upa l\u0119d\u017awiowego\/przeciwwskazanie wzgl\u0119dne),\u00a0obrz\u0119ki niewiadomego pochodzenia,\u00a0choroby zaka\u017ane,\u00a0niewyr\u00f3wnane wady i choroby serca,\u00a0nadci\u015bnienie t\u0119tnicze,\u00a0cukrzyca,\u00a0padaczka<\/li>\n<\/ul>\n<p>&nbsp;<\/p>\n<p>&nbsp;<\/p>\n<div id=\"attachment_1819\" style=\"width: 310px\" class=\"wp-caption alignleft\"><a href=\"http:\/\/salon-urody.wroclaw.pl\/wp-content\/uploads\/2014\/12\/stones.jpg\"><img decoding=\"async\" aria-describedby=\"caption-attachment-1819\" class=\"size-medium wp-image-1819 lazyload\" data-src=\"http:\/\/salon-urody.wroclaw.pl\/wp-content\/uploads\/2014\/12\/stones-300x194.jpg\" alt=\"Masa\u017c gor\u0105cymi kamieniami Fantastic Body\" width=\"300\" height=\"220\" data-wp-pid=\"1819\" src=\"data:image\/svg+xml;base64,PHN2ZyB3aWR0aD0iMSIgaGVpZ2h0PSIxIiB4bWxucz0iaHR0cDovL3d3dy53My5vcmcvMjAwMC9zdmciPjwvc3ZnPg==\" style=\"--smush-placeholder-width: 300px; --smush-placeholder-aspect-ratio: 300\/220;\" \/><\/a><p id=\"caption-attachment-1819\" class=\"wp-caption-text\"><strong>Masa\u017c<\/strong> gor\u0105cymi kamieniami Fantastic Body<\/p><\/div>\n<p><span style=\"color: #003300;\"><strong>Masa\u017c gor\u0105cymi kamieniami<\/strong><\/span><\/p>\n<div>\n<p>Ekskluzywny zabieg relaksacyjno &#8211; rozgrzewaj\u0105cy przeprowadzany w kameralnej atmosferze pozwoli Ci zapomnie\u0107 o codziennych stresach.<\/p>\n<div>Techniki\u00a0<strong>masa\u017cu gor\u0105cymi kamieniami<\/strong> starsze s\u0105 od samej akupunktury. Opieraj\u0105 si\u0119 na teorii przep\u0142ywu energii przez organizm poprzez aktywacj\u0119\u00a0o\u015brodk\u00f3w energii zwanych czakrami. Masa\u017c pobudza kr\u0105\u017cenie krwi i limfy, a tak\u017ce redukuje napi\u0119cie plec\u00f3w i b\u00f3le mi\u0119\u015bni. Bazaltowe kamienie wydobywa<img decoding=\"async\" class=\"size-medium wp-image-1821 alignright lazyload\" data-src=\"http:\/\/salon-urody.wroclaw.pl\/wp-content\/uploads\/2014\/12\/hot-stone-300x90.jpg\" alt=\"hot stone\" width=\"300\" height=\"190\" data-wp-pid=\"1821\" src=\"data:image\/svg+xml;base64,PHN2ZyB3aWR0aD0iMSIgaGVpZ2h0PSIxIiB4bWxucz0iaHR0cDovL3d3dy53My5vcmcvMjAwMC9zdmciPjwvc3ZnPg==\" style=\"--smush-placeholder-width: 300px; --smush-placeholder-aspect-ratio: 300\/190;\" \/>ne z dna ocean\u00f3w, naturalnie wyszlifowane przez dzia\u0142anie w\u00f3d i piask\u00f3w, odpowiednio rozgrzane pozwol\u0105 unormowa\u0107\u00a0przemian\u0119 materii i poprawi\u0107 odporno\u015b\u0107 organizmu. Pomocne dla ludzi prowadz\u0105cych stresuj\u0105cy tryb \u017cycia.<\/div>\n<h4>Serdecznie zapraszamy do zapoznania si\u0119 z naszymi zabiegami.<\/h4>\n<\/div>\n<p>[su_button url=&#8221;https:\/\/instytut27.booksy.com&#8221; target=&#8221;blank&#8221; style=&#8221;soft&#8221; size=&#8221;4&#8243; radius=&#8221;round&#8221; text_shadow=&#8221;1px 1px 1px #000000&#8243; rel=&#8221;nofollow&#8221;]Zarezerwuj online[\/su_button]<\/p>\n<div class=\"fb-page\" data-href=\"https:\/\/www.facebook.com\/fitness.wroclaw\/?locale=pl_PL\" data-tabs=\"timeline\" data-width=\"200\" data-height=\"80\" data-small-header=\"false\" data-adapt-container-width=\"true\" data-hide-cover=\"false\" data-show-facepile=\"true\">\n<blockquote class=\"fb-xfbml-parse-ignore\" cite=\"https:\/\/www.facebook.com\/fitness.wroclaw\/?locale=pl_PL\"><p>&nbsp;<\/p><\/blockquote>\n<\/div>\n","protected":false},"excerpt":{"rendered":"<p>Masa\u017c jest zabiegiem z zakresu fizjoterapii, polegaj\u0105cym na \u015bwiadomym, mechanicznym, spr\u0119\u017cystym odkszta\u0142caniu tkanek i narz\u0105d\u00f3w,\u00a0stwarzaj\u0105cym mo\u017cliwo\u015b\u0107 przywracania najbardziej optymalnego uk\u0142adu przestrzennego kom\u00f3rek, tkanek, narz\u0105d\u00f3w oraz uk\u0142ad\u00f3w. Jest r\u00f3wnie\u017c form\u0105 terapii, w kt\u00f3rej energia kinetyczna jest zamieniana w energi\u0119 mechaniczn\u0105 (ciepln\u0105) ukierunkowan\u0105 przede wszystkim na tkanki, maj\u0105c\u0105 bezpo\u015bredni jak i po\u015bredni wp\u0142yw na organizm. W masa\u017cu [&hellip;]<\/p>\n","protected":false},"author":1,"featured_media":737,"parent":110,"menu_order":0,"comment_status":"open","ping_status":"open","template":"","meta":{"_uf_show_specific_survey":0,"_uf_disable_surveys":false,"__cvm_playback_settings":[],"__cvm_video_id":"","_glsr_average":0,"_glsr_ranking":0,"_glsr_reviews":0,"footnotes":""},"class_list":["post-315","page","type-page","status-publish","has-post-thumbnail","czr-hentry"],"aioseo_notices":[],"_links":{"self":[{"href":"https:\/\/salon-urody.wroclaw.pl\/index.php\/wp-json\/wp\/v2\/pages\/315","targetHints":{"allow":["GET"]}}],"collection":[{"href":"https:\/\/salon-urody.wroclaw.pl\/index.php\/wp-json\/wp\/v2\/pages"}],"about":[{"href":"https:\/\/salon-urody.wroclaw.pl\/index.php\/wp-json\/wp\/v2\/types\/page"}],"author":[{"embeddable":true,"href":"https:\/\/salon-urody.wroclaw.pl\/index.php\/wp-json\/wp\/v2\/users\/1"}],"replies":[{"embeddable":true,"href":"https:\/\/salon-urody.wroclaw.pl\/index.php\/wp-json\/wp\/v2\/comments?post=315"}],"version-history":[{"count":0,"href":"https:\/\/salon-urody.wroclaw.pl\/index.php\/wp-json\/wp\/v2\/pages\/315\/revisions"}],"up":[{"embeddable":true,"href":"https:\/\/salon-urody.wroclaw.pl\/index.php\/wp-json\/wp\/v2\/pages\/110"}],"wp:featuredmedia":[{"embeddable":true,"href":"https:\/\/salon-urody.wroclaw.pl\/index.php\/wp-json\/wp\/v2\/media\/737"}],"wp:attachment":[{"href":"https:\/\/salon-urody.wroclaw.pl\/index.php\/wp-json\/wp\/v2\/media?parent=315"}],"curies":[{"name":"wp","href":"https:\/\/api.w.org\/{rel}","templated":true}]}}