{"id":29,"date":"2014-08-15T17:55:35","date_gmt":"2014-08-15T15:55:35","guid":{"rendered":"http:\/\/salon-urody.wroclaw.pl\/?page_id=29"},"modified":"2023-08-18T16:00:56","modified_gmt":"2023-08-18T14:00:56","slug":"lipo-laser","status":"publish","type":"page","link":"https:\/\/salon-urody.wroclaw.pl\/index.php\/pielegnacja-ciala\/lipo-laser\/","title":{"rendered":"Lipo Laser"},"content":{"rendered":"<p>&nbsp;<\/p>\n<div id=\"attachment_80\" style=\"width: 276px\" class=\"wp-caption alignright\"><img decoding=\"async\" aria-describedby=\"caption-attachment-80\" class=\"wp-image-80 lazyload\" data-src=\"http:\/\/salon-urody.wroclaw.pl\/wp-content\/uploads\/2014\/08\/LipoLaser-300x227.jpg\" alt=\"Lipo laser\" width=\"266\" height=\"202\" src=\"data:image\/svg+xml;base64,PHN2ZyB3aWR0aD0iMSIgaGVpZ2h0PSIxIiB4bWxucz0iaHR0cDovL3d3dy53My5vcmcvMjAwMC9zdmciPjwvc3ZnPg==\" style=\"--smush-placeholder-width: 266px; --smush-placeholder-aspect-ratio: 266\/202;\" \/><p id=\"caption-attachment-80\" class=\"wp-caption-text\">Lipo laser<\/p><\/div>\n<h2><span style=\"color: #999999;\"><strong>Lipo Laser<\/strong><\/span><\/h2>\n<h4>To jedna z ekskluzywniejszych metod wyszczuplania sylwetki w naszym salonie.<\/h4>\n<p><em>Lasery p\u00f3\u0142przewodnikowe &#8211; diodowe<\/em> stosowane s\u0105 do przezsk\u00f3rnej redukcji nadmiaru depozytu tkanki t\u0142uszczowej. Projekt aparatu powsta\u0142 w oparciu o prac\u0119 naukowo &#8211; medyczn\u0105 i przewy\u017csza pod wzgl\u0119dem oferowanej funkcjonalno\u015bci technicznej i mocy, wiele dost\u0119pnych na rynku urz\u0105dze\u0144.<\/p>\n<p>Dzia\u0142anie niskoenergetycznego lasera diodowego opiera si\u0119 na zastosowaniu fal o d\u0142ugo\u015bci od 600nm do 680nm. Ze wzgl\u0119du na nisk\u0105 energie emitowan\u0105 przez diody\u00a0stymuluj\u0105ce okre\u015bla si\u0119 go potocznie <span style=\"color: #999999;\"><strong>&#8222;zimnym laserem&#8221;<\/strong><\/span>. Promieniowanie bez trudu przenika przez sk\u00f3r\u0119 i dociera do tkanki t\u0142uszczowej, nie wchodz\u0105c jednak w reakcje z innymi tkankami organizmu, co gwarantuje wysokie bezpiecze\u0144stwo i bezbolesno\u015b\u0107 wykonywanego zabiegu. D\u0142ugo\u015b\u0107 fali skupia si\u0119 na adipocytach w tkance podsk\u00f3rnej pomi\u0119dzy sk\u00f3r\u0105 w\u0142a\u015bciw\u0105 a mi\u0119\u015bniami, zmniejszaj\u0105c ich obj\u0119to\u015b\u0107 bez wzgl\u0119du na grubo\u015b\u0107 tkanki t\u0142uszczowej. Dzi\u0119ki temu z powodzeniem z tej metody korzystaj\u0105 nawet osoby szczup\u0142e, chc\u0105ce skutecznie wymodelowa\u0107 drobne niedoskona\u0142o\u015bci.<\/p>\n<p>Promieniowania laserowe stymuluje mitochondria wewn\u0105trz adipocyt\u00f3w zwi\u0119kszaj\u0105c poziom lipazy, co doprowadza do rozk\u0142adu tr\u00f3jgliceryd\u00f3w na kwasy t\u0142uszczowe, glicerol i wod\u0119. Stosunkowo niewielkie rozmiary tych cz\u0105steczek umo\u017cliwiaj\u0105 \u0142atwiejsze wydalenie ich poprzez b\u0142on\u0119 mi\u0119dzykom\u00f3rkow\u0105 do przestrzeni \u015br\u00f3dmi\u0105\u017cszowej. Wykorzystuj\u0105c fizjologiczne i metaboliczne procesy regulacyjne organizmu, <span style=\"color: #999999;\"><strong>laser lipolityczny<\/strong><\/span> usuwa powsta\u0142\u0105 w trakcie lipolizy emulsje t\u0142uszczow\u0105. Dzi\u0119ki emulsyfikacji kom\u00f3rki t\u0142uszczowe ulegaj\u0105 procesowi obkurczenia. Wa\u017cn\u0105 rol\u0119 w procesie rozk\u0142adu odgrywa te\u017c uk\u0142ad odporno\u015bciowy, dlatego w trakcie zabiegu <span style=\"color: #999999;\"><strong>laser biostymulacyjny<\/strong><\/span> umieszcza si\u0119 tak\u017ce nad okolicznymi w\u0119z\u0142ami ch\u0142onnymi w celu pobudzenia ich dzia\u0142ania.<\/p>\n<p>Dzia\u0142anie energii zimnego lasera w po\u0142\u0105czeniu z intensywnym masa\u017cem limfatycznym,<a href=\"https:\/\/salon-urody.wroclaw.pl\/index.php\/pielegnacja-ciala\/fale-radiowe-na-cialo\/\"> falami RF<\/a> i podczerwieni\u0105 zmniejsza obj\u0119to\u015b\u0107 kom\u00f3rek t\u0142uszczowych, co skutkuje ubytkiem od 3 do 10 centymetr\u00f3w w obwodach cia\u0142a ju\u017c po kilku zabiegach.<\/p>\n<p>Podsumowuj\u0105c <span style=\"color: #999999;\"><strong>Lipo Laser<\/strong><\/span> dostarcza pacjentowi alternatywn\u0105 i bezpieczniejsz\u0105 od chirurgicznej metod\u0119<a href=\"https:\/\/salon-urody.wroclaw.pl\/index.php\/pakiety-odchudzajace\/\"> wysmuklania sylwetki.<\/a>\u00a0Nie wi\u0105\u017ce si\u0119 z powstawaniem siniak\u00f3w, opuchlizny czy ryzykiem uszkodzenia tkanek okalaj\u0105cych b\u0105d\u017a powstawania pooperacyjnych zakrzep\u00f3w. Niepotrzebne jest tak\u017ce noszenie przez kilka tygodni, jak po operacji, bielizny uciskowej.<\/p>\n<p>Poniewa\u017c zabieg jest bezbolesny niewymagane jest stosowanie znieczulenia, nawet miejscowego. Pacjent bezpo\u015brednio po zabiegu mo\u017ce wr\u00f3ci\u0107 do wykonywania codziennych czynno\u015bci, gdy\u017c nie jest skazany na okres rekonwalescencji dzi\u0119ki bezinwazyjno\u015bci procesu.<\/p>\n<h4>Przeciwwskazania:<\/h4>\n<ul>\n<li>Ci\u0105\u017ca i okres karmienia piersi\u0105,<\/li>\n<li>menstruacja,<\/li>\n<li>przyjmowanie lek\u00f3w hormonalnych,<\/li>\n<li>rozrusznik serca,<\/li>\n<li>defibrylator,<\/li>\n<li>przewlek\u0142e choroby nerek,<\/li>\n<li>tendencje do p\u0119kania naczynek lub powstawania \u017cylak\u00f3w,<\/li>\n<li>nowotwory,<\/li>\n<li>uczulenie na swiat\u0142o,<\/li>\n<li>cukrzyca,<\/li>\n<li>zmiany zakrzepowe,<\/li>\n<li>choroby zapalne sk\u00f3ry,<\/li>\n<li>bliznowiec,<\/li>\n<li>terapia Accutantem lub Roaccutantem (minimum 6 miesi\u0119cy).<\/li>\n<\/ul>\n<p><img decoding=\"async\" class=\"size-medium wp-image-650 aligncenter lazyload\" data-src=\"http:\/\/salon-urody.wroclaw.pl\/wp-content\/uploads\/2015\/02\/LipoLaser.jpg\" alt=\"LipoLaser\" width=\"400\" height=\"300\" src=\"data:image\/svg+xml;base64,PHN2ZyB3aWR0aD0iMSIgaGVpZ2h0PSIxIiB4bWxucz0iaHR0cDovL3d3dy53My5vcmcvMjAwMC9zdmciPjwvc3ZnPg==\" style=\"--smush-placeholder-width: 400px; --smush-placeholder-aspect-ratio: 400\/300;\" \/><\/p>\n<p>&nbsp;<\/p>\n<p>Ceny zabieg\u00f3w:<\/p>\n<table style=\"height: 135px;\" width=\"770\" cellspacing=\"0\" cellpadding=\"4\">\n<tbody>\n<tr>\n<td valign=\"top\" width=\"531\">\u00a0 \u00a0brzuch + boczki 8 g\u0142owic +2 &#8211; 250 z\u0142<\/td>\n<\/tr>\n<tr>\n<td valign=\"top\" width=\"531\">\u00a0 \u00a0brzuch + uda 8 g\u0142owic +2 &#8211; 250 z\u0142<\/td>\n<\/tr>\n<tr>\n<td valign=\"top\" width=\"531\">\u00a0 \u00a0ramiona 4 g\u0142owice &#8211; 150\u00a0z\u0142<\/td>\n<\/tr>\n<\/tbody>\n<\/table>\n<p>Promocja: <strong><span style=\"color: #cc99ff;\">Pakiet VIP 6 zabieg\u00f3w <\/span><\/strong>Lipolaser+Vella &#8211; PAKIET VIP 6 ZABIEG\u00d3W- 890 z\u0142 zamiast 1490 z\u0142 &#8211; \u00a0oferta dost\u0119pna wy\u0142\u0105cznie <a style=\"font-family: 'Open Sans'; font-size: 16px; font-weight: inherit;\" title=\"rejestracja\" href=\"https:\/\/instytut27.booksy.com\" target=\"_blank\" rel=\"noopener noreferrer\">on line<\/a><\/p>\n<hr \/>\n<p>&nbsp;<\/p>\n","protected":false},"excerpt":{"rendered":"<p>&nbsp; Lipo Laser To jedna z ekskluzywniejszych metod wyszczuplania sylwetki w naszym salonie. Lasery p\u00f3\u0142przewodnikowe &#8211; diodowe stosowane s\u0105 do przezsk\u00f3rnej redukcji nadmiaru depozytu tkanki t\u0142uszczowej. Projekt aparatu powsta\u0142 w oparciu o prac\u0119 naukowo &#8211; medyczn\u0105 i przewy\u017csza pod wzgl\u0119dem oferowanej funkcjonalno\u015bci technicznej i mocy, wiele dost\u0119pnych na rynku urz\u0105dze\u0144. Dzia\u0142anie niskoenergetycznego lasera diodowego opiera [&hellip;]<\/p>\n","protected":false},"author":1,"featured_media":47,"parent":110,"menu_order":0,"comment_status":"open","ping_status":"open","template":"","meta":{"_uf_show_specific_survey":0,"_uf_disable_surveys":false,"__cvm_playback_settings":[],"__cvm_video_id":"","_glsr_average":0,"_glsr_ranking":0,"_glsr_reviews":0,"footnotes":""},"class_list":["post-29","page","type-page","status-publish","has-post-thumbnail","czr-hentry"],"aioseo_notices":[],"_links":{"self":[{"href":"https:\/\/salon-urody.wroclaw.pl\/index.php\/wp-json\/wp\/v2\/pages\/29","targetHints":{"allow":["GET"]}}],"collection":[{"href":"https:\/\/salon-urody.wroclaw.pl\/index.php\/wp-json\/wp\/v2\/pages"}],"about":[{"href":"https:\/\/salon-urody.wroclaw.pl\/index.php\/wp-json\/wp\/v2\/types\/page"}],"author":[{"embeddable":true,"href":"https:\/\/salon-urody.wroclaw.pl\/index.php\/wp-json\/wp\/v2\/users\/1"}],"replies":[{"embeddable":true,"href":"https:\/\/salon-urody.wroclaw.pl\/index.php\/wp-json\/wp\/v2\/comments?post=29"}],"version-history":[{"count":0,"href":"https:\/\/salon-urody.wroclaw.pl\/index.php\/wp-json\/wp\/v2\/pages\/29\/revisions"}],"up":[{"embeddable":true,"href":"https:\/\/salon-urody.wroclaw.pl\/index.php\/wp-json\/wp\/v2\/pages\/110"}],"wp:featuredmedia":[{"embeddable":true,"href":"https:\/\/salon-urody.wroclaw.pl\/index.php\/wp-json\/wp\/v2\/media\/47"}],"wp:attachment":[{"href":"https:\/\/salon-urody.wroclaw.pl\/index.php\/wp-json\/wp\/v2\/media?parent=29"}],"curies":[{"name":"wp","href":"https:\/\/api.w.org\/{rel}","templated":true}]}}