{"id":2877,"date":"2021-02-19T02:29:32","date_gmt":"2021-02-19T01:29:32","guid":{"rendered":"https:\/\/salon-urody.wroclaw.pl\/?page_id=2877"},"modified":"2025-08-07T20:31:11","modified_gmt":"2025-08-07T18:31:11","slug":"ems-body-sculpt-brazylijskie-posladki","status":"publish","type":"page","link":"https:\/\/salon-urody.wroclaw.pl\/index.php\/ems-body-sculpt-brazylijskie-posladki\/","title":{"rendered":"EMS Body Sculpt &#8211; Brazylijskie po\u015bladki"},"content":{"rendered":"<h3>EMS Body Sculpt &#8211; modelowanie sylwetki<\/h3>\n<h4><span style=\"color: #666699;\">Dumnie uniesione Brazylijskie po\u015bladki i do tego brzuch pi\u0119kny i g\u0142adki?<\/span><\/h4>\n<p><a href=\"https:\/\/instytut27.booksy.com\">Rezerwuj online<\/a><\/p>\n<p>Ramiona wyrze\u017abione i uda wysmuklone? Teraz to mo\u017cliwe!<\/p>\n<p>Wprowadzamy innowacyjne urz\u0105dzenie, kt\u00f3re nie tylko poprawi Twoj\u0105 sylwetk\u0119, ale co wa\u017cniejsze, przy obecnych ograniczeniach, obudzi do \u017cycia mi\u0119\u015bnie wszystkich newralgicznych partii Twojego cia\u0142a.<\/p>\n<p><a href=\"https:\/\/instytut27.booksy.com\"><span style=\"color: #999999;\"><strong>EMS Body Sculpt<\/strong><\/span> <\/a>System to pierwsze urz\u0105dzenie na rynku medycyny estetycznej \u0142\u0105cz\u0105ce w sobie intensywn\u0105 stymulacj\u0119 mi\u0119\u015bni przy jednoczesnej redukcji tkanki t\u0142uszczowej.<\/p>\n<p>Seria minimum 8 zabieg\u00f3w redukuje a\u017c do 20% grubo\u015bci tkanki t\u0142uszczowej , zwi\u0119kszaj\u0105c przy tym obj\u0119to\u015b\u0107 i wytrzyma\u0142o\u015b\u0107 mi\u0119\u015bni o 16%.<\/p>\n<p>Technologia HIFEM [ High Intesity Focused\u00a0Electro \u2013 Magnetic\u00a0Technology] elektromagnetycznie stymuluje mi\u0119\u015bnie interwa\u0142ami o wysokiej cz\u0119stotliwo\u015bci.<\/p>\n<p>Przyrost masy mi\u0119\u015bniowej przyczynia si\u0119 do zwi\u0119kszenia zapotrzebowania mi\u0119\u015bni na paliwo bezpo\u015brednio pobierane z okalaj\u0105cej tkanki t\u0142uszczowej, co prowadzi do aktywnego rozpadu &#8211; apoptozy kom\u00f3rek t\u0142uszczowych (adipocyt\u00f3w)<\/p>\n<p><iframe data-src=\"https:\/\/player.vimeo.com\/video\/515261039\" width=\"640\" height=\"564\" frameborder=\"0\" allowfullscreen=\"allowfullscreen\" src=\"data:image\/svg+xml;base64,PHN2ZyB3aWR0aD0iMSIgaGVpZ2h0PSIxIiB4bWxucz0iaHR0cDovL3d3dy53My5vcmcvMjAwMC9zdmciPjwvc3ZnPg==\" class=\"lazyload\" data-load-mode=\"1\"><\/iframe><\/p>\n<p>Unikatowe G\u0142owice Magnetyczne wspomagaj\u0105 rze\u017abienie 4 g\u0142\u00f3wnych grup mi\u0119\u015bni:<\/p>\n<p>mi\u0119\u015bnie poprzeczne, sko\u015bne i proste brzucha, a tak\u017ce mi\u0119sie\u0144 piramidowy odpowiedzialny za napinanie kresy bia\u0142ej.<\/p>\n<h4><a href=\"https:\/\/instytut27.booksy.com\"><span style=\"color: #999999;\"><strong>Brazylijskie Po\u015bladki<\/strong><\/span><\/a><\/h4>\n<p>rozbuduj mi\u0119sie\u0144 po\u015bladkowy wielki, \u015bredni i ma\u0142y za pomoc\u0105 g\u0142owic EMS Body Sculpt, kt\u00f3re w ci\u0105gu 20 minut wysy\u0142aj\u0105 do mi\u0119\u015bnia ok 20 000 impuls\u00f3w elektro-magnetycznych b\u0119d\u0105cych odpowiednikiem intensywnego 3 godzinnego treningu. Dzi\u0119ki temu pierwszy raz mamy mo\u017cliwo\u015b\u0107 zwi\u0119kszenia spr\u0119\u017cysto\u015bci i obj\u0119to\u015bci po\u015bladk\u00f3w osi\u0105gaj\u0105c efekt naturalnego liftu bezbole\u015bnie i bez u\u017cycia skalpela.<\/p>\n<h4><a href=\"https:\/\/salon-urody.wroclaw.pl\/index.php\/ems-body-sculpt-brazylijskie-posladki\/\"><span style=\"color: #999999;\"><strong>Kuba\u0144skie Uda<\/strong><\/span><\/a><\/h4>\n<p>marz\u0105 Ci si\u0119 j\u0119drne, pi\u0119knie napi\u0119te uda jak u J. Lo? Seria zabieg\u00f3w pozwoli na\u00a0 stymulacj\u0119 i subtelne zarysowanie mi\u0119\u015bni czworog\u0142owych uda, redukcj\u0105 cellulitu i wiotko\u015bci sk\u00f3ry.<\/p>\n<p>Smuk\u0142e, zadbane ramiona bez pelikan\u00f3w?<\/p>\n<p>Teraz jest to mo\u017cliwe dzi\u0119ki jednoczesnej stymulacji biceps i triceps.<\/p>\n<p><a href=\"https:\/\/instytut27.booksy.com\">Rezerwuj online<\/a><\/p>\n<p>&nbsp;<\/p>\n<h4>Najcz\u0119\u015bciej zadawane pytania:<\/h4>\n<details>\n<summary>Czy trening EMS co\u015b daje?<\/summary>\n<p>To forma treningu, w kt\u00f3rej u\u017cywane s\u0105 impulsy elektryczne do stymulacji mi\u0119\u015bni. Przede wszystkim, EMS mo\u017ce pom\u00f3c w wzmocnieniu mi\u0119\u015bni i zwi\u0119kszeniu ich obj\u0119to\u015bci, podobnie jak tradycyjny trening si\u0142owy. Dodatkowo, EMS mo\u017ce pom\u00f3c w poprawie si\u0142y mi\u0119\u015bniowej i wytrzyma\u0142o\u015bci. EMS mo\u017ce stanowi\u0107 uzupe\u0142nienie dla regularnego treningu.<\/p>\n<\/details>\n<details>\n<summary>Ile mo\u017cna schudn\u0105\u0107 z EMS?<\/summary>\n<p>Technologia HIFEM (High-Intensity Focused ElectroMagnetic Technology) czyli zaawansowana technologia elektromagnetyczna o wysokiej intensywno\u015bci, pozwala na spalanie tkanki t\u0142uszczowej, redukcj\u0119 uporczywego cellulitu, wzmocnienie i rozbudowanie tkanki mi\u0119\u015bniowej. Trening EMS, podobnie jak inne formy treningu, mo\u017ce pom\u00f3c w utracie wagi poprzez zwi\u0119kszenie spalania kalorii, wzmacnianie mi\u0119\u015bni i zwi\u0119kszanie metabolizmu. Regularne wykonywanie treningu EMS w po\u0142\u0105czeniu z odpowiedni\u0105 diet\u0105 i og\u00f3lnie aktywnym stylem \u017cycia mo\u017ce przyczyni\u0107 si\u0119 do trwa\u0142ej utraty wagi. Wa\u017cne jest r\u00f3wnie\u017c zrozumienie, \u017ce utrata wagi jest procesem, kt\u00f3ry wymaga czasu, cierpliwo\u015bci i konsekwencji. Zr\u00f3wnowa\u017cony i zdrowy spadek wagi wynosi zazwyczaj od 0,5 kg do 1 kg na tydzie\u0144.<\/p>\n<\/details>\n<details>\n<summary>Ile razy w tygodniu mo\u017cna robi\u0107 trening EMS?<\/summary>\n<p>Jedna sesja w tygodniu mo\u017ce okaza\u0107 si\u0119 wystarczaj\u0105ca dla os\u00f3b, kt\u00f3re rozpoczynaj\u0105 przygod\u0119 z tego typu zabiegami i wysi\u0142kiem fizycznym.\u00a0Je\u017celi ju\u017c masz pewne do\u015bwiadczenie treningowe i cia\u0142o jest gotowe na wi\u0119ksze wyzwanie, mo\u017cesz rozwa\u017cy\u0107 wykonanie dw\u00f3ch trening\u00f3w EMS w tygodniu. Jednak wa\u017cne jest, aby da\u0107 mi\u0119\u015bniom odpowiedni czas na regeneracj\u0119 mi\u0119dzy sesjami treningowymi. Je\u017celi Twoje predyspozycje fizyczne oraz og\u00f3lny stan zdrowia pozwalaj\u0105 na intensywniejszy wysi\u0142ek, a Tw\u00f3j cel jest szybka utrata wagi, mo\u017cliwe jest przeprowadzenie nawet dw\u00f3ch trening\u00f3w EMS w tygodniu. Jednak nale\u017cy to robi\u0107 z umiarem i monitorowa\u0107 reakcj\u0119 swojego cia\u0142a, aby unikn\u0105\u0107 nadmiernego obci\u0105\u017cenia mi\u0119\u015bniowego i kontuzji.<\/p>\n<\/details>\n<details>\n<summary>Jak ubra\u0107 si\u0119 na trening EMS?<\/summary>\n<p>Podczas treningu EMS zaleca si\u0119 noszenie odpowiedniego stroju, kt\u00f3ry umo\u017cliwi swobodne i wygodne wykonywanie \u0107wicze\u0144. Oto kilka wskaz\u00f3wek dotycz\u0105cych ubioru na trening EMS: wybierz przylegaj\u0105cy str\u00f3j, wybierz elastyczne materia\u0142y, usu\u0144 metalowe przedmioty, wybierz odpowiedni\u0105, wygodn\u0105 bielizn\u0119.<\/p>\n<\/details>\n<details>\n<summary>Czy EMS buduje mi\u0119\u015bnie?<\/summary>\n<p>Tak, trening EMS mo\u017ce przyczyni\u0107 si\u0119 do wzrostu i wzmocnienia mi\u0119\u015bni. Metoda EMS wykorzystuje impulsy elektryczne do stymulowania skurcz\u00f3w mi\u0119\u015bni. Te skurcze s\u0105 silniejsze i bardziej intensywne ni\u017c te, kt\u00f3re mo\u017cna osi\u0105gn\u0105\u0107 podczas tradycyjnego treningu si\u0142owego. Podczas treningu EMS impulsy elektryczne s\u0105 dostarczane do mi\u0119\u015bni za po\u015brednictwem elektrod umieszczonych na ciele. Te impulsy powoduj\u0105 skurcze mi\u0119\u015bni, kt\u00f3re anga\u017cuj\u0105 wi\u0119ksz\u0105 liczb\u0119 w\u0142\u00f3kien mi\u0119\u015bniowych ni\u017c podczas tradycyjnego treningu. W rezultacie mi\u0119\u015bnie s\u0105 mocniej i intensywniej stymulowane, co mo\u017ce prowadzi\u0107 do wzrostu si\u0142y i masy mi\u0119\u015bniowej.<\/p>\n<\/details>\n<details>\n<summary>Czy trening EMS m\u0119czy?<\/summary>\n<p>Trening EMS mo\u017ce by\u0107 intensywny i wywo\u0142ywa\u0107 zm\u0119czenie mi\u0119\u015bniowe, podobnie jak tradycyjny trening si\u0142owy. Impulsy elektryczne dostarczane podczas treningu EMS powoduj\u0105 silne skurcze mi\u0119\u015bni, kt\u00f3re anga\u017cuj\u0105 wi\u0119ksz\u0105 liczb\u0119 w\u0142\u00f3kien mi\u0119\u015bniowych. To mo\u017ce prowadzi\u0107 do odczucia zm\u0119czenia mi\u0119\u015bniowego podczas i po treningu. Podczas samego treningu EMS, uczucie zm\u0119czenia mo\u017ce by\u0107 zauwa\u017calne, poniewa\u017c mi\u0119\u015bnie intensywnie pracuj\u0105 pod wp\u0142ywem impuls\u00f3w elektrycznych. Po treningu EMS mo\u017ce pojawi\u0107 si\u0119 uczucie og\u00f3lnego zm\u0119czenia, podobnie jak po innym intensywnym treningu. Stopie\u0144 zm\u0119czenia jest zale\u017cny od intensywno\u015bci zabiegu.<\/p>\n<\/details>\n<details>\n<summary>Jak wygl\u0105da trening EMS?<\/summary>\n<p>EMS (Elektryczna Stymulacja Mi\u0119\u015bni) jest form\u0105 treningu opart\u0105 na impulsach elektrycznych do indukowania skurcz\u00f3w mi\u0119\u015bni. W trakcie treningu EMS, elektrody s\u0105 umieszczone na sk\u00f3rze wok\u00f3\u0142 okre\u015blonych grup mi\u0119\u015bniowych, na przyk\u0142ad mi\u0119sie\u0144 po\u015bladkowy wielki, \u015bredni i ma\u0142y lub mi\u0119\u015bnie brzucha. Nast\u0119pnie urz\u0105dzenie EMS dostarcza impulsy elektryczne, kt\u00f3re powoduj\u0105 skurcze mi\u0119\u015bni, imituj\u0105c naturalny sygna\u0142 nerwowy. Mo\u017ce to prowadzi\u0107 do skurcz\u00f3w mi\u0119\u015bniowych, kt\u00f3re na\u015bladuj\u0105 te wyst\u0119puj\u0105ce podczas tradycyjnego treningu si\u0142owego. Podczas skurczu mi\u0119\u015bnia, dochodzi do jego skracania i napinania, co pobudza procesy adaptacyjne w mi\u0119\u015bniach, takie jak wzrost si\u0142y i obj\u0119to\u015bci. Jedn\u0105 z pozytywnych cech treningu EMS jest to, \u017ce mo\u017ce on zaanga\u017cowa\u0107 wi\u0119ksz\u0105 liczb\u0119 w\u0142\u00f3kien mi\u0119\u015bniowych ni\u017c podczas tradycyjnego treningu.<\/p>\n<\/details>\n<details>\n<summary>Ile kosztuje trening EMS?<\/summary>\n<p>W naszym Instytucie Urody znajd\u0105 Pa\u0144stwo mn\u00f3stwo kombinacji oraz pakiet\u00f3w zabiegowych. Jest mo\u017cliwo\u015b\u0107 skorzystania jednorazowo z jednej g\u0142owicy EMS na mi\u0119\u015bnie brzucha lub dw\u00f3ch g\u0142owic na po\u015bladki przyk\u0142adowo i w\u00f3wczas jest to kolejno 250 z\u0142 za 1 g\u0142owice i 380 za 2 g\u0142owice. Istnieje r\u00f3wnie\u017c opcja pakietu 3 zabiegi +1 gratis: 1 g\u0142owica (750 z\u0142), 2 g\u0142owice (1080 z\u0142) oraz pakiet 6 + 2 zabiegi gratis dla 1 g\u0142owicy (1320 z\u0142) i 2 g\u0142owice (1920 z\u0142).<\/p>\n<\/details>\n<details>\n<summary>Czy po treningu EMS s\u0105 zakwasy?<\/summary>\n<p>Zesp\u00f3\u0142 op\u00f3\u017anionego b\u00f3lu mi\u0119\u015bniowego (DOMS) to powszechna reakcja organizmu na nowy lub intensywny trening, w\u0142\u0105czaj\u0105c w to trening EMS. Jest zwi\u0105zany z mikrouszkodzeniami w\u0142\u00f3kien mi\u0119\u015bniowych i procesami zapalnymi, kt\u00f3re wyst\u0119puj\u0105 w mi\u0119\u015bniach w odpowiedzi na nietypowe lub intensywne obci\u0105\u017cenie. B\u00f3l i uczucie sztywno\u015bci mi\u0119\u015bniowej, cz\u0119sto wyst\u0119puj\u0105 24 do 48 godzin po treningu. Mog\u0105 utrzymywa\u0107 si\u0119 przez kilka dni i ust\u0119powa\u0107 stopniowo. Tego typu objawy s\u0105 cz\u0119\u015bciej odczuwane, gdy mi\u0119\u015bnie s\u0105 nadmiernie obci\u0105\u017cone lub s\u0105 poddane nowym rodzajom ruch\u00f3w lub intensywno\u015bci treningu, czego przyk\u0142adem mo\u017ce by\u0107 trening EMS. Zakwasy po treningu EMS s\u0105 naturaln\u0105 reakcj\u0105 organizmu na przystosowanie si\u0119 do nowego bod\u017aca treningowego. Mikrouszkodzenia mi\u0119\u015bniowe s\u0105 cz\u0119\u015bci\u0105 procesu adaptacji, w kt\u00f3rym mi\u0119\u015bnie staj\u0105 si\u0119 silniejsze i bardziej wytrzyma\u0142e w odpowiedzi na kolejne treningi.<\/p>\n<\/details>\n<details>\n<summary>Czy EMS boli?<\/summary>\n<p>W trakcie zabiegu dochodzi do hiperkurcz\u00f3w mi\u0119\u015bni &#8211; w ci\u0105gu 20 minut wywo\u0142ujemy ich a\u017c 20000-22000. EMS BODY SCULPT dzia\u0142a tylko na nerwy ruchowe, bez ingerencji w nerwy czuciowe, dzi\u0119ki czemu zabieg jest zupe\u0142nie bezbolesny.<\/p>\n<\/details>\n<div id=\"fb-root\"><a href=\"https:\/\/instytut27.booksy.com\">Rezerwuj online<\/a><\/div>\n<div>Zadzwo\u0144 teraz: <a href=\"tel:50545777\">tel. 505455777<\/a><\/div>\n","protected":false},"excerpt":{"rendered":"<p>EMS Body Sculpt &#8211; modelowanie sylwetki Dumnie uniesione Brazylijskie po\u015bladki i do tego brzuch pi\u0119kny i g\u0142adki? Rezerwuj online Ramiona wyrze\u017abione i uda wysmuklone? Teraz to mo\u017cliwe! Wprowadzamy innowacyjne urz\u0105dzenie, kt\u00f3re nie tylko poprawi Twoj\u0105 sylwetk\u0119, ale co wa\u017cniejsze, przy obecnych ograniczeniach, obudzi do \u017cycia mi\u0119\u015bnie wszystkich newralgicznych partii Twojego cia\u0142a. EMS Body Sculpt System [&hellip;]<\/p>\n","protected":false},"author":1,"featured_media":0,"parent":0,"menu_order":0,"comment_status":"closed","ping_status":"closed","template":"","meta":{"_uf_show_specific_survey":0,"_uf_disable_surveys":false,"__cvm_playback_settings":[],"__cvm_video_id":"","_glsr_average":0,"_glsr_ranking":0,"_glsr_reviews":0,"footnotes":""},"class_list":["post-2877","page","type-page","status-publish","czr-hentry"],"aioseo_notices":[],"_links":{"self":[{"href":"https:\/\/salon-urody.wroclaw.pl\/index.php\/wp-json\/wp\/v2\/pages\/2877","targetHints":{"allow":["GET"]}}],"collection":[{"href":"https:\/\/salon-urody.wroclaw.pl\/index.php\/wp-json\/wp\/v2\/pages"}],"about":[{"href":"https:\/\/salon-urody.wroclaw.pl\/index.php\/wp-json\/wp\/v2\/types\/page"}],"author":[{"embeddable":true,"href":"https:\/\/salon-urody.wroclaw.pl\/index.php\/wp-json\/wp\/v2\/users\/1"}],"replies":[{"embeddable":true,"href":"https:\/\/salon-urody.wroclaw.pl\/index.php\/wp-json\/wp\/v2\/comments?post=2877"}],"version-history":[{"count":3,"href":"https:\/\/salon-urody.wroclaw.pl\/index.php\/wp-json\/wp\/v2\/pages\/2877\/revisions"}],"predecessor-version":[{"id":4121,"href":"https:\/\/salon-urody.wroclaw.pl\/index.php\/wp-json\/wp\/v2\/pages\/2877\/revisions\/4121"}],"wp:attachment":[{"href":"https:\/\/salon-urody.wroclaw.pl\/index.php\/wp-json\/wp\/v2\/media?parent=2877"}],"curies":[{"name":"wp","href":"https:\/\/api.w.org\/{rel}","templated":true}]}}