{"id":279,"date":"2014-12-28T16:54:20","date_gmt":"2014-12-28T15:54:20","guid":{"rendered":"http:\/\/salon-urody.wroclaw.pl\/?page_id=279"},"modified":"2023-06-16T16:56:28","modified_gmt":"2023-06-16T14:56:28","slug":"absolute-hydration-ritual-thalgo","status":"publish","type":"page","link":"https:\/\/salon-urody.wroclaw.pl\/index.php\/pielegnacja-twarzy\/absolute-hydration-ritual-thalgo\/","title":{"rendered":"Zabiegi Thalgo: Absolute Hydration i inne rytua\u0142y"},"content":{"rendered":"<p><em><strong>Absolute Hydration Ritual Thalgo<\/strong><\/em><\/p>\n<p><a href=\"http:\/\/salon-urody.wroclaw.pl\/wp-content\/uploads\/2015\/02\/Absolute-Hydration-Thalgo.jpg\"><img decoding=\"async\" class=\"alignnone size-medium wp-image-881 lazyload\" data-src=\"http:\/\/salon-urody.wroclaw.pl\/wp-content\/uploads\/2015\/02\/Absolute-Hydration-Thalgo-227x300.jpg\" alt=\"Absolute Hydration Thalgo\" width=\"250\" height=\"300\" src=\"data:image\/svg+xml;base64,PHN2ZyB3aWR0aD0iMSIgaGVpZ2h0PSIxIiB4bWxucz0iaHR0cDovL3d3dy53My5vcmcvMjAwMC9zdmciPjwvc3ZnPg==\" style=\"--smush-placeholder-width: 250px; --smush-placeholder-aspect-ratio: 250\/300;\" \/><\/a><\/p>\n<p><span style=\"color: #333399;\">Zabieg intensywnie nawil\u017caj\u0105cy z kompleksem Seve Bleue<\/span><\/p>\n<p>Niezwyk\u0142y nawil\u017caj\u0105co \u2013 relaksuj\u0105cy rytua\u0142, kt\u00f3ry zaspakaja potrzeby ka\u017cdej odwodnionej sk\u00f3ry. Zaczerpni\u0119ty z g\u0142\u0119bin oceanu kompleks Seve Bleue dostarcza do samego serca kom\u00f3rek ca\u0142e bogactwo morskich sk\u0142adnik\u00f3w \u2013 mikro, makroelementy, minera\u0142y, pierwiastki \u015bladowe. <span style=\"color: #333399;\">W po\u0142\u0105czeniu z kwasem hialuronowym zapewnia d\u0142ugotrwa\u0142e nawil\u017cenie oraz pobudza naturalny proces detoksykacji sk\u00f3ry, zapewniaj\u0105c jej \u015bwie\u017cy i promienny wygl\u0105d<\/span>. Nieod\u0142\u0105czn\u0105 cz\u0119\u015bci\u0105 zabiegu jest stymuluj\u0105cy masa\u017c ramion, dekoltu i twarzy wspomagaj\u0105cy mikro-kr\u0105\u017cenie oraz absorpcj\u0119 substancji nawil\u017caj\u0105cych.<\/p>\n<p>Sk\u0142adniki aktywne w zabiegu:<\/p>\n<p>Opatentowany kompleks <span style=\"color: #333399;\"><em>Seve Bleue<\/em><\/span> \u2013 ekskluzywny aktywny sk\u0142adnik z g\u0142\u0119bi oceanu, nasycony minera\u0142ami i mikroelementami. Spolaryzowany dla maksymalnej penetracji w g\u0142\u0105b sk\u00f3ry oraz zamkni\u0119ty w kapsu\u0142kach dla optymalnego nawil\u017cenia i remineralizacji ka\u017cdej kom\u00f3rki nask\u00f3rka.<\/p>\n<p><span style=\"color: #333399;\"><em>Hydra \u2013 diffusin<\/em>e<\/span> \u2013 egzopolisacharydy z Burkholderia Caribensis (mikroorganizmy z francuskich Karaib\u00f3w, kt\u00f3re maja w\u0142a\u015bciwo\u015bci gromadzenia wody) \u2013 stymuluje syntez\u0119 akwaporyn (bia\u0142ka w b\u0142onach kom\u00f3rkowych), odpowiedzialnych z transport wody ze sk\u00f3ry w\u0142a\u015bciwej do nask\u00f3rka.<\/p>\n<p><span style=\"color: #333399;\"><em>Hyalurophyline<\/em><\/span> \u2013 ekstrakt z fio\u0142ka tr\u00f3jbarwnego (bratek polny) bogaty w oligosacharydy. Reguluje proces zatrzymywania wody w sk\u00f3rze poprzez stymulacj\u0119 syntezy nask\u00f3rkowego kwasy hialuronowego.<\/p>\n<p><span style=\"color: #333399;\"><em>Lumisource<\/em><\/span> \u2013 ekstrakt z Candida saitoana (grzyb, kt\u00f3ry jest obecny w florze bakteryjnej sk\u00f3ry, wychwytuje i niszczy utlenione wi\u0105zania lipid\u00f3w i protein, uwalniaj\u0105c je do kolejnego obiegu) \u2013 stymuluje proces naturalnej detoksykacji i roz\u015bwietla sk\u00f3r\u0119.<\/p>\n<p><span style=\"color: #333399;\"><em>Kwas hialuronowy<\/em><\/span> \u2013 wyg\u0142adza i wype\u0142nia, jak g\u0105bka wi\u0105\u017ce wod\u0119, zapewniaj\u0105c d\u0142ugotrwa\u0142e nawil\u017cenie.<\/p>\n<p>Wskazania: sk\u00f3ra odwodniona, szara, zm\u0119czona, pozbawiona blasku, potrzebuj\u0105ca nawil\u017cenia i wyg\u0142adzenia.<\/p>\n<p>Cel: d\u0142ugotrwa\u0142e nawil\u017cenie, wyg\u0142adzenie, usuni\u0119cie oznak zm\u0119czenia sk\u00f3ry,<br \/>\nsp\u0142ycenie drobnych zmarszczek i nadanie promiennego wygl\u0105du.<\/p>\n<p>Czas trwania zabiegu: 60 minut<\/p>\n<p>Cz\u0119stotliwo\u015b\u0107: seria 3 \u2013 6 zabieg\u00f3w, 1 raz w tygodniu, zalecana dwa razy w ci\u0105gu roku.<\/p>\n<p>Przeciwwskazania: sk\u00f3ra tr\u0105dzikowa, uczulenie na sk\u0142adniki zawarte w preparatach.<\/p>\n<p><a href=\"http:\/\/salon-urody.wroclaw.pl\/wp-content\/uploads\/2015\/02\/Absolute-Hydration.jpg\"><img decoding=\"async\" class=\"alignnone size-medium wp-image-575 lazyload\" data-src=\"http:\/\/salon-urody.wroclaw.pl\/wp-content\/uploads\/2015\/02\/Absolute-Hydration.jpg\" alt=\"Absolute Hydration\" width=\"400\" height=\"300\" src=\"data:image\/svg+xml;base64,PHN2ZyB3aWR0aD0iMSIgaGVpZ2h0PSIxIiB4bWxucz0iaHR0cDovL3d3dy53My5vcmcvMjAwMC9zdmciPjwvc3ZnPg==\" style=\"--smush-placeholder-width: 400px; --smush-placeholder-aspect-ratio: 400\/300;\" \/><\/a><\/p>\n<h4>Serdecznie zapraszamy do zapoznania si\u0119 z naszymi zabiegami.<\/h4>\n<p>[su_button url=&#8221;https:\/\/instytut27.booksy.com&#8221; target=&#8221;blank&#8221; background=&#8221;#9acd32&#8243; style=&#8221;soft&#8221; size=&#8221;4&#8243; radius=&#8221;round&#8221; text_shadow=&#8221;1px 1px 1px #000000&#8243; rel=&#8221;nofollow&#8221;]Rezerwacja online[\/su_button]<span style=\"line-height: 1.5;\"><\/p>\n","protected":false},"excerpt":{"rendered":"<p>Absolute Hydration Ritual Thalgo Zabieg intensywnie nawil\u017caj\u0105cy z kompleksem Seve Bleue Niezwyk\u0142y nawil\u017caj\u0105co \u2013 relaksuj\u0105cy rytua\u0142, kt\u00f3ry zaspakaja potrzeby ka\u017cdej odwodnionej sk\u00f3ry. Zaczerpni\u0119ty z g\u0142\u0119bin oceanu kompleks Seve Bleue dostarcza do samego serca kom\u00f3rek ca\u0142e bogactwo morskich sk\u0142adnik\u00f3w \u2013 mikro, makroelementy, minera\u0142y, pierwiastki \u015bladowe. W po\u0142\u0105czeniu z kwasem hialuronowym zapewnia d\u0142ugotrwa\u0142e nawil\u017cenie oraz pobudza naturalny [&hellip;]<\/p>\n","protected":false},"author":1,"featured_media":0,"parent":113,"menu_order":0,"comment_status":"open","ping_status":"open","template":"","meta":{"_uf_show_specific_survey":0,"_uf_disable_surveys":false,"__cvm_playback_settings":[],"__cvm_video_id":"","_glsr_average":0,"_glsr_ranking":0,"_glsr_reviews":0,"footnotes":""},"class_list":["post-279","page","type-page","status-publish","czr-hentry"],"aioseo_notices":[],"_links":{"self":[{"href":"https:\/\/salon-urody.wroclaw.pl\/index.php\/wp-json\/wp\/v2\/pages\/279","targetHints":{"allow":["GET"]}}],"collection":[{"href":"https:\/\/salon-urody.wroclaw.pl\/index.php\/wp-json\/wp\/v2\/pages"}],"about":[{"href":"https:\/\/salon-urody.wroclaw.pl\/index.php\/wp-json\/wp\/v2\/types\/page"}],"author":[{"embeddable":true,"href":"https:\/\/salon-urody.wroclaw.pl\/index.php\/wp-json\/wp\/v2\/users\/1"}],"replies":[{"embeddable":true,"href":"https:\/\/salon-urody.wroclaw.pl\/index.php\/wp-json\/wp\/v2\/comments?post=279"}],"version-history":[{"count":0,"href":"https:\/\/salon-urody.wroclaw.pl\/index.php\/wp-json\/wp\/v2\/pages\/279\/revisions"}],"up":[{"embeddable":true,"href":"https:\/\/salon-urody.wroclaw.pl\/index.php\/wp-json\/wp\/v2\/pages\/113"}],"wp:attachment":[{"href":"https:\/\/salon-urody.wroclaw.pl\/index.php\/wp-json\/wp\/v2\/media?parent=279"}],"curies":[{"name":"wp","href":"https:\/\/api.w.org\/{rel}","templated":true}]}}