{"id":277,"date":"2014-12-28T16:51:34","date_gmt":"2014-12-28T15:51:34","guid":{"rendered":"http:\/\/salon-urody.wroclaw.pl\/?page_id=277"},"modified":"2023-06-16T17:00:52","modified_gmt":"2023-06-16T15:00:52","slug":"silicum-marine-treatment","status":"publish","type":"page","link":"https:\/\/salon-urody.wroclaw.pl\/index.php\/pielegnacja-twarzy\/absolute-hydration-ritual-thalgo\/silicum-marine-treatment\/","title":{"rendered":"Silicium Marine Treatment Thalgo"},"content":{"rendered":"<h3><\/h3>\n<h3><em>SILICIUM MARINE TREATMENT THALGO<\/em><\/h3>\n<h3><em><a href=\"http:\/\/salon-urody.wroclaw.pl\/wp-content\/uploads\/2015\/02\/Thalgo-Fantastic-Body.jpg\"><img decoding=\"async\" class=\"size-medium wp-image-826 alignnone lazyload\" data-src=\"http:\/\/salon-urody.wroclaw.pl\/wp-content\/uploads\/2015\/02\/Thalgo-Fantastic-Body.jpg\" alt=\"Thalgo - Fantastic Body\" width=\"300\" height=\"400\" src=\"data:image\/svg+xml;base64,PHN2ZyB3aWR0aD0iMSIgaGVpZ2h0PSIxIiB4bWxucz0iaHR0cDovL3d3dy53My5vcmcvMjAwMC9zdmciPjwvc3ZnPg==\" style=\"--smush-placeholder-width: 300px; --smush-placeholder-aspect-ratio: 300\/400;\" \/><\/a><\/em><\/h3>\n<p>Luksusowy <span style=\"color: #333399;\">odm\u0142adzaj\u0105co\u00a0&#8211;\u00a0liftinguj\u0105cy<\/span> zabieg, kt\u00f3ry wykracza poza klasyczn\u0105 kosmetyk\u0119. Ju\u017c po jednym zabiegu sk\u00f3ra mo\u017ce wygl\u0105da\u0107 o <span style=\"color: #333399;\">5 lat m\u0142odziej.<\/span> Wysokoskoncentrowane sk\u0142adniki aktywne (<em>kwas hialuronowy, kolgen, krzem morski, czerwone algi Meristotheca i JaniaRubens<\/em>) oraz nowatorski masa\u017c <span style=\"color: #333399;\">Derma-Stim Massage<\/span> zapewniaj\u0105 natychmiastowy efekt liftingu. W trakcie zabiegu aplikowane s\u0105 <span style=\"color: #333399;\">dwie maski \u2013 kolagenowa<\/span> z kwasem hialuronowym oraz<span style=\"color: #333399;\"> modeluj\u0105ca Cryo-Modelling Mask<\/span>. Zabieg modeluje owal twarzy, uelastycznia i napina sk\u00f3r\u0119, sp\u0142yca zmarszczki i drobne linie, pobudza produkcj\u0119 kolagenu i elastyny.<\/p>\n<div id=\"pageDescription\" class=\"content\">\n<p><span style=\"color: #333399;\">Wskazania:<\/span> sk\u00f3ra zwiotcza\u0142a z widocznymi zmarszczkami, potrzebuj\u0105ca uj\u0119drnienia, od\u017cywienia, regeneracji<\/p>\n<p><span style=\"color: #333399;\">Cel:<\/span> <span style=\"color: #000000;\">zabieg ma na celu zregenerowa\u0107, wyg\u0142adzi\u0107 i uj\u0119drni\u0107 sk\u00f3r\u0119, wype\u0142ni\u0107 zmarszczki oraz wymodelowa\u0107 owal twarzy<\/span><\/p>\n<p>Sk\u0142adniki aktywne zabiegu:<\/p>\n<ul>\n<li><em>Marine Silicium Complex<\/em> \u2013 po\u0142\u0105czenie du\u017cych moleku\u0142 kwasu hialuronowego (HMW)\u00a0z mukopolisacharydami z Kopary oraz z ma\u0142ymi moleku\u0142ami kwasu hialuronowego (MW)\u00a0i krzemem \u2013 dzia\u0142anie uj\u0119drniaj\u0105ce z efektem liftingu oraz stymuluj\u0105ce fibroblasty\u00a0do syntezy kwasu hialuronowego<\/li>\n<li><em>Czerwone algi Meristotheca Dakarensis i Jania Rubens<\/em> \u2013 dzia\u0142anie spowalniaj\u0105ce rozpad kwasu hialurownowego (hamuj\u0105 enzym hialurodinaz\u0119)<\/li>\n<li><em>PalKMO2K (Matrixyl 6) <\/em>\u2013 peptyd nowej generacji, stymuluje produkcj\u0119 kolagenu typu I, III, IV, lamininy i kwasu hialurownowego<\/li>\n<li><em>Kofeina <\/em>\u2013 wyszczupla<img decoding=\"async\" class=\"size-medium wp-image-833 alignright lazyload\" data-src=\"http:\/\/salon-urody.wroclaw.pl\/wp-content\/uploads\/2015\/02\/Thalgo-Lift-Legnicka-72.jpg\" alt=\"Thalgo Lift Legnicka 72\" width=\"300\" height=\"400\" src=\"data:image\/svg+xml;base64,PHN2ZyB3aWR0aD0iMSIgaGVpZ2h0PSIxIiB4bWxucz0iaHR0cDovL3d3dy53My5vcmcvMjAwMC9zdmciPjwvc3ZnPg==\" style=\"--smush-placeholder-width: 300px; --smush-placeholder-aspect-ratio: 300\/400;\" \/><\/li>\n<li><em>Olej Jojoba<\/em> \u2013 dzia\u0142anie od\u017cywcze i ochronne<\/li>\n<li><em>Mas\u0142o Shea <\/em>\u2013 od\u017cywia, wyg\u0142adza, anty-oksydant<\/li>\n<\/ul>\n<p>Czas zabiegu: 90 minut, 105 minut (z fal\u0105 radiow\u0105).<\/p>\n<p>Przeciwwskazania: uczulenie na sk\u0142adniki zawarte w preparatach, sk\u00f3ra tr\u0105dzikowa.<\/p>\n<p>Cz\u0119stotliwo\u015b\u0107 wykonywania zabieg\u00f3w: seria 3 zabieg\u00f3w \u2013 1 w tygodniu; z fal\u0105 radiow\u0105 raz na 3 tygodnie.<\/p>\n<h4>Serdecznie zapraszamy do zapoznania si\u0119 z naszymi zabiegami.<\/h4>\n<p>[su_button url=&#8221;https:\/\/instytut27.booksy.com&#8221; target=&#8221;blank&#8221; background=&#8221;#9acd32&#8243; style=&#8221;soft&#8221; size=&#8221;4&#8243; radius=&#8221;round&#8221; text_shadow=&#8221;1px 1px 1px #000000&#8243; rel=&#8221;nofollow&#8221;]Rezerwacja online[\/su_button]<span style=\"line-height: 1.5;\"><\/p>\n","protected":false},"excerpt":{"rendered":"<p>SILICIUM MARINE TREATMENT THALGO Luksusowy odm\u0142adzaj\u0105co\u00a0&#8211;\u00a0liftinguj\u0105cy zabieg, kt\u00f3ry wykracza poza klasyczn\u0105 kosmetyk\u0119. Ju\u017c po jednym zabiegu sk\u00f3ra mo\u017ce wygl\u0105da\u0107 o 5 lat m\u0142odziej. Wysokoskoncentrowane sk\u0142adniki aktywne (kwas hialuronowy, kolgen, krzem morski, czerwone algi Meristotheca i JaniaRubens) oraz nowatorski masa\u017c Derma-Stim Massage zapewniaj\u0105 natychmiastowy efekt liftingu. W trakcie zabiegu aplikowane s\u0105 dwie maski \u2013 kolagenowa z [&hellip;]<\/p>\n","protected":false},"author":1,"featured_media":0,"parent":279,"menu_order":0,"comment_status":"open","ping_status":"open","template":"","meta":{"_uf_show_specific_survey":0,"_uf_disable_surveys":false,"__cvm_playback_settings":[],"__cvm_video_id":"","_glsr_average":0,"_glsr_ranking":0,"_glsr_reviews":0,"footnotes":""},"class_list":["post-277","page","type-page","status-publish","czr-hentry"],"aioseo_notices":[],"_links":{"self":[{"href":"https:\/\/salon-urody.wroclaw.pl\/index.php\/wp-json\/wp\/v2\/pages\/277","targetHints":{"allow":["GET"]}}],"collection":[{"href":"https:\/\/salon-urody.wroclaw.pl\/index.php\/wp-json\/wp\/v2\/pages"}],"about":[{"href":"https:\/\/salon-urody.wroclaw.pl\/index.php\/wp-json\/wp\/v2\/types\/page"}],"author":[{"embeddable":true,"href":"https:\/\/salon-urody.wroclaw.pl\/index.php\/wp-json\/wp\/v2\/users\/1"}],"replies":[{"embeddable":true,"href":"https:\/\/salon-urody.wroclaw.pl\/index.php\/wp-json\/wp\/v2\/comments?post=277"}],"version-history":[{"count":0,"href":"https:\/\/salon-urody.wroclaw.pl\/index.php\/wp-json\/wp\/v2\/pages\/277\/revisions"}],"up":[{"embeddable":true,"href":"https:\/\/salon-urody.wroclaw.pl\/index.php\/wp-json\/wp\/v2\/pages\/279"}],"wp:attachment":[{"href":"https:\/\/salon-urody.wroclaw.pl\/index.php\/wp-json\/wp\/v2\/media?parent=277"}],"curies":[{"name":"wp","href":"https:\/\/api.w.org\/{rel}","templated":true}]}}