{"id":2746,"date":"2023-03-23T19:46:04","date_gmt":"2023-03-23T18:46:04","guid":{"rendered":"http:\/\/salon-urody.wroclaw.pl\/?page_id=2746"},"modified":"2023-08-21T11:21:21","modified_gmt":"2023-08-21T09:21:21","slug":"kurs-kriolipoliza","status":"publish","type":"page","link":"https:\/\/salon-urody.wroclaw.pl\/index.php\/kurs-kriolipoliza\/","title":{"rendered":"Kurs &#8211; Kriolipoliza"},"content":{"rendered":"<h4 class=\"site-title\">Kurs kriolipolizy | Instytut Urody\u00a0 Wroc\u0142aw<\/h4>\n<div data-v-1a907fab=\"\"><\/div>\n<div class=\"meta-description\" data-v-1a907fab=\"\">Kurs kriolipolizy &#8211; zabiegu wymra\u017cania tkanki t\u0142uszczowej.<\/div>\n<div class=\"meta-description\" data-v-1a907fab=\"\">Kurs odbywa si\u0119 na urz\u0105dzeniu z mo\u017cliwo\u015bci\u0105 pod\u0142\u0105czenia czterech g\u0142owic jednocze\u015bnie.<\/div>\n<p>[su_button url=&#8221;https:\/\/instytut27.booksy.com&#8221; target=&#8221;blank&#8221; style=&#8221;soft&#8221; size=&#8221;4&#8243; radius=&#8221;round&#8221; text_shadow=&#8221;1px 1px 1px #000000&#8243; rel=&#8221;nofollow&#8221;]Zarezerwuj online[\/su_button]<\/p>\n<div id=\"fb-root\"><a href=\"https:\/\/www.instagram.com\/fantastic.body.wroclaw\/\"><img decoding=\"async\" class=\"alignleft lazyload\" style=\"--smush-placeholder-width: 72px; --smush-placeholder-aspect-ratio: 72\/71;border: 0;\" data-src=\"https:\/\/cdn.pixabay.com\/photo\/2016\/08\/09\/17\/52\/instagram-1581266_960_720.jpg\" alt=\"INSTAGRAM\" width=\"72\" height=\"71\" src=\"data:image\/svg+xml;base64,PHN2ZyB3aWR0aD0iMSIgaGVpZ2h0PSIxIiB4bWxucz0iaHR0cDovL3d3dy53My5vcmcvMjAwMC9zdmciPjwvc3ZnPg==\" \/><\/a><\/div>\n<p><script async defer crossorigin=\"anonymous\" src=\"https:\/\/connect.facebook.net\/pl_PL\/sdk.js#xfbml=1&#038;version=v16.0\" nonce=\"eKVMTvDK\"><\/script><\/p>\n<div class=\"fb-page\" data-href=\"https:\/\/www.facebook.com\/fitness.wroclaw\/?locale=pl_PL\" data-tabs=\"timeline\" data-width=\"200\" data-height=\"80\" data-small-header=\"false\" data-adapt-container-width=\"true\" data-hide-cover=\"false\" data-show-facepile=\"true\">\n<blockquote class=\"fb-xfbml-parse-ignore\" cite=\"https:\/\/www.facebook.com\/fitness.wroclaw\/?locale=pl_PL\"><p><a href=\"https:\/\/www.facebook.com\/fitness.wroclaw\/?locale=pl_PL\">Salon Urody, kosmetyczny &#8211; Klinika odchudzania &#8211; Fantastic Body Instytut<\/a><\/p><\/blockquote>\n<\/div>\n","protected":false},"excerpt":{"rendered":"<p>Kurs kriolipolizy | Instytut Urody\u00a0 Wroc\u0142aw Kurs kriolipolizy &#8211; zabiegu wymra\u017cania tkanki t\u0142uszczowej. Kurs odbywa si\u0119 na urz\u0105dzeniu z mo\u017cliwo\u015bci\u0105 pod\u0142\u0105czenia czterech g\u0142owic jednocze\u015bnie. [su_button url=&#8221;https:\/\/instytut27.booksy.com&#8221; target=&#8221;blank&#8221; style=&#8221;soft&#8221; size=&#8221;4&#8243; radius=&#8221;round&#8221; text_shadow=&#8221;1px 1px 1px #000000&#8243; rel=&#8221;nofollow&#8221;]Zarezerwuj online[\/su_button] Salon Urody, kosmetyczny &#8211; Klinika odchudzania &#8211; Fantastic Body Instytut<\/p>\n","protected":false},"author":1,"featured_media":0,"parent":0,"menu_order":0,"comment_status":"closed","ping_status":"closed","template":"","meta":{"_uf_show_specific_survey":0,"_uf_disable_surveys":false,"__cvm_playback_settings":[],"__cvm_video_id":"","_glsr_average":0,"_glsr_ranking":0,"_glsr_reviews":0,"footnotes":""},"class_list":["post-2746","page","type-page","status-publish","czr-hentry"],"aioseo_notices":[],"_links":{"self":[{"href":"https:\/\/salon-urody.wroclaw.pl\/index.php\/wp-json\/wp\/v2\/pages\/2746","targetHints":{"allow":["GET"]}}],"collection":[{"href":"https:\/\/salon-urody.wroclaw.pl\/index.php\/wp-json\/wp\/v2\/pages"}],"about":[{"href":"https:\/\/salon-urody.wroclaw.pl\/index.php\/wp-json\/wp\/v2\/types\/page"}],"author":[{"embeddable":true,"href":"https:\/\/salon-urody.wroclaw.pl\/index.php\/wp-json\/wp\/v2\/users\/1"}],"replies":[{"embeddable":true,"href":"https:\/\/salon-urody.wroclaw.pl\/index.php\/wp-json\/wp\/v2\/comments?post=2746"}],"version-history":[{"count":0,"href":"https:\/\/salon-urody.wroclaw.pl\/index.php\/wp-json\/wp\/v2\/pages\/2746\/revisions"}],"wp:attachment":[{"href":"https:\/\/salon-urody.wroclaw.pl\/index.php\/wp-json\/wp\/v2\/media?parent=2746"}],"curies":[{"name":"wp","href":"https:\/\/api.w.org\/{rel}","templated":true}]}}