{"id":2700,"date":"2019-09-02T12:21:39","date_gmt":"2019-09-02T10:21:39","guid":{"rendered":"http:\/\/salon-urody.wroclaw.pl\/?page_id=2700"},"modified":"2023-09-25T13:37:43","modified_gmt":"2023-09-25T11:37:43","slug":"zimne-uderzenie-kriolipoliza-i-fala-uderzeniowa","status":"publish","type":"page","link":"https:\/\/salon-urody.wroclaw.pl\/index.php\/pakiety-odchudzajace\/zimne-uderzenie-kriolipoliza-i-fala-uderzeniowa\/","title":{"rendered":"Zimne uderzenie &#8211; Kriolipoliza i Fala Uderzeniowa"},"content":{"rendered":"<h4><strong><span style=\"color: #006666;\">KRIOLIPOLIZA + FALA UDERZENIOWA<\/span><\/strong><\/h4>\n<p><img decoding=\"async\" class=\"size-medium wp-image-2886 alignleft lazyload\" data-src=\"https:\/\/salon-urody.wroclaw.pl\/wp-content\/uploads\/2021\/02\/1-kriolipoliza-cooltech-wroclaw-300x200.jpg\" alt=\"Krioliopliza_Wroc\u0142aw\" width=\"300\" height=\"200\" data-srcset=\"https:\/\/salon-urody.wroclaw.pl\/wp-content\/uploads\/2021\/02\/1-kriolipoliza-cooltech-wroclaw-300x200.jpg 300w, https:\/\/salon-urody.wroclaw.pl\/wp-content\/uploads\/2021\/02\/1-kriolipoliza-cooltech-wroclaw-1024x684.jpg 1024w, https:\/\/salon-urody.wroclaw.pl\/wp-content\/uploads\/2021\/02\/1-kriolipoliza-cooltech-wroclaw-150x100.jpg 150w, https:\/\/salon-urody.wroclaw.pl\/wp-content\/uploads\/2021\/02\/1-kriolipoliza-cooltech-wroclaw-768x513.jpg 768w, https:\/\/salon-urody.wroclaw.pl\/wp-content\/uploads\/2021\/02\/1-kriolipoliza-cooltech-wroclaw.jpg 1200w\" data-sizes=\"(max-width: 300px) 100vw, 300px\" src=\"data:image\/svg+xml;base64,PHN2ZyB3aWR0aD0iMSIgaGVpZ2h0PSIxIiB4bWxucz0iaHR0cDovL3d3dy53My5vcmcvMjAwMC9zdmciPjwvc3ZnPg==\" style=\"--smush-placeholder-width: 300px; --smush-placeholder-aspect-ratio: 300\/200;\" \/><\/p>\n<p style=\"text-align: center;\"><strong>Kriolipoliza<\/strong> jest zabiegiem trwale eliminuj\u0105cym kom\u00f3rki t\u0142uszczowe. Polega na niszczeniu kom\u00f3rek t\u0142uszczowych pod wp\u0142ywem niskiej temperatury.<\/p>\n<p style=\"text-align: center;\">Podczas ch\u0142odzenia lipidy wype\u0142niaj\u0105ce kom\u00f3rk\u0119 t\u0142uszczow\u0105 ulegaj\u0105 krystalizacji (ze stanu ciek\u0142ego przechodz\u0105 w sta\u0142y). Przez to zjawisko wzrasta\u00a0 obj\u0119to\u015b\u0107 kom\u00f3rki, co prowadzi do jej \u015bmierci &#8211; \u00a0w wyniku uszkodzenia\u00a0 b\u0142ony kom\u00f3rkowej.<\/p>\n<p style=\"text-align: center;\">\u00a0W kom\u00f3rce ustaj\u0105 te\u017c procesy \u017cyciowe, czego konsekwencj\u0105 jest jej apoptoza (zaprogramowana \u015bmier\u0107 kom\u00f3rki) po ok. 3 dniach od zabiegu.<\/p>\n<p>&nbsp;<\/p>\n<p>Jednak najwa\u017cniejsz\u0105 odpowiedzi\u0105 organizmu na ch\u0142odzenie jest powstanie stanu zapalnego, w przebiegu kt\u00f3rego dochodzi do jego oczyszczania z uszkodzonych i martwych kom\u00f3rek. Powsta\u0142e zapalenie tkanki podsk\u00f3rnej mo\u017ce utrzyma\u0107 si\u0119 nawet kilka tygodni \u2013 przez to ostateczne efekty widoczne s\u0105 nawet po 3 miesi\u0105cach od zabiegu. Uwolniony z kom\u00f3rek t\u0142uszcz wydalany jest z organizmu w trakcie proces\u00f3w metabolicznych. W przypadku du\u017cej ilo\u015bci tkanki t\u0142uszczowej do usuni\u0119cia, zabieg poleca si\u0119 powt\u00f3rzy\u0107 po miesi\u0105cu. Wa\u017cne, aby mi\u0119dzy zabiegami stosowa\u0107 odpowiedni\u0105 diet\u0119 niskot\u0142uszczow\u0105, pi\u0107 du\u017ce ilo\u015bci wody oraz zwi\u0119kszy\u0107 aktywno\u015b\u0107 fizyczn\u0105. Spe\u0142nienie tych czynnik\u00f3w zagwarantuje lepsze efekty zabiegowe.<\/p>\n<p style=\"text-align: center;\"><strong>\u00a0<\/strong><\/p>\n<p style=\"text-align: center;\">Dla uzyskania maksimum efekt\u00f3w, <span style=\"color: #808080;\"><strong>zabieg kriolipolizy<\/strong><\/span> warto po\u0142\u0105czy\u0107 z <span style=\"color: #808080;\"><strong>fal\u0105 uderzeniow\u0105<\/strong>.<\/span><\/p>\n<p style=\"text-align: center;\">Fala uderzeniowa dobrana do zabiegu w promocyjnej cenie zamiast 1\u03367\u03369\u0336,\u03369\u03369\u0336, jedyne <strong>125 z\u0142!<\/strong><\/p>\n<p style=\"text-align: left;\">Zabieg z u\u017cyciem <a href=\"https:\/\/salon-urody.wroclaw.pl\/index.php\/pielegnacja-ciala\/fala-uderzeniowa-double-wave\/\"><span style=\"color: #339999;\"><strong><span style=\"color: #808080;\">fali uderzeniowe<\/span>j<\/strong> <\/span><\/a>polega na kontrolowanym dostarczaniu fali d\u017awi\u0119kowej o okre\u015blonej energii i cz\u0119stotliwo\u015bci. Podczas <img decoding=\"async\" class=\"size-medium wp-image-2652 alignright lazyload\" data-src=\"http:\/\/salon-urody.wroclaw.pl\/wp-content\/uploads\/2019\/08\/FALA-NOWA-MA\u0141E-215x300.jpg\" alt=\"Fala uderzeniowa - zabieg antycellulitowy - Wroc\u0142aw\" width=\"215\" height=\"300\" data-srcset=\"https:\/\/salon-urody.wroclaw.pl\/wp-content\/uploads\/2019\/08\/FALA-NOWA-MA\u0141E-215x300.jpg 215w, https:\/\/salon-urody.wroclaw.pl\/wp-content\/uploads\/2019\/08\/FALA-NOWA-MA\u0141E-108x150.jpg 108w, https:\/\/salon-urody.wroclaw.pl\/wp-content\/uploads\/2019\/08\/FALA-NOWA-MA\u0141E-768x1070.jpg 768w, https:\/\/salon-urody.wroclaw.pl\/wp-content\/uploads\/2019\/08\/FALA-NOWA-MA\u0141E-735x1024.jpg 735w, https:\/\/salon-urody.wroclaw.pl\/wp-content\/uploads\/2019\/08\/FALA-NOWA-MA\u0141E.jpg 786w\" data-sizes=\"(max-width: 215px) 100vw, 215px\" src=\"data:image\/svg+xml;base64,PHN2ZyB3aWR0aD0iMSIgaGVpZ2h0PSIxIiB4bWxucz0iaHR0cDovL3d3dy53My5vcmcvMjAwMC9zdmciPjwvc3ZnPg==\" style=\"--smush-placeholder-width: 215px; --smush-placeholder-aspect-ratio: 215\/300;\" \/>zabiegu energia przekazywana jest za pomoc\u0105 g\u0142owicy nawet do 5 cm w g\u0142\u0105b sk\u00f3ry.<\/p>\n<p style=\"text-align: left;\">Aplikacja fali d\u017awi\u0119kowej wywo\u0142uje drgania w tkance \u0142\u0105cznej, kt\u00f3re zwi\u0119kszaj\u0105 przepuszczalno\u015b\u0107 b\u0142ony kom\u00f3rkowej, u\u0142atwiaj\u0105c rozpad <strong>adipocyt\u00f3w<\/strong> ( kom\u00f3rek t\u0142uszczowych ) na wolne kwasy t\u0142uszczowe i glicerol.<\/p>\n<p style=\"text-align: left;\">\u00a0Nast\u0119pnie \u2013 tak jak w przypadku kriolipolizy \u2013 zostaj\u0105 one usuni\u0119te w trakcie proces\u00f3w metabolicznych z organizmu.<\/p>\n<p style=\"text-align: center;\">Po\u0142\u0105czenie tych dw\u00f3ch metod w trakcie zabiegu pozwala na uszkodzenie wi\u0119kszej ilo\u015bci kom\u00f3rek t\u0142uszczowych (<span style=\"color: #808080;\"><strong>fala uderzeniowa<\/strong><\/span> uszkadza dodatkowo b\u0142ony kom\u00f3rkowe, kt\u00f3re zosta\u0142y ju\u017c naruszone podczas kriolipolizy), przez co osi\u0105gamy najlepsze mo\u017cliwe efekty zabiegowe.<\/p>\n<p style=\"text-align: center;\">Dodatkowo <em>fala uderzeniowa<\/em> powoduje pobudzenie fibroblast\u00f3w do tworzenia nowych w\u0142\u00f3kien kolagenowych i elastyny. Wp\u0142ywa to znacz\u0105co na kondycj\u0119 sk\u00f3ry \u2013 staje si\u0119 ona bardziej j\u0119drna i napi\u0119ta.<\/p>\n<p style=\"text-align: center;\">Poprzez mechaniczne drgania wywo\u0142anie w tkance, poprawiamy r\u00f3wnie\u017c cyrkulacj\u0119 limfy, co wp\u0142ywa na zmniejszenie widoczno\u015bci cellulitu.<\/p>\n<p style=\"text-align: center;\">Zabieg mo\u017cna zarezerwowa\u0107 online w promocyjnej cenie: <a href=\"http:\/\/instytut27.booksy.com\"><span style=\"color: #666699;\"><strong>Zimne Uderzenie &#8211; Kriolipoliza de Lux ju\u017c teraz 450 z\u0142!<\/strong><\/span><\/a><\/p>\n","protected":false},"excerpt":{"rendered":"<p>KRIOLIPOLIZA + FALA UDERZENIOWA Kriolipoliza jest zabiegiem trwale eliminuj\u0105cym kom\u00f3rki t\u0142uszczowe. Polega na niszczeniu kom\u00f3rek t\u0142uszczowych pod wp\u0142ywem niskiej temperatury. Podczas ch\u0142odzenia lipidy wype\u0142niaj\u0105ce kom\u00f3rk\u0119 t\u0142uszczow\u0105 ulegaj\u0105 krystalizacji (ze stanu ciek\u0142ego przechodz\u0105 w sta\u0142y). Przez to zjawisko wzrasta\u00a0 obj\u0119to\u015b\u0107 kom\u00f3rki, co prowadzi do jej \u015bmierci &#8211; \u00a0w wyniku uszkodzenia\u00a0 b\u0142ony kom\u00f3rkowej. \u00a0W kom\u00f3rce ustaj\u0105 te\u017c [&hellip;]<\/p>\n","protected":false},"author":1,"featured_media":0,"parent":2071,"menu_order":0,"comment_status":"closed","ping_status":"closed","template":"","meta":{"_uf_show_specific_survey":0,"_uf_disable_surveys":false,"__cvm_playback_settings":[],"__cvm_video_id":"","_glsr_average":0,"_glsr_ranking":0,"_glsr_reviews":0,"footnotes":""},"class_list":["post-2700","page","type-page","status-publish","czr-hentry"],"aioseo_notices":[],"_links":{"self":[{"href":"https:\/\/salon-urody.wroclaw.pl\/index.php\/wp-json\/wp\/v2\/pages\/2700","targetHints":{"allow":["GET"]}}],"collection":[{"href":"https:\/\/salon-urody.wroclaw.pl\/index.php\/wp-json\/wp\/v2\/pages"}],"about":[{"href":"https:\/\/salon-urody.wroclaw.pl\/index.php\/wp-json\/wp\/v2\/types\/page"}],"author":[{"embeddable":true,"href":"https:\/\/salon-urody.wroclaw.pl\/index.php\/wp-json\/wp\/v2\/users\/1"}],"replies":[{"embeddable":true,"href":"https:\/\/salon-urody.wroclaw.pl\/index.php\/wp-json\/wp\/v2\/comments?post=2700"}],"version-history":[{"count":0,"href":"https:\/\/salon-urody.wroclaw.pl\/index.php\/wp-json\/wp\/v2\/pages\/2700\/revisions"}],"up":[{"embeddable":true,"href":"https:\/\/salon-urody.wroclaw.pl\/index.php\/wp-json\/wp\/v2\/pages\/2071"}],"wp:attachment":[{"href":"https:\/\/salon-urody.wroclaw.pl\/index.php\/wp-json\/wp\/v2\/media?parent=2700"}],"curies":[{"name":"wp","href":"https:\/\/api.w.org\/{rel}","templated":true}]}}