{"id":2697,"date":"2019-09-02T12:21:11","date_gmt":"2019-09-02T10:21:11","guid":{"rendered":"http:\/\/salon-urody.wroclaw.pl\/?page_id=2697"},"modified":"2023-09-25T13:38:27","modified_gmt":"2023-09-25T11:38:27","slug":"pikantne-uderzenie-thermogenique-i-fala-uderzeniowa","status":"publish","type":"page","link":"https:\/\/salon-urody.wroclaw.pl\/index.php\/pakiety-odchudzajace\/pikantne-uderzenie-thermogenique-i-fala-uderzeniowa\/","title":{"rendered":"PIKANTNE UDERZENIE &#8211; THERMOGENIQUE I FALA UDERZENIOWA"},"content":{"rendered":"<h3><span style=\"color: #0099ff;\">PIKANTNE UDERZENIE &#8211; THERMOGENIQUE I FALA UDERZENIOWA<\/span><\/h3>\n<p><img decoding=\"async\" class=\"size-medium wp-image-3463 alignright lazyload\" data-src=\"https:\/\/salon-urody.wroclaw.pl\/wp-content\/uploads\/2023\/05\/20221125_153910_0000-300x251.png\" alt=\"\" width=\"300\" height=\"251\" data-srcset=\"https:\/\/salon-urody.wroclaw.pl\/wp-content\/uploads\/2023\/05\/20221125_153910_0000-300x251.png 300w, https:\/\/salon-urody.wroclaw.pl\/wp-content\/uploads\/2023\/05\/20221125_153910_0000-150x126.png 150w, https:\/\/salon-urody.wroclaw.pl\/wp-content\/uploads\/2023\/05\/20221125_153910_0000-768x644.png 768w, https:\/\/salon-urody.wroclaw.pl\/wp-content\/uploads\/2023\/05\/20221125_153910_0000.png 940w\" data-sizes=\"(max-width: 300px) 100vw, 300px\" src=\"data:image\/svg+xml;base64,PHN2ZyB3aWR0aD0iMSIgaGVpZ2h0PSIxIiB4bWxucz0iaHR0cDovL3d3dy53My5vcmcvMjAwMC9zdmciPjwvc3ZnPg==\" style=\"--smush-placeholder-width: 300px; --smush-placeholder-aspect-ratio: 300\/251;\" \/><\/p>\n<p>&nbsp;<\/p>\n<p style=\"text-align: center;\"><span style=\"color: #808080;\"><strong>Thermogenique<\/strong> <\/span>jest intensywnie modeluj\u0105cym, <span style=\"color: #339999;\"><strong>antycellulitowym<\/strong><\/span> i wyszczuplaj\u0105cym zabiegiem na ca\u0142e cia\u0142o. Jego dzia\u0142anie opiera si\u0119 na wykorzystaniu specjalnego \u017celu\u00a0modeluj\u0105cego oraz intensywnego masa\u017cu drenuj\u0105cego.<\/p>\n<p style=\"text-align: left;\">Zabieg sk\u0142ada si\u0119 z dw\u00f3ch etap\u00f3w: Podczas pierwszego etapu zabiegu zostaje wykonany peeling ca\u0142ego cia\u0142a, aby u\u0142atwi\u0107 wnikanie substancji aktywnych zawartych w \u017celu: <strong>kapsaicyny i kofeiny<\/strong>. <strong><span style=\"color: #339999;\">Kapsaicyna<\/span> <\/strong>jest naturalnym sk\u0142adnikiem aktywnym wyst\u0119puj\u0105cym w ro\u015blinach z rodzaju pieprzowca, mi\u0119dzy innymi w papryczkach chilli. Badania wykaza\u0142y, \u017ce ma ona znacz\u0105cy wp\u0142yw na metabolizm t\u0142uszcz\u00f3w w organizmie. Udowodniono, \u017ce kapsaicyna powoduje hamowanie procesu <strong>adipogenezy<\/strong>, czyli kumulowania si\u0119 bia\u0142ej tkanki t\u0142uszczowej, kt\u00f3ra jest zapasowym \u017ar\u00f3d\u0142em energii. Dodatkowo wzmaga ona wytwarzanie ciep\u0142a poprzez zwi\u0119kszenie wydzielania adrenaliny i noradrenaliny z nadnerczy oraz wzmaga wytwarzanie enzym\u00f3w redukuj\u0105cych t\u0142uszcze.<\/p>\n<p style=\"text-align: left;\"><img decoding=\"async\" class=\"size-medium wp-image-3464 alignleft lazyload\" data-src=\"https:\/\/salon-urody.wroclaw.pl\/wp-content\/uploads\/2023\/05\/20221125_153910_0001-300x251.png\" alt=\"\" width=\"300\" height=\"251\" data-srcset=\"https:\/\/salon-urody.wroclaw.pl\/wp-content\/uploads\/2023\/05\/20221125_153910_0001-300x251.png 300w, https:\/\/salon-urody.wroclaw.pl\/wp-content\/uploads\/2023\/05\/20221125_153910_0001-150x126.png 150w, https:\/\/salon-urody.wroclaw.pl\/wp-content\/uploads\/2023\/05\/20221125_153910_0001-768x644.png 768w, https:\/\/salon-urody.wroclaw.pl\/wp-content\/uploads\/2023\/05\/20221125_153910_0001.png 940w\" data-sizes=\"(max-width: 300px) 100vw, 300px\" src=\"data:image\/svg+xml;base64,PHN2ZyB3aWR0aD0iMSIgaGVpZ2h0PSIxIiB4bWxucz0iaHR0cDovL3d3dy53My5vcmcvMjAwMC9zdmciPjwvc3ZnPg==\" style=\"--smush-placeholder-width: 300px; --smush-placeholder-aspect-ratio: 300\/251;\" \/>Wszystkie te dzia\u0142ania prowadz\u0105 w efekcie do zmniejszenia ilo\u015bci tkanki t\u0142uszczowej, utraty masy cia\u0142a oraz zb\u0119dnych centymetr\u00f3w. Dodatkowym atutem jest wykorzystanie <span style=\"color: #339999;\"><strong>kofeiny<\/strong><\/span>, kt\u00f3ra pobudza kr\u0105\u017cenie sk\u00f3ry, zapobiega odk\u0142adaniu si\u0119 tkanki t\u0142uszczowej oraz stymuluje kom\u00f3rki do spalania t\u0142uszczu.<br \/>\nW drugim etapie, po aplikacji \u017celu, nak\u0142adamy specjalny firmowy kokon termogeniczny, kt\u00f3ry wytworzy ciep\u0142o zwi\u0119kszaj\u0105ce dzia\u0142anie sk\u0142adnik\u00f3w aktywnych.<br \/>\nPo 40 minutach przechodzimy do drugiego etapu zabiegu, kt\u00f3rym jest intensywny masa\u017c drenuj\u0105co \u2013 modeluj\u0105cy. Najpierw udra\u017cniamy przep\u0142ywy limfatyczne specjalistycznym drena\u017cem Thermogen. Nast\u0119pnie zostaje wykonany autorski masa\u017c <span style=\"color: #808080;\"><strong>antycellulitowy<\/strong><\/span>, uj\u0119drniaj\u0105cy, modeluj\u0105cy i wyszczuplaj\u0105cy sylwetk\u0119. Jeden zabieg pozwala na utrat\u0119 nawet do 16 cm w obwodach.<span style=\"color: #ffffff;\">.<\/span><\/p>\n<p style=\"text-align: left;\">Do uzyskania maksimum efekt\u00f3w, zabieg \u0142\u0105czymy z fal\u0105 uderzeniow\u0105.\u00a0Zabieg z u\u017cyciem<span style=\"color: #808080;\"> <strong>fali uderzeniowej<\/strong><\/span> polega na kontrolowanym dostarczaniu fali d\u017awi\u0119kowej o okre\u015blonej energii i cz\u0119stotliwo\u015bci.\u00a0Podczas zabiegu energia przekazywana jest za pomoc\u0105 g\u0142owicy nawet do 5 cm w g\u0142\u0105b sk\u00f3ry.\u00a0Aplikacja fali d\u017awi\u0119kowej wywo\u0142uje drgania w tkance \u0142\u0105cznej, kt\u00f3re zwi\u0119kszaj\u0105 przepuszczalno\u015b\u0107 b\u0142ony kom\u00f3rkowej, u\u0142atwiaj\u0105c rozpad adipocyt\u00f3w\u00a0(kom\u00f3rek t\u0142uszczowych)<br \/>\nna wolne kwasy t\u0142uszczowe i glicerol.\u00a0Fala uderzeniowa aplikowana na miejscowe z\u0142ogi tkanki t\u0142uszczowej bezpo\u015brednio po zabiegu Thermogenique pozwala na zwi\u0119kszenie efektu zabiegowego,\u00a0poprzez dodatkowe uszkodzenie kom\u00f3rek t\u0142uszczowych.<\/p>\n<p style=\"text-align: center;\"><span style=\"color: #0099cc;\"><strong>POLECANA PROCEDURA ZABIEGOWA<\/strong><\/span><\/p>\n<p style=\"text-align: center;\"><a href=\"https:\/\/instytut27.booksy.com\"><span style=\"color: #808080;\"><strong>Zabieg Thermogenique<\/strong><\/span><\/a> raz w tygodniu + fala uderzeniowa bezpo\u015brednio po zabiegu \u2013 seria minimum 5 zabieg\u00f3w.<\/p>\n<p style=\"text-align: center;\">Teraz zabieg w promocyjnej cenie: <a href=\"https:\/\/instytut27.booksy.com\">Pikantne Uderzenie<\/a><\/p>\n<div class=\"fb-page\" data-href=\"https:\/\/www.facebook.com\/fitness.wroclaw\/?locale=pl_PL\" data-tabs=\"timeline\" data-width=\"200\" data-height=\"80\" data-small-header=\"false\" data-adapt-container-width=\"true\" data-hide-cover=\"false\" data-show-facepile=\"true\">\n<blockquote class=\"fb-xfbml-parse-ignore\" cite=\"https:\/\/www.facebook.com\/fitness.wroclaw\/?locale=pl_PL\">\n<p style=\"text-align: center;\">\n<\/blockquote>\n<\/div>\n","protected":false},"excerpt":{"rendered":"<p>PIKANTNE UDERZENIE &#8211; THERMOGENIQUE I FALA UDERZENIOWA &nbsp; Thermogenique jest intensywnie modeluj\u0105cym, antycellulitowym i wyszczuplaj\u0105cym zabiegiem na ca\u0142e cia\u0142o. Jego dzia\u0142anie opiera si\u0119 na wykorzystaniu specjalnego \u017celu\u00a0modeluj\u0105cego oraz intensywnego masa\u017cu drenuj\u0105cego. Zabieg sk\u0142ada si\u0119 z dw\u00f3ch etap\u00f3w: Podczas pierwszego etapu zabiegu zostaje wykonany peeling ca\u0142ego cia\u0142a, aby u\u0142atwi\u0107 wnikanie substancji aktywnych zawartych w \u017celu: kapsaicyny [&hellip;]<\/p>\n","protected":false},"author":1,"featured_media":0,"parent":2071,"menu_order":0,"comment_status":"closed","ping_status":"closed","template":"","meta":{"_uf_show_specific_survey":0,"_uf_disable_surveys":false,"__cvm_playback_settings":[],"__cvm_video_id":"","_glsr_average":0,"_glsr_ranking":0,"_glsr_reviews":0,"footnotes":""},"class_list":["post-2697","page","type-page","status-publish","czr-hentry"],"aioseo_notices":[],"_links":{"self":[{"href":"https:\/\/salon-urody.wroclaw.pl\/index.php\/wp-json\/wp\/v2\/pages\/2697","targetHints":{"allow":["GET"]}}],"collection":[{"href":"https:\/\/salon-urody.wroclaw.pl\/index.php\/wp-json\/wp\/v2\/pages"}],"about":[{"href":"https:\/\/salon-urody.wroclaw.pl\/index.php\/wp-json\/wp\/v2\/types\/page"}],"author":[{"embeddable":true,"href":"https:\/\/salon-urody.wroclaw.pl\/index.php\/wp-json\/wp\/v2\/users\/1"}],"replies":[{"embeddable":true,"href":"https:\/\/salon-urody.wroclaw.pl\/index.php\/wp-json\/wp\/v2\/comments?post=2697"}],"version-history":[{"count":0,"href":"https:\/\/salon-urody.wroclaw.pl\/index.php\/wp-json\/wp\/v2\/pages\/2697\/revisions"}],"up":[{"embeddable":true,"href":"https:\/\/salon-urody.wroclaw.pl\/index.php\/wp-json\/wp\/v2\/pages\/2071"}],"wp:attachment":[{"href":"https:\/\/salon-urody.wroclaw.pl\/index.php\/wp-json\/wp\/v2\/media?parent=2697"}],"curies":[{"name":"wp","href":"https:\/\/api.w.org\/{rel}","templated":true}]}}