{"id":2689,"date":"2019-09-02T12:09:46","date_gmt":"2019-09-02T10:09:46","guid":{"rendered":"http:\/\/salon-urody.wroclaw.pl\/?page_id=2689"},"modified":"2023-03-23T20:13:40","modified_gmt":"2023-03-23T19:13:40","slug":"szkolenie-z-technologii-hifu","status":"publish","type":"page","link":"https:\/\/salon-urody.wroclaw.pl\/index.php\/szkolenia-kursy\/szkolenie-z-technologii-hifu\/","title":{"rendered":"Szkolenie z technologii HIFU"},"content":{"rendered":"<h4>Szkolenie\/kurs HIFU &#8211; obs\u0142uga urz\u0105dze\u0144 z technologi\u0105 HIFU w <a href=\"https:\/\/instytut27.booksy.com\">Instytucie Urody<\/a> we Wroc\u0142awiu.<\/h4>\n<p class=\"Default\">Obszary zabiegowe: czo\u0142o, okolica oka, policzki, podbr\u00f3dek, szyja, brzuch.<\/p>\n<p class=\"Default\">Liczba modelek na szkoleniu: 1<\/p>\n<p>CENA: 2500 z\u0142<\/p>\n<p class=\"Default\">Szkolenie sk\u0142ada si\u0119 z cz\u0119\u015bci teoretycznej oraz cz\u0119\u015bci praktycznej.\u00a0Ka\u017cde szkolenie zako\u0144czone jest wr\u0119czeniem certyfikatu oraz materia\u0142\u00f3w dydaktycznych.<\/p>\n<p class=\"Default\">CZ\u0118\u015a\u0106 TEORETYCZNA:<\/p>\n<p class=\"Default\">1.\u00a0Om\u00f3wienie technologii <a href=\"https:\/\/salon-urody.wroclaw.pl\/index.php\/hifu-4d-lift-lifting-bezoperacyjny\/\">HIFU<\/a><\/p>\n<p class=\"Default\">2.\u00a0Om\u00f3wienie zasad dzia\u0142ania oraz g\u0142\u0119boko\u015bci dzia\u0142ania<\/p>\n<p class=\"Default\">3.\u00a0Wskazania do wykonania zabiegu<\/p>\n<p class=\"Default\">4.\u00a0Przeciwwskazania do wykonania zabiegu<\/p>\n<p class=\"Default\">5.\u00a0Technika mapowania<\/p>\n<p class=\"Default\">6.\u00a0Dob\u00f3r odpowiednich g\u0142\u0119boko\u015bci i parametr\u00f3w<\/p>\n<p class=\"Default\">7.\u00a0Mo\u017cliwe reakcje sk\u00f3ry po zabiegu<\/p>\n<p class=\"Default\">8.\u00a0Piel\u0119gnacja sk\u00f3ry po zabiegu<\/p>\n<p class=\"Default\">9.\u00a0Cz\u0119stotliwo\u015b\u0107 wykonywania zabieg\u00f3w<\/p>\n<p class=\"Default\">10.\u00a0Om\u00f3wienie r\u00f3\u017cnych przypadk\u00f3w zabiegowych<\/p>\n<p class=\"Default\">11.\u00a0BHP<\/p>\n<p class=\"Default\">CZ\u0118\u015a\u0106 PRAKTYCZNA:<\/p>\n<p class=\"Default\">1.\u00a0Przygotowanie do zabiegu<\/p>\n<p class=\"Default\">2.\u00a0Powt\u00f3rzenie techniki mapowania \u2013 rysunek na modelce<\/p>\n<p class=\"Default\">3. Pokazanie zabiegu przez szkoleniowca oraz wykonanie drugiej strony zabiegowej<\/p>\n<p class=\"Default\">4.\u00a0Samodzielne wykonanie zabiegu na modelkach<\/p>\n<p>&nbsp;<\/p>\n<p>Termin szkolenia ustalany jest indywidualnie z kursantem. Informacje o warunkach uczestnictwa w szkoleniu i dost\u0119pnych terminach mog\u0105 Pa\u0144stwo uzyska\u0107 pod numerem 505 455 777.<\/p>\n","protected":false},"excerpt":{"rendered":"<p>Szkolenie\/kurs HIFU &#8211; obs\u0142uga urz\u0105dze\u0144 z technologi\u0105 HIFU w Instytucie Urody we Wroc\u0142awiu. Obszary zabiegowe: czo\u0142o, okolica oka, policzki, podbr\u00f3dek, szyja, brzuch. Liczba modelek na szkoleniu: 1 CENA: 2500 z\u0142 Szkolenie sk\u0142ada si\u0119 z cz\u0119\u015bci teoretycznej oraz cz\u0119\u015bci praktycznej.\u00a0Ka\u017cde szkolenie zako\u0144czone jest wr\u0119czeniem certyfikatu oraz materia\u0142\u00f3w dydaktycznych. CZ\u0118\u015a\u0106 TEORETYCZNA: 1.\u00a0Om\u00f3wienie technologii HIFU 2.\u00a0Om\u00f3wienie zasad dzia\u0142ania [&hellip;]<\/p>\n","protected":false},"author":1,"featured_media":0,"parent":2702,"menu_order":0,"comment_status":"closed","ping_status":"closed","template":"","meta":{"_uf_show_specific_survey":0,"_uf_disable_surveys":false,"__cvm_playback_settings":[],"__cvm_video_id":"","_glsr_average":0,"_glsr_ranking":0,"_glsr_reviews":0,"footnotes":""},"class_list":["post-2689","page","type-page","status-publish","czr-hentry"],"aioseo_notices":[],"_links":{"self":[{"href":"https:\/\/salon-urody.wroclaw.pl\/index.php\/wp-json\/wp\/v2\/pages\/2689","targetHints":{"allow":["GET"]}}],"collection":[{"href":"https:\/\/salon-urody.wroclaw.pl\/index.php\/wp-json\/wp\/v2\/pages"}],"about":[{"href":"https:\/\/salon-urody.wroclaw.pl\/index.php\/wp-json\/wp\/v2\/types\/page"}],"author":[{"embeddable":true,"href":"https:\/\/salon-urody.wroclaw.pl\/index.php\/wp-json\/wp\/v2\/users\/1"}],"replies":[{"embeddable":true,"href":"https:\/\/salon-urody.wroclaw.pl\/index.php\/wp-json\/wp\/v2\/comments?post=2689"}],"version-history":[{"count":0,"href":"https:\/\/salon-urody.wroclaw.pl\/index.php\/wp-json\/wp\/v2\/pages\/2689\/revisions"}],"up":[{"embeddable":true,"href":"https:\/\/salon-urody.wroclaw.pl\/index.php\/wp-json\/wp\/v2\/pages\/2702"}],"wp:attachment":[{"href":"https:\/\/salon-urody.wroclaw.pl\/index.php\/wp-json\/wp\/v2\/media?parent=2689"}],"curies":[{"name":"wp","href":"https:\/\/api.w.org\/{rel}","templated":true}]}}