{"id":2687,"date":"2019-09-02T12:09:11","date_gmt":"2019-09-02T10:09:11","guid":{"rendered":"http:\/\/salon-urody.wroclaw.pl\/?page_id=2687"},"modified":"2019-09-02T12:09:11","modified_gmt":"2019-09-02T10:09:11","slug":"szkolenie-z-plazmy-kosmetycznej","status":"publish","type":"page","link":"https:\/\/salon-urody.wroclaw.pl\/index.php\/szkolenia-kursy\/szkolenie-z-plazmy-kosmetycznej\/","title":{"rendered":"Szkolenie z plazmy kosmetycznej"},"content":{"rendered":"<p class=\"Default\">OBSZARY ZABIEGOWE: powieki ( blefaroplastyka ), zmarszczki poziome czo\u0142a, lwia zmarszczka, zmarszczki przyuszne, zmarszczki palacza, blizny\/rozst\u0119py<\/p>\n<p class=\"Default\">LICZBA MODELEK NA SZKOLENIU: 4<\/p>\n<p>CENA: 1200 z\u0142<\/p>\n<p class=\"Default\">Szkolenie sk\u0142ada si\u0119 z cz\u0119\u015bci teoretycznej oraz cz\u0119\u015bci praktycznej.\u00a0Ka\u017cde szkolenie zako\u0144czone jest wr\u0119czeniem certyfikatu oraz materia\u0142\u00f3w dydaktycznych.<\/p>\n<p class=\"Default\">CZ\u0118\u015a\u0106 TEORETYCZNA:<\/p>\n<p class=\"Default\">1.\u00a0Om\u00f3wienie technologii plazmy<\/p>\n<p class=\"Default\">2.\u00a0W\u0142a\u015bciwo\u015bci plazmy<\/p>\n<p class=\"Default\">3.\u00a0Om\u00f3wienie dzia\u0142ania plazmy na sk\u00f3r\u0119<\/p>\n<p class=\"Default\">4.\u00a0Wskazania do zabiegu plazmy<\/p>\n<p class=\"Default\">5.\u00a0Przeciwwskazania do zabiegu plazmy<\/p>\n<p class=\"Default\">6. Reakcja sk\u00f3ry po zabiegu<\/p>\n<p class=\"Default\">7.\u00a0Zalecenia piel\u0119gnacyjne<\/p>\n<p class=\"Default\">8.\u00a0BHP<\/p>\n<p class=\"Default\">CZ\u0118\u015a\u0106 PRAKTYCZNA<\/p>\n<p class=\"Default\">1.\u00a0Przygotowanie do zabiegu<\/p>\n<p class=\"Default\">2.\u00a0Pokazanie przez szkoleniowca zabiegu oraz samodzielne wykonanie druiej strony zabiegowej<\/p>\n<p class=\"Default\">3.\u00a0Samodzielne wykonanie zabiegu na modelkach pod okiem szkoleniowca<\/p>\n<p>&nbsp;<\/p>\n<p>Termin szkolenia ustalany jest indywidualnie z kursantem. Informacje o warunkach uczestnictwa w szkoleniu i dost\u0119pnych terminach mog\u0105 Pa\u0144stwo uzyska\u0107 pod numerem 505 455 777.<\/p>\n","protected":false},"excerpt":{"rendered":"<p>OBSZARY ZABIEGOWE: powieki ( blefaroplastyka ), zmarszczki poziome czo\u0142a, lwia zmarszczka, zmarszczki przyuszne, zmarszczki palacza, blizny\/rozst\u0119py LICZBA MODELEK NA SZKOLENIU: 4 CENA: 1200 z\u0142 Szkolenie sk\u0142ada si\u0119 z cz\u0119\u015bci teoretycznej oraz cz\u0119\u015bci praktycznej.\u00a0Ka\u017cde szkolenie zako\u0144czone jest wr\u0119czeniem certyfikatu oraz materia\u0142\u00f3w dydaktycznych. CZ\u0118\u015a\u0106 TEORETYCZNA: 1.\u00a0Om\u00f3wienie technologii plazmy 2.\u00a0W\u0142a\u015bciwo\u015bci plazmy 3.\u00a0Om\u00f3wienie dzia\u0142ania plazmy na sk\u00f3r\u0119 4.\u00a0Wskazania do [&hellip;]<\/p>\n","protected":false},"author":1,"featured_media":0,"parent":2702,"menu_order":0,"comment_status":"closed","ping_status":"closed","template":"","meta":{"_uf_show_specific_survey":0,"_uf_disable_surveys":false,"__cvm_playback_settings":[],"__cvm_video_id":"","_glsr_average":0,"_glsr_ranking":0,"_glsr_reviews":0,"footnotes":""},"class_list":["post-2687","page","type-page","status-publish","czr-hentry"],"aioseo_notices":[],"_links":{"self":[{"href":"https:\/\/salon-urody.wroclaw.pl\/index.php\/wp-json\/wp\/v2\/pages\/2687","targetHints":{"allow":["GET"]}}],"collection":[{"href":"https:\/\/salon-urody.wroclaw.pl\/index.php\/wp-json\/wp\/v2\/pages"}],"about":[{"href":"https:\/\/salon-urody.wroclaw.pl\/index.php\/wp-json\/wp\/v2\/types\/page"}],"author":[{"embeddable":true,"href":"https:\/\/salon-urody.wroclaw.pl\/index.php\/wp-json\/wp\/v2\/users\/1"}],"replies":[{"embeddable":true,"href":"https:\/\/salon-urody.wroclaw.pl\/index.php\/wp-json\/wp\/v2\/comments?post=2687"}],"version-history":[{"count":0,"href":"https:\/\/salon-urody.wroclaw.pl\/index.php\/wp-json\/wp\/v2\/pages\/2687\/revisions"}],"up":[{"embeddable":true,"href":"https:\/\/salon-urody.wroclaw.pl\/index.php\/wp-json\/wp\/v2\/pages\/2702"}],"wp:attachment":[{"href":"https:\/\/salon-urody.wroclaw.pl\/index.php\/wp-json\/wp\/v2\/media?parent=2687"}],"curies":[{"name":"wp","href":"https:\/\/api.w.org\/{rel}","templated":true}]}}