{"id":2685,"date":"2019-09-02T11:57:52","date_gmt":"2019-09-02T09:57:52","guid":{"rendered":"http:\/\/salon-urody.wroclaw.pl\/?page_id=2685"},"modified":"2023-03-23T19:59:40","modified_gmt":"2023-03-23T18:59:40","slug":"szkolenie-z-kriolipolizy","status":"publish","type":"page","link":"https:\/\/salon-urody.wroclaw.pl\/index.php\/szkolenia-kursy\/szkolenie-z-kriolipolizy\/","title":{"rendered":"Szkolenie\/kurs z kriolipolizy"},"content":{"rendered":"<h4>Szkolenie z zbiegu Kriolipolizy &#8211; Kurs indywidualny<\/h4>\n<p><a href=\"https:\/\/salon-urody.wroclaw.pl\/index.php\/pielegnacja-ciala\/kriolipoliza\/\">Kriolipoliza<\/a> jest doskonale znanym zabiegiem redukuj\u0105cym tkank\u0119 t\u0142uszczow\u0105. Dzi\u0119ki zastosowaniu podci\u015bnienia i niskiej temperatury, jeste\u015bmy w stanie miejscowo pozby\u0107 si\u0119 zalegaj\u0105cych, zb\u0119dnych centymetr\u00f3w.<\/p>\n<p>Do oferty naszego <a href=\"https:\/\/instytut27.booksy.com\">instytutu<\/a> wprowadzili\u015bmy dla Pa\u0144stwa szkolenie z obs\u0142ugi urz\u0105dzenia do kriolipolizy. Jest to najnowsza, pi\u0119ciog\u0142owicowa maszyna, z certyfikatem CE.<\/p>\n<p>&nbsp;<\/p>\n<p class=\"Default\">OBSZARY ZABIEGOWE: brzuch, wewn\u0119trzna strona ud, ty\u0142 ud ( pod po\u015bladkami ), ramiona, boczki<\/p>\n<p>oraz &#8211; nowo\u015b\u0107: zabieg kriolipolizy na podbr\u00f3dek<\/p>\n<p class=\"Default\">LICZBA MODELEK NA SZKOLENIU: 1<\/p>\n<p>CENA: 1500 z\u0142<\/p>\n<p class=\"Default\">Szkolenie sk\u0142ada si\u0119 z cz\u0119\u015bci teoretycznej oraz cz\u0119\u015bci praktycznej.\u00a0Ka\u017cde szkolenie zako\u0144czone jest wr\u0119czeniem certyfikatu oraz materia\u0142\u00f3w dydaktycznych.<\/p>\n<p class=\"Default\">CZ\u0118\u015a\u0106 TEORETYCZNA ( 2 h )<\/p>\n<p class=\"Default\">1.\u00a0Om\u00f3wienie technik zwalczania tkanki t\u0142uszczowej<\/p>\n<p class=\"Default\">2.\u00a0Zasada dzia\u0142ania kriolipolizy<\/p>\n<p class=\"Default\">3.\u00a0Wskazania do zabiegu<\/p>\n<p class=\"Default\">4.\u00a0Formularz \u015bwiadomej zgody z om\u00f3wieniem przeciwwskaza\u0144 do zabiegu<\/p>\n<p class=\"Default\">5.\u00a0Procedura zabiegowa<\/p>\n<p class=\"Default\">6.\u00a0Reakcje sk\u00f3ry po zabiegu<\/p>\n<p class=\"Default\">7.\u00a0Mo\u017cliwe powik\u0142ania po zabiegu<\/p>\n<p class=\"Default\">8.\u00a0Zalecenia po zabiegu dla klienta<\/p>\n<p class=\"Default\">9.\u00a0BHP oraz kwestie prawne<\/p>\n<p class=\"Default\">CZ\u0118\u015a\u0106 PRAKTYCZNA ( 2 h )<\/p>\n<p class=\"Default\">1.\u00a0Przygotowanie do zabiegu<\/p>\n<p class=\"Default\">2.\u00a0Zapoznanie z urz\u0105dzeniem do kriolipolizy<\/p>\n<p class=\"Default\">3.\u00a0Wykonanie zabiegu na modelce razem ze szkoleniowcem<\/p>\n<p class=\"Default\">4. Samodzielne wykonanie zabiegu na modelce pod okiem szkoleniowca<\/p>\n<p>&nbsp;<\/p>\n<p>Termin szkolenia ustalany jest indywidualnie z kursantem. Informacje o warunkach uczestnictwa w szkoleniu i dost\u0119pnych terminach mog\u0105 Pa\u0144stwo uzyska\u0107 pod numerem tel. 505 455 777.<\/p>\n","protected":false},"excerpt":{"rendered":"<p>Szkolenie z zbiegu Kriolipolizy &#8211; Kurs indywidualny Kriolipoliza jest doskonale znanym zabiegiem redukuj\u0105cym tkank\u0119 t\u0142uszczow\u0105. Dzi\u0119ki zastosowaniu podci\u015bnienia i niskiej temperatury, jeste\u015bmy w stanie miejscowo pozby\u0107 si\u0119 zalegaj\u0105cych, zb\u0119dnych centymetr\u00f3w. Do oferty naszego instytutu wprowadzili\u015bmy dla Pa\u0144stwa szkolenie z obs\u0142ugi urz\u0105dzenia do kriolipolizy. Jest to najnowsza, pi\u0119ciog\u0142owicowa maszyna, z certyfikatem CE. &nbsp; OBSZARY ZABIEGOWE: brzuch, [&hellip;]<\/p>\n","protected":false},"author":1,"featured_media":0,"parent":2702,"menu_order":0,"comment_status":"closed","ping_status":"closed","template":"","meta":{"_uf_show_specific_survey":0,"_uf_disable_surveys":false,"__cvm_playback_settings":[],"__cvm_video_id":"","_glsr_average":0,"_glsr_ranking":0,"_glsr_reviews":0,"footnotes":""},"class_list":["post-2685","page","type-page","status-publish","czr-hentry"],"aioseo_notices":[],"_links":{"self":[{"href":"https:\/\/salon-urody.wroclaw.pl\/index.php\/wp-json\/wp\/v2\/pages\/2685","targetHints":{"allow":["GET"]}}],"collection":[{"href":"https:\/\/salon-urody.wroclaw.pl\/index.php\/wp-json\/wp\/v2\/pages"}],"about":[{"href":"https:\/\/salon-urody.wroclaw.pl\/index.php\/wp-json\/wp\/v2\/types\/page"}],"author":[{"embeddable":true,"href":"https:\/\/salon-urody.wroclaw.pl\/index.php\/wp-json\/wp\/v2\/users\/1"}],"replies":[{"embeddable":true,"href":"https:\/\/salon-urody.wroclaw.pl\/index.php\/wp-json\/wp\/v2\/comments?post=2685"}],"version-history":[{"count":0,"href":"https:\/\/salon-urody.wroclaw.pl\/index.php\/wp-json\/wp\/v2\/pages\/2685\/revisions"}],"up":[{"embeddable":true,"href":"https:\/\/salon-urody.wroclaw.pl\/index.php\/wp-json\/wp\/v2\/pages\/2702"}],"wp:attachment":[{"href":"https:\/\/salon-urody.wroclaw.pl\/index.php\/wp-json\/wp\/v2\/media?parent=2685"}],"curies":[{"name":"wp","href":"https:\/\/api.w.org\/{rel}","templated":true}]}}