{"id":2671,"date":"2019-09-02T12:04:10","date_gmt":"2019-09-02T10:04:10","guid":{"rendered":"http:\/\/salon-urody.wroclaw.pl\/?page_id=2671"},"modified":"2019-09-06T13:52:19","modified_gmt":"2019-09-06T11:52:19","slug":"szkolenie-z-mezoterapii-iglowej","status":"publish","type":"page","link":"https:\/\/salon-urody.wroclaw.pl\/index.php\/szkolenia-kursy\/szkolenie-z-mezoterapii-iglowej\/","title":{"rendered":"Szkolenie z mezoterapii ig\u0142owej"},"content":{"rendered":"<div id=\"attachment_2764\" style=\"width: 213px\" class=\"wp-caption alignleft\"><img decoding=\"async\" aria-describedby=\"caption-attachment-2764\" class=\"size-medium wp-image-2764 lazyload\" data-src=\"http:\/\/salon-urody.wroclaw.pl\/wp-content\/uploads\/2019\/09\/mezoterapia-1-203x300.jpg\" alt=\"Zabieg mezoterapii ig\u0142owej\" width=\"203\" height=\"300\" data-srcset=\"https:\/\/salon-urody.wroclaw.pl\/wp-content\/uploads\/2019\/09\/mezoterapia-1-203x300.jpg 203w, https:\/\/salon-urody.wroclaw.pl\/wp-content\/uploads\/2019\/09\/mezoterapia-1-101x150.jpg 101w, https:\/\/salon-urody.wroclaw.pl\/wp-content\/uploads\/2019\/09\/mezoterapia-1-768x1138.jpg 768w, https:\/\/salon-urody.wroclaw.pl\/wp-content\/uploads\/2019\/09\/mezoterapia-1-691x1024.jpg 691w, https:\/\/salon-urody.wroclaw.pl\/wp-content\/uploads\/2019\/09\/mezoterapia-1.jpg 941w\" data-sizes=\"(max-width: 203px) 100vw, 203px\" src=\"data:image\/svg+xml;base64,PHN2ZyB3aWR0aD0iMSIgaGVpZ2h0PSIxIiB4bWxucz0iaHR0cDovL3d3dy53My5vcmcvMjAwMC9zdmciPjwvc3ZnPg==\" style=\"--smush-placeholder-width: 203px; --smush-placeholder-aspect-ratio: 203\/300;\" \/><p id=\"caption-attachment-2764\" class=\"wp-caption-text\">Mezoterapia ig\u0142owa jako zabieg rewitalizuj\u0105cy<\/p><\/div>\n<p>Mezoterapia ig\u0142owa jest niechirurgicznym zabiegiem stosowanym do regeneracji, odm\u0142odzenia oraz od\u017cywienia sk\u00f3ry, wykorzystuj\u0105ca dwa mechanizmy dzia\u0142ania. Pierwszy z nich opiera si\u0119 na dzia\u0142aniu substancji, kt\u00f3ra jest wstrzykiwana. Drugi natomiast wykorzystuje uraz powsta\u0142y po wk\u0142uciu jako naturaln\u0105 odpowied\u017a organizmu do stymulacji kom\u00f3rek i proces\u00f3w naprawczych w sk\u00f3rze oraz nask\u00f3rku.<\/p>\n<p>Zabieg polega na dostarczeniu \u015br\u00f3dsk\u00f3rnie ( do poziomu sk\u00f3ry w\u0142a\u015bciwej ) sk\u0142adnik\u00f3w aktywnych, kt\u00f3re poprawiaj\u0105 mikrokr\u0105\u017cenie w tkance.<\/p>\n<p>&nbsp;<\/p>\n<p>&nbsp;<\/p>\n<p>&nbsp;<\/p>\n<p>&nbsp;<\/p>\n<p>&nbsp;<\/p>\n<p>&nbsp;<\/p>\n<p class=\"Default\">OBSZARY ZABIEGOWE: twarz, szyja, dekolt, sk\u00f3ra g\u0142owy<\/p>\n<p class=\"Default\">LICZBA MODELEK NA SZKOLENIU: 4<\/p>\n<p>CENA: 1300z\u0142<\/p>\n<p class=\"Default\">Szkolenie sk\u0142ada si\u0119 z cz\u0119\u015bci teoretycznej oraz cz\u0119\u015bci praktycznej. Ka\u017cde szkolenie zako\u0144czone jest wr\u0119czeniem certyfikatu oraz materia\u0142\u00f3w dydaktycznych.<\/p>\n<p class=\"Default\">CZ\u0118\u015a\u0106 TEORETYCZNA ( 1,5h )<\/p>\n<p class=\"Default\">1.\u00a0Mezoterapia ig\u0142owa &#8211; definicja<\/p>\n<p class=\"Default\">2.\u00a0Om\u00f3wienie technik wykonywania zabiegu: depozytowa, wstecznie liniowa<\/p>\n<p class=\"Default\">3.\u00a0Wskazania do wykonania zabiegu<\/p>\n<p class=\"Default\">4.\u00a0Formularz \u015bwiadomej zgody z om\u00f3wieniem przeciwwskaza\u0144<\/p>\n<p class=\"Default\">5.\u00a0Om\u00f3wienie preparat\u00f3w stosowanych do zabiegu mezoterapii ig\u0142owej<\/p>\n<p class=\"Default\">6.\u00a0Procedura zabiegowa<\/p>\n<p class=\"Default\">7.\u00a0Reakcje sk\u00f3ry po zabiegu<\/p>\n<p class=\"Default\">8.\u00a0Mo\u017cliwe powik\u0142ania\u00a0po zabiegu<\/p>\n<p class=\"Default\">9.\u00a0Zalecenia po zabiegu dla klienta<\/p>\n<p class=\"Default\">10. BHP oraz kwestie prawne<\/p>\n<p class=\"Default\">CZ\u0118\u015a\u0106 PRAKTYCZNA ( 6,5h )<\/p>\n<p class=\"Default\">1.\u00a0Przygotowanie do zabiegu<\/p>\n<p class=\"Default\">2.\u00a0Wykonanie pod okiem instruktora zabiegu na modelkach<\/p>\n<p class=\"Default\">3.\u00a0Samodzielne wykonanie zabiegu w celu sprawdzenia nabytych umiej\u0119tno\u015bci<\/p>\n<p>&nbsp;<\/p>\n<p>Termin szkolenia ustalany jest indywidualnie z kursantem. Informacje o warunkach uczestnictwa w szkoleniu i dost\u0119pnych terminach mog\u0105 Pa\u0144stwo uzyska\u0107 pod numerem 505 455 777.<\/p>\n","protected":false},"excerpt":{"rendered":"<p>Mezoterapia ig\u0142owa jest niechirurgicznym zabiegiem stosowanym do regeneracji, odm\u0142odzenia oraz od\u017cywienia sk\u00f3ry, wykorzystuj\u0105ca dwa mechanizmy dzia\u0142ania. Pierwszy z nich opiera si\u0119 na dzia\u0142aniu substancji, kt\u00f3ra jest wstrzykiwana. Drugi natomiast wykorzystuje uraz powsta\u0142y po wk\u0142uciu jako naturaln\u0105 odpowied\u017a organizmu do stymulacji kom\u00f3rek i proces\u00f3w naprawczych w sk\u00f3rze oraz nask\u00f3rku. Zabieg polega na dostarczeniu \u015br\u00f3dsk\u00f3rnie ( do [&hellip;]<\/p>\n","protected":false},"author":1,"featured_media":0,"parent":2702,"menu_order":0,"comment_status":"closed","ping_status":"closed","template":"","meta":{"_uf_show_specific_survey":0,"_uf_disable_surveys":false,"__cvm_playback_settings":[],"__cvm_video_id":"","_glsr_average":0,"_glsr_ranking":0,"_glsr_reviews":0,"footnotes":""},"class_list":["post-2671","page","type-page","status-publish","czr-hentry"],"aioseo_notices":[],"_links":{"self":[{"href":"https:\/\/salon-urody.wroclaw.pl\/index.php\/wp-json\/wp\/v2\/pages\/2671","targetHints":{"allow":["GET"]}}],"collection":[{"href":"https:\/\/salon-urody.wroclaw.pl\/index.php\/wp-json\/wp\/v2\/pages"}],"about":[{"href":"https:\/\/salon-urody.wroclaw.pl\/index.php\/wp-json\/wp\/v2\/types\/page"}],"author":[{"embeddable":true,"href":"https:\/\/salon-urody.wroclaw.pl\/index.php\/wp-json\/wp\/v2\/users\/1"}],"replies":[{"embeddable":true,"href":"https:\/\/salon-urody.wroclaw.pl\/index.php\/wp-json\/wp\/v2\/comments?post=2671"}],"version-history":[{"count":0,"href":"https:\/\/salon-urody.wroclaw.pl\/index.php\/wp-json\/wp\/v2\/pages\/2671\/revisions"}],"up":[{"embeddable":true,"href":"https:\/\/salon-urody.wroclaw.pl\/index.php\/wp-json\/wp\/v2\/pages\/2702"}],"wp:attachment":[{"href":"https:\/\/salon-urody.wroclaw.pl\/index.php\/wp-json\/wp\/v2\/media?parent=2671"}],"curies":[{"name":"wp","href":"https:\/\/api.w.org\/{rel}","templated":true}]}}