{"id":2668,"date":"2019-09-02T11:59:24","date_gmt":"2019-09-02T09:59:24","guid":{"rendered":"http:\/\/salon-urody.wroclaw.pl\/?page_id=2668"},"modified":"2019-09-02T11:59:24","modified_gmt":"2019-09-02T09:59:24","slug":"szkolenie-z-lipolizy-iniekcyjnej","status":"publish","type":"page","link":"https:\/\/salon-urody.wroclaw.pl\/index.php\/szkolenia-kursy\/szkolenie-z-lipolizy-iniekcyjnej\/","title":{"rendered":"Szkolenie z lipolizy iniekcyjnej"},"content":{"rendered":"<p>SZKOLENIE INDYWIDUALNE Z LIPOLIZY INIEKCYJNEJ<\/p>\n<p class=\"Default\">OBSZARY ZABIEGOWE: brzuch, boczki, uda, kolana, ramiona, podbr\u00f3dek<\/p>\n<p class=\"Default\">LICZBA MODELEK NA SZKOLENIU: 4<\/p>\n<p>CENA: 1000 z\u0142<\/p>\n<p class=\"Default\">Szkolenie sk\u0142ada si\u0119 z cz\u0119\u015bci teoretycznej oraz cz\u0119\u015bci praktycznej. Ka\u017cde szkolenie zako\u0144czone jest wr\u0119czeniem certyfikatu oraz materia\u0142\u00f3w dydaktycznych.<\/p>\n<p class=\"Default\">CZ\u0118\u015a\u0106 TEORETYCZNA ( 1h )<\/p>\n<p class=\"Default\">1.\u00a0Lipoliza iniekcyjna &#8211; definicja<\/p>\n<p class=\"Default\">2.\u00a0Om\u00f3wienie technik wykonywania zabiegu<\/p>\n<p class=\"Default\">3.\u00a0Wskazania do wykonania zabiegu<\/p>\n<p class=\"Default\">4.\u00a0Formularz \u015bwiadomej zgody z om\u00f3wieniem przeciwwskaza\u0144<\/p>\n<p class=\"Default\">5.\u00a0Om\u00f3wienie preparat\u00f3w stosowanych do zabiegu lipolizy iniekcyjnej<\/p>\n<p class=\"Default\">6.\u00a0Procedura zabiegowa<\/p>\n<p class=\"Default\">7.\u00a0Reakcje sk\u00f3ry po zabiegu<\/p>\n<p class=\"Default\">8.\u00a0Mo\u017cliwe powik\u0142ania\u00a0po zabiegu<\/p>\n<p class=\"Default\">9.\u00a0Zalecenia po zabiegu dla klienta<\/p>\n<p class=\"Default\">10. BHP oraz kwestie prawne<\/p>\n<p class=\"Default\">CZ\u0118\u015a\u0106 PRAKTYCZNA ( 5h )<\/p>\n<p class=\"Default\">1.\u00a0Przygotowanie do zabiegu<\/p>\n<p class=\"Default\">2.\u00a0Wykonanie pod okiem instruktora zabiegu na modelkach<\/p>\n<p class=\"Default\">3.\u00a0Samodzielne wykonanie zabiegu w celu sprawdzenia nabytych umiej\u0119tno\u015bci<\/p>\n<p>&nbsp;<\/p>\n<p>Termin szkolenia ustalany jest indywidualnie z kursantem. Informacje o warunkach uczestnictwa w szkoleniu i dost\u0119pnych terminach mog\u0105 Pa\u0144stwo uzyska\u0107 pod numerem 505 455 777.<\/p>\n","protected":false},"excerpt":{"rendered":"<p>SZKOLENIE INDYWIDUALNE Z LIPOLIZY INIEKCYJNEJ OBSZARY ZABIEGOWE: brzuch, boczki, uda, kolana, ramiona, podbr\u00f3dek LICZBA MODELEK NA SZKOLENIU: 4 CENA: 1000 z\u0142 Szkolenie sk\u0142ada si\u0119 z cz\u0119\u015bci teoretycznej oraz cz\u0119\u015bci praktycznej. Ka\u017cde szkolenie zako\u0144czone jest wr\u0119czeniem certyfikatu oraz materia\u0142\u00f3w dydaktycznych. CZ\u0118\u015a\u0106 TEORETYCZNA ( 1h ) 1.\u00a0Lipoliza iniekcyjna &#8211; definicja 2.\u00a0Om\u00f3wienie technik wykonywania zabiegu 3.\u00a0Wskazania do wykonania [&hellip;]<\/p>\n","protected":false},"author":1,"featured_media":0,"parent":2702,"menu_order":0,"comment_status":"closed","ping_status":"closed","template":"","meta":{"_uf_show_specific_survey":0,"_uf_disable_surveys":false,"__cvm_playback_settings":[],"__cvm_video_id":"","_glsr_average":0,"_glsr_ranking":0,"_glsr_reviews":0,"footnotes":""},"class_list":["post-2668","page","type-page","status-publish","czr-hentry"],"aioseo_notices":[],"_links":{"self":[{"href":"https:\/\/salon-urody.wroclaw.pl\/index.php\/wp-json\/wp\/v2\/pages\/2668","targetHints":{"allow":["GET"]}}],"collection":[{"href":"https:\/\/salon-urody.wroclaw.pl\/index.php\/wp-json\/wp\/v2\/pages"}],"about":[{"href":"https:\/\/salon-urody.wroclaw.pl\/index.php\/wp-json\/wp\/v2\/types\/page"}],"author":[{"embeddable":true,"href":"https:\/\/salon-urody.wroclaw.pl\/index.php\/wp-json\/wp\/v2\/users\/1"}],"replies":[{"embeddable":true,"href":"https:\/\/salon-urody.wroclaw.pl\/index.php\/wp-json\/wp\/v2\/comments?post=2668"}],"version-history":[{"count":0,"href":"https:\/\/salon-urody.wroclaw.pl\/index.php\/wp-json\/wp\/v2\/pages\/2668\/revisions"}],"up":[{"embeddable":true,"href":"https:\/\/salon-urody.wroclaw.pl\/index.php\/wp-json\/wp\/v2\/pages\/2702"}],"wp:attachment":[{"href":"https:\/\/salon-urody.wroclaw.pl\/index.php\/wp-json\/wp\/v2\/media?parent=2668"}],"curies":[{"name":"wp","href":"https:\/\/api.w.org\/{rel}","templated":true}]}}