{"id":2658,"date":"2019-09-02T12:10:59","date_gmt":"2019-09-02T10:10:59","guid":{"rendered":"http:\/\/salon-urody.wroclaw.pl\/?page_id=2658"},"modified":"2023-09-25T13:39:08","modified_gmt":"2023-09-25T11:39:08","slug":"lipoliza-iniekcyjna-i-kriolipoliza","status":"publish","type":"page","link":"https:\/\/salon-urody.wroclaw.pl\/index.php\/pakiety-odchudzajace\/lipoliza-iniekcyjna-i-kriolipoliza\/","title":{"rendered":"LIPOLIZA INIEKCYJNA I KRIOLIPOLIZA"},"content":{"rendered":"<h4 align=\"CENTER\"><img decoding=\"async\" class=\"size-medium wp-image-3869 alignleft lazyload\"Times New Roman', serif; font-size: medium; font-weight: 400; text-align: left;\" data-src=\"https:\/\/salon-urody.wroclaw.pl\/wp-content\/uploads\/2023\/08\/20230519_193931_0000-300x300.png\" alt=\"\" width=\"300\" height=\"300\" data-srcset=\"https:\/\/salon-urody.wroclaw.pl\/wp-content\/uploads\/2023\/08\/20230519_193931_0000-300x300.png 300w, https:\/\/salon-urody.wroclaw.pl\/wp-content\/uploads\/2023\/08\/20230519_193931_0000-1024x1024.png 1024w, https:\/\/salon-urody.wroclaw.pl\/wp-content\/uploads\/2023\/08\/20230519_193931_0000-150x150.png 150w, https:\/\/salon-urody.wroclaw.pl\/wp-content\/uploads\/2023\/08\/20230519_193931_0000-768x768.png 768w, https:\/\/salon-urody.wroclaw.pl\/wp-content\/uploads\/2023\/08\/20230519_193931_0000.png 1080w\" data-sizes=\"(max-width: 300px) 100vw, 300px\" src=\"data:image\/svg+xml;base64,PHN2ZyB3aWR0aD0iMSIgaGVpZ2h0PSIxIiB4bWxucz0iaHR0cDovL3d3dy53My5vcmcvMjAwMC9zdmciPjwvc3ZnPg==\" style=\"--smush-placeholder-width: 300px; --smush-placeholder-aspect-ratio: 300\/300;\" \/><\/h4>\n<p>&nbsp;<\/p>\n<h3 style=\"text-align: left;\" align=\"CENTER\"><span style=\"font-family: Times New Roman, serif;\"><span style=\"font-size: medium;\"><b>\u00a0 Lipoliza iniekcy<\/b><\/span><\/span><span style=\"font-family: Times New Roman, serif;\"><span style=\"font-size: medium;\"><b>jna<\/b><\/span><\/span><\/h3>\n<p style=\"text-align: left;\" align=\"CENTER\"><span style=\"font-family: Times New Roman, serif;\"><span style=\"font-size: medium;\">Zabieg polegaj\u0105cy na depono<\/span><\/span><span style=\"font-family: Times New Roman, serif;\"><span style=\"font-size: medium;\">waniu w tkance t\u0142uszczowej specjalnego preparatu, maj\u0105cego dzia\u0142anie lipolityczne. <\/span><\/span><span style=\"font-family: Times New Roman, serif;\"><span style=\"font-size: medium;\">Z chemicznego punktu widzenia lipoliza jest procesem polegaj\u0105cym na rozpadzie kom\u00f3rek t\u0142uszczowych na kwasy t\u0142uszczowe i glicerol, kt\u00f3re zostaj\u0105 nast\u0119pnie uwolnione do krwioobiegu. <\/span><\/span><span style=\"font-family: Times New Roman, serif;\"><span style=\"font-size: medium;\">Taki rozpad kom\u00f3rek t\u0142uszczowych pozwala na ich \u0142atwiejsze usuni\u0119cie z organizmu wraz z procesami metabolicznymi. <\/span><\/span><span style=\"font-family: Times New Roman, serif;\"><span style=\"font-size: medium;\">Lipoliza jest idealnym zabiegiem na miejscowe z\u0142ogi tkanki t\u0142uszczowej, kt\u00f3re ci\u0119\u017cko wypracowa\u0107 diet\u0105 oraz \u0107wiczeniami. <\/span><\/span><span style=\"font-family: Times New Roman, serif;\"><span style=\"font-size: medium;\">Podczas zabiegu u\u017cywa si\u0119 preparatu, kt\u00f3ry naturalnie wyst\u0119puje w organizmie ludzkim \u2013<strong> fosfatydylocholiny.<\/strong><\/span><\/span><\/p>\n<p style=\"text-align: left;\" align=\"CENTER\"><span style=\"color: #ffffff;\">.<\/span><\/p>\n<p style=\"text-align: left;\" align=\"CENTER\"><span style=\"color: #ffffff;\">.<\/span><\/p>\n<p style=\"text-align: left;\" align=\"CENTER\"><span style=\"color: #ffffff;\">.<\/span><\/p>\n<p align=\"CENTER\"><span style=\"font-family: Times New Roman, serif;\"><span style=\"font-size: large;\"><b><img decoding=\"async\" class=\"size-medium wp-image-3867 alignright lazyload\" data-src=\"https:\/\/salon-urody.wroclaw.pl\/wp-content\/uploads\/2023\/08\/IMG_20230518_162755-198x300.png\" alt=\"\" width=\"198\" height=\"300\" data-srcset=\"https:\/\/salon-urody.wroclaw.pl\/wp-content\/uploads\/2023\/08\/IMG_20230518_162755-198x300.png 198w, https:\/\/salon-urody.wroclaw.pl\/wp-content\/uploads\/2023\/08\/IMG_20230518_162755-676x1024.png 676w, https:\/\/salon-urody.wroclaw.pl\/wp-content\/uploads\/2023\/08\/IMG_20230518_162755-99x150.png 99w, https:\/\/salon-urody.wroclaw.pl\/wp-content\/uploads\/2023\/08\/IMG_20230518_162755-768x1164.png 768w, https:\/\/salon-urody.wroclaw.pl\/wp-content\/uploads\/2023\/08\/IMG_20230518_162755-1013x1536.png 1013w, https:\/\/salon-urody.wroclaw.pl\/wp-content\/uploads\/2023\/08\/IMG_20230518_162755.png 1080w\" data-sizes=\"(max-width: 198px) 100vw, 198px\" src=\"data:image\/svg+xml;base64,PHN2ZyB3aWR0aD0iMSIgaGVpZ2h0PSIxIiB4bWxucz0iaHR0cDovL3d3dy53My5vcmcvMjAwMC9zdmciPjwvc3ZnPg==\" style=\"--smush-placeholder-width: 198px; --smush-placeholder-aspect-ratio: 198\/300;\" \/>Dla uzyskania najlepszych efekt\u00f3w zabiegowych, lipoliz\u0119 iniekcyjn\u0105 warto poprzedzi\u0107 zabiegiem kriolipolizy.<\/b><\/span><\/span><\/p>\n<p style=\"text-align: left;\" align=\"CENTER\"><span style=\"font-family: Times New Roman, serif;\"><b>Kriolipoliza<\/b><\/span><span style=\"font-family: Times New Roman, serif;\"> jest zabiegiem trwale eliminuj\u0105cym kom\u00f3rki t\u0142uszczowe. Polega na niszczeniu kom\u00f3rek t\u0142uszczowych pod wp\u0142ywem niskiej temperatury. <\/span><span style=\"font-family: Times New Roman, serif;\">Podczas ch\u0142odzenia lipidy wype\u0142niaj\u0105ce kom\u00f3rk\u0119 t\u0142uszczow\u0105 ulegaj\u0105 krystalizacji (ze stanu ciek\u0142ego przechodz\u0105 w sta\u0142y). Przez to zjawisko wzrasta obj\u0119to\u015b\u0107 kom\u00f3rki, co prowadzi do jej \u015bmierci &#8211; w wyniku uszkodzenia b\u0142ony kom\u00f3rkowej. <\/span><span style=\"font-family: Times New Roman, serif;\">W kom\u00f3rce ustaj\u0105 te\u017c procesy \u017cyciowe, czego konsekwencj\u0105 jest jej apoptoza (zaprogramowana \u015bmier\u0107 kom\u00f3rki) po ok. 3 dniach od zabiegu. <\/span><span style=\"font-family: Times New Roman, serif;\">Jednak najwa\u017cniejsz\u0105 odpowiedzi\u0105 organizmu na ch\u0142odzenie jest powstanie stanu zapalnego, w przebiegu kt\u00f3rego dochodzi do jego oczyszczania z uszkodzonych kom\u00f3rek t\u0142uszczowych. <\/span><span style=\"font-family: Times New Roman, serif;\">Powsta\u0142e zapalenie tkanki podsk\u00f3rnej mo\u017ce utrzyma\u0107 si\u0119 nawet kilka tygodni \u2013 przez to ostateczne efekty widoczne s\u0105 nawet po 3 miesi\u0105cach od zabiegu. <\/span><span style=\"font-family: Times New Roman, serif;\">Uwolniony z kom\u00f3rek t\u0142uszcz wydalany jest z organizmu w trakcie proces\u00f3w metabolicznych.<\/span><\/p>\n<p><img decoding=\"async\" class=\"size-medium wp-image-2627 alignleft lazyload\" data-src=\"http:\/\/salon-urody.wroclaw.pl\/wp-content\/uploads\/2019\/06\/lipoliza-iniekcyjna-4-200x300.jpg\" alt=\"Zabieg lipolizy iniekcyjnej \" width=\"200\" height=\"300\" data-srcset=\"https:\/\/salon-urody.wroclaw.pl\/wp-content\/uploads\/2019\/06\/lipoliza-iniekcyjna-4-200x300.jpg 200w, https:\/\/salon-urody.wroclaw.pl\/wp-content\/uploads\/2019\/06\/lipoliza-iniekcyjna-4-100x150.jpg 100w, https:\/\/salon-urody.wroclaw.pl\/wp-content\/uploads\/2019\/06\/lipoliza-iniekcyjna-4-768x1152.jpg 768w, https:\/\/salon-urody.wroclaw.pl\/wp-content\/uploads\/2019\/06\/lipoliza-iniekcyjna-4-683x1024.jpg 683w, https:\/\/salon-urody.wroclaw.pl\/wp-content\/uploads\/2019\/06\/lipoliza-iniekcyjna-4.jpg 1440w\" data-sizes=\"(max-width: 200px) 100vw, 200px\" src=\"data:image\/svg+xml;base64,PHN2ZyB3aWR0aD0iMSIgaGVpZ2h0PSIxIiB4bWxucz0iaHR0cDovL3d3dy53My5vcmcvMjAwMC9zdmciPjwvc3ZnPg==\" style=\"--smush-placeholder-width: 200px; --smush-placeholder-aspect-ratio: 200\/300;\" \/><\/p>\n<p style=\"text-align: center;\" align=\"CENTER\"><span style=\"font-family: Times New Roman, serif;\"><span style=\"font-size: medium;\"><b>Wykonanie kriolipolizy 2 tygodnie przed zabiegiem lipolizy iniekcyjnej pozwala na usuni\u0119cie wi\u0119kszej ilo\u015bci kom\u00f3rek t\u0142uszczowych w miejscach ich najwi\u0119kszego nagromadzenia.<\/b><\/span><\/span><\/p>\n<h4 style=\"text-align: left;\" align=\"CENTER\"><span style=\"color: #ffffff;\">.<\/span><\/h4>\n<h4 align=\"CENTER\"><\/h4>\n<h4 align=\"CENTER\"><\/h4>\n<h4 align=\"CENTER\"><\/h4>\n<h4 align=\"CENTER\"><span style=\"font-family: Times New Roman, serif;\"><span style=\"font-size: medium;\"><b>Polecana procedura zabiegowa:<\/b><\/span><\/span><\/h4>\n<p align=\"CENTER\"><span style=\"font-family: Times New Roman, serif;\"><span style=\"font-size: medium;\">KRIOLIPOLIZA <\/span><\/span><span style=\"font-family: Wingdings, serif;\"><span style=\"font-size: medium;\">\uf0e0<\/span><\/span><span style=\"font-family: Times New Roman, serif;\"><span style=\"font-size: medium;\"> po 2 tygodniach LIPOLIZA INIEKCYJNA <\/span><\/span><span style=\"font-family: Wingdings, serif;\"><span style=\"font-size: medium;\">\uf0e0<\/span><\/span><span style=\"font-family: Times New Roman, serif;\"><span style=\"font-size: medium;\"> po 4 tygodniach od lipolizy powt\u00f3rka kriolipolizy lub lipolizy ( wed\u0142ug opinii kosmetologa )<\/span><\/span><\/p>\n<p>&nbsp;<\/p>\n<p><span style=\"color: grey;\">Zapraszamy do rezerwacji<\/span><span style=\"color: grey; font-weight: inherit;\">\u00a0zabieg\u00f3w <\/span><a style=\"font-weight: inherit;\" href=\"https:\/\/instytut27.booksy.com\">online<\/a><span style=\"color: grey; font-weight: inherit;\">:<\/span><\/p>\n<h4>Serdecznie zapraszamy do zapoznania si\u0119 z naszymi zabiegami.<\/h4>\n<p>[su_button url=&#8221;https:\/\/instytut27.booksy.com&#8221; target=&#8221;blank&#8221; background=&#8221;#CC0099&#8243; style=&#8221;soft&#8221; size=&#8221;4&#8243; radius=&#8221;round&#8221; text_shadow=&#8221;1px 1px 1px #000000&#8243; rel=&#8221;nofollow&#8221;]Rezerwacja online[\/su_button]<\/p>\n","protected":false},"excerpt":{"rendered":"<p>&nbsp; \u00a0 Lipoliza iniekcyjna Zabieg polegaj\u0105cy na deponowaniu w tkance t\u0142uszczowej specjalnego preparatu, maj\u0105cego dzia\u0142anie lipolityczne. Z chemicznego punktu widzenia lipoliza jest procesem polegaj\u0105cym na rozpadzie kom\u00f3rek t\u0142uszczowych na kwasy t\u0142uszczowe i glicerol, kt\u00f3re zostaj\u0105 nast\u0119pnie uwolnione do krwioobiegu. Taki rozpad kom\u00f3rek t\u0142uszczowych pozwala na ich \u0142atwiejsze usuni\u0119cie z organizmu wraz z procesami metabolicznymi. Lipoliza [&hellip;]<\/p>\n","protected":false},"author":1,"featured_media":0,"parent":2071,"menu_order":0,"comment_status":"closed","ping_status":"closed","template":"","meta":{"_uf_show_specific_survey":0,"_uf_disable_surveys":false,"__cvm_playback_settings":[],"__cvm_video_id":"","_glsr_average":0,"_glsr_ranking":0,"_glsr_reviews":0,"footnotes":""},"class_list":["post-2658","page","type-page","status-publish","czr-hentry"],"aioseo_notices":[],"_links":{"self":[{"href":"https:\/\/salon-urody.wroclaw.pl\/index.php\/wp-json\/wp\/v2\/pages\/2658","targetHints":{"allow":["GET"]}}],"collection":[{"href":"https:\/\/salon-urody.wroclaw.pl\/index.php\/wp-json\/wp\/v2\/pages"}],"about":[{"href":"https:\/\/salon-urody.wroclaw.pl\/index.php\/wp-json\/wp\/v2\/types\/page"}],"author":[{"embeddable":true,"href":"https:\/\/salon-urody.wroclaw.pl\/index.php\/wp-json\/wp\/v2\/users\/1"}],"replies":[{"embeddable":true,"href":"https:\/\/salon-urody.wroclaw.pl\/index.php\/wp-json\/wp\/v2\/comments?post=2658"}],"version-history":[{"count":0,"href":"https:\/\/salon-urody.wroclaw.pl\/index.php\/wp-json\/wp\/v2\/pages\/2658\/revisions"}],"up":[{"embeddable":true,"href":"https:\/\/salon-urody.wroclaw.pl\/index.php\/wp-json\/wp\/v2\/pages\/2071"}],"wp:attachment":[{"href":"https:\/\/salon-urody.wroclaw.pl\/index.php\/wp-json\/wp\/v2\/media?parent=2658"}],"curies":[{"name":"wp","href":"https:\/\/api.w.org\/{rel}","templated":true}]}}