{"id":2635,"date":"2019-08-08T12:30:17","date_gmt":"2019-08-08T10:30:17","guid":{"rendered":"http:\/\/salon-urody.wroclaw.pl\/?page_id=2635"},"modified":"2025-01-08T22:28:32","modified_gmt":"2025-01-08T21:28:32","slug":"fala-uderzeniowa-double-wave","status":"publish","type":"page","link":"https:\/\/salon-urody.wroclaw.pl\/index.php\/pielegnacja-ciala\/fala-uderzeniowa-double-wave\/","title":{"rendered":"Fala uderzeniowa &#8211; Double Wave"},"content":{"rendered":"<h3><strong><span style=\"color: #8b008b;\">Fala uderzeniowa &#8211; Double Wave<\/span><\/strong><\/h3>\n<p><img decoding=\"async\" class=\"alignright wp-image-3293 lazyload\" data-src=\"https:\/\/salon-urody.wroclaw.pl\/wp-content\/uploads\/2023\/02\/46406674_xxl.jpg\" alt=\"Fala uderzeniowa_Wroc\u0142aw\" width=\"452\" height=\"301\" src=\"data:image\/svg+xml;base64,PHN2ZyB3aWR0aD0iMSIgaGVpZ2h0PSIxIiB4bWxucz0iaHR0cDovL3d3dy53My5vcmcvMjAwMC9zdmciPjwvc3ZnPg==\" style=\"--smush-placeholder-width: 452px; --smush-placeholder-aspect-ratio: 452\/301;\" \/><\/p>\n<p>Terapia <span style=\"color: #808080;\"><strong>fal\u0105 uderzeniow\u0105<\/strong><\/span>, jest obecnie jedn\u0105 z najskuteczniejszych metod do walki z niechcianymi z\u0142ogami t\u0142uszczowymi, cellulitem oraz wiotk\u0105 sk\u00f3r\u0105.<\/p>\n<p>Zabieg z wykorzystaniem technologii <strong><span style=\"color: #808080;\">fali uderzeniowej<\/span><\/strong> polega na kontrolowanym dostarczeniu fali d\u017awi\u0119kowej o okre\u015blonej cz\u0119stotliwo\u015bci oraz energii. Podczas zabiegu emitowana energia zostaje wch\u0142oni\u0119ta nawet do <strong>5 cm<\/strong> w g\u0142\u0105b sk\u00f3ry, wywo\u0142uj\u0105c trzy efekty zabiegowe.<\/p>\n<h4>1.Degradacja adipocyt\u00f3w<\/h4>\n<p>Po pierwsze, aplikacja <span style=\"color: #808080;\">fali uderzeniowej<\/span> wywo\u0142uje drgania w tkance \u0142\u0105cznej, kt\u00f3re powoduj\u0105 zwi\u0119kszenie przepuszczalno\u015bci b\u0142ony kom\u00f3rkowej kom\u00f3rki t\u0142uszczowej,\u00a0 u\u0142atwiaj\u0105c tym samym jej rozpad na wolne kwasy t\u0142uszczowe i glicerol. Tak zdegradowane <a href=\"https:\/\/salon-urody.wroclaw.pl\/index.php\/pakiety-odchudzajace\/zimne-uderzenie-kriolipoliza-i-fala-uderzeniowa\/\"><strong>adipocyty<\/strong><\/a> zostaj\u0105 nast\u0119pnie w fizjologiczny spos\u00f3b usuni\u0119te z organizmu przez uk\u0142ad krwiono\u015bny oraz limfatyczny. Pozwala to na pozbycie si\u0119 zb\u0119dnych centymetr\u00f3w z miejsc, kt\u00f3re trudno wyszczupli\u0107 diet\u0105 czy \u0107wiczeniami.<\/p>\n<p>&nbsp;<\/p>\n<p><img decoding=\"async\" class=\"alignleft wp-image-2652 size-medium lazyload\" data-src=\"https:\/\/salon-urody.wroclaw.pl\/wp-content\/uploads\/2019\/08\/FALA-NOWA-MA\u0141E-215x300.jpg\" alt=\"Fala uderzeniowa - zabieg antycellulitowy - Wroc\u0142aw\" width=\"215\" height=\"300\" data-srcset=\"https:\/\/salon-urody.wroclaw.pl\/wp-content\/uploads\/2019\/08\/FALA-NOWA-MA\u0141E-215x300.jpg 215w, https:\/\/salon-urody.wroclaw.pl\/wp-content\/uploads\/2019\/08\/FALA-NOWA-MA\u0141E-108x150.jpg 108w, https:\/\/salon-urody.wroclaw.pl\/wp-content\/uploads\/2019\/08\/FALA-NOWA-MA\u0141E-768x1070.jpg 768w, https:\/\/salon-urody.wroclaw.pl\/wp-content\/uploads\/2019\/08\/FALA-NOWA-MA\u0141E-735x1024.jpg 735w, https:\/\/salon-urody.wroclaw.pl\/wp-content\/uploads\/2019\/08\/FALA-NOWA-MA\u0141E.jpg 786w\" data-sizes=\"(max-width: 215px) 100vw, 215px\" src=\"data:image\/svg+xml;base64,PHN2ZyB3aWR0aD0iMSIgaGVpZ2h0PSIxIiB4bWxucz0iaHR0cDovL3d3dy53My5vcmcvMjAwMC9zdmciPjwvc3ZnPg==\" style=\"--smush-placeholder-width: 215px; --smush-placeholder-aspect-ratio: 215\/300;\" \/><\/p>\n<h4>2. Powstanie nowych w\u0142\u00f3kien kolagenowych<\/h4>\n<p>Drugim pozytywnym efektem jaki powoduj\u0105 drgania wywo\u0142ane przez <span style=\"color: #808080;\"><strong>fal\u0119 uderzeniow\u0105<\/strong><\/span>, jest uruchomienie procesu <strong><span style=\"color: #9acd32;\">neokolagenezy<\/span><\/strong>, czyli powstawania nowych w\u0142\u00f3kien kolagenowych. Powoduje to wzrost elastyczno\u015bci, j\u0119drno\u015bci oraz napi\u0119cia sk\u00f3ry. Jest to bardzo istotny proces przy redukcji tkanki t\u0142uszczowej &#8211; utrata kom\u00f3rek t\u0142uszczowych mo\u017ce powodowa\u0107 spadek j\u0119drno\u015bci sk\u00f3ry oraz wzrost jej wiotko\u015bci, dlatego tak wa\u017cne jest aby pracowa\u0107 nad jej napi\u0119ciem w trakcie terapii odchudzaj\u0105cych.<\/p>\n<h4>3. Lepsze dotlenienie tkanek<\/h4>\n<p>Ostatnim efektem jaki wywo\u0142ujemy za pomoc\u0105 <span style=\"color: #808080;\"><strong>fali uderzeniowej<\/strong><\/span>, jest pobudzenie procesu <strong><span style=\"color: #9acd32;\">angiogenezy,<\/span><\/strong> czyli powstawania nowych naczy\u0144 w\u0142osowatych. Ich zadaniem jest dostarczanie do kom\u00f3rek tlenu, witamin, hormon\u00f3w oraz odprowadzanie produkt\u00f3w przemiany materii oraz dwutlenku w\u0119gla. Wi\u0119ksza ilo\u015b\u0107 naczy\u0144 w\u0142osowatych spowoduje lepsze dotlenienie i ukrwienie tkanek w miejscu zabiegowym.<\/p>\n<p>&nbsp;<\/p>\n<p>&nbsp;<\/p>\n<h5><strong>Wskazania do zabiegu:<\/strong><\/h5>\n<ul>\n<li>cellulit w\u0142\u00f3knisty ( III i IV stopnia ) , t\u0142uszczowy oraz obrz\u0119kowy<\/li>\n<li>miejscowe z\u0142ogi tkanki t\u0142uszczowej<\/li>\n<li>nier\u00f3wno\u015bci sk\u00f3ry<\/li>\n<li>wiotko\u015bci sk\u00f3ry<\/li>\n<\/ul>\n<p>&nbsp;<\/p>\n<h5><strong>Przeciwwskazania do zabiegu:<\/strong><\/h5>\n<ul>\n<li>ci\u0105\u017ca<\/li>\n<li>nowotwory oraz przebyta chemioterapia<\/li>\n<li>choroby uk\u0142adu krwiono\u015bnego<\/li>\n<li>stany zapalne sk\u00f3ry w miejscu zabiegowym<\/li>\n<li>egzemy sk\u00f3rne<\/li>\n<li>leki przeciwzakrzepowe<\/li>\n<\/ul>\n<p>&nbsp;<\/p>\n<p>Najlepsze efekty zabiegowe przynosi wykonanie serii od 4 do 8 zabieg\u00f3w w tygodniowych odst\u0119pach. Ilo\u015b\u0107 zabieg\u00f3w potrzebnych do uzyskania zadowalaj\u0105cych efekt\u00f3w jest uzale\u017cniona od indywidualnych zdolno\u015bci do regeneracji oraz stanu sk\u00f3ry przed rozpocz\u0119ciem serii zabiegowej.<\/p>\n<p>&nbsp;<\/p>\n<p style=\"text-align: center;\">Tylko teraz <em>FALA UDEZRZENIOWA<\/em> jako dodatek do zabiegu \u03362\u03365\u03360\u0336 \u0336z\u0336\u0142\u0336\u00a0 \u2bc8135 z\u0142!<\/p>\n<p>Najcz\u0119\u015bciej zadawane pytania:<\/p>\n<ul>\n<li>\n<h5>Ile zabieg\u00f3w <span style=\"color: #808080;\"><strong>fali uderzeniowej<\/strong><\/span> na cellulit?<\/h5>\n<\/li>\n<\/ul>\n<p>Typowa seria mo\u017ce sk\u0142ada\u0107 si\u0119 z 6-12 zabieg\u00f3w, ale liczba ta mo\u017ce si\u0119 r\u00f3\u017cni\u0107 w zale\u017cno\u015bci od indywidualnej odpowiedzi organizmu na terapi\u0119. W niekt\u00f3rych przypadkach mo\u017ce by\u0107 konieczne wykonanie wi\u0119cej ni\u017c 12 zabieg\u00f3w. Fala uderzeniowa mo\u017ce pom\u00f3c w redukcji widocznego cellulitu poprzez stymulacj\u0119 kr\u0105\u017cenia krwi, popraw\u0119 elastyczno\u015bci sk\u00f3ry i rozbicie tkanki t\u0142uszczowej. Jednak sama terapia fal\u0105 uderzeniow\u0105 musi by\u0107 uzupe\u0142niona o regularne \u0107wiczenia, zdrow\u0105 diet\u0119 i utrzymywanie odpowiedniej wagi.<\/p>\n<ul>\n<li>\n<h5 class=\"JlqpRe\"><span class=\"JCzEY ZwRhJd\">Jak dzia\u0142a <span style=\"color: #808080;\"><strong>fala uderzeniowa<\/strong><\/span> na brzuch?<\/span><\/h5>\n<\/li>\n<\/ul>\n<p>Zabieg fal\u0105 uderzeniow\u0105 to technika terapeutyczna, kt\u00f3ra wykorzystuje fale d\u017awi\u0119kowe o wysokiej energii, fale mechaniczne charakteryzuj\u0105ce si\u0119 skokowym wzrostem ci\u015bnienia, wysok\u0105 amplitud\u0105. \u00a0Fala uderzeniowa jest stosowana w celu redukcji tkanki t\u0142uszczowej, poprawy elastyczno\u015bci sk\u00f3ry i redukcji widoczno\u015bci cellulitu. Fala uderzeniowa mo\u017ce pom\u00f3c w rozbiciu kom\u00f3rek t\u0142uszczowych na mniejsze cz\u0105steczki. Jest to mo\u017cliwe dzi\u0119ki efektowi kawitacji, czyli powstawaniu p\u0119cherzyk\u00f3w w tkance t\u0142uszczowej, kt\u00f3re nast\u0119pnie p\u0119kaj\u0105 pod wp\u0142ywem fali d\u017awi\u0119kowej.<\/p>\n<ul>\n<li>\n<h5 class=\"JlqpRe\"><span class=\"JCzEY ZwRhJd\">Z jak\u0105 pr\u0119dko\u015bci\u0105 porusza si\u0119 <span style=\"color: #808080;\"><strong>fala uderzeniowa<\/strong><\/span>?<\/span><\/h5>\n<\/li>\n<\/ul>\n<p>Fala uderzeniowa, znana r\u00f3wnie\u017c jako fala akustyczna wykorzystuje wysokoenergetyczn\u0105 fal\u0119 d\u017awi\u0119kow\u0105. Charakteryzuje si\u0119 ona bardzo du\u017cym i szybko narastaj\u0105cym ci\u015bnieniem, kt\u00f3re rozchodzi si\u0119 w tkance z pr\u0119dko\u015bci\u0105 oko\u0142o 1500 m\/s. Te impulsy akustyczne przenikaj\u0105 przez sk\u00f3r\u0119 i docieraj\u0105 do tkanki, wywieraj\u0105c swoje dzia\u0142anie na kom\u00f3rki i struktury tkanek. Dzi\u0119ki swojej wysokiej pr\u0119dko\u015bci rozchodzenia si\u0119, fala uderzeniowa mo\u017ce penetrowa\u0107 do wi\u0119kszych g\u0142\u0119boko\u015bci tkanki, co pozwala na docieranie do konkretnych obszar\u00f3w cia\u0142a.<\/p>\n<ul>\n<li>\n<h5>Czy fala uderzeniowa odchudza?<\/h5>\n<\/li>\n<\/ul>\n<p>Terapia fali uderzeniowej mo\u017ce mie\u0107 korzystny wp\u0142yw na redukcj\u0119 cellulitu, popraw\u0119 elastyczno\u015bci sk\u00f3ry oraz zmniejszenie widoczno\u015bci fa\u0142d\u00f3w i nier\u00f3wno\u015bci. Jednak jej dzia\u0142anie nie polega na bezpo\u015brednim spalaniu tkanki t\u0142uszczowej czy redukcji masy cia\u0142a.<\/p>\n<ul>\n<li>\n<h5 class=\"JlqpRe\"><span class=\"JCzEY ZwRhJd\">Co ile dni mo\u017cna robi\u0107 fal\u0119 uderzeniow\u0105?<\/span><\/h5>\n<\/li>\n<\/ul>\n<p>W przypadku terapii antycellulitowej, typowy schemat mo\u017ce obejmowa\u0107 1-2 zabiegi fali uderzeniowej w tygodniu, przez okres kilku tygodni. Czas trwania serii zabieg\u00f3w mo\u017ce si\u0119 r\u00f3\u017cni\u0107 w zale\u017cno\u015bci od indywidualnych czynnik\u00f3w, takich jak stopie\u0144 zaawansowania cellulitu, oczekiwane rezultaty i reakcja organizmu na terapi\u0119.<\/p>\n<ul>\n<li>\n<h5 class=\"JlqpRe\"><span class=\"JCzEY ZwRhJd\">Ile powinien trwa\u0107 zabieg fali uderzeniowej?<\/span><\/h5>\n<\/li>\n<\/ul>\n<p>Czas trwania zabiegu fali uderzeniowej w terapii antycellulitowej wynosi od 5 do 10 minut. Jest to typowy zakres czasu dla tego rodzaju zabiegu. Czas trwania jest dostosowany indywidualnie w zale\u017cno\u015bci od rodzaju schorzenia, obszaru docelowego. Dodatkowo, istotne jest dobranie odpowiedniego rodzaju fal, cz\u0119stotliwo\u015bci impuls\u00f3w oraz g\u0142\u0119boko\u015bci penetracji fal w zale\u017cno\u015bci od indywidualnych potrzeb pacjenta. Wyb\u00f3r tych parametr\u00f3w terapeutycznych jest istotny dla osi\u0105gni\u0119cia optymalnych rezultat\u00f3w terapii antycellulitowej.<\/p>\n<ul>\n<li>\n<h5 class=\"JlqpRe\"><span class=\"JCzEY ZwRhJd\">Kiedy nie stosowa\u0107 fali uderzeniowej?<\/span><\/h5>\n<\/li>\n<\/ul>\n<div class=\"co8aDb\" role=\"heading\" aria-level=\"3\">Przeciwwskazania do terapii falami akustycznymi (uderzeniowymi): c<span style=\"font-weight: inherit;\">i\u0105\u017ca, <\/span><span style=\"font-weight: inherit;\">nowotw\u00f3r lub chemioterapia w wywiadzie, <\/span><span style=\"font-weight: inherit;\">choroby sk\u00f3ry, <\/span><span style=\"font-weight: inherit;\">zakrzepica \u017cylna lub objawy po-zakrzepowe, <\/span><span style=\"font-weight: inherit;\">leki przeciwkrzepliwe, <\/span><span style=\"font-weight: inherit;\">leki z kortyzonem, <\/span><span style=\"font-weight: inherit;\">choroby metaboliczne (hipercholesterolemia), <\/span><span style=\"font-weight: inherit;\">stan zapalny sk\u00f3ry w obszarze zabiegu.<\/span><\/div>\n<div class=\"JlqpRe\"><span class=\"JCzEY ZwRhJd\">Ile kosztuje zabieg fal\u0105 uderzeniow\u0105?<\/span><\/div>\n<p>Standardowo fali uderzeniowej w naszym Instytucie Urody kosztuje 250 z\u0142, natomiast przy dobraniu tej terapii dodatkowo do innego zabiegu, przyk\u0142adowo kriolipolizy mamy 125 z\u0142. Dobrym pomys\u0142em jest zaplanowanie serii zabiegowej. W cenie 750 z\u0142 jest pakiet 5 zabieg\u00f3w +1 gratis.<\/p>\n<ul>\n<li>\n<h5 class=\"JlqpRe\"><span class=\"JCzEY ZwRhJd\">Kiedy stosuje si\u0119 fal\u0119 uderzeniow\u0105?<\/span><\/h5>\n<\/li>\n<\/ul>\n<p>Fala uderzeniowa znajduje zastosowanie w r\u00f3\u017cnych dziedzinach medycyny i terapii. Terapia antycellulitowa: Fala uderzeniowa jest wykorzystywana w celu redukcji cellulitu poprzez stymulacj\u0119 kr\u0105\u017cenia krwi, pobudzenie metabolizmu tkanek oraz popraw\u0119 elastyczno\u015bci sk\u00f3ry. Leczenie uszkodze\u0144 tkanek mi\u0119kkich: Fala uderzeniowa mo\u017ce by\u0107 stosowana w leczeniu r\u00f3\u017cnego rodzaju uszkodze\u0144 tkanek mi\u0119kkich, takich jak zapalenie \u015bci\u0119gien. Leczenie b\u00f3lu: Terapia fali uderzeniowej mo\u017ce by\u0107 stosowana w leczeniu przewlek\u0142ego b\u00f3lu, takiego jak b\u00f3l plec\u00f3w, b\u00f3l kolan, b\u00f3l barku czy b\u00f3l staw\u00f3w. W przypadku terapii schorze\u0144 warto skonsultowa\u0107 si\u0119 ze specjalist\u0105.<\/p>\n<ul>\n<li>\n<h5>Z jakimi zabiegami \u0142\u0105czy\u0107 fal\u0119 uderzeniow\u0105?<\/h5>\n<\/li>\n<\/ul>\n<p>Idealnym uzupe\u0142nieniem zabieg\u00f3w wyszczuplaj\u0105cych i antycellulitowych jest fala uderzeniowa. \u015awietnie sprawdzi si\u0119 w przyspieszeniu efekt\u00f3w kriolipolizy, liposukcji kawitacyjnej, masa\u017cu wyszczuplaj\u0105cego Thermogenique. Fala uderzeniowa stymuluje kr\u0105\u017cenie krwi w obszarze poddanym terapii. To mo\u017ce przyczyni\u0107 si\u0119 do lepszej dostawy sk\u0142adnik\u00f3w od\u017cywczych i tlenu do tkanek, a tak\u017ce do usprawnienia usuwania toksyn.\u00a0Fala uderzeniowa mo\u017ce r\u00f3wnie\u017c wp\u0142ywa\u0107 na produkcj\u0119 kolagenu, kt\u00f3ry jest odpowiedzialny za elastyczno\u015b\u0107 sk\u00f3ry. Poprawa elastyczno\u015bci sk\u00f3ry mo\u017ce zmniejszy\u0107 widoczno\u015b\u0107 fa\u0142d\u00f3w i nier\u00f3wno\u015bci<strong>.<\/strong><\/p>\n<p>Serdecznie zapraszamy do <a href=\"https:\/\/instytut27.booksy.com\/\"><strong>rezerwacji online<\/strong><\/a><\/p>\n<p>[su_button url=&#8221;https:\/\/instytut27.booksy.com&#8221; target=&#8221;blank&#8221; background=&#8221;#9acd32&#8243; style=&#8221;soft&#8221; size=&#8221;4&#8243; radius=&#8221;round&#8221; text_shadow=&#8221;1px 1px 1px #000000&#8243; rel=&#8221;nofollow&#8221;]Rezerwacja online[\/su_button]<\/p>\n<p>Tel.: 505 455 777<\/p>\n<div class=\"fb-page\" data-href=\"https:\/\/www.facebook.com\/fitness.wroclaw\/?locale=pl_PL\" data-tabs=\"timeline\" data-width=\"200\" data-height=\"80\" data-small-header=\"false\" data-adapt-container-width=\"true\" data-hide-cover=\"false\" data-show-facepile=\"true\">\n<blockquote class=\"fb-xfbml-parse-ignore\" cite=\"https:\/\/www.facebook.com\/fitness.wroclaw\/?locale=pl_PL\"><p>&nbsp;<\/p><\/blockquote>\n<\/div>\n<p>&nbsp;<\/p>\n","protected":false},"excerpt":{"rendered":"<p>Fala uderzeniowa &#8211; Double Wave Terapia fal\u0105 uderzeniow\u0105, jest obecnie jedn\u0105 z najskuteczniejszych metod do walki z niechcianymi z\u0142ogami t\u0142uszczowymi, cellulitem oraz wiotk\u0105 sk\u00f3r\u0105. Zabieg z wykorzystaniem technologii fali uderzeniowej polega na kontrolowanym dostarczeniu fali d\u017awi\u0119kowej o okre\u015blonej cz\u0119stotliwo\u015bci oraz energii. Podczas zabiegu emitowana energia zostaje wch\u0142oni\u0119ta nawet do 5 cm w g\u0142\u0105b sk\u00f3ry, wywo\u0142uj\u0105c [&hellip;]<\/p>\n","protected":false},"author":1,"featured_media":0,"parent":110,"menu_order":0,"comment_status":"closed","ping_status":"closed","template":"","meta":{"_uf_show_specific_survey":0,"_uf_disable_surveys":false,"__cvm_playback_settings":[],"__cvm_video_id":"","_glsr_average":0,"_glsr_ranking":0,"_glsr_reviews":0,"footnotes":""},"class_list":["post-2635","page","type-page","status-publish","czr-hentry"],"aioseo_notices":[],"_links":{"self":[{"href":"https:\/\/salon-urody.wroclaw.pl\/index.php\/wp-json\/wp\/v2\/pages\/2635","targetHints":{"allow":["GET"]}}],"collection":[{"href":"https:\/\/salon-urody.wroclaw.pl\/index.php\/wp-json\/wp\/v2\/pages"}],"about":[{"href":"https:\/\/salon-urody.wroclaw.pl\/index.php\/wp-json\/wp\/v2\/types\/page"}],"author":[{"embeddable":true,"href":"https:\/\/salon-urody.wroclaw.pl\/index.php\/wp-json\/wp\/v2\/users\/1"}],"replies":[{"embeddable":true,"href":"https:\/\/salon-urody.wroclaw.pl\/index.php\/wp-json\/wp\/v2\/comments?post=2635"}],"version-history":[{"count":0,"href":"https:\/\/salon-urody.wroclaw.pl\/index.php\/wp-json\/wp\/v2\/pages\/2635\/revisions"}],"up":[{"embeddable":true,"href":"https:\/\/salon-urody.wroclaw.pl\/index.php\/wp-json\/wp\/v2\/pages\/110"}],"wp:attachment":[{"href":"https:\/\/salon-urody.wroclaw.pl\/index.php\/wp-json\/wp\/v2\/media?parent=2635"}],"curies":[{"name":"wp","href":"https:\/\/api.w.org\/{rel}","templated":true}]}}