{"id":2614,"date":"2019-06-25T16:00:22","date_gmt":"2019-06-25T14:00:22","guid":{"rendered":"http:\/\/salon-urody.wroclaw.pl\/?page_id=2614"},"modified":"2025-08-09T02:52:43","modified_gmt":"2025-08-09T00:52:43","slug":"mezoterapia-iglowa-pistolet","status":"publish","type":"page","link":"https:\/\/salon-urody.wroclaw.pl\/index.php\/medycyna-estetyczna\/mezoterapia-iglowa-pistolet\/","title":{"rendered":"Mezoterapia ig\u0142owa- pistolet"},"content":{"rendered":"<h4><strong><span style=\"font-size: small;\"><img decoding=\"async\" class=\"size-medium wp-image-3842 alignleft lazyload\" data-src=\"https:\/\/salon-urody.wroclaw.pl\/wp-content\/uploads\/2023\/08\/IMG_20211019_172634-2-225x300.jpg\" alt=\"\" width=\"225\" height=\"300\" data-srcset=\"https:\/\/salon-urody.wroclaw.pl\/wp-content\/uploads\/2023\/08\/IMG_20211019_172634-2-225x300.jpg 225w, https:\/\/salon-urody.wroclaw.pl\/wp-content\/uploads\/2023\/08\/IMG_20211019_172634-2-768x1024.jpg 768w, https:\/\/salon-urody.wroclaw.pl\/wp-content\/uploads\/2023\/08\/IMG_20211019_172634-2-113x150.jpg 113w, https:\/\/salon-urody.wroclaw.pl\/wp-content\/uploads\/2023\/08\/IMG_20211019_172634-2-1152x1536.jpg 1152w, https:\/\/salon-urody.wroclaw.pl\/wp-content\/uploads\/2023\/08\/IMG_20211019_172634-2-1536x2048.jpg 1536w, https:\/\/salon-urody.wroclaw.pl\/wp-content\/uploads\/2023\/08\/IMG_20211019_172634-2-scaled.jpg 1920w\" data-sizes=\"(max-width: 225px) 100vw, 225px\" src=\"data:image\/svg+xml;base64,PHN2ZyB3aWR0aD0iMSIgaGVpZ2h0PSIxIiB4bWxucz0iaHR0cDovL3d3dy53My5vcmcvMjAwMC9zdmciPjwvc3ZnPg==\" style=\"--smush-placeholder-width: 225px; --smush-placeholder-aspect-ratio: 225\/300;\" \/><\/span><\/strong><\/h4>\n<h2 style=\"text-align: left;\"><strong style=\"color: #cccc33;\">Mezoterapia ig\u0142owa- pistolet<\/strong><\/h2>\n<h4><\/h4>\n<h4 style=\"text-align: center;\"><strong><span style=\"font-size: small;\">Niechirurgiczny<\/span><span style=\"font-size: small;\"> zabieg, stosowany do regeneracji, odm\u0142odzenia oraz od\u017cywienia sk\u00f3ry. Wykorzystuje uraz powsta\u0142y po wk\u0142uciu jako naturaln\u0105 <\/span><\/strong><strong><span style=\"font-size: small;\">odpowied\u017a organizmu do stymulacji kom\u00f3rek i proces\u00f3w naprawczych w sk\u00f3rze oraz nask\u00f3rku. Tylko u nas znajdziesz pistolet a\u017c z 9 igie\u0142kami! Dzi\u0119ki temu zabieg jest zdecydowanie mniej bolesny.<\/span><\/strong><\/h4>\n<p><span style=\"font-size: small;\">Dzi\u0119ki bardzo szerokiej gamie preparat\u00f3w do <a href=\"https:\/\/salon-urody.wroclaw.pl\/index.php\/medycyna-estetyczna\/mezoterapia-iglowa-rewitalizacja-skory\/\">mezoterapii ig\u0142owej<\/a> dost\u0119pnych na rynku, jeste\u015bmy w stanie opracowa\u0107 podczas zabiegu praktycznie ka\u017cdy problem, z jakim zg\u0142osi si\u0119 do nas klientka. Wa\u017cne, \u017ceby do zabiegu dobiera\u0107 jedynie produkty sprawdzone, pochodz\u0105ce z bezpiecznego \u017ar\u00f3d\u0142a, aby unikn\u0105\u0107 niechcianych powik\u0142a\u0144 podczas i po zabiegu.<\/span><\/p>\n<h4 style=\"text-align: center;\">NA CZYM POLEGA ZABIEG?<\/h4>\n<p>&nbsp;<\/p>\n<p><span style=\"font-size: small;\">Zabieg polega na dostarczeniu \u015br\u00f3dsk\u00f3rnie (do poziomu sk\u00f3ry w\u0142a\u015bciwej) sk\u0142adnik\u00f3w aktywnych, kt\u00f3re poprawiaj\u0105 mikrokr\u0105\u017cenie w tkance.<\/span><\/p>\n<p><u style=\"font-size: small; font-weight: inherit;\">W zale\u017cno\u015bci od wybranego preparatu, mo\u017cemy osi\u0105gn\u0105\u0107 efekty takie jak:<\/u><\/p>\n<p><img decoding=\"async\" class=\"size-medium wp-image-3843 alignright lazyload\" data-src=\"https:\/\/salon-urody.wroclaw.pl\/wp-content\/uploads\/2023\/08\/IMG_20211019_172630-225x300.jpg\" alt=\"\" width=\"225\" height=\"300\" data-srcset=\"https:\/\/salon-urody.wroclaw.pl\/wp-content\/uploads\/2023\/08\/IMG_20211019_172630-225x300.jpg 225w, https:\/\/salon-urody.wroclaw.pl\/wp-content\/uploads\/2023\/08\/IMG_20211019_172630-768x1024.jpg 768w, https:\/\/salon-urody.wroclaw.pl\/wp-content\/uploads\/2023\/08\/IMG_20211019_172630-113x150.jpg 113w, https:\/\/salon-urody.wroclaw.pl\/wp-content\/uploads\/2023\/08\/IMG_20211019_172630-1152x1536.jpg 1152w, https:\/\/salon-urody.wroclaw.pl\/wp-content\/uploads\/2023\/08\/IMG_20211019_172630-1536x2048.jpg 1536w, https:\/\/salon-urody.wroclaw.pl\/wp-content\/uploads\/2023\/08\/IMG_20211019_172630-scaled.jpg 1920w\" data-sizes=\"(max-width: 225px) 100vw, 225px\" src=\"data:image\/svg+xml;base64,PHN2ZyB3aWR0aD0iMSIgaGVpZ2h0PSIxIiB4bWxucz0iaHR0cDovL3d3dy53My5vcmcvMjAwMC9zdmciPjwvc3ZnPg==\" style=\"--smush-placeholder-width: 225px; --smush-placeholder-aspect-ratio: 225\/300;\" \/><\/p>\n<ul>\n<li>sp\u0142ycenie zmarszczek<\/li>\n<li>wzrost nawil\u017cenia sk\u00f3ry<\/li>\n<li>napi\u0119cie sk\u00f3ry i lifting<\/li>\n<li>redukcja przebarwie\u0144<\/li>\n<li>regeneracja uraz\u00f3w<\/li>\n<li>wyr\u00f3wnanie kolorytu<\/li>\n<\/ul>\n<p><span style=\"font-size: small;\">Niew\u0105tpliwie do najcz\u0119\u015bciej stosowanych preparat\u00f3w u\u017cywanych do mezoterapii ig\u0142owej jest nieusieciowany <strong style=\"color: #669900;\">kwas hialuronowy<\/strong>. Jest to zwi\u0105zek naturalnie wyst\u0119puj\u0105cy w organizmie ludzkim, odpowiada przede wszystkim za wi\u0105zanie wody w sk\u00f3rze w\u0142a\u015bciwej, co przek\u0142ada si\u0119 na poziom jej nawil\u017cenia. Wraz z up\u0142ywem lat, ilo\u015b\u0107 kwasu hialuronowego w sk\u00f3rze zaczyna male\u0107, przez co traci ona zdolno\u015b\u0107 wi\u0105zania wody a co za tym idzie \u2013 staje si\u0119 bardziej podatna na powstawanie zmarszczek oraz pierwszych oznak starzenia.<\/span><\/p>\n<p><span style=\"font-size: small;\">Do zabiegu u\u017cywa si\u0119 r\u00f3wnie\u017c mieszanin r\u00f3\u017cnych sk\u0142adnik\u00f3w aktywnych: najcz\u0119\u015bciej jest to wspomniany ju\u017c kwas hialuronowy z dodatkiem specjalnego sk\u0142adnika do walki z danym problemem \u00a0sk\u00f3rnym. <\/span><\/p>\n<p><span style=\"font-size: small;\">Du\u017c\u0105 popularno\u015bci\u0105 ciesz\u0105 si\u0119 koktajle z dodatkiem liftinguj\u0105cego kompleksu <strong style=\"color: #669900;\">DMAE<\/strong> \u2013 s\u0105 idealne dla sk\u00f3r pozbawionych j\u0119drno\u015bci i napi\u0119cia. Dla os\u00f3b zmagaj\u0105cych si\u0119 z licznymi przebarwieniami i sk\u00f3r\u0105 naczyniow\u0105, mamy przygotowane produkty z <strong style=\"color: #669900;\">Witamin\u0105 C<\/strong> \u2013 doskonale uszczelnia \u015bciany naczy\u0144, zapobiegaj\u0105c ich p\u0119kaniu.<\/span><\/p>\n<p><strong><span style=\"font-size: small;\"><u>Wskazania do zabiegu mezoterapii:<\/u><\/span><\/strong><\/p>\n<ul>\n<li><span style=\"font-size: small;\">starzenie i fotostarzenie si\u0119 sk\u00f3ry<\/span><\/li>\n<li><span style=\"font-size: small;\">sk\u00f3ra sucha, s\u0142abo od\u017cywiona, matowa, ziemista<\/span><\/li>\n<li><span style=\"font-size: small;\">sk\u00f3ra palacza<\/span><\/li>\n<li><span style=\"font-size: small;\">wiotko\u015bci sk\u00f3rne twarzy i cia\u0142a<\/span><\/li>\n<li><span style=\"font-size: small;\">cellulit<\/span><\/li>\n<li><span style=\"font-size: small;\">blizny<\/span><\/li>\n<li><span style=\"font-size: small;\">rozst\u0119py<\/span><u style=\"font-size: small;\"><\/u><\/li>\n<li><span style=\"font-size: small;\">redukcja tkanki t\u0142uszczowej ( lipoliza iniekcyjna )<br \/>\n<\/span><\/li>\n<li><span style=\"font-size: small;\">sk\u00f3ra g\u0142owy &#8211; pobudzenie wzrostu w\u0142osa<\/span><\/li>\n<\/ul>\n<p><strong><span style=\"font-size: small;\"><u>Przeciwwskazania do zabiegu mezoterapii ig\u0142owej<\/u><\/span><\/strong><\/p>\n<ul>\n<li><span style=\"font-size: small;\">ci\u0105\u017ca oraz karmienie piersi\u0105<\/span><\/li>\n<li><span style=\"font-size: small;\">alergie na sk\u0142adniki aktywne w preparatach<\/span><\/li>\n<li><span style=\"font-size: small;\">cukrzyca<\/span><\/li>\n<li><span style=\"font-size: small;\">choroby autoimmunologiczne<\/span><\/li>\n<li><span style=\"font-size: small;\">stany zapalne sk\u00f3ry<\/span><\/li>\n<li><span style=\"font-size: small;\">opryszczka<\/span><\/li>\n<li><span style=\"font-size: small;\">nowotwory<\/span><\/li>\n<li><span style=\"font-size: small;\">zaburzenia krzepni\u0119cia krwi<\/span><\/li>\n<li><span style=\"font-size: small;\">przyjmowanie lek\u00f3w rozrzedzaj\u0105cych krew<\/span><\/li>\n<\/ul>\n<p style=\"text-align: center;\"><span style=\"font-size: small;\">Efekty po mezoterapii ig\u0142owej widoczne s\u0105 ju\u017c po pierwszym zabiegu, jednak dla uzyskania najlepszych mo\u017cliwych efekt\u00f3w, zaleca si\u0119 wykonanie zabiegu w serii z zachowaniem trzech tygodni odst\u0119pu mi\u0119dzy zabiegami. <\/span><span style=\"font-size: small;\">Ostateczny efekt zabiegowy uzale\u017cniony jest od stanu wyj\u015bciowego sk\u00f3ry klientki oraz jej osobistych zdolno\u015bci do regeneracji.<\/span><\/p>\n<p>&nbsp;<\/p>\n<p>Najcz\u0119\u015bciej zadawane pytania:<\/p>\n<details>\n<summary>Co jest lepsze mezoterapia ig\u0142owa czy mikroig\u0142owa?<\/summary>\n<p>Mezoterapia mikroig\u0142owa to zabieg z zakresu medycyny estetycznej, polegaj\u0105cy na stymulacji, pobudzeniu i regeneracji w\u0142\u00f3kien kolagenu i elastyny przez mikroiniekcje za pomoc\u0105 specjalistycznej g\u0142owicy z mikroig\u0142ami. Powsta\u0142e mikro uszkodzenia, wykorzystuj\u0105 wrodzone umiej\u0119tno\u015bci organizmu do naprawy sk\u00f3ry oraz fizjologicznej produkcji kolagenu. Zostaje r\u00f3wnie\u017c zwi\u0119kszona przepuszczalno\u015b\u0107 sk\u00f3ry, dzi\u0119ki czemu jest ona gotowa na przyj\u0119cie substancji aktywnych. Nak\u0142ucia s\u0105 na poziomie nask\u00f3rka, wi\u0119c sk\u00f3ra jest delikatnie podra\u017cniona, ale zostaje jednocze\u015bnie pobudzona do autoregeneracji. Natomiast zabieg mezoterapii ig\u0142owej polega na dostarczeniu \u015br\u00f3dsk\u00f3rnie ( do poziomu sk\u00f3ry w\u0142a\u015bciwej ) sk\u0142adnik\u00f3w aktywnych, kt\u00f3re poprawiaj\u0105 mikrokr\u0105\u017cenie w tkance. W zale\u017cno\u015bci od wybranego preparatu, mo\u017cemy osi\u0105gn\u0105\u0107 efekty takie jak:<\/p>\n<ul>\n<li>poprawa g\u0119sto\u015bci i napi\u0119cia sk\u00f3ry<\/li>\n<li>zwi\u0119kszenie elastyczno\u015bci<\/li>\n<li>redukcja \u201ekurzych \u0142apek\u201d i zasinie\u0144<\/li>\n<li>poprawa owalu twarzy<\/li>\n<li>wzrost nawil\u017cenia<\/li>\n<li>sp\u0142ycenie zmarszczek<\/li>\n<li>sp\u0142ycenie blizn potr\u0105dzikowych<\/li>\n<li>roz\u015bwietlenie cery<\/li>\n<\/ul>\n<\/details>\n<details>\n<summary>Jakie s\u0105 rodzaje mezoterapii ig\u0142owej?<\/summary>\n<p>Klasyczna, pierwotna mezoterapia ig\u0142owa, przeprowadzana jest zazwyczaj przez specjalist\u0119 za pomoc\u0105 strzykawki. Poszczeg\u00f3lne miejsca nak\u0142u\u0107 powinny by\u0107 w\u00f3wczas oddalone od siebie przynajmniej o 1 cm. W przypadku tego typu zabiegu precyzja nak\u0142u\u0107 oraz ich g\u0142\u0119boko\u015b\u0107 jest zale\u017cna od kosmetologa. Natomiast w naszym Instytucie Urody Fantastic Body stosujemy mezoterapie ig\u0142ow\u0105 pistoletow\u0105, kt\u00f3ra w por\u00f3wnaniu z klasyczn\u0105 eliminuje dolegliwo\u015bci b\u00f3lowe. Dzieje si\u0119 tak, dzi\u0119ki blisko upakowanych, precyzyjnych dziewi\u0119ciu igie\u0142, kontrolowanych przez urz\u0105dzenie. Pistolet posiada zaawansowany system, kt\u00f3ry umo\u017cliwia precyzyjn\u0105 aplikacj\u0119 identycznych dawek preparatu przy ka\u017cdej iniekcji. Spr\u0119\u017cone powietrze umo\u017cliwia wyrzut ig\u0142y, dzi\u0119ki czemu ig\u0142y szybko przenikaj\u0105 w g\u0142\u0105b sk\u00f3ry, co znacznie redukuje dolegliwo\u015bci b\u00f3lowe.<\/p>\n<\/details>\n<details>\n<summary>Jak d\u0142ugo goi si\u0119 twarz po mezoterapii ig\u0142owej?<\/summary>\n<p>Po zabiegu mo\u017ce pojawi\u0107 si\u0119 delikatny obrz\u0119k oraz zaczerwienienie, wynikaj\u0105ce z iniekcji. Tego typu objawy mog\u0105 utrzymywa\u0107 si\u0119 przez 2-3 dni. Natomiast pe\u0142en okres regeneracji sk\u00f3ry oraz powrotu do kolejnych zabieg\u00f3w to 2 tygodnie. Je\u015bli planujemy wykona\u0107 ten zabieg przed wa\u017cnym wydarzeniem jest to minimalny odst\u0119p jaki powinni\u015bmy zachowa\u0107.<\/p>\n<\/details>\n<details>\n<summary>Czy mezoterapie ig\u0142ow\u0105 mo\u017cemy wykona\u0107 przy cerach wra\u017cliwych?<\/summary>\n<p>Oczywi\u015bcie, nie jest to przeciwwskazanie do zabiegu. W\u00f3wczas zmieniamy parametry i dobieramy odpowiednio do tego typu cery. Nawet w przypadku cer naczyniowych istnieje mo\u017cliwo\u015b\u0107 wykonania zabiegu, jednak\u017ce w przypadku bardzo intensywnego rumienia lub obecno\u015bci du\u017cej liczby teleangiektazji na twarzy, zaleca si\u0119 przede wszystkim rozwa\u017cenie zabieg\u00f3w laserowych, kt\u00f3re maj\u0105 na celu redukcj\u0119 tych zmian. Dopiero po uzyskaniu odpowiednich efekt\u00f3w z zabieg\u00f3w laserowych mo\u017cna rozwa\u017cy\u0107 ewentualne zastosowanie mezoterapii.<\/p>\n<\/details>\n<details>\n<summary>Ile kosztuje zabieg mezoterapii ig\u0142owej?<\/summary>\n<p>W naszym Instytucie Urody Fantastic Body istnieje mo\u017cliwo\u015b\u0107 wykonania zabiegu w cenach:<\/p>\n<ul>\n<li style=\"list-style-type: none;\">\n<ul>\n<li>Twarz &#8211; 1500 z\u0142<\/li>\n<li>Twarz + szyja + dekolt- 1650 z\u0142<\/li>\n<\/ul>\n<\/li>\n<\/ul>\n<p>Znieczulenie do zabiegu- 60z\u0142<\/p>\n<\/details>\n<details>\n<summary>Jak cz\u0119sto mo\u017cna robi\u0107 mezoterapie ig\u0142ow\u0105?<\/summary>\n<p>W przypadku standardowej mezoterapii, zazwyczaj zaleca si\u0119 seri\u0119 kilku zabieg\u00f3w, kt\u00f3re s\u0105 przeprowadzane w odst\u0119pach co oko\u0142o 2-4 tygodnie. Po zako\u0144czeniu serii, mo\u017cna wykona\u0107 tzw. zabiegi podtrzymuj\u0105ce w odst\u0119pach czasowych uzgodnionych z kosmetologiem lub dermatologiem.<br \/>\nJe\u015bli mezoterapia ig\u0142owa jest stosowana w celach rewitalizacji i poprawy og\u00f3lnego stanu sk\u00f3ry, zazwyczaj przeprowadza si\u0119 seri\u0119 3-7 zabieg\u00f3w, a nast\u0119pnie zabiegi utrzymaniowe co 1-3 miesi\u0105ce. W przypadku innych cel\u00f3w, takich jak redukcja zmarszczek, likwidacja blizn czy leczenie tr\u0105dziku, mo\u017ce by\u0107 konieczne wykonanie wi\u0119kszej liczby zabieg\u00f3w w kr\u00f3tszych odst\u0119pach czasowych.<\/p>\n<\/details>\n<p>&nbsp;<\/p>\n<p>Um\u00f3w si\u0119 na konsultacj\u0119 i zabieg pod numerem telefonu <strong>505 455 777.<\/strong><\/p>\n<p><strong>CENA<\/strong>:<\/p>\n<ul>\n<li>\n<h5 class=\"column_row\">Mezoterapia ig\u0142owa &#8211; twarz &#8211; 1500 z\u0142<\/h5>\n<dl class=\"dl-horizontal\"><\/dl>\n<\/li>\n<li>\n<h5 class=\"column_row\">Mezoterapia ig\u0142owa &#8211; twarz, szyja, dekolt &#8211; 1650 z\u0142<\/h5>\n<dl class=\"dl-horizontal\"><\/dl>\n<\/li>\n<li>\n<h5>Znieczulenie do zabiegu- 60z\u0142<\/h5>\n<\/li>\n<\/ul>\n<h4><strong><span style=\"color: grey;\">Zapraszamy do rezerwacji zabieg\u00f3w <a href=\"https:\/\/instytut27.booksy.com\">online<\/a>:<\/span><\/strong><\/h4>\n<div id=\"fb-root\"><a href=\"https:\/\/www.instagram.com\/fantastic.body.wroclaw\/\"><img decoding=\"async\" class=\"alignleft lazyload\" style=\"--smush-placeholder-width: 72px; --smush-placeholder-aspect-ratio: 72\/71;border: 0;\" data-src=\"https:\/\/cdn.pixabay.com\/photo\/2016\/08\/09\/17\/52\/instagram-1581266_960_720.jpg\" alt=\"INSTAGRAM\" width=\"72\" height=\"71\" src=\"data:image\/svg+xml;base64,PHN2ZyB3aWR0aD0iMSIgaGVpZ2h0PSIxIiB4bWxucz0iaHR0cDovL3d3dy53My5vcmcvMjAwMC9zdmciPjwvc3ZnPg==\" \/><\/a><\/div>\n<p><script async defer crossorigin=\"anonymous\" src=\"https:\/\/connect.facebook.net\/pl_PL\/sdk.js#xfbml=1&#038;version=v16.0\" nonce=\"eKVMTvDK\"><\/script><\/p>\n<div class=\"fb-page\" data-href=\"https:\/\/www.facebook.com\/fitness.wroclaw\/?locale=pl_PL\" data-tabs=\"timeline\" data-width=\"200\" data-height=\"80\" data-small-header=\"false\" data-adapt-container-width=\"true\" data-hide-cover=\"false\" data-show-facepile=\"true\">\n<blockquote class=\"fb-xfbml-parse-ignore\" cite=\"https:\/\/www.facebook.com\/fitness.wroclaw\/?locale=pl_PL\"><p><a href=\"https:\/\/www.facebook.com\/fitness.wroclaw\/?locale=pl_PL\">Salon Urody, kosmetyczny &#8211; Klinika odchudzania &#8211; Fantastic Body Instytut<\/a><\/p><\/blockquote>\n<\/div>\n","protected":false},"excerpt":{"rendered":"<p>Mezoterapia ig\u0142owa- pistolet Niechirurgiczny zabieg, stosowany do regeneracji, odm\u0142odzenia oraz od\u017cywienia sk\u00f3ry. Wykorzystuje uraz powsta\u0142y po wk\u0142uciu jako naturaln\u0105 odpowied\u017a organizmu do stymulacji kom\u00f3rek i proces\u00f3w naprawczych w sk\u00f3rze oraz nask\u00f3rku. Tylko u nas znajdziesz pistolet a\u017c z 9 igie\u0142kami! Dzi\u0119ki temu zabieg jest zdecydowanie mniej bolesny. Dzi\u0119ki bardzo szerokiej gamie preparat\u00f3w do mezoterapii ig\u0142owej [&hellip;]<\/p>\n","protected":false},"author":1,"featured_media":0,"parent":2357,"menu_order":0,"comment_status":"closed","ping_status":"closed","template":"","meta":{"_uf_show_specific_survey":0,"_uf_disable_surveys":false,"__cvm_playback_settings":[],"__cvm_video_id":"","_glsr_average":0,"_glsr_ranking":0,"_glsr_reviews":0,"footnotes":""},"class_list":["post-2614","page","type-page","status-publish","czr-hentry"],"aioseo_notices":[],"_links":{"self":[{"href":"https:\/\/salon-urody.wroclaw.pl\/index.php\/wp-json\/wp\/v2\/pages\/2614","targetHints":{"allow":["GET"]}}],"collection":[{"href":"https:\/\/salon-urody.wroclaw.pl\/index.php\/wp-json\/wp\/v2\/pages"}],"about":[{"href":"https:\/\/salon-urody.wroclaw.pl\/index.php\/wp-json\/wp\/v2\/types\/page"}],"author":[{"embeddable":true,"href":"https:\/\/salon-urody.wroclaw.pl\/index.php\/wp-json\/wp\/v2\/users\/1"}],"replies":[{"embeddable":true,"href":"https:\/\/salon-urody.wroclaw.pl\/index.php\/wp-json\/wp\/v2\/comments?post=2614"}],"version-history":[{"count":2,"href":"https:\/\/salon-urody.wroclaw.pl\/index.php\/wp-json\/wp\/v2\/pages\/2614\/revisions"}],"predecessor-version":[{"id":4141,"href":"https:\/\/salon-urody.wroclaw.pl\/index.php\/wp-json\/wp\/v2\/pages\/2614\/revisions\/4141"}],"up":[{"embeddable":true,"href":"https:\/\/salon-urody.wroclaw.pl\/index.php\/wp-json\/wp\/v2\/pages\/2357"}],"wp:attachment":[{"href":"https:\/\/salon-urody.wroclaw.pl\/index.php\/wp-json\/wp\/v2\/media?parent=2614"}],"curies":[{"name":"wp","href":"https:\/\/api.w.org\/{rel}","templated":true}]}}