{"id":2608,"date":"2019-06-25T15:00:08","date_gmt":"2019-06-25T13:00:08","guid":{"rendered":"http:\/\/salon-urody.wroclaw.pl\/?page_id=2608"},"modified":"2023-06-21T14:53:09","modified_gmt":"2023-06-21T12:53:09","slug":"lipoliza-iniekcyjna","status":"publish","type":"page","link":"https:\/\/salon-urody.wroclaw.pl\/index.php\/medycyna-estetyczna\/lipoliza-iniekcyjna\/","title":{"rendered":"Lipoliza iniekcyjna"},"content":{"rendered":"<h3 style=\"text-align: center;\">LIPOLIZA INIEKCYJNA<\/h3>\n<p>&nbsp;<\/p>\n<p><span style=\"font-size: small;\">Lipoliza iniekcyjna, jest to zabieg mezoterapii ig\u0142owej polegaj\u0105cy na deponowaniu w tkance t\u0142uszczowej odpowiedniego preparatu maj\u0105cego dzia\u0142anie lipolityczne.<\/span><\/p>\n<p><span style=\"font-size: small;\">Z chemicznego punktu widzenia lipoliza to proces przebiegaj\u0105cy naturalnie w ludzkim organizmie. Polega on na hydrolitycznym rozk\u0142adzie tr\u00f3jgliceryd\u00f3w do kwas\u00f3w t\u0142uszczowych oraz glicerolu, kt\u00f3re s\u0105 w nast\u0119pstwie uwalniane do krwiobiegu. Tam zostaj\u0105 wychwycone przez tkanki gdzie ulegaj\u0105 utlenieniu do dwutlenku w\u0119gla i wody.<\/span><\/p>\n<p><span style=\"font-size: small;\">Taki rozk\u0142ad kom\u00f3rki t\u0142uszczowej pozwala na \u0142atwiejsze usuni\u0119cie jej z organizmu wraz z przemian\u0105 metaboliczn\u0105. Dzi\u0119ki temu, mo\u017cemy pozby\u0107 si\u0119 nadmiaru t\u0142uszczu w miejscach jego nadmiernego nagromadzenia.<\/span><\/p>\n<p><span style=\"font-size: small;\">Najcz\u0119\u015bciej stosowanym preparatem do redukcji tkanki t\u0142uszczowej jest fosfatydylocholina <\/span><span style=\"font-size: small;\">( lecytyna ). Jest to substancja naturalnie wyst\u0119puj\u0105ca w naszym organizmie, kt\u00f3ra odpowiada za szereg proces\u00f3w zachodz\u0105cych w ludzkim ciele, m. in. jest wa\u017cnym elementem wchodz\u0105cym w sk\u0142ad m\u00f3zgu i tkanki nerwowej, bierze udzia\u0142 w rozmaitych procesach przemiany materii oraz stanowi barier\u0119 ochronn\u0105 \u015bcian \u017co\u0142\u0105dka.<\/span><\/p>\n<p><span style=\"font-size: small;\">Innymi substancjami stosowanymi do redukcji tkanki t\u0142uszczowej<\/span><\/p>\n<div id=\"attachment_2627\" style=\"width: 210px\" class=\"wp-caption alignright\"><img decoding=\"async\" aria-describedby=\"caption-attachment-2627\" class=\"size-medium wp-image-2627 lazyload\" data-src=\"http:\/\/salon-urody.wroclaw.pl\/wp-content\/uploads\/2019\/06\/lipoliza-iniekcyjna-4-200x300.jpg\" alt=\"\" width=\"200\" height=\"300\" data-srcset=\"https:\/\/salon-urody.wroclaw.pl\/wp-content\/uploads\/2019\/06\/lipoliza-iniekcyjna-4-200x300.jpg 200w, https:\/\/salon-urody.wroclaw.pl\/wp-content\/uploads\/2019\/06\/lipoliza-iniekcyjna-4-100x150.jpg 100w, https:\/\/salon-urody.wroclaw.pl\/wp-content\/uploads\/2019\/06\/lipoliza-iniekcyjna-4-768x1152.jpg 768w, https:\/\/salon-urody.wroclaw.pl\/wp-content\/uploads\/2019\/06\/lipoliza-iniekcyjna-4-683x1024.jpg 683w, https:\/\/salon-urody.wroclaw.pl\/wp-content\/uploads\/2019\/06\/lipoliza-iniekcyjna-4.jpg 1440w\" data-sizes=\"(max-width: 200px) 100vw, 200px\" src=\"data:image\/svg+xml;base64,PHN2ZyB3aWR0aD0iMSIgaGVpZ2h0PSIxIiB4bWxucz0iaHR0cDovL3d3dy53My5vcmcvMjAwMC9zdmciPjwvc3ZnPg==\" style=\"--smush-placeholder-width: 200px; --smush-placeholder-aspect-ratio: 200\/300;\" \/><p id=\"caption-attachment-2627\" class=\"wp-caption-text\">Zabieg redukcji tkanki t\u0142uszczowej<\/p><\/div>\n<p><span style=\"font-size: small;\">s\u0105 mi\u0119dzy innymi L-karnityna, dezoksycholan sodu oraz kofeina. <\/span><\/p>\n<p><span style=\"font-size: small;\">Jakie s\u0105 wskazania do zabiegu?<\/span><\/p>\n<p><span style=\"font-size: small;\">Jest to zabieg idealny do usuni\u0119cia miejscowych z\u0142og\u00f3w t\u0142uszczowych, trzeba jednak pami\u0119ta\u0107, \u017ce nie jest to zabieg maj\u0105cy na celu redukcj\u0119 masy ca\u0142ego cia\u0142a, dlatego u os\u00f3b ze zbyt du\u017c\u0105 nadwag\u0105 mo\u017ce by\u0107 nieskuteczny.<\/span><\/p>\n<p><span style=\"font-size: small;\">Lipoliza iniekcyjna pozwala na pozbycie si\u0119 tkanki t\u0142uszczowej w takich okolicach jak:<\/span><\/p>\n<ul>\n<li><span style=\"font-size: small;\">podbr\u00f3dek<\/span><\/li>\n<li><span style=\"font-size: small;\">ramiona<\/span><\/li>\n<li><span style=\"font-size: small;\">brzuch<\/span><\/li>\n<li><span style=\"font-size: small;\">boczki<\/span><\/li>\n<li><span style=\"font-size: small;\">wewn\u0119trzna i zewn\u0119trzna strona ud<br \/>\n<\/span><\/li>\n<li><span style=\"font-size: small;\">okolica nad kolanem<\/span><\/li>\n<li><span style=\"font-size: small;\">po\u015bladki<\/span><\/li>\n<li><span style=\"font-size: small;\">biodra<\/span><\/li>\n<\/ul>\n<p><span style=\"font-size: small;\">Przeciwwskazania do zabiegu lipolizy:<\/span><\/p>\n<ul>\n<li><span style=\"font-size: small;\">ci\u0105\u017ca i karmienie piersi\u0105<\/span><\/li>\n<li><span style=\"font-size: small;\">cukrzyca<\/span><\/li>\n<li><span style=\"font-size: small;\">padaczka<\/span><\/li>\n<li><span style=\"font-size: small;\">nadmierna oty\u0142o\u015b\u0107<\/span><\/li>\n<li><span style=\"font-size: small;\">choroby tarczycy<\/span><\/li>\n<li><span style=\"font-size: small;\">nowotwory<\/span><\/li>\n<li><span style=\"font-size: small;\">stwardnienie rozsiane<\/span><\/li>\n<li><span style=\"font-size: small;\">alergia na produkty sojowe<\/span><\/li>\n<li><span style=\"font-size: small;\">d\u0142ugotrwa\u0142e przyjmowanie lek\u00f3w<\/span><\/li>\n<\/ul>\n<p><span style=\"font-size: small;\">Zabieg lipolizy nie wyklucza z codziennego \u017cycia, zaleca si\u0119 jedynie ograniczenie spo\u017cywania t\u0142ustych potraw i alkoholu, aby dodatkowo nie obci\u0105\u017ca\u0107 w\u0105troby. <\/span><\/p>\n<p><span style=\"font-size: small;\">W miejscach wk\u0142u\u0107 mog\u0105 si\u0119 pojawi\u0107 drobne obrz\u0119ki i stwardnienia, kt\u00f3re ust\u0105pi\u0105 do kilku dni po zabiegu.<\/span><\/p>\n<p><span style=\"font-size: small;\">Ju\u017c jednorazowy zabieg pozwala na pozbycie si\u0119 kilku centymetr\u00f3w z obwodu. W zale\u017cno\u015bci od ilo\u015bci tkanki t\u0142uszczowej oraz trybu \u017cycia, mo\u017cna straci\u0107 od 2 do 4 cm po pierwszym zabiegu. Osoby aktywne fizycznie oraz na zdrowej diecie osi\u0105gaj\u0105 zdecydowanie lepsze i szybsze efekty zabiegowe.<\/span><\/p>\n<p>Um\u00f3w si\u0119 na zabieg telefonicznie pod numerem 505 455 777 lub<br \/>\n<span style=\"color: grey;\">Zapraszamy do rezerwacji zabieg\u00f3w <a href=\"https:\/\/instytut27.booksy.com\">online<\/a>:<\/span><\/p>\n<p>[su_button url=&#8221;https:\/\/instytut27.booksy.com&#8221; target=&#8221;blank&#8221; background=&#8221;#4FC3F7&#8243; style=&#8221;soft&#8221; size=&#8221;8&#8243; radius=&#8221;round&#8221; text_shadow=&#8221;1px 1px 1px #000000&#8243; rel=&#8221;nofollow&#8221;]Zarezerwuj online[\/su_button]<\/p>\n<p>&nbsp;<\/p>\n<div id=\"fb-root\"><a href=\"https:\/\/www.instagram.com\/fantastic.body.wroclaw\/\"><img decoding=\"async\" class=\"alignnone lazyload\" style=\"--smush-placeholder-width: 72px; --smush-placeholder-aspect-ratio: 72\/71;border: 0;\" data-src=\"https:\/\/cdn.pixabay.com\/photo\/2016\/08\/09\/17\/52\/instagram-1581266_960_720.jpg\" alt=\"INSTAGRAM\" width=\"72\" height=\"71\" src=\"data:image\/svg+xml;base64,PHN2ZyB3aWR0aD0iMSIgaGVpZ2h0PSIxIiB4bWxucz0iaHR0cDovL3d3dy53My5vcmcvMjAwMC9zdmciPjwvc3ZnPg==\" \/><\/a><\/div>\n<p><script async defer crossorigin=\"anonymous\" src=\"https:\/\/connect.facebook.net\/pl_PL\/sdk.js#xfbml=1&#038;version=v16.0\" nonce=\"eKVMTvDK\"><\/script><\/p>\n<div class=\"fb-page\" data-href=\"https:\/\/www.facebook.com\/fitness.wroclaw\/?locale=pl_PL\" data-tabs=\"timeline\" data-width=\"200\" data-height=\"80\" data-small-header=\"false\" data-adapt-container-width=\"true\" data-hide-cover=\"false\" data-show-facepile=\"true\">\n<blockquote class=\"fb-xfbml-parse-ignore\" cite=\"https:\/\/www.facebook.com\/fitness.wroclaw\/?locale=pl_PL\">\n<p style=\"text-align: left;\"><a href=\"https:\/\/www.facebook.com\/fitness.wroclaw\/?locale=pl_PL\">Salon Urody, kosmetyczny &#8211; Klinika odchudzania &#8211; Fantastic Body Instytut<\/a><\/p>\n<\/blockquote>\n<\/div>\n","protected":false},"excerpt":{"rendered":"<p>LIPOLIZA INIEKCYJNA &nbsp; Lipoliza iniekcyjna, jest to zabieg mezoterapii ig\u0142owej polegaj\u0105cy na deponowaniu w tkance t\u0142uszczowej odpowiedniego preparatu maj\u0105cego dzia\u0142anie lipolityczne. Z chemicznego punktu widzenia lipoliza to proces przebiegaj\u0105cy naturalnie w ludzkim organizmie. Polega on na hydrolitycznym rozk\u0142adzie tr\u00f3jgliceryd\u00f3w do kwas\u00f3w t\u0142uszczowych oraz glicerolu, kt\u00f3re s\u0105 w nast\u0119pstwie uwalniane do krwiobiegu. Tam zostaj\u0105 wychwycone przez [&hellip;]<\/p>\n","protected":false},"author":1,"featured_media":2627,"parent":2357,"menu_order":1,"comment_status":"closed","ping_status":"closed","template":"","meta":{"_uf_show_specific_survey":0,"_uf_disable_surveys":false,"__cvm_playback_settings":[],"__cvm_video_id":"","_glsr_average":0,"_glsr_ranking":0,"_glsr_reviews":0,"footnotes":""},"class_list":["post-2608","page","type-page","status-publish","has-post-thumbnail","czr-hentry"],"aioseo_notices":[],"_links":{"self":[{"href":"https:\/\/salon-urody.wroclaw.pl\/index.php\/wp-json\/wp\/v2\/pages\/2608","targetHints":{"allow":["GET"]}}],"collection":[{"href":"https:\/\/salon-urody.wroclaw.pl\/index.php\/wp-json\/wp\/v2\/pages"}],"about":[{"href":"https:\/\/salon-urody.wroclaw.pl\/index.php\/wp-json\/wp\/v2\/types\/page"}],"author":[{"embeddable":true,"href":"https:\/\/salon-urody.wroclaw.pl\/index.php\/wp-json\/wp\/v2\/users\/1"}],"replies":[{"embeddable":true,"href":"https:\/\/salon-urody.wroclaw.pl\/index.php\/wp-json\/wp\/v2\/comments?post=2608"}],"version-history":[{"count":0,"href":"https:\/\/salon-urody.wroclaw.pl\/index.php\/wp-json\/wp\/v2\/pages\/2608\/revisions"}],"up":[{"embeddable":true,"href":"https:\/\/salon-urody.wroclaw.pl\/index.php\/wp-json\/wp\/v2\/pages\/2357"}],"wp:featuredmedia":[{"embeddable":true,"href":"https:\/\/salon-urody.wroclaw.pl\/index.php\/wp-json\/wp\/v2\/media\/2627"}],"wp:attachment":[{"href":"https:\/\/salon-urody.wroclaw.pl\/index.php\/wp-json\/wp\/v2\/media?parent=2608"}],"curies":[{"name":"wp","href":"https:\/\/api.w.org\/{rel}","templated":true}]}}