{"id":256,"date":"2014-12-16T21:04:01","date_gmt":"2014-12-16T20:04:01","guid":{"rendered":"http:\/\/salon-urody.wroclaw.pl\/?page_id=256"},"modified":"2023-11-13T15:07:47","modified_gmt":"2023-11-13T14:07:47","slug":"fale-radiowe-na-cialo","status":"publish","type":"page","link":"https:\/\/salon-urody.wroclaw.pl\/index.php\/pielegnacja-ciala\/fale-radiowe-na-cialo\/","title":{"rendered":"Fale Radiowe RF &#8211; Termoplastyka cia\u0142a"},"content":{"rendered":"<h2><!--more--><strong>Dzia\u0142anie fali radiowej na cia\u0142o.<\/strong><\/h2>\n<p>Wykorzystanie fal radiowych prze\u017cywa obecnie renesans, a z ich pomoc\u0105 odkrywamy najnowsze trendy w \u015bwiatowej kosmetologii.\u00a0<a href=\"https:\/\/salon-urody.wroclaw.pl\/index.php\/pielegnacja-twarzy\/fale-radiowe-rf-lifting-bez-skalpela\/\">Fale radiowe RF<\/a> (ang. radiofrequency) zaliczane s\u0105\u00a0do aktynoterapii (grec. <em>aktinos<\/em> \u2013 promie\u0144, <em>therapia<\/em> \u2013 leczenie).\u00a0Efekt <span style=\"color: #333399;\">termoplastyki cia\u0142a<\/span> polega na selektywnej redukcji tkanki t\u0142uszczowej (termolipolizie), zmniejszeniu widoczno\u015bci cellulitu oraz uj\u0119drnianiu sk\u00f3ry.<\/p>\n<p style=\"text-align: left;\"><span style=\"color: #000080;\"><img decoding=\"async\" class=\"wp-image-635 alignleft lazyload\" data-src=\"http:\/\/salon-urody.wroclaw.pl\/wp-content\/uploads\/2015\/02\/Body-Thalgo.jpg\" alt=\"Body Thalgo\" width=\"301\" height=\"410\" data-srcset=\"https:\/\/salon-urody.wroclaw.pl\/wp-content\/uploads\/2015\/02\/Body-Thalgo.jpg 727w, https:\/\/salon-urody.wroclaw.pl\/wp-content\/uploads\/2015\/02\/Body-Thalgo-110x150.jpg 110w, https:\/\/salon-urody.wroclaw.pl\/wp-content\/uploads\/2015\/02\/Body-Thalgo-220x300.jpg 220w\" data-sizes=\"(max-width: 301px) 100vw, 301px\" src=\"data:image\/svg+xml;base64,PHN2ZyB3aWR0aD0iMSIgaGVpZ2h0PSIxIiB4bWxucz0iaHR0cDovL3d3dy53My5vcmcvMjAwMC9zdmciPjwvc3ZnPg==\" style=\"--smush-placeholder-width: 301px; --smush-placeholder-aspect-ratio: 301\/410;\" \/><\/span><\/p>\n<h4 style=\"text-align: center;\"><span style=\"color: #000080;\">Dzia\u0142anie biologiczne fal radiowych RF.<\/span><\/h4>\n<p style=\"text-align: left;\">G\u0142\u00f3wne dzia\u0142anie biologiczne polega na rozgrzaniu w\u0142\u00f3kien kolagenowych do temperatury 54\u00b0C. Przegrzanie przyczynia si\u0119 do przyspieszonego syntezowania przez fibroblasty bia\u0142ek niezb\u0119dnych do produkcji <em>kolagenu<\/em> i <em>elastyny<\/em><em>.<\/em> Dzi\u0119ki temu zjawisku uzyskuje si\u0119 efekt zwi\u0119kszonego napi\u0119cia sk\u00f3ry oraz poprawy jej g\u0119sto\u015bci i elastyczno\u015bci. Ten rodzaj ciep\u0142a nazywany jest ciep\u0142em endogennym, czyli wytwarzanym wewn\u0105trz tkanek. Najsilniej przegrzaniu ulegnie tkanka t\u0142uszczowa, a najmniej tkanka mi\u0119\u015bniowa. St\u0105d wynika jednej z najbardziej istotnych walor\u00f3w tego typu terapii. RF przyczynia si\u0119 to do selektywnej termolipolizy, a tym samym stymulacji przemian w tkance t\u0142uszczowej.\u00a0Kolejnym korzystnym efektem jest poprawa cyrkulacji kr\u0105\u017cenia (rozszerzenie naczy\u0144<br \/>\nkrwiono\u015bnych oraz zwi\u0119kszenie ich przepuszczalno\u015bci). Zwi\u0119kszenie przep\u0142ywu krwi t\u0119tniczej poprawia utlenowanie kom\u00f3rek, przyspiesza proces wch\u0142aniania tkankowego, a tak\u017ce kom\u00f3rkow\u0105 przemian\u0119 materii. Chemiczne zmiany w miejscu poddawanemu zabiegowi nasilaj\u0105 si\u0119 wraz ze wzrostem temperatury. Podwy\u017cszenie temp. o 1\u00b0C powoduje wzrost tempa przemiany materii \u015brednio o 3,6%.<\/p>\n<p>&nbsp;<\/p>\n<p>&nbsp;<\/p>\n<p>&nbsp;<\/p>\n<p>Zapewnia to efekt wyg\u0142adzenia i liftingu sk\u00f3ry oraz zmian obj\u0119to\u015bciowych \u2013 modelowania sylwetki poprzez:<\/p>\n<p>\u2022\u00a0Wzrost przep\u0142ywu krwi przez tkanki<br \/>\n\u2022\u00a0Obkurczenie i reorganizacj\u0119 w\u0142\u00f3kien kolagenu \u2013 <span style=\"color: #000080;\"><em>lifting i uj\u0119drnienie sk\u00f3ry<\/em><\/span><br \/>\n\u2022\u00a0Wzrost syntezy nowego kolagenu \u2013<span style=\"color: #000080;\"><em> biorewitalizacja<\/em><\/span><br \/>\n\u2022\u00a0Wzrost napi\u0119cia i obkurczenie tkanki \u0142\u0105cznej \u2013 <span style=\"color: #000080;\"><em>remodeling<\/em><\/span><em>,<\/em><em> poprawa kontur\u00f3w i struktury 3D sk\u00f3ry.<\/em><br \/>\n\u2022\u00a0Wzmo\u017cony drena\u017c p\u0142ynu obrz\u0119kowego tkanki t\u0142uszczowej \u2013 <span style=\"color: #000080;\"><em>redukcja cellulitu<\/em> <\/span><em>i obj\u0119to\u015bci tkanki t\u0142uszczowej.<\/em><\/p>\n<p>Efektem zabiegu z zastosowaniem <a href=\"https:\/\/salon-urody.wroclaw.pl\/index.php\/pielegnacja-twarzy\/fale-radiowe-rf-lifting-bez-skalpela\/\"><strong>fali radiowe RF<\/strong>\u00a0<\/a>na cia\u0142o jest:<\/p>\n<ul>\n<li>\u00a0redukcja cellulitu<\/li>\n<li>\u00a0zmniejszenie tkanki t\u0142uszczowej<\/li>\n<li>uj\u0119drnienie cia\u0142a<\/li>\n<li>podniesienie po\u015bladk\u00f3w wysmuklenie talii<\/li>\n<li>likwidacja \u201elu\u017anej\u201d sk\u00f3ry na brzuchu i wewn\u0119trznej stronie ud<\/li>\n<li>\u00a0odm\u0142odzenie r\u0105k<\/li>\n<\/ul>\n<p>Zabiegi na cia\u0142o polegaj\u0105 na penetracji fal radiowych do g\u0142\u0119bokich warstw tkanki t\u0142uszczowej. Podgrzanie t\u0142uszczu zawartego\u00a0w kom\u00f3rkach t\u0142uszczowych do 54\u00b0C powoduje lipoliz\u0119, co w po\u0142\u0105czeniu obkurczaniem rozci\u0105gni\u0119tej, wype\u0142nionej t\u0142uszczem sk\u00f3ry, daje wyj\u0105tkowo skuteczn\u0105 redukcj\u0119 tkanki t\u0142uszczowej.\u00a0Obw\u00f3d brzucha, bioder, talii, kolan zmniejsza si\u0119. Na udach, po\u015bladkach wyg\u0142adzaj\u0105 si\u0119 zmiany cellulitowe. Zabieg zwi\u0119ksza cyrkulacje krwi, relaksuje mi\u0119\u015bnie g\u0142\u0119bokie i poprzeczne, zwi\u0119ksza j\u0119drno\u015b\u0107 i elastyczno\u015b\u0107 sk\u00f3ry. <span style=\"color: #000080;\">Sylwetk\u0119 mo\u017cna nie tylko wysmukli\u0107, ale i wymodelowa\u0107.<\/span><\/p>\n<p>Brzuch<strong>\u00a0<\/strong>\u2013 doskona\u0142y zabieg dla pa\u0144 po ci\u0105\u017cy, w trakcie odchudzania i po odchudzaniu.<br \/>\nUda<strong>\u00a0<\/strong>\u2013 doskona\u0142y zabieg antycellulite dzi\u0119ki napinaniu w\u0142\u00f3kien kolagenowych oraz elastynowych na udach daj\u0105cy szybki i trwa\u0142y efekt.<br \/>\nRamiona\u00a0\u2013 technologia ta pozwala wymodelowa\u0107 opadaj\u0105c\u0105 sk\u00f3r\u0119 tzw. \u201emotylki\u201d.<br \/>\nKolana i \u0142ydki\u00a0\u2013 zmniejszenie obwodu w trudno dost\u0119pnych miejscach.<br \/>\nBlizny, rozst\u0119py\u00a0\u2013 stymulowanie fibroblast\u00f3w do intensywnej produkcji kolagenu i elastyny redukuje widoczno\u015b\u0107 niedoskona\u0142o\u015bci sk\u00f3ry i zwi\u0119ksza jej zag\u0119szczenie.<br \/>\nD\u0142onie\u00a0\u2013 odpowiednio dostosowane parametry pozwalaj\u0105 napi\u0105\u0107 delikatna sk\u00f3r\u0119 d\u0142oni i odm\u0142odzi\u0107 ich wygl\u0105d.<\/p>\n<p><span style=\"color: #333399;\">Najbardziej zaawansowany technologicznie system s\u0142u\u017c\u0105cy do:<\/span><\/p>\n<p>&#8211; <em>niechirurgicznego modelowania sylwetki<\/em><br \/>\n&#8211; <em>redukcji cellulitu<\/em><br \/>\n&#8211; <em>uj\u0119drniania i napinania sk\u00f3ry cia\u0142a<\/em><\/p>\n<p><span style=\"color: #333399;\">Przebieg zabiegu:<\/span><\/p>\n<p>\u2022\u00a0Trwa od 20-40 minut w zale\u017cno\u015bci od leczonej powierzchni<br \/>\n\u2022\u00a0Jest ca\u0142kowicie bezbolesny (odczucie ciep\u0142a\/gor\u0105ca)<br \/>\n\u2022\u00a0Nie wymaga przerwy w pracy i \u017cyciu towarzyskim<br \/>\n\u2022\u00a0polega na masa\u017cu g\u0142owic\u0105 emituj\u0105c\u0105 pole elektromagnetyczne o cz\u0119stotliwo\u015bci fal radiowych (Radio Frequency)<\/p>\n<p>Dawkowanie RF okre\u015bla si\u0119 na podstawie odczuwania ciep\u0142a, czasu trwania zabiegu, miejsca aplikacji fal, oraz obserwacji podczas wykonywania zabiegu. Masa\u017c z zastosowaniem fal radiowych jest ca\u0142kowicie bezbolesny. W czasie zabiegu mo\u017ce pojawi\u0107 si\u0119 chwilowy rumie\u0144 przemijaj\u0105cy do kilku godzin.<\/p>\n<p><span style=\"color: #333399;\">Schemat terapii:<\/span><\/p>\n<p>4 \u2013 6 sesji zabiegowych co 15-25 dni.<br \/>\nZabiegi s\u0105 wykonywane w seriach. Rezultaty widoczne s\u0105 bardzo szybko \u2013 ju\u017c po pierwszych zabiegach.<\/p>\n<h4>Kuracja podtrzymuj\u0105ca: 1 zabieg co 3-6 miesi\u0119cy.<\/h4>\n<p>Przeciwwskazania:<\/p>\n<ul>\n<li>choroby nowotworowe<\/li>\n<li>rozrusznik serca,<\/li>\n<li>ostre zapalenie staw\u00f3w i ko\u015bci,<\/li>\n<li>implanty,<\/li>\n<li>ci\u0105\u017ca,<\/li>\n<li>tendencja do krwawienia,<\/li>\n<li>nadci\u015bnienie,<\/li>\n<li>przerwanie ci\u0105g\u0142o\u015bci sk\u00f3ry,<\/li>\n<li>oparzenie sk\u00f3ry lub rekonwalescencja po oparzeniach,<\/li>\n<li>ropnie tkanek mi\u0119kkich,<\/li>\n<li>zaburzenia czucia b\u00f3lu i odczuwania ciep\u0142a,<\/li>\n<li>powa\u017cne choroby zaka\u017ane np. gru\u017alica<\/li>\n<\/ul>\n<p><strong>Cena:<\/strong><img decoding=\"async\" class=\"wp-image-621 alignright lazyload\" data-src=\"http:\/\/salon-urody.wroclaw.pl\/wp-content\/uploads\/2015\/02\/RF-body.jpg\" alt=\"RF body\" width=\"444\" height=\"305\" data-wp-pid=\"621\" data-srcset=\"https:\/\/salon-urody.wroclaw.pl\/wp-content\/uploads\/2015\/02\/RF-body.jpg 1015w, https:\/\/salon-urody.wroclaw.pl\/wp-content\/uploads\/2015\/02\/RF-body-150x103.jpg 150w, https:\/\/salon-urody.wroclaw.pl\/wp-content\/uploads\/2015\/02\/RF-body-300x206.jpg 300w\" data-sizes=\"(max-width: 444px) 100vw, 444px\" src=\"data:image\/svg+xml;base64,PHN2ZyB3aWR0aD0iMSIgaGVpZ2h0PSIxIiB4bWxucz0iaHR0cDovL3d3dy53My5vcmcvMjAwMC9zdmciPjwvc3ZnPg==\" style=\"--smush-placeholder-width: 444px; --smush-placeholder-aspect-ratio: 444\/305;\" \/><\/p>\n<p>Termoplastyka brzucha i okolic talii lub uda &#8211; <a href=\"https:\/\/instytut27.booksy.com\">200 z\u0142<\/a><\/p>\n<p>Termoplastyka ramion lub \u0142ydek, lub po\u015bladk\u00f3w &#8211; <a href=\"https:\/\/instytut27.booksy.com\">150 z\u0142<\/a><\/p>\n<h4>Serdecznie zapraszamy do zapoznania si\u0119 z naszymi zabiegami.<\/h4>\n<p>[su_button url=&#8221;https:\/\/instytut27.booksy.com&#8221; target=&#8221;blank&#8221; background=&#8221;#9acd32&#8243; style=&#8221;soft&#8221; size=&#8221;4&#8243; radius=&#8221;round&#8221; text_shadow=&#8221;1px 1px 1px #000000&#8243; rel=&#8221;nofollow&#8221;]Rezerwacja online[\/su_button]<span style=\"line-height: 1.5;\"><br \/>\n<\/span><\/p>\n<\/div>\n","protected":false},"excerpt":{"rendered":"","protected":false},"author":6,"featured_media":716,"parent":110,"menu_order":0,"comment_status":"open","ping_status":"open","template":"","meta":{"_uf_show_specific_survey":0,"_uf_disable_surveys":false,"__cvm_playback_settings":[],"__cvm_video_id":"","_glsr_average":0,"_glsr_ranking":0,"_glsr_reviews":0,"footnotes":""},"class_list":["post-256","page","type-page","status-publish","has-post-thumbnail","czr-hentry"],"aioseo_notices":[],"_links":{"self":[{"href":"https:\/\/salon-urody.wroclaw.pl\/index.php\/wp-json\/wp\/v2\/pages\/256","targetHints":{"allow":["GET"]}}],"collection":[{"href":"https:\/\/salon-urody.wroclaw.pl\/index.php\/wp-json\/wp\/v2\/pages"}],"about":[{"href":"https:\/\/salon-urody.wroclaw.pl\/index.php\/wp-json\/wp\/v2\/types\/page"}],"author":[{"embeddable":true,"href":"https:\/\/salon-urody.wroclaw.pl\/index.php\/wp-json\/wp\/v2\/users\/6"}],"replies":[{"embeddable":true,"href":"https:\/\/salon-urody.wroclaw.pl\/index.php\/wp-json\/wp\/v2\/comments?post=256"}],"version-history":[{"count":0,"href":"https:\/\/salon-urody.wroclaw.pl\/index.php\/wp-json\/wp\/v2\/pages\/256\/revisions"}],"up":[{"embeddable":true,"href":"https:\/\/salon-urody.wroclaw.pl\/index.php\/wp-json\/wp\/v2\/pages\/110"}],"wp:featuredmedia":[{"embeddable":true,"href":"https:\/\/salon-urody.wroclaw.pl\/index.php\/wp-json\/wp\/v2\/media\/716"}],"wp:attachment":[{"href":"https:\/\/salon-urody.wroclaw.pl\/index.php\/wp-json\/wp\/v2\/media?parent=256"}],"curies":[{"name":"wp","href":"https:\/\/api.w.org\/{rel}","templated":true}]}}