{"id":2520,"date":"2018-07-13T14:25:06","date_gmt":"2018-07-13T12:25:06","guid":{"rendered":"http:\/\/salon-urody.wroclaw.pl\/?page_id=2520"},"modified":"2023-12-13T14:23:15","modified_gmt":"2023-12-13T13:23:15","slug":"wyszczuplajaco-ujedrniajacy-zabieg-thermogenique","status":"publish","type":"page","link":"https:\/\/salon-urody.wroclaw.pl\/index.php\/pielegnacja-ciala\/wyszczuplajaco-ujedrniajacy-zabieg-thermogenique\/","title":{"rendered":"THERMOGENIQUE &#8211; Rytua\u0142 intensywnie wyszczuplaj\u0105cy"},"content":{"rendered":"<h3 style=\"text-align: center;\"><img decoding=\"async\" class=\"size-medium wp-image-2731 alignleft lazyload\" data-src=\"http:\/\/salon-urody.wroclaw.pl\/wp-content\/uploads\/2019\/09\/thermogenique-300x300.jpg\" alt=\"Zabieg antycellulitowy\" width=\"300\" height=\"300\" data-srcset=\"https:\/\/salon-urody.wroclaw.pl\/wp-content\/uploads\/2019\/09\/thermogenique-300x300.jpg 300w, https:\/\/salon-urody.wroclaw.pl\/wp-content\/uploads\/2019\/09\/thermogenique-150x150.jpg 150w, https:\/\/salon-urody.wroclaw.pl\/wp-content\/uploads\/2019\/09\/thermogenique.jpg 540w\" data-sizes=\"(max-width: 300px) 100vw, 300px\" src=\"data:image\/svg+xml;base64,PHN2ZyB3aWR0aD0iMSIgaGVpZ2h0PSIxIiB4bWxucz0iaHR0cDovL3d3dy53My5vcmcvMjAwMC9zdmciPjwvc3ZnPg==\" style=\"--smush-placeholder-width: 300px; --smush-placeholder-aspect-ratio: 300\/300;\" \/><\/h3>\n<h3 style=\"text-align: center;\">Intensywnie wyszczuplaj\u0105co-uj\u0119drniaj\u0105cy zabieg THERMOGENIQUE Body Shape Extreme dzi\u0119ki, kt\u00f3remu mo\u017cesz straci\u0107 nawet do 20 cm w obwodach podczas 1 zabiegu!<\/h3>\n<p>&nbsp;<\/p>\n<p>&nbsp;<\/p>\n<p>Jest to holistyczny rytua\u0142, kt\u00f3ry wykorzystuje <span style=\"color: #808080;\"><strong>termogeniczne<\/strong><\/span> uderzenie substancji aktywnej \u017celu spalaj\u0105ce tkank\u0119 t\u0142uszczow\u0105 z peelingiem i autorskim masa\u017cem wyszczuplaj\u0105co-drenuj\u0105cym. Zawarta w preparacie <span style=\"color: #808080;\"><strong>kapsaicyna<\/strong><\/span> przyspiesza spalanie tkanki t\u0142uszczowej, wspomaga wydalanie toksyn z organizmu oraz ma dzia\u0142anie antycellulitowe.<\/p>\n<p>&nbsp;<\/p>\n<p>Zabieg sk\u0142ada si\u0119 z kilku etap\u00f3w:<\/p>\n<p><strong>ETAP I-<\/strong> Wykonujemy dok\u0142adny pomiar cia\u0142a za pomoc\u0105 centymetra w 5 obwodach: \u0142ydki, uda, biodra, brzuch, talia oraz oznaczamy strefy pomiaru flamastrem. Po zako\u0144czeniu zabiegu b\u0119dziesz mog\u0142a cieszy\u0107 si\u0119 ubytkiem cm w ka\u017cdej z tych partii!<\/p>\n<p><strong>ETAP II-<\/strong> Peeling cia\u0142a. Peelinguj\u0105cy wst\u0119pny masa\u017c cia\u0142a, kt\u00f3ry przyspiesza przep\u0142yw limfy i wydalanie toksyn z organizmu , a tak\u017ce oczyszcza sk\u00f3r\u0119 z martwych kom\u00f3rek nask\u00f3rka pozostawiaj\u0105c ja g\u0142adk\u0105 i mi\u0119kk\u0105 w dotyku.<\/p>\n<p><strong>ETAP III-<\/strong> Aplikujemy aktywny koncentrat thermogeniczny + \u017cel na bazie kapsaicyny. Takie kombo powoduje podniesienie temperatury w tkankach, co sprzyja szybszemu spalaniu kom\u00f3rek t\u0142uszczowych!<\/p>\n<p><strong>ETAP IV-<\/strong> Dla wzmocnienia efektu owiniemy Twoje cia\u0142o w \u201ekokon\u201d, kt\u00f3ry przyspieszy wch\u0142anianie substancji aktywnych oraz wzmocni efektywno\u015b\u0107 terapii.<\/p>\n<p><strong>ETAP V-<\/strong> Autorki masa\u017c THERMOGENIQUE. Masa\u017c zosta\u0142 stworzony po to aby sprosta\u0107 wszystkim oczekiwaniom klientek. Ma dzia\u0142anie: wyszczuplaj\u0105ce, uj\u0119drniaj\u0105ce, antycellulitowe, a nawet drenuj\u0105ce dzi\u0119ki czemu mo\u017cesz pozby\u0107 si\u0119\u00a0 zastoj\u00f3w wody w organizmie.<\/p>\n<p><strong>ETAP VI <\/strong>Wykonujemy ko\u0144cowe pomiary, kt\u00f3re dokonywane s\u0105 w tych samych miejscach i partiach cia\u0142a, kt\u00f3re by\u0142y mierzone przed zabiegiem.<\/p>\n<p>[su_vimeo url=&#8221;https:\/\/vimeo.com\/834365172&#8243; width=&#8221;400&#8243; height=&#8221;600&#8243; title=&#8221;Zabieg intensywnie wyszczuplaj\u0105cy &#8211; Thermogenique&#8221;]<\/p>\n<p>Cena jednego zabiegu 300 z\u0142.<\/p>\n<ul>\n<li>Zabieg z dodatkiem fali uderzeniowej na wybran\u0105 parti\u0119 cia\u0142a 349\u00a0z\u0142\n<div class=\"icon_box\"><\/div>\n<\/li>\n<\/ul>\n<p><a href=\"https:\/\/salon-urody.wroclaw.pl\/index.php\/rezerwacja-wizyt\/\">Rezerwuj tutaj<\/a><\/p>\n<p>Efekty po serii 6 zabieg\u00f3w:<\/p>\n<p><img decoding=\"async\" class=\"alignnone size-medium wp-image-2727 lazyload\" data-src=\"http:\/\/salon-urody.wroclaw.pl\/wp-content\/uploads\/2019\/09\/thermogenique-efekt-prz\u00f3d-300x300.jpg\" alt=\"\" width=\"300\" height=\"300\" data-srcset=\"https:\/\/salon-urody.wroclaw.pl\/wp-content\/uploads\/2019\/09\/thermogenique-efekt-prz\u00f3d-300x300.jpg 300w, https:\/\/salon-urody.wroclaw.pl\/wp-content\/uploads\/2019\/09\/thermogenique-efekt-prz\u00f3d-150x150.jpg 150w, https:\/\/salon-urody.wroclaw.pl\/wp-content\/uploads\/2019\/09\/thermogenique-efekt-prz\u00f3d.jpg 720w\" data-sizes=\"(max-width: 300px) 100vw, 300px\" src=\"data:image\/svg+xml;base64,PHN2ZyB3aWR0aD0iMSIgaGVpZ2h0PSIxIiB4bWxucz0iaHR0cDovL3d3dy53My5vcmcvMjAwMC9zdmciPjwvc3ZnPg==\" style=\"--smush-placeholder-width: 300px; --smush-placeholder-aspect-ratio: 300\/300;\" \/><img decoding=\"async\" class=\"alignnone size-medium wp-image-2728 lazyload\" data-src=\"http:\/\/salon-urody.wroclaw.pl\/wp-content\/uploads\/2019\/09\/thermogenique-efekt-ty\u0142-300x300.jpg\" alt=\"\" width=\"300\" height=\"300\" data-srcset=\"https:\/\/salon-urody.wroclaw.pl\/wp-content\/uploads\/2019\/09\/thermogenique-efekt-ty\u0142-300x300.jpg 300w, https:\/\/salon-urody.wroclaw.pl\/wp-content\/uploads\/2019\/09\/thermogenique-efekt-ty\u0142-150x150.jpg 150w, https:\/\/salon-urody.wroclaw.pl\/wp-content\/uploads\/2019\/09\/thermogenique-efekt-ty\u0142.jpg 720w\" data-sizes=\"(max-width: 300px) 100vw, 300px\" src=\"data:image\/svg+xml;base64,PHN2ZyB3aWR0aD0iMSIgaGVpZ2h0PSIxIiB4bWxucz0iaHR0cDovL3d3dy53My5vcmcvMjAwMC9zdmciPjwvc3ZnPg==\" style=\"--smush-placeholder-width: 300px; --smush-placeholder-aspect-ratio: 300\/300;\" \/><img decoding=\"async\" class=\"alignnone size-medium wp-image-2726 lazyload\" data-src=\"http:\/\/salon-urody.wroclaw.pl\/wp-content\/uploads\/2019\/09\/thermogenique-efekt-bok-300x300.jpg\" alt=\"\" width=\"300\" height=\"300\" data-srcset=\"https:\/\/salon-urody.wroclaw.pl\/wp-content\/uploads\/2019\/09\/thermogenique-efekt-bok-300x300.jpg 300w, https:\/\/salon-urody.wroclaw.pl\/wp-content\/uploads\/2019\/09\/thermogenique-efekt-bok-150x150.jpg 150w, https:\/\/salon-urody.wroclaw.pl\/wp-content\/uploads\/2019\/09\/thermogenique-efekt-bok.jpg 720w\" data-sizes=\"(max-width: 300px) 100vw, 300px\" src=\"data:image\/svg+xml;base64,PHN2ZyB3aWR0aD0iMSIgaGVpZ2h0PSIxIiB4bWxucz0iaHR0cDovL3d3dy53My5vcmcvMjAwMC9zdmciPjwvc3ZnPg==\" style=\"--smush-placeholder-width: 300px; --smush-placeholder-aspect-ratio: 300\/300;\" \/><\/p>\n<p>&nbsp;<\/p>\n<p style=\"text-align: center;\">[su_button url=&#8221;https:\/\/instytut27.booksy.com&#8221; target=&#8221;blank&#8221; style=&#8221;soft&#8221; size=&#8221;8&#8243; background= &#8222;#990033&#8243; radius=&#8221;round&#8221; text_shadow=&#8221;1px 1px 1px FFCC00&#8243; rel=&#8221;nofollow&#8221;]Zarezerwuj online[\/su_button]<\/p>\n<p style=\"text-align: center;\">Tel.: 505 455 777<\/p>\n<p>&nbsp;<\/p>\n","protected":false},"excerpt":{"rendered":"<p>Intensywnie wyszczuplaj\u0105co-uj\u0119drniaj\u0105cy zabieg THERMOGENIQUE Body Shape Extreme dzi\u0119ki, kt\u00f3remu mo\u017cesz straci\u0107 nawet do 20 cm w obwodach podczas 1 zabiegu! &nbsp; &nbsp; Jest to holistyczny rytua\u0142, kt\u00f3ry wykorzystuje termogeniczne uderzenie substancji aktywnej \u017celu spalaj\u0105ce tkank\u0119 t\u0142uszczow\u0105 z peelingiem i autorskim masa\u017cem wyszczuplaj\u0105co-drenuj\u0105cym. Zawarta w preparacie kapsaicyna przyspiesza spalanie tkanki t\u0142uszczowej, wspomaga wydalanie toksyn z organizmu [&hellip;]<\/p>\n","protected":false},"author":6,"featured_media":0,"parent":110,"menu_order":0,"comment_status":"closed","ping_status":"closed","template":"","meta":{"_uf_show_specific_survey":0,"_uf_disable_surveys":false,"__cvm_playback_settings":[],"__cvm_video_id":"","_glsr_average":0,"_glsr_ranking":0,"_glsr_reviews":0,"footnotes":""},"class_list":["post-2520","page","type-page","status-publish","czr-hentry"],"aioseo_notices":[],"_links":{"self":[{"href":"https:\/\/salon-urody.wroclaw.pl\/index.php\/wp-json\/wp\/v2\/pages\/2520","targetHints":{"allow":["GET"]}}],"collection":[{"href":"https:\/\/salon-urody.wroclaw.pl\/index.php\/wp-json\/wp\/v2\/pages"}],"about":[{"href":"https:\/\/salon-urody.wroclaw.pl\/index.php\/wp-json\/wp\/v2\/types\/page"}],"author":[{"embeddable":true,"href":"https:\/\/salon-urody.wroclaw.pl\/index.php\/wp-json\/wp\/v2\/users\/6"}],"replies":[{"embeddable":true,"href":"https:\/\/salon-urody.wroclaw.pl\/index.php\/wp-json\/wp\/v2\/comments?post=2520"}],"version-history":[{"count":0,"href":"https:\/\/salon-urody.wroclaw.pl\/index.php\/wp-json\/wp\/v2\/pages\/2520\/revisions"}],"up":[{"embeddable":true,"href":"https:\/\/salon-urody.wroclaw.pl\/index.php\/wp-json\/wp\/v2\/pages\/110"}],"wp:attachment":[{"href":"https:\/\/salon-urody.wroclaw.pl\/index.php\/wp-json\/wp\/v2\/media?parent=2520"}],"curies":[{"name":"wp","href":"https:\/\/api.w.org\/{rel}","templated":true}]}}