{"id":2513,"date":"2018-07-13T14:04:12","date_gmt":"2018-07-13T12:04:12","guid":{"rendered":"http:\/\/salon-urody.wroclaw.pl\/?page_id=2513"},"modified":"2023-09-25T12:54:01","modified_gmt":"2023-09-25T10:54:01","slug":"hl-oczyszczajacy-zabieg-a-nox","status":"publish","type":"page","link":"https:\/\/salon-urody.wroclaw.pl\/index.php\/pielegnacja-twarzy\/hl-oczyszczajacy-zabieg-a-nox\/","title":{"rendered":"HL Oczyszczaj\u0105cy zabieg A-NOX"},"content":{"rendered":"<h2 style=\"text-align: center;\"><strong style=\"color: #ff8c00;\">Oczyszczaj\u0105cy zabieg A-NOX firmy HL<\/strong><\/h2>\n<p style=\"text-align: center;\"><b>Zabieg oczyszczaj\u0105cy dla skory problematycznej, t\u0142ustej, tr\u0105dzikowej<\/b>.<\/p>\n<p>&nbsp;<\/p>\n<p><img decoding=\"async\" class=\"wp-image-3149 alignright lazyload\" data-src=\"https:\/\/salon-urody.wroclaw.pl\/wp-content\/uploads\/2023\/01\/67dvx4xk0ipw66wg9pxqxnsgpxm4s8ih-300x300.jpg\" alt=\"\" width=\"252\" height=\"252\" data-srcset=\"https:\/\/salon-urody.wroclaw.pl\/wp-content\/uploads\/2023\/01\/67dvx4xk0ipw66wg9pxqxnsgpxm4s8ih-300x300.jpg 300w, https:\/\/salon-urody.wroclaw.pl\/wp-content\/uploads\/2023\/01\/67dvx4xk0ipw66wg9pxqxnsgpxm4s8ih-150x150.jpg 150w, https:\/\/salon-urody.wroclaw.pl\/wp-content\/uploads\/2023\/01\/67dvx4xk0ipw66wg9pxqxnsgpxm4s8ih.jpg 450w\" data-sizes=\"(max-width: 252px) 100vw, 252px\" src=\"data:image\/svg+xml;base64,PHN2ZyB3aWR0aD0iMSIgaGVpZ2h0PSIxIiB4bWxucz0iaHR0cDovL3d3dy53My5vcmcvMjAwMC9zdmciPjwvc3ZnPg==\" style=\"--smush-placeholder-width: 252px; --smush-placeholder-aspect-ratio: 252\/252;\" \/><\/p>\n<p style=\"text-align: center;\">Zabieg rozpoczynamy od demakija\u017cu sk\u00f3ry, a nast\u0119pnie jej przygotowania do peelingu, \u0142\u0105cz\u0105cego w sobie <strong><em>alfa-hydroksykwasy, beta-hydroksykwasy, retinol <\/em><\/strong>oraz <strong><em>olej z pestek winogron. <\/em><\/strong>W tym celu wykorzystujemy rozgrzewaj\u0105cy lotion A-NOX, kt\u00f3ry zmniejsza wra\u017cliwo\u015b\u0107 sk\u00f3ry na peeling chemiczny, sprawiaj\u0105c \u017ce staje si\u0119 on mniej odczuwalny i bardziej komfortowy. <strong style=\"color: #ff4500;\">HL-ANTI AGE PEEL<\/strong> \u2013 specjalna mieszanka kwasowa, pozyskiwana w procesie ekstrakcji takich ro\u015blin jak np.<em> <strong>bor\u00f3wka, trzcina cukrowa, cytryna, zielona herbata, winogrono<\/strong>.<\/em> Substancje te wykazuj\u0105 dzia\u0142anie oczyszczaj\u0105ce, przeciwutleniaj\u0105ce, rozja\u015bniaj\u0105ce przebarwienia pozapalne, pobudzaj\u0105 mikrokr\u0105\u017cenie sk\u00f3ry, powoduj\u0105c jej lepsze dotlenienie, od\u017cywienie, przyspieszenie wch\u0142aniania substancji u\u017cytych w zabiegu.<\/p>\n<p>&nbsp;<\/p>\n<p><img decoding=\"async\" class=\"wp-image-3151 alignleft lazyload\" data-src=\"https:\/\/salon-urody.wroclaw.pl\/wp-content\/uploads\/2023\/01\/HL-anti-age-300x300.jpg\" alt=\"\" width=\"194\" height=\"194\" data-srcset=\"https:\/\/salon-urody.wroclaw.pl\/wp-content\/uploads\/2023\/01\/HL-anti-age-300x300.jpg 300w, https:\/\/salon-urody.wroclaw.pl\/wp-content\/uploads\/2023\/01\/HL-anti-age-150x150.jpg 150w, https:\/\/salon-urody.wroclaw.pl\/wp-content\/uploads\/2023\/01\/HL-anti-age.jpg 600w\" data-sizes=\"(max-width: 194px) 100vw, 194px\" src=\"data:image\/svg+xml;base64,PHN2ZyB3aWR0aD0iMSIgaGVpZ2h0PSIxIiB4bWxucz0iaHR0cDovL3d3dy53My5vcmcvMjAwMC9zdmciPjwvc3ZnPg==\" style=\"--smush-placeholder-width: 194px; --smush-placeholder-aspect-ratio: 194\/194;\" \/><\/p>\n<p style=\"text-align: center;\">\u00a0Po 10 minutach zmywamy peeling wod\u0105. Przygotowujemy sk\u00f3r\u0119 do oczyszczania za pomoc\u0105 zmi\u0119kczaj\u0105cego sk\u00f3r\u0119 preparatu A-NOX SOLUTION i \u017celu na bazie aloesu <strong style=\"color: #ff8c00;\">ALOGEL<\/strong>&#8211; nawil\u017caj\u0105cej maski \u0142agodz\u0105cej, kt\u00f3ra przygotuje sk\u00f3r\u0119 do zalecanego oczyszczania manualnego. Zawiera ekstrakty z aloesu, kopru w\u0142oskiego, chmielu, oczaru wirginijskiego, kt\u00f3re dzia\u0142aj\u0105 \u0142agodz\u0105co, przeciwzapalnie i sebostatycznie.<\/p>\n<p style=\"text-align: center;\">Na zako\u0144czenie wieloetapowego oczyszczania twarzy, aplikujemy preparat na bazie serwatki mlecznej z kwasem mlekowym i hydrolizowanymi proteinami mlecznymi, nawil\u017caj\u0105cy i przywracaj\u0105cy sk\u00f3rze jej naturalny balans i ph. Dzia\u0142a uspokajaj\u0105co, nawil\u017ca i roz\u015bwietla sk\u00f3r\u0119.<\/p>\n<p><img decoding=\"async\" class=\"wp-image-3150 alignright lazyload\" style=\"--smush-placeholder-width: 219px; --smush-placeholder-aspect-ratio: 219\/219;text-align: center;\" data-src=\"https:\/\/salon-urody.wroclaw.pl\/wp-content\/uploads\/2023\/01\/alo-300x300.jpg\" alt=\"\" width=\"219\" height=\"219\" data-srcset=\"https:\/\/salon-urody.wroclaw.pl\/wp-content\/uploads\/2023\/01\/alo-300x300.jpg 300w, https:\/\/salon-urody.wroclaw.pl\/wp-content\/uploads\/2023\/01\/alo-150x150.jpg 150w, https:\/\/salon-urody.wroclaw.pl\/wp-content\/uploads\/2023\/01\/alo.jpg 452w\" data-sizes=\"(max-width: 219px) 100vw, 219px\" src=\"data:image\/svg+xml;base64,PHN2ZyB3aWR0aD0iMSIgaGVpZ2h0PSIxIiB4bWxucz0iaHR0cDovL3d3dy53My5vcmcvMjAwMC9zdmciPjwvc3ZnPg==\" \/><\/p>\n<p>&nbsp;<\/p>\n<p style=\"text-align: center;\">W kolejnym etapie zabiegu nak\u0142adana jest \u0142agodz\u0105ca maska algowa, poprzedzona aplikacj\u0105 od\u017cywczego serum naprawczego, uzupe\u0142niaj\u0105cego barier\u0119 hydrolipidow\u0105 sk\u00f3ry, kt\u00f3ra zawiera kwasy t\u0142uszczowe, pochodz\u0105ce z bogatych w witaminy olejk\u00f3w ro\u015blinnych, niezb\u0119dnych w procesie regeneracji sk\u00f3ry. Zwie\u0144czenie zabiegu stanowi aplikacja kremu normalizuj\u0105co-nawil\u017caj\u0105cego. Zaleca si\u0119 stosowanie kremu <strong>Sunbrella SPF 36<\/strong>, kt\u00f3ry nadaje si\u0119 idealnie do cery problemowej, nie zapycha por\u00f3w i zapewnia wysok\u0105 ochron\u0119 przed promieniowaniem s\u0142onecznym.<\/p>\n<p style=\"text-align: center;\">Sk\u00f3ra po zabiegu jest z\u0142agodzona, od\u015bwie\u017cona, uj\u015bcia gruczo\u0142\u00f3w \u0142ojowych s\u0105 oczyszczone, przebarwienia s\u0105 rozja\u015bnione, sk\u00f3ra jest promienna i nawil\u017cona. Cz\u0119stotliwo\u015b\u0107 wykonywania zabiegu zale\u017cy od osi\u0105gni\u0119tych skutk\u00f3w i zwyk\u0142e wynosi jeden raz na<\/p>\n<p style=\"text-align: center;\"><strong><strong style=\"color: #ff4500;\">2-3 tygodnie.<\/strong><\/strong><\/p>\n<p><em><strong>Cena zabiegu &#8211; 289,99 z\u0142. <\/strong><\/em><a href=\"https:\/\/instytut27.booksy.com\">Rezerwuj tutaj.<\/a><\/p>\n<p>Do zabiegu serdecznie polecamy dodatkowo <strong>mask\u0119 algow\u0105,<\/strong> kt\u00f3ra tworzy okluzj\u0119 na masce kremowej, powoduj\u0105c lepsz\u0105 penetracj\u0119 sk\u0142adnik\u00f3w aktywnych w g\u0142\u0105b sk\u00f3ry oraz posiada w\u0142a\u015bciwo\u015bci nawil\u017caj\u0105ce i \u0142agodz\u0105ce. Jako dodatek do zabiegu za<strong> 35 z\u0142<\/strong><\/p>\n<h3>Najcz\u0119\u015bciej zadawane pytania:<\/h3>\n<ul>\n<li>\n<div class=\"JlqpRe\"><span class=\"JCzEY ZwRhJd\"><span class=\"CSkcDe\">Czy manualne oczyszczanie twarzy jest dobre?<\/span><\/span><\/div>\n<\/li>\n<\/ul>\n<p>Manualne oczyszczanie twarzy przynosi szereg pozytywnych efekt\u00f3w. Jednak\u017ce nie jest przeznaczone dla ka\u017cdego typu sk\u00f3ry. W przypadku cer wra\u017cliwych i sk\u0142onnych do podra\u017cnie\u0144 warto znale\u017a\u0107 alternatywne rozwi\u0105zanie, takie jak oksybrazja lub oczyszczanie wodorowe. Prawid\u0142owo i dok\u0142adnie przeprowadzony zabieg daje po\u017c\u0105dane rezultaty, nie zwi\u0119kszaj\u0105c przy tym stanu zapalnego. Jedynie do\u015bwiadczony kosmetolog wie, jak przygotowa\u0107 sk\u00f3r\u0119 i nast\u0119pnie dok\u0142adnie j\u0105 oczy\u015bci\u0107, dlatego zalecamy nie wykonywa\u0107 oczyszczania manualnego w domu.<\/p>\n<ul>\n<li>\n<div class=\"JlqpRe\"><span class=\"JCzEY ZwRhJd\"><span class=\"CSkcDe\">Czego nie robi\u0107 po oczyszczaniu manualnym?<\/span><\/span><\/div>\n<\/li>\n<\/ul>\n<p>Po zabiegu manualnego oczyszczania twarzy sk\u00f3ra mo\u017ce by\u0107 delikatnie podra\u017cniona i zaczerwieniona. W takiej sytuacji warto zast\u0105pi\u0107 preparaty na bazie alkoholu lub\u00a0 mentolu, koj\u0105cymi tonikami i nawil\u017caj\u0105cymi kremami<a href=\"https:\/\/koreabu.pl\/kremy\">\u00a0<\/a>o lekkiej konsystencji. W naszej piel\u0119gnacji nie mo\u017cemy zapomnie\u0107 r\u00f3wnie\u017c o ochronie przeciws\u0142onecznej, poniewa\u017c mog\u0105 pojawi\u0107 si\u0119 przebarwienia.<\/p>\n<ul>\n<li>\n<div class=\"JlqpRe\"><span class=\"JCzEY ZwRhJd\"><span class=\"CSkcDe\">Co ile mo\u017cna robi\u0107 oczyszczanie manualne?<\/span><\/span><\/div>\n<\/li>\n<\/ul>\n<div id=\"_ksm_ZPmADJuMwPAPppasOA_3\" class=\"bCOlv\" data-ved=\"2ahUKEwj5keyL96mAAxUbBhAIHSYLCwcQ7NUEegQIARAE\">\n<div class=\"IZE3Td\">\n<div class=\"t0bRye r2fjmd\" data-hveid=\"CAEQBQ\" data-ved=\"2ahUKEwj5keyL96mAAxUbBhAIHSYLCwcQu04oAHoECAEQBQ\">\n<div id=\"ksm_ZPmADJuMwPAPppasOA__6\">\n<div class=\"wDYxhc\" data-md=\"61\">\n<div class=\"LGOjhe\" role=\"heading\" data-attrid=\"wa:\/description\" aria-level=\"3\" data-hveid=\"CAYQAA\"><span class=\"ILfuVd\" lang=\"pl\"><span class=\"hgKElc\">Mi\u0119dzy zabiegami powinni\u015bmy odczeka\u0107 minimum 2 tygodnie, a w przypadku cer nadwra\u017cliwych oraz reaktywnych nawet 3 tygodnie, poniewa\u017c musimy mie\u0107 pewno\u015b\u0107, \u017ce warstwa ochronna sk\u00f3ry odpowiednio si\u0119 zregenerowa\u0142a. Dobrze aby zabieg manualnego oczyszczania twarzy by\u0142 wykonywany regularnie. Je\u015bli mamy do czynienia z problematyczn\u0105 sk\u00f3r\u0105, tr\u0105dzikow\u0105 mo\u017cemy pozwoli\u0107 sobie nawet na 4 tygodnie przerwy mi\u0119dzy zabiegami.<\/span><\/span><\/div>\n<\/div>\n<\/div>\n<\/div>\n<\/div>\n<\/div>\n<ul>\n<li>Kiedy oczyszczanie manualne?<\/li>\n<\/ul>\n<p>W przypadku borykania si\u0119 z zask\u00f3rnikami otwartymi, zamkni\u0119tymi, prosakami, krostkami, zmianami g\u0142\u00f3wnie niezapalnymi oczyszczanie manualne jest z\u0142otym \u015brodkiem. Zabieg nie tylko odnosi si\u0119 do twarzy, ale r\u00f3wnie\u017c umo\u017cliwia oczyszczenie innych partii cia\u0142a, takich jak: plecy, uda.\u00a0 Je\u015bli zale\u017cy nam na\u00a0g\u0142adkiej, \u015bwie\u017cej i pozbawionej grudek sk\u00f3rze,\u00a0zw\u0119\u017ceniu i oczyszczeniu por\u00f3w to jest to idealny wyb\u00f3r.<\/p>\n<ul>\n<li>\n<div class=\"JlqpRe\"><span class=\"JCzEY ZwRhJd\"><span class=\"CSkcDe\">Co zamiast manualnego oczyszczania twarzy?<\/span><\/span><\/div>\n<\/li>\n<\/ul>\n<p>W przypadku cer odwodnionych, podra\u017cnionych lepszym rozwi\u0105zaniem mo\u017ce okaza\u0107 si\u0119 oczyszczanie wodorowe, gdy doskwieraj\u0105 rozszerzone naczynka, a sk\u00f3rze cz\u0119sto towarzyszy rumie\u0144 i stan zapalny najlepiej zdecydowa\u0107 si\u0119 na zabieg oksybrazji po\u0142\u0105czony z kwasem. W przypadku kwas\u00f3w warto pami\u0119ta\u0107, \u017ce najlepsz\u0105 por\u0105 na nie b\u0119dzie jesie\u0144\/ zima. Mikrodermabrazja jest idealnym rozwi\u0105zaniem dla sk\u00f3ry grubej, z oznakami starzenia i widocznymi przebarwieniami, a tak\u017ce w przypadku sk\u00f3ry m\u0119\u017cczyzn.<\/p>\n<ul>\n<li>\n<div class=\"JlqpRe\"><span class=\"JCzEY ZwRhJd\"><span class=\"CSkcDe\">Jak otworzy\u0107 i oczy\u015bci\u0107 pory?<\/span><\/span><\/div>\n<\/li>\n<\/ul>\n<p>Stosuj\u0105c specjalistyczne kosmetyki z firmy HL, mamy dost\u0119p do wieloetapowego rozgrzania sk\u00f3ry, rozszerzenia por\u00f3w za pomoc\u0105 toniku z dodatkiem kamfory oraz mieszanki kwas\u00f3w owocowych, kt\u00f3re mog\u0105 by\u0107 stosowane ca\u0142orocznie. Substancje te wykazuj\u0105 dzia\u0142anie oczyszczaj\u0105ce, przeciwutleniaj\u0105ce, rozja\u015bniaj\u0105ce przebarwienia pozapalne, pobudzaj\u0105 mikrokr\u0105\u017cenie sk\u00f3ry, powoduj\u0105c jej lepsze dotlenienie, od\u017cywienie, przyspieszenie wch\u0142aniania substancji u\u017cytych w zabiegu. Na zako\u0144czenie wieloetapowego oczyszczania twarzy, aplikujemy preparat na bazie serwatki mlecznej z kwasem mlekowym i hydrolizowanymi proteinami mlecznymi, nawil\u017caj\u0105cy i przywracaj\u0105cy sk\u00f3rze jej naturalny balans i ph.<\/p>\n<ul>\n<li>\n<div class=\"JlqpRe\"><span class=\"JCzEY ZwRhJd\"><span class=\"CSkcDe\">Kiedy nie robi\u0107 oczyszczania twarzy?<\/span><\/span><\/div>\n<\/li>\n<\/ul>\n<p>W przypadku, gdy wyst\u0119puje du\u017ca ilo\u015b\u0107 stan\u00f3w zapalnych, opryszczka, stany alergiczne, tendencja do powstawania blizn, tr\u0105dzik r\u00f3\u017cowaty, sk\u00f3ra naczyniowa. Tego typu zabieg nie powinien by\u0107 stanowczo wykonywany w domu we w\u0142asnym zakresie, poniewa\u017c sk\u00f3ra wymaga odpowiedniego przygotowania do takich dzia\u0142a\u0144 oraz by\u0107 odpowiednio oczyszczona i obj\u0119ta dezynfekcj\u0105, by zapobiec rozprzestrzenianiu si\u0119 zmian ropnych.<\/p>\n<ul>\n<li>Ile trwa zabieg manualnego oczyszczania twarzy?<\/li>\n<\/ul>\n<p>Na taki zabieg nale\u017cy zarezerwowa\u0107 sobie przynajmniej 1,5 h, poniewa\u017c wymaga on stopniowego przygotowywania sk\u00f3ry, a nast\u0119pnie dok\u0142adno\u015bci przy wykonywaniu oczyszczania. Jest to zale\u017cne od stopnia zanieczyszczenia sk\u00f3ry, wi\u0119c jest to indywidualny parametr natomiast zawsze jest to ponad godzina. Istnieje mo\u017cliwo\u015b\u0107 dobrania po zabiegu maski algowej w celu za\u0142agodzenia podra\u017cnie\u0144, wynikaj\u0105cych z manualnego usuwania zmian. W\u00f3wczas czas zabiegu wyd\u0142u\u017ca si\u0119 o 20 minut.<\/p>\n<ul>\n<li>\n<div class=\"JlqpRe\"><span class=\"JCzEY ZwRhJd\"><span class=\"CSkcDe\">Co daje oczyszczanie twarzy?<\/span><\/span><\/div>\n<\/li>\n<\/ul>\n<p>Podczas zabiegu eliminowane s\u0105 niezaognione zmiany typu zask\u00f3rniki, prosaki czy krosty. Nast\u0119pnie zastosowany zostaje\u00a0<strong>Darsonval<\/strong>, kt\u00f3ry dzia\u0142a silnie bakteriob\u00f3jczo i dezynfekuje obszar zabiegowy. **Derma Wand **generuje pr\u0105dy D\u2019arsonvala o wysokiej cz\u0119stotliwo\u015bci kt\u00f3re nie tylko zabijaj\u0105 wirusy, grzyby i likwiduj\u0105 stany zapalne, ale tak\u017ce pobudzaj\u0105 procesy odnowy kom\u00f3rek i dotleniaj\u0105 jej. Takie wyko\u0144czenie zabiegu aktywuje system immunologiczny sk\u00f3ry. Aby wyciszy\u0107 sk\u00f3r\u0119 i z\u0142agodzi\u0107 podra\u017cnienia stosujemy \u0142agodz\u0105c\u0105 mask\u0119 kremow\u0105 skutecznie niweluj\u0105c\u0105 zaczerwienienie po zabiegu. Wyka\u0144czaj\u0105cy krem antyseptyczny ukoi wszelki dyskomfort i pozostawi sk\u00f3r\u0119 g\u0142adk\u0105 w dotyku. \u00a0Cera jest ja\u015bniejsza, bardziej napi\u0119ta, g\u0142adsza i lepiej nawil\u017cona, ma zw\u0119\u017cone uj\u015bcia gruczo\u0142\u00f3w \u0142ojowych a sk\u00f3ra jest widocznie odblokowana i oczyszczona.<\/p>\n<ul>\n<li>\n<div class=\"JlqpRe\"><span class=\"JCzEY ZwRhJd\"><span class=\"CSkcDe\">Na czym polega g\u0142\u0119bokie oczyszczanie twarzy?<\/span><\/span><\/div>\n<div class=\"aj35ze\">Zabieg rozpoczynamy od demakija\u017cu sk\u00f3ry, a nast\u0119pnie jej przygotowania do peelingu, \u0142\u0105cz\u0105cego w sobie\u00a0<strong><em>alfa-hydroksykwasy, beta-hydroksykwasy, retinol\u00a0<\/em><\/strong>oraz\u00a0<strong><em>olej z pestek winogron.\u00a0<\/em><\/strong>W tym celu wykorzystujemy rozgrzewaj\u0105cy lotion A-NOX, kt\u00f3ry zmniejsza wra\u017cliwo\u015b\u0107 sk\u00f3ry na peeling chemiczny, sprawiaj\u0105c \u017ce staje si\u0119 on mniej odczuwalny i bardziej komfortowy.\u00a0<strong>HL-ANTI AGE PEEL<\/strong>\u00a0\u2013 specjalna mieszanka kwasowa. Substancje te wykazuj\u0105 dzia\u0142anie oczyszczaj\u0105ce, przeciwutleniaj\u0105ce, rozja\u015bniaj\u0105ce przebarwienia pozapalne, pobudzaj\u0105 mikrokr\u0105\u017cenie sk\u00f3ry, powoduj\u0105c jej lepsze dotlenienie, od\u017cywienie, przyspieszenie wch\u0142aniania substancji u\u017cytych w zabiegu. Przygotowujemy sk\u00f3r\u0119 do oczyszczania za pomoc\u0105 zmi\u0119kczaj\u0105cego sk\u00f3r\u0119 preparatu A-NOX SOLUTION i \u017celu na bazie aloesu\u00a0<strong>ALOGEL<\/strong>\u2013 nawil\u017caj\u0105cej maski \u0142agodz\u0105cej, kt\u00f3ra przygotuje sk\u00f3r\u0119 do zalecanego oczyszczania manualnego. Zawiera ekstrakty z aloesu, kopru w\u0142oskiego, chmielu, oczaru wirginijskiego, kt\u00f3re dzia\u0142aj\u0105 \u0142agodz\u0105co, przeciwzapalnie i sebostatycznie<\/div>\n<\/li>\n<\/ul>\n<h4><span style=\"color: grey;\">Zapraszamy do rezerwacji zabieg\u00f3w <a href=\"https:\/\/instytut27.booksy.com\">online<\/a><\/span><\/h4>\n<p>[su_button url=&#8221;https:\/\/instytut27.booksy.com&#8221; target=&#8221;blank&#8221; background=&#8221;#4FC3F7&#8243; style=&#8221;soft&#8221; size=&#8221;8&#8243; radius=&#8221;round&#8221; text_shadow=&#8221;1px 1px 1px #000000&#8243; rel=&#8221;nofollow&#8221;]Zarezerwuj online[\/su_button]<\/p>\n<div class=\"fb-page\" data-href=\"https:\/\/www.facebook.com\/fitness.wroclaw\/?locale=pl_PL\" data-tabs=\"timeline\" data-width=\"200\" data-height=\"80\" data-small-header=\"false\" data-adapt-container-width=\"true\" data-hide-cover=\"false\" data-show-facepile=\"true\">\n<blockquote class=\"fb-xfbml-parse-ignore\" cite=\"https:\/\/www.facebook.com\/fitness.wroclaw\/?locale=pl_PL\"><p>&nbsp;<\/p><\/blockquote>\n<\/div>\n","protected":false},"excerpt":{"rendered":"<p>Oczyszczaj\u0105cy zabieg A-NOX firmy HL Zabieg oczyszczaj\u0105cy dla skory problematycznej, t\u0142ustej, tr\u0105dzikowej. &nbsp; Zabieg rozpoczynamy od demakija\u017cu sk\u00f3ry, a nast\u0119pnie jej przygotowania do peelingu, \u0142\u0105cz\u0105cego w sobie alfa-hydroksykwasy, beta-hydroksykwasy, retinol oraz olej z pestek winogron. W tym celu wykorzystujemy rozgrzewaj\u0105cy lotion A-NOX, kt\u00f3ry zmniejsza wra\u017cliwo\u015b\u0107 sk\u00f3ry na peeling chemiczny, sprawiaj\u0105c \u017ce staje si\u0119 on mniej [&hellip;]<\/p>\n","protected":false},"author":6,"featured_media":0,"parent":113,"menu_order":0,"comment_status":"closed","ping_status":"closed","template":"","meta":{"_uf_show_specific_survey":0,"_uf_disable_surveys":false,"__cvm_playback_settings":[],"__cvm_video_id":"","_glsr_average":0,"_glsr_ranking":0,"_glsr_reviews":0,"footnotes":""},"class_list":["post-2513","page","type-page","status-publish","czr-hentry"],"aioseo_notices":[],"_links":{"self":[{"href":"https:\/\/salon-urody.wroclaw.pl\/index.php\/wp-json\/wp\/v2\/pages\/2513","targetHints":{"allow":["GET"]}}],"collection":[{"href":"https:\/\/salon-urody.wroclaw.pl\/index.php\/wp-json\/wp\/v2\/pages"}],"about":[{"href":"https:\/\/salon-urody.wroclaw.pl\/index.php\/wp-json\/wp\/v2\/types\/page"}],"author":[{"embeddable":true,"href":"https:\/\/salon-urody.wroclaw.pl\/index.php\/wp-json\/wp\/v2\/users\/6"}],"replies":[{"embeddable":true,"href":"https:\/\/salon-urody.wroclaw.pl\/index.php\/wp-json\/wp\/v2\/comments?post=2513"}],"version-history":[{"count":0,"href":"https:\/\/salon-urody.wroclaw.pl\/index.php\/wp-json\/wp\/v2\/pages\/2513\/revisions"}],"up":[{"embeddable":true,"href":"https:\/\/salon-urody.wroclaw.pl\/index.php\/wp-json\/wp\/v2\/pages\/113"}],"wp:attachment":[{"href":"https:\/\/salon-urody.wroclaw.pl\/index.php\/wp-json\/wp\/v2\/media?parent=2513"}],"curies":[{"name":"wp","href":"https:\/\/api.w.org\/{rel}","templated":true}]}}