{"id":2361,"date":"2017-11-12T13:35:36","date_gmt":"2017-11-12T12:35:36","guid":{"rendered":"http:\/\/salon-urody.wroclaw.pl\/?page_id=2361"},"modified":"2017-11-25T01:01:20","modified_gmt":"2017-11-25T00:01:20","slug":"natychmiastowa-poprawa-wygladu","status":"publish","type":"page","link":"https:\/\/salon-urody.wroclaw.pl\/index.php\/medycyna-estetyczna\/natychmiastowa-poprawa-wygladu\/","title":{"rendered":"Usuwanie zmarszczek &#8211; natychmiastowa poprawa wygl\u0105du"},"content":{"rendered":"<p><strong>Pi\u0119kna i g\u0142adka cera bez zmarszczek &#8211; zastosowanie toksyny botulinowej<\/strong><\/p>\n<p>Jedna z najcz\u0119\u015bciej stosowanych metod usuwania zmarszczek jest terapia toksyna botulinow\u0105. Wstrzykiwana jest w odpowiednio dozowanych ilo\u015bciach\u00a0bezpo\u015brednio do tkanki mi\u0119\u015bniowej, zmniejszaj\u0105c jej kurczliwo\u015b\u0107. Dzi\u0119ki temu jeste\u015bmy w stanie zniwelowa\u0107 zmarszczki mimiczne i inne niedoskona\u0142o\u015bci pojawiaj\u0105ce si\u0119 wraz z up\u0142ywem czasu. Dermatolodzy zalecaj\u0105 regularne podawanie niewielkiej ilo\u015bci dawek w miejsca o szczeg\u00f3lnie intensywnej mimice.<\/p>\n<p>Sam zabieg po uprzedniej konsultacji trwa ok. 15 minut, a efekty utrzymuj\u0105 si\u0119 do p\u00f3\u0142 roku. Regularne powtarzanie zabiegu utrwala jego rezultaty pozwalaj\u0105c w przysz\u0142o\u015bci na zmniejszenie cz\u0119stotliwo\u015bci jego wykonywania.<\/p>\n<p>Zabieg zalecamy wszystkim\u00a0o intensywnej mimice twarzy skutkuj\u0105cej wyst\u0105pieniem zmarszczek nawet u m\u0142odych os\u00f3b.<\/p>\n<p>Dzi\u0119ki zabiegowi jeste\u015bmy w stanie zredukowa\u0107:<\/p>\n<ul>\n<li>lwi\u0105 zmarszczk\u0119<\/li>\n<li>kurze \u0142apki<\/li>\n<li>zmarszczki pod oczami<\/li>\n<li>opadaj\u0105ca g\u00f3rn\u0105 powiek\u0119<\/li>\n<li>opadanie brwi<\/li>\n<li>zmarszczki palacza<\/li>\n<li>opadaj\u0105ce k\u0105ciki ust<\/li>\n<\/ul>\n<p>Dodatkowo uzyskujemy efekt poprawienia owalu twarzy i delikatnego liftingu.<\/p>\n<p>Usuwanie zmarszczek toksyna botulinow\u0105 &#8211; od 200 z\u0142<\/p>\n<p>Przy wykonaniu zabiegu kilku okolic oferujemy promocyjne ceny ustalane indywidualnie z pacjentem.<\/p>\n<p>Zapraszamy do rezerwacji telefonicznej 505 455 777.<\/p>\n","protected":false},"excerpt":{"rendered":"<p>Pi\u0119kna i g\u0142adka cera bez zmarszczek &#8211; zastosowanie toksyny botulinowej Jedna z najcz\u0119\u015bciej stosowanych metod usuwania zmarszczek jest terapia toksyna botulinow\u0105. Wstrzykiwana jest w odpowiednio dozowanych ilo\u015bciach\u00a0bezpo\u015brednio do tkanki mi\u0119\u015bniowej, zmniejszaj\u0105c jej kurczliwo\u015b\u0107. Dzi\u0119ki temu jeste\u015bmy w stanie zniwelowa\u0107 zmarszczki mimiczne i inne niedoskona\u0142o\u015bci pojawiaj\u0105ce si\u0119 wraz z up\u0142ywem czasu. Dermatolodzy zalecaj\u0105 regularne podawanie niewielkiej [&hellip;]<\/p>\n","protected":false},"author":6,"featured_media":0,"parent":2357,"menu_order":0,"comment_status":"closed","ping_status":"closed","template":"","meta":{"_uf_show_specific_survey":0,"_uf_disable_surveys":false,"__cvm_playback_settings":[],"__cvm_video_id":"","_glsr_average":0,"_glsr_ranking":0,"_glsr_reviews":0,"footnotes":""},"class_list":["post-2361","page","type-page","status-publish","czr-hentry"],"aioseo_notices":[],"_links":{"self":[{"href":"https:\/\/salon-urody.wroclaw.pl\/index.php\/wp-json\/wp\/v2\/pages\/2361","targetHints":{"allow":["GET"]}}],"collection":[{"href":"https:\/\/salon-urody.wroclaw.pl\/index.php\/wp-json\/wp\/v2\/pages"}],"about":[{"href":"https:\/\/salon-urody.wroclaw.pl\/index.php\/wp-json\/wp\/v2\/types\/page"}],"author":[{"embeddable":true,"href":"https:\/\/salon-urody.wroclaw.pl\/index.php\/wp-json\/wp\/v2\/users\/6"}],"replies":[{"embeddable":true,"href":"https:\/\/salon-urody.wroclaw.pl\/index.php\/wp-json\/wp\/v2\/comments?post=2361"}],"version-history":[{"count":0,"href":"https:\/\/salon-urody.wroclaw.pl\/index.php\/wp-json\/wp\/v2\/pages\/2361\/revisions"}],"up":[{"embeddable":true,"href":"https:\/\/salon-urody.wroclaw.pl\/index.php\/wp-json\/wp\/v2\/pages\/2357"}],"wp:attachment":[{"href":"https:\/\/salon-urody.wroclaw.pl\/index.php\/wp-json\/wp\/v2\/media?parent=2361"}],"curies":[{"name":"wp","href":"https:\/\/api.w.org\/{rel}","templated":true}]}}