{"id":236,"date":"2014-12-16T02:02:14","date_gmt":"2014-12-16T01:02:14","guid":{"rendered":"http:\/\/salon-urody.wroclaw.pl\/?page_id=236"},"modified":"2023-09-25T13:04:41","modified_gmt":"2023-09-25T11:04:41","slug":"wodospad-zlota","status":"publish","type":"page","link":"https:\/\/salon-urody.wroclaw.pl\/index.php\/pielegnacja-twarzy\/odzywienie-regeneracja\/wodospad-zlota\/","title":{"rendered":"GOLD MASK &#8211; 24k + LED"},"content":{"rendered":"<p><span style=\"color: #800000;\"><strong>GOLD MASK &#8211; 24k<br \/>\n<img decoding=\"async\" class=\"wp-image-559 alignright lazyload\" data-src=\"http:\/\/salon-urody.wroclaw.pl\/wp-content\/uploads\/2015\/02\/Gold-282x300.jpg\" alt=\"Gold\" width=\"311\" height=\"332\" data-srcset=\"https:\/\/salon-urody.wroclaw.pl\/wp-content\/uploads\/2015\/02\/Gold.jpg 282w, https:\/\/salon-urody.wroclaw.pl\/wp-content\/uploads\/2015\/02\/Gold-141x150.jpg 141w\" data-sizes=\"(max-width: 311px) 100vw, 311px\" src=\"data:image\/svg+xml;base64,PHN2ZyB3aWR0aD0iMSIgaGVpZ2h0PSIxIiB4bWxucz0iaHR0cDovL3d3dy53My5vcmcvMjAwMC9zdmciPjwvc3ZnPg==\" style=\"--smush-placeholder-width: 311px; --smush-placeholder-aspect-ratio: 311\/332;\" \/><br \/>\n<\/strong><\/span><\/p>\n<p>GOLD MASK &#8211; 24k to ekskluzywny zabieg uj\u0119drniaj\u0105co &#8211; nawil\u017caj\u0105cy, polecany szczeg\u00f3lnie dla cer dojrza\u0142ych i odwodnionych. Zastosowanie <span style=\"color: #800000;\">z\u0142ota<\/span> w kosmetyce daje podw\u00f3jny efekt gdy\u017c samo w sobie jest \u017ar\u00f3d\u0142em sk\u0142adnik\u00f3w przed\u0142u\u017caj\u0105cych \u017cycie kom\u00f3rkowe sk\u00f3ry, a dodatkowo wzmacnia dzia\u0142anie towarzysz\u0105cych substancji aktywnych zastosowanych w trakcie zabiegu, takich jak kwas hialuronowy oraz okre\u015blany \u201ero\u015blinnym z\u0142otem\u201d intensywnie nawil\u017caj\u0105cy olej z nasion Jojoba.<\/p>\n<p>Kosmetyczne w\u0142a\u015bciwo\u015bci <span style=\"color: #800000;\">z\u0142ota<\/span> zadowol\u0105 wszystkich, kt\u00f3rzy pragn\u0105 poprawi\u0107 stan sk\u00f3ry w spektakularny spos\u00f3b. Dzi\u0119ki swojej strukturze molekularnej ma silne dzia\u0142anie antyseptyczne &#8211; zwi\u0119ksza w\u0142a\u015bciwo\u015bci immunologiczne nask\u00f3rka i przeciwdzia\u0142a wolnym rodnikom, idealnie sprawdzaj\u0105c si\u0119 jako kuracja anti \u2013 age.<\/p>\n<p><span style=\"color: #800000;\">Dzia\u0142anie:<\/span><\/p>\n<ul>\n<li>od\u017cywienie i roz\u015bwietlenie cery<\/li>\n<li>b\u0142yskawiczny efekt napi\u0119cia sk\u00f3ry &#8211; lifting<\/li>\n<li>stymulacja wzrostu kom\u00f3rek warstwy rozrodczej sk\u00f3ry<\/li>\n<li>poprawa g\u0119sto\u015bci i kolorytu sk\u00f3ry<\/li>\n<li>spowolnienie proces\u00f3w melatogenezy<\/li>\n<li>modelowanie owalu twarzy<\/li>\n<li>zwi\u0119kszenie produkcji kolagenu i elastyny<\/li>\n<li>przeciw &#8211; zmarszczkowa kuracja \u201eanti &#8211; age\u201d<\/li>\n<\/ul>\n<p>Podczas zabiegu na sk\u00f3r\u0119 nanoszone s\u0105 p\u0142aty z 24 karatowego z\u0142ota, kt\u00f3re napinaj\u0105 i od\u017cywiaj\u0105 sk\u00f3r\u0119, dlatego te\u017c zabieg ten jest adresowany szczeg\u00f3lnie do os\u00f3b przed wielkim wyj\u015bciem jako tak zwany <strong>zabieg bankietowy<\/strong>. Terapia \u015bwiat\u0142em LED stanowi koj\u0105ce uzupe\u0142nienie. Dodatkowym atutem <span style=\"color: #800000;\">z\u0142otej kuracji<\/span> jest to, i\u017c mo\u017cna j\u0105 przeprowadza\u0107 nie tylko jednorazowo, ale tak\u017ce w serii 5 zabieg\u00f3w co tydzie\u0144 w celu stymulacji fibroblast\u00f3w do produkcji w\u0142\u00f3kien kolagenowych i elastynowych &#8211; dzi\u0119ki czemu sk\u00f3ra odzyskuje dawn\u0105 j\u0119drno\u015b\u0107 i blask.<br \/>\n<img decoding=\"async\" class=\"size-medium wp-image-825 alignleft lazyload\" data-src=\"http:\/\/salon-urody.wroclaw.pl\/wp-content\/uploads\/2015\/02\/Gold-Drop.jpg\" alt=\"Gold Drop\" width=\"300\" height=\"200\" src=\"data:image\/svg+xml;base64,PHN2ZyB3aWR0aD0iMSIgaGVpZ2h0PSIxIiB4bWxucz0iaHR0cDovL3d3dy53My5vcmcvMjAwMC9zdmciPjwvc3ZnPg==\" style=\"--smush-placeholder-width: 300px; --smush-placeholder-aspect-ratio: 300\/200;\" \/><\/p>\n<p><span style=\"color: #993300;\"><a href=\"https:\/\/instytut27.booksy.com\"><strong><span style=\"color: #800000;\">GOLD MASK 24k (twarz)<\/span><\/strong><\/a><span style=\"color: #000000;\">\u00a0<span style=\"color: #800000;\"><strong>+ LED<\/strong><\/span> &#8211;<\/span><\/span><span style=\"color: #000000;\">\u00a0<\/span>demakija\u017c+ peeling gommage + 24 karatowe p\u0142aty z\u0142ota + serum z koloidalnym z\u0142otem wprowadzane mezoterapi\u0105 bezig\u0142ow\u0105 + bio &#8211; membranowy krem z drobinkami z\u0142ota &#8211;<span style=\"color: #0000ff;\"> 299 z\u0142<\/span><\/p>\n<p><a href=\"https:\/\/instytut27.booksy.com\"><span style=\"color: #800000;\"><strong>GOLD MASK 24k (twarz+szyja+dekolt) + LED<\/strong><\/span> &#8211; <span style=\"color: #0000ff;\">399 z\u0142<\/span><\/a><br \/>\n[su_button url=&#8221;https:\/\/instytut27.booksy.com&#8221; target=&#8221;blank&#8221; style=&#8221;soft&#8221; size=&#8221;4&#8243; radius=&#8221;round&#8221; text_shadow=&#8221;1px 1px 1px #000000&#8243; rel=&#8221;nofollow&#8221;]Zarezerwuj online[\/su_button]<\/p>\n<div class=\"fb-page\" data-href=\"https:\/\/www.facebook.com\/fitness.wroclaw\/?locale=pl_PL\" data-tabs=\"timeline\" data-width=\"200\" data-height=\"80\" data-small-header=\"false\" data-adapt-container-width=\"true\" data-hide-cover=\"false\" data-show-facepile=\"true\">\n<blockquote class=\"fb-xfbml-parse-ignore\" cite=\"https:\/\/www.facebook.com\/fitness.wroclaw\/?locale=pl_PL\"><p>&nbsp;<\/p><\/blockquote>\n<\/div>\n","protected":false},"excerpt":{"rendered":"<p>GOLD MASK &#8211; 24k GOLD MASK &#8211; 24k to ekskluzywny zabieg uj\u0119drniaj\u0105co &#8211; nawil\u017caj\u0105cy, polecany szczeg\u00f3lnie dla cer dojrza\u0142ych i odwodnionych. Zastosowanie z\u0142ota w kosmetyce daje podw\u00f3jny efekt gdy\u017c samo w sobie jest \u017ar\u00f3d\u0142em sk\u0142adnik\u00f3w przed\u0142u\u017caj\u0105cych \u017cycie kom\u00f3rkowe sk\u00f3ry, a dodatkowo wzmacnia dzia\u0142anie towarzysz\u0105cych substancji aktywnych zastosowanych w trakcie zabiegu, takich jak kwas hialuronowy oraz [&hellip;]<\/p>\n","protected":false},"author":1,"featured_media":0,"parent":2310,"menu_order":0,"comment_status":"open","ping_status":"open","template":"","meta":{"_uf_show_specific_survey":0,"_uf_disable_surveys":false,"__cvm_playback_settings":[],"__cvm_video_id":"","_glsr_average":0,"_glsr_ranking":0,"_glsr_reviews":0,"footnotes":""},"class_list":["post-236","page","type-page","status-publish","czr-hentry"],"aioseo_notices":[],"_links":{"self":[{"href":"https:\/\/salon-urody.wroclaw.pl\/index.php\/wp-json\/wp\/v2\/pages\/236","targetHints":{"allow":["GET"]}}],"collection":[{"href":"https:\/\/salon-urody.wroclaw.pl\/index.php\/wp-json\/wp\/v2\/pages"}],"about":[{"href":"https:\/\/salon-urody.wroclaw.pl\/index.php\/wp-json\/wp\/v2\/types\/page"}],"author":[{"embeddable":true,"href":"https:\/\/salon-urody.wroclaw.pl\/index.php\/wp-json\/wp\/v2\/users\/1"}],"replies":[{"embeddable":true,"href":"https:\/\/salon-urody.wroclaw.pl\/index.php\/wp-json\/wp\/v2\/comments?post=236"}],"version-history":[{"count":0,"href":"https:\/\/salon-urody.wroclaw.pl\/index.php\/wp-json\/wp\/v2\/pages\/236\/revisions"}],"up":[{"embeddable":true,"href":"https:\/\/salon-urody.wroclaw.pl\/index.php\/wp-json\/wp\/v2\/pages\/2310"}],"wp:attachment":[{"href":"https:\/\/salon-urody.wroclaw.pl\/index.php\/wp-json\/wp\/v2\/media?parent=236"}],"curies":[{"name":"wp","href":"https:\/\/api.w.org\/{rel}","templated":true}]}}