{"id":2359,"date":"2017-11-12T13:34:10","date_gmt":"2017-11-12T12:34:10","guid":{"rendered":"http:\/\/salon-urody.wroclaw.pl\/?page_id=2359"},"modified":"2017-11-12T13:38:56","modified_gmt":"2017-11-12T12:38:56","slug":"wypelnianie-bruzd-kwasem-hialuronowym-substancja-naturalnie-wystepujaca-w-komorkach-skory","status":"publish","type":"page","link":"https:\/\/salon-urody.wroclaw.pl\/index.php\/medycyna-estetyczna\/wypelnianie-bruzd-kwasem-hialuronowym-substancja-naturalnie-wystepujaca-w-komorkach-skory\/","title":{"rendered":"Wype\u0142nianie bruzd kwasem hialuronowym"},"content":{"rendered":"<p><strong>Wype\u0142nianie bruzd kwasem hialuronowym &#8211; substancj\u0105 naturalnie wyst\u0119puj\u0105c\u0105 w kom\u00f3rkach sk\u00f3ry.<\/strong><br \/>\nStosujemy atestowane produkty najwy\u017cszej jako\u015bci &#8211; w tym Juvaderm Ultra, Restylane czy Perfetha.\u00a0Wyr\u00f3\u017cniaj\u0105 si\u0119 tr\u00f3jwymiarow\u0105 struktur\u0105 siateczkow\u0105, kt\u00f3r\u0105 mo\u017cna precyzyjnie umie\u015bci\u0107 w wybranym obszarze i dowolnie kszta\u0142towa\u0107, modelowa\u0107\u00a0rysy twarzy i wype\u0142nia\u0107 zmarszczki.<\/p>\n<p>W trakcie zabiegu lekarz medycyny estetycznej wprowadza podsk\u00f3rnie odpowiednio dobrane ilo\u015bci \u017celu. Nie wyst\u0119puj\u0119\u00a0ryzyko reakcji uczuleniowej.<\/p>\n<p>Przed zabiegiem zastosowane jest znieczulenia kremem Emla.<\/p>\n<p>Dzi\u0119ki zabiegowi odzyskujemy w\u0142a\u015bciw\u0105 obj\u0119to\u015b\u0107 w okolicach policzkowych i skroniowych, wype\u0142niamy zmarszczki i zag\u0142\u0119bienia oraz korygujemy owal twarzy.\u00a0Sk\u00f3ra staje si\u0119 odpowiednio nawil\u017cona i j\u0119drna, a efekty profesjonalnie wykonanego zabiegu utrzymuj\u0105 si\u0119 od 6 do 12 miesi\u0119cy.<\/p>\n<p><strong>Rezultaty:<\/strong><\/p>\n<ul>\n<li>Intensywny lift twarzy<\/li>\n<li>Konturowanie, wype\u0142nianie i powi\u0119kszanie ust<\/li>\n<li>Usuni\u0119cie zmarszczek wok\u00f3\u0142 ust<\/li>\n<li>Usuni\u0119cie zmarszczek \u015bmiechowych i na policzkach<\/li>\n<li>Modelowanie i korekta opadaj\u0105cych k\u0105cik\u00f3w ust (zmarszczki marionetki)<\/li>\n<li>Modelowanie wolumetryczne policzk\u00f3w<\/li>\n<li>Uwypuklenie ko\u015bci policzkowych<\/li>\n<li>Korekta i kszta\u0142towanie nosa<\/li>\n<li>Wype\u0142nienie bruzd nosowo-wargowych,<\/li>\n<li>Usuni\u0119cie lwiej zmarszczki (mi\u0119dzy brwiami)<\/li>\n<li>Zniwelowanie zmarszczek mimicznych oraz kurzych \u0142apek<\/li>\n<li>Usuni\u0119cie zmarszczek okolicy oczu<\/li>\n<li>Zniwelowanie poziomych zmarszczek czo\u0142a<\/li>\n<li>Kszta\u0142towanie brody<\/li>\n<li>Usuni\u0119cie zmarszczek szyi<\/li>\n<li>Wype\u0142nienie i odm\u0142odzenie d\u0142oni d\u0142oni<\/li>\n<\/ul>\n<p>Zabieg\u00a0rozpoczyna si\u0119 od\u00a0diagnozy\u00a0sk\u00f3ry i przeprowadzenia\u00a0wywiadu w celu ustalenia ewentualnych przeciwwskaza\u0144 do przeprowadzenia kuracji, oraz uzgodnienia zalece\u0144 po &#8211; zabiegowych.<\/p>\n<p>Przy wykonaniu zabiegu kilku okolic oferujemy promocyjne ceny ustalane indywidualnie z pacjentem.<\/p>\n<p>Zapraszamy do rezerwacji telefonicznej 505 455 777.<\/p>\n","protected":false},"excerpt":{"rendered":"<p>Wype\u0142nianie bruzd kwasem hialuronowym &#8211; substancj\u0105 naturalnie wyst\u0119puj\u0105c\u0105 w kom\u00f3rkach sk\u00f3ry. Stosujemy atestowane produkty najwy\u017cszej jako\u015bci &#8211; w tym Juvaderm Ultra, Restylane czy Perfetha.\u00a0Wyr\u00f3\u017cniaj\u0105 si\u0119 tr\u00f3jwymiarow\u0105 struktur\u0105 siateczkow\u0105, kt\u00f3r\u0105 mo\u017cna precyzyjnie umie\u015bci\u0107 w wybranym obszarze i dowolnie kszta\u0142towa\u0107, modelowa\u0107\u00a0rysy twarzy i wype\u0142nia\u0107 zmarszczki. W trakcie zabiegu lekarz medycyny estetycznej wprowadza podsk\u00f3rnie odpowiednio dobrane ilo\u015bci \u017celu. [&hellip;]<\/p>\n","protected":false},"author":6,"featured_media":0,"parent":2357,"menu_order":0,"comment_status":"closed","ping_status":"closed","template":"","meta":{"_uf_show_specific_survey":0,"_uf_disable_surveys":false,"__cvm_playback_settings":[],"__cvm_video_id":"","_glsr_average":0,"_glsr_ranking":0,"_glsr_reviews":0,"footnotes":""},"class_list":["post-2359","page","type-page","status-publish","czr-hentry"],"aioseo_notices":[],"_links":{"self":[{"href":"https:\/\/salon-urody.wroclaw.pl\/index.php\/wp-json\/wp\/v2\/pages\/2359","targetHints":{"allow":["GET"]}}],"collection":[{"href":"https:\/\/salon-urody.wroclaw.pl\/index.php\/wp-json\/wp\/v2\/pages"}],"about":[{"href":"https:\/\/salon-urody.wroclaw.pl\/index.php\/wp-json\/wp\/v2\/types\/page"}],"author":[{"embeddable":true,"href":"https:\/\/salon-urody.wroclaw.pl\/index.php\/wp-json\/wp\/v2\/users\/6"}],"replies":[{"embeddable":true,"href":"https:\/\/salon-urody.wroclaw.pl\/index.php\/wp-json\/wp\/v2\/comments?post=2359"}],"version-history":[{"count":0,"href":"https:\/\/salon-urody.wroclaw.pl\/index.php\/wp-json\/wp\/v2\/pages\/2359\/revisions"}],"up":[{"embeddable":true,"href":"https:\/\/salon-urody.wroclaw.pl\/index.php\/wp-json\/wp\/v2\/pages\/2357"}],"wp:attachment":[{"href":"https:\/\/salon-urody.wroclaw.pl\/index.php\/wp-json\/wp\/v2\/media?parent=2359"}],"curies":[{"name":"wp","href":"https:\/\/api.w.org\/{rel}","templated":true}]}}