{"id":2357,"date":"2017-11-12T13:32:36","date_gmt":"2017-11-12T12:32:36","guid":{"rendered":"http:\/\/salon-urody.wroclaw.pl\/?page_id=2357"},"modified":"2023-09-07T13:58:24","modified_gmt":"2023-09-07T11:58:24","slug":"medycyna-estetyczna","status":"publish","type":"page","link":"https:\/\/salon-urody.wroclaw.pl\/index.php\/medycyna-estetyczna\/","title":{"rendered":"Medycyna Estetyczna"},"content":{"rendered":"<h4>Medycyna estetyczna<\/h4>\n<p>Medycyna estetyczna to dzia\u0142 medycyny zajmuj\u0105cy si\u0119 popraw\u0105 jako\u015bci \u017cycia pacjent\u00f3w, pozwalaj\u0105ca usun\u0105\u0107 r\u00f3\u017cnego rodzaju niedoskona\u0142o\u015bci sk\u00f3ry i wygl\u0105du. S\u0105 to nie tylko dzia\u0142ania zapobiegaj\u0105ce procesom starzenia si\u0119 sk\u00f3ry ale r\u00f3wnie\u017c poprawiaj\u0105ce szereg defekt\u00f3w natury estetycznej takich jak: zmarszczki, podkr\u0105\u017cone oczy, blizny, zbyt ma\u0142e usta, lwia zmarszczka, zmarszczki palacza itp.<br \/>\nNie s\u0105 to tylko problemy dotycz\u0105ce obr\u0119bu twarzy i szyi ale r\u00f3wnie\u017c ca\u0142ego cia\u0142a jak np. miejscowa oty\u0142o\u015b\u0107, rozst\u0119py czy cellulit. S\u0105 to w\u0142\u0105cznie dzia\u0142ania ma\u0142oinwazyjne, poza chirurgiczne, w odr\u00f3\u017cnieniu od dziedziny medycyny jak\u0105 jest chirurgia plastyczna. Oczywi\u015bcie wszelkie dzia\u0142ania z zakresu medycyny estetycznej ingeruj\u0105 g\u0142\u0119biej w sk\u00f3r\u0119 i s\u0105 bardziej zaawansowane ni\u017c dzia\u0142ania kosmetologa czy kosmetyczki dlatego wykonuj\u0105 je wy\u0142\u0105cznie lekarze medycyny estetycznej z uprawnieniami.<\/p>\n<h4>W naszym Instytucie wykorzystujemy nast\u0119puj\u0105ce urz\u0105dzenia i preparaty:<\/h4>\n<ul>\n<li><a href=\"https:\/\/www.moment.pl\/instytut-urody-fantastic-body\/uslugi\/S-6YZX-B275?is_compact=true\">Hifu Max Lift<\/a> &#8211; do liftingu sk\u00f3ry twarzy (poprawienie kszta\u0142tu i owalu) i cia\u0142a<\/li>\n<li>IPL\/Elight &#8211; fotoodm\u0142adzanie i usuwanie rumienia oraz tr\u0105dziku r\u00f3\u017cowatego<\/li>\n<li>Masa\u017c podci\u015bnieniowy &#8211; usuwanie cellulitu i rozst\u0119p\u00f3w<\/li>\n<li>Fale radiowe &#8211; lifting i uj\u0119drnienie<\/li>\n<li>Kriolipoliza &#8211; miejscowe usuwanie nadmiaru tkanki t\u0142uszczowej<\/li>\n<li>Laser SHR &#8211; trwa\u0142e usuwanie ow\u0142osienia cia\u0142a<\/li>\n<li>Laser Lipo &#8211; likwidacja cellulitu oraz uj\u0119drnianie sk\u00f3ry<\/li>\n<li>Derma Pen &#8211; mezoterapia mikroig\u0142owa &#8211; medycyna estetyczna<\/li>\n<\/ul>\n<div id=\"attachment_2764\" style=\"width: 281px\" class=\"wp-caption aligncenter\"><a href=\"https:\/\/salon-urody.wroclaw.pl\/index.php\/medycyna-estetyczna\/\"><img decoding=\"async\" aria-describedby=\"caption-attachment-2764\" class=\"wp-image-2764 lazyload\" title=\"Zabiegi medycyny estetycznej w Instytucie Fantastic Body we Wroc\u0142awiu\" data-src=\"https:\/\/salon-urody.wroclaw.pl\/wp-content\/uploads\/2019\/09\/mezoterapia-1-203x300.jpg\" alt=\"Zabieg mezoterapii ig\u0142owej - Salon Wroc\u0142aw\" width=\"271\" height=\"400\" data-srcset=\"https:\/\/salon-urody.wroclaw.pl\/wp-content\/uploads\/2019\/09\/mezoterapia-1-203x300.jpg 203w, https:\/\/salon-urody.wroclaw.pl\/wp-content\/uploads\/2019\/09\/mezoterapia-1-101x150.jpg 101w, https:\/\/salon-urody.wroclaw.pl\/wp-content\/uploads\/2019\/09\/mezoterapia-1.jpg 941w\" data-sizes=\"(max-width: 271px) 100vw, 271px\" src=\"data:image\/svg+xml;base64,PHN2ZyB3aWR0aD0iMSIgaGVpZ2h0PSIxIiB4bWxucz0iaHR0cDovL3d3dy53My5vcmcvMjAwMC9zdmciPjwvc3ZnPg==\" style=\"--smush-placeholder-width: 271px; --smush-placeholder-aspect-ratio: 271\/400;\" \/><\/a><p id=\"caption-attachment-2764\" class=\"wp-caption-text\">Mezoterapia ig\u0142owa &#8211; Wroc\u0142aw<\/p><\/div>\n<div class=\"mceTemp\"><\/div>\n<ul>\n<li>peelingi medyczne (kwasy)<\/li>\n<li>nak\u0142uwanie &#8211; mezoterapia ig\u0142owa<\/li>\n<li>radiofrekwencja mikroig\u0142owa<\/li>\n<li>biostymulacja &#8211; osocze bogatop\u0142ytkowe<\/li>\n<li>wype\u0142niacze (kwas hialuronowy)<\/li>\n<li>wype\u0142nienia zmarszczek, bruzd<\/li>\n<li>modelowanie ust<\/li>\n<li>niwelowanie cieni pod oczami<\/li>\n<li>wype\u0142nienia doliny \u0142ez<\/li>\n<li>odm\u0142odzenie i uj\u0119drnienie sk\u00f3ry<br \/>\n<h4><img decoding=\"async\" class=\"wp-image-3195  aligncenter lazyload\" data-src=\"https:\/\/salon-urody.wroclaw.pl\/wp-content\/uploads\/2023\/02\/34790828_xxl-1-200x300.jpg\" alt=\"Medycyna estetyczna\" width=\"281\" height=\"422\" data-srcset=\"https:\/\/salon-urody.wroclaw.pl\/wp-content\/uploads\/2023\/02\/34790828_xxl-1-200x300.jpg 200w, https:\/\/salon-urody.wroclaw.pl\/wp-content\/uploads\/2023\/02\/34790828_xxl-1-683x1024.jpg 683w, https:\/\/salon-urody.wroclaw.pl\/wp-content\/uploads\/2023\/02\/34790828_xxl-1-100x150.jpg 100w, https:\/\/salon-urody.wroclaw.pl\/wp-content\/uploads\/2023\/02\/34790828_xxl-1-768x1152.jpg 768w, https:\/\/salon-urody.wroclaw.pl\/wp-content\/uploads\/2023\/02\/34790828_xxl-1-1024x1536.jpg 1024w, https:\/\/salon-urody.wroclaw.pl\/wp-content\/uploads\/2023\/02\/34790828_xxl-1-1365x2048.jpg 1365w, https:\/\/salon-urody.wroclaw.pl\/wp-content\/uploads\/2023\/02\/34790828_xxl-1-scaled.jpg 1707w\" data-sizes=\"(max-width: 281px) 100vw, 281px\" src=\"data:image\/svg+xml;base64,PHN2ZyB3aWR0aD0iMSIgaGVpZ2h0PSIxIiB4bWxucz0iaHR0cDovL3d3dy53My5vcmcvMjAwMC9zdmciPjwvc3ZnPg==\" style=\"--smush-placeholder-width: 281px; --smush-placeholder-aspect-ratio: 281\/422;\" \/><\/h4>\n<\/li>\n<\/ul>\n<p>Preparaty 1 ml:<br \/>\nStylage M Emervel classic, Restylane Classsic;<\/p>\n<p>Stylage S Emervel Lips, Restylane perlane, Emervel Deep,Restylane Lip volume, Juvederm;<br \/>\nStylage L, XL, Emervel Voluma &#8211; 700 z\u0142- 900 z\u0142 (zale\u017cnie od wype\u0142niacza)<br \/>\nToksyna botulinowa &#8211; preparat Azzalure &#8211; od 350 z\u0142 za jedn\u0105 okolic\u0119<\/p>\n<p>Mezoterapia (Preparaty RRS, Cytocare, Dermaheal, Filorga)<\/p>\n<h4>Ceny zabieg\u00f3w &#8211; medycyna estetyczna:<\/h4>\n<p>Twarz 400-700 z\u0142<\/p>\n<p>Twarz + szyja 500-800 z\u0142<br \/>\nTwarz + szyja + dekolt 600-1000 z\u0142<br \/>\nSk\u00f3ra g\u0142owy 200- 400 z\u0142<br \/>\nUda, po\u015bladki 600-1000 z\u0142<\/p>\n<p>Zawsze wcze\u015bniej indywidualna, bezp\u0142atna ocena pacjentki\/pacjenta w celu okre\u015blenia okolic kt\u00f3re mo\u017cemy preparatem wype\u0142ni\u0107 i jaki preparat w danym przypadku by\u0142by dla pacjenta najlepszy.<\/p>\n<p>W trosce o najwy\u017cszy standard naszych us\u0142ug zapraszamy do korzystania z porad profesjonalist\u00f3w.<\/p>\n<p>Konsultacje w zakresie medycyny estetycznej przeprowadzane s\u0105 przez dyplomowanego\u00a0doktora medycyny estetycznej &#8211; Andrzeja K\u0119p\u0119. Absolwent Podyplomowej Szko\u0142y Medycyny Estetycznej Polskiego Towarzystwa Lekarskiego jest lekarzem z wieloletnim\u00a0sta\u017cem\u00a0w zakresie medycyny estetycznej \u2013 stale rozwijaj\u0105cej si\u0119 ga\u0142\u0119zi medycyny, dzi\u0119ki kt\u00f3rej w prawie bezinwazyjny spos\u00f3b mo\u017cna poprawi\u0107 lub zniwelowa\u0107 niedoskona\u0142o\u015bci urody. Obecnie\u00a0wprowadza na polski rynek nowatorski program niechirurgicznego liftingu twarzy z zastosowaniem nici PDO, jest te\u017c oficjalnym szkoleniowcem tej metody na terenie Polski i Szwecji. Swoj\u0105 wiedz\u0105\u00a0i do\u015bwiadczeniami\u00a0dr Andrzej K\u0119pa dzieli si\u0119\u00a0na szkoleniach z zakresu nowoczesnych technik stosowanych w medycynie estetycznej.<br \/>\nWsp\u00f3\u0142pracujemy r\u00f3wnie\u017c z dr Grzegorzem Szpotowiczem &#8211; Absolwentem Wydzia\u0142u Lekarskiego we Wroc\u0142awiu, w trakcie specjalizacji z Chirurgii Urazowej i Ortopedii, w trakcie studi\u00f3w doktoranckich na Katedrze Anatomii Prawid\u0142owej Uniwersytetu Medycznego im. Piast\u00f3w \u015al\u0105skich. Wykwalifikowany lekarz medycyny estetycznej, uczestnik licznych szkole\u0144 i konferencji, na co dzie\u0144 wsp\u00f3\u0142pracuje z mark\u0105 LeaVivacy (Stylage, RRS, Regeneris) Galderma (Restylane, Emervel, Azzalure) w zakresie wype\u0142niaczy HA, preparat\u00f3w na bazie toksyny botulinowej (Azzalure), Wykonuje r\u00f3wnie\u017c r\u00f3\u017cnorodne zabiegi z zakresu mezoterapii osoczem bogatop\u0142ytkowym, mezoterapii klasycznej (RRS, Dermaheal, Cytocare, Filorga). Medycyna estetyczna to te\u017c mi\u0119dzy innymi wype\u0142niacze na bazie usieciowanych kwas\u00f3w hialuronowych, redukcja zmarszczek mimicznych, wolumetria twarzy.<\/p>\n","protected":false},"excerpt":{"rendered":"<p>Medycyna estetyczna Medycyna estetyczna to dzia\u0142 medycyny zajmuj\u0105cy si\u0119 popraw\u0105 jako\u015bci \u017cycia pacjent\u00f3w, pozwalaj\u0105ca usun\u0105\u0107 r\u00f3\u017cnego rodzaju niedoskona\u0142o\u015bci sk\u00f3ry i wygl\u0105du. S\u0105 to nie tylko dzia\u0142ania zapobiegaj\u0105ce procesom starzenia si\u0119 sk\u00f3ry ale r\u00f3wnie\u017c poprawiaj\u0105ce szereg defekt\u00f3w natury estetycznej takich jak: zmarszczki, podkr\u0105\u017cone oczy, blizny, zbyt ma\u0142e usta, lwia zmarszczka, zmarszczki palacza itp. Nie s\u0105 to [&hellip;]<\/p>\n","protected":false},"author":6,"featured_media":0,"parent":0,"menu_order":0,"comment_status":"closed","ping_status":"closed","template":"","meta":{"_uf_show_specific_survey":0,"_uf_disable_surveys":false,"__cvm_playback_settings":[],"__cvm_video_id":"","_glsr_average":0,"_glsr_ranking":0,"_glsr_reviews":0,"footnotes":""},"class_list":["post-2357","page","type-page","status-publish","czr-hentry"],"aioseo_notices":[],"_links":{"self":[{"href":"https:\/\/salon-urody.wroclaw.pl\/index.php\/wp-json\/wp\/v2\/pages\/2357","targetHints":{"allow":["GET"]}}],"collection":[{"href":"https:\/\/salon-urody.wroclaw.pl\/index.php\/wp-json\/wp\/v2\/pages"}],"about":[{"href":"https:\/\/salon-urody.wroclaw.pl\/index.php\/wp-json\/wp\/v2\/types\/page"}],"author":[{"embeddable":true,"href":"https:\/\/salon-urody.wroclaw.pl\/index.php\/wp-json\/wp\/v2\/users\/6"}],"replies":[{"embeddable":true,"href":"https:\/\/salon-urody.wroclaw.pl\/index.php\/wp-json\/wp\/v2\/comments?post=2357"}],"version-history":[{"count":0,"href":"https:\/\/salon-urody.wroclaw.pl\/index.php\/wp-json\/wp\/v2\/pages\/2357\/revisions"}],"wp:attachment":[{"href":"https:\/\/salon-urody.wroclaw.pl\/index.php\/wp-json\/wp\/v2\/media?parent=2357"}],"curies":[{"name":"wp","href":"https:\/\/api.w.org\/{rel}","templated":true}]}}