{"id":2291,"date":"2017-10-03T11:33:47","date_gmt":"2017-10-03T09:33:47","guid":{"rendered":"http:\/\/salon-urody.wroclaw.pl\/?page_id=2291"},"modified":"2023-09-25T13:29:08","modified_gmt":"2023-09-25T11:29:08","slug":"kwasy-eksfoiacje","status":"publish","type":"page","link":"https:\/\/salon-urody.wroclaw.pl\/index.php\/pielegnacja-twarzy\/kwasy-eksfoiacje\/","title":{"rendered":"Peelingi chemiczne- kwasy"},"content":{"rendered":"<p><a href=\"https:\/\/instytut27.booksy.com\"><span style=\"color: #ff3399;\"><strong>PEELINGI ENZYMATYCZNE<\/strong><\/span><\/a> &#8211; przeznaczone dla sk\u00f3ry delikatnej, wra\u017cliwej, ze sk\u0142onno\u015bci\u0105 do p\u0119kaj\u0105cych naczynek. Ich dzia\u0142anie polega na keratolitycznych w\u0142a\u015bciwo\u015bciach enzym\u00f3w, (np. papainy) zawartych w kosmetyku. Pozbywamy si\u0119 \u0142oju i martwych kom\u00f3rek.<\/p>\n<table>\n<tbody>\n<tr>\n<td><a href=\"https:\/\/instytut27.booksy.com\"><span style=\"color: #ff3399;\">Kwas pirogronowy<\/span><\/a><\/td>\n<td>Jak wszystkie kwasy nale\u017cy do eksfoliacji chemicznej. Ma silne w\u0142a\u015bciwo\u015bci sebostatyczne i przeciwzask\u00f3rnikowe. Dodatkowo rozja\u015bnia i napina sk\u00f3r\u0119. Przeznaczony szczeg\u00f3lnie dla cery problematycznej.<\/td>\n<\/tr>\n<tr>\n<td><a href=\"https:\/\/instytut27.booksy.com\"><span style=\"color: #ff3399;\">Kwas migda\u0142owy<\/span><\/a><\/td>\n<td>\u0141agodnie z\u0142uszcza sk\u00f3r\u0119, nie powoduj\u0105c podra\u017cnie\u0144. Reguluje prac\u0119 gruczo\u0142\u00f3w \u0142ojowych, dzia\u0142a regeneruj\u0105co, uj\u0119drnia sk\u00f3r\u0119 i rozja\u015bnia przebarwienia. Dobry dla ka\u017cdego typu cery. Mo\u017cna go stosowa\u0107 przez ca\u0142y rok.<\/td>\n<\/tr>\n<tr>\n<td><a href=\"https:\/\/instytut27.booksy.com\"><span style=\"color: #ff3399;\">Retibrazja<\/span><\/a><\/td>\n<td>Zabieg wykorzystuj\u0105cy w\u0142a\u015bciwo\u015bci retinolu. Ma silne dzia\u0142anie keratolityczne. Przeznaczona przede wszystkim dla cery dojrza\u0142ej dotkni\u0119tej tr\u0105dzikiem i przebarwieniami. Wyr\u00f3wnuje koloryt, odm\u0142adza i uj\u0119drnia. Z\u0142uszczanie nask\u00f3rka nast\u0119puje ok. 3 dni po zabiegu.<\/td>\n<\/tr>\n<tr>\n<td><a href=\"https:\/\/instytut27.booksy.com\"><span style=\"color: #ff3399;\">Retibrazja +TCA 15%<\/span><\/a><\/td>\n<td>Po\u0142\u0105czenie wy\u017cej opisanego zabiegu z dzia\u0142aniem 15% kwasu tr\u00f3jchloro-octowego. Przez wzbogacenie zabiegu o kwas TCA uzyskujemy dodatkowy efekt liftingu twarzy. Kwas TCA doskonale zwalcza zmarszczki, przebarwienia i blizny. Retibrazji z kwasem skutkuje silnym z\u0142uszczaniem, regeneracj\u0105 sk\u00f3ry i pobudzeniem fibroblast\u00f3w do produkcji w\u0142\u00f3kien kolagenowych i elastynowych.<\/td>\n<\/tr>\n<\/tbody>\n<\/table>\n<fieldset>\n<legend>Najcz\u0119\u015bciej zadawane pytania<\/legend>\n<fieldset>\n<p style=\"font-size: small;\">Jak cz\u0119sto robi\u0107 peeling chemiczny?<\/p>\n<fieldset>Cz\u0119stotliwo\u015b\u0107 peeling\u00f3w chemicznych zale\u017cy od typu peelingu, celu terapii, indywidualnych potrzeb sk\u00f3ry oraz wskaz\u00f3wek kosmetologa. W przypadku peeling\u00f3w chemicznych istniej\u0105 r\u00f3\u017cne rodzaje, takie jak peelingi powierzchniowe, \u015brednio g\u0142\u0119bokie i g\u0142\u0119bokie, a ka\u017cdy z nich ma inn\u0105 intensywno\u015b\u0107 i czas regeneracji sk\u00f3ry. Oto og\u00f3lne wytyczne dotycz\u0105ce cz\u0119stotliwo\u015bci peeling\u00f3w chemicznych:<\/p>\n<ul>\n<li>Peelingi powierzchniowe s\u0105 naj\u0142agodniejsze i mog\u0105 by\u0107 stosowane cz\u0119\u015bciej, nawet co 2-4 tygodnie, w zale\u017cno\u015bci od potrzeb sk\u00f3ry. S\u0105 skuteczne w z\u0142uszczaniu nask\u00f3rka, poprawie tekstury sk\u00f3ry, rozja\u015bnianiu przebarwie\u0144 powierzchownych oraz redukcji drobnych zmarszczek.<\/li>\n<li>Peelingi \u015brednio g\u0142\u0119bokie s\u0105 bardziej intensywne i mog\u0105 by\u0107 wykonywane co 3-6 miesi\u0119cy. Ten rodzaj peelingu mo\u017ce g\u0142\u0119biej przenika\u0107 w sk\u00f3r\u0119 i poprawia\u0107 wygl\u0105d sk\u00f3ry w bardziej zaawansowany spos\u00f3b, jednak wymaga d\u0142u\u017cszego czasu regeneracji.<\/li>\n<li>Peelingi g\u0142\u0119bokie s\u0105 najbardziej intensywne i powinny by\u0107 przeprowadzane rzadko. Wykonywane s\u0105 w specjalistycznych warunkach i mog\u0105 przynie\u015b\u0107 bardziej spektakularne rezultaty w redukcji g\u0142\u0119bokich zmarszczek, blizn lub tr\u0105dziku, ale sk\u00f3ra wymaga d\u0142u\u017cszego okresu gojenia.<\/li>\n<\/ul>\n<\/fieldset>\n<\/fieldset>\n<p>&nbsp;<\/p>\n<fieldset>\n<p style=\"font-size: small;\">Na czym polega peeling chemiczny?<\/p>\n<fieldset>Procedura peelingu chemicznego zazwyczaj rozpoczyna si\u0119 od oczyszczenia sk\u00f3ry i usuni\u0119cia wszelkich zanieczyszcze\u0144. Nast\u0119pnie na sk\u00f3r\u0119 aplikuje si\u0119 odpowiedni\u0105 mieszanin\u0119 chemiczn\u0105. Czas trwania zabiegu zale\u017cy od rodzaju peelingu, zazwyczaj trwa od kilku do kilkunastu minut. Po zabiegu mo\u017ce wyst\u0105pi\u0107 zaczerwienienie, \u0142uszczenie i uczucie napi\u0119cia sk\u00f3ry, ale efekty ostateczne zale\u017c\u0105 od rodzaju peelingu i indywidualnych cech sk\u00f3ry. Peeling chemiczny (kwasy) to rewolucyjna metoda piel\u0119gnacji sk\u00f3ry, kt\u00f3ra opiera si\u0119 na wykorzystaniu specjalnych substancji chemicznych lub ich mieszanek, maj\u0105cych zdolno\u015b\u0107 z\u0142uszczania martwego nask\u00f3rka. Dzi\u0119ki tym precyzyjnie skomponowanym po\u0142\u0105czeniom, mo\u017cliwe jest osi\u0105gni\u0119cie spektakularnych efekt\u00f3w w poprawie jako\u015bci i kondycji sk\u00f3ry. Ten innowacyjny zabieg usuwa niechciane zanieczyszczenia i martwe kom\u00f3rki nask\u00f3rka, ods\u0142aniaj\u0105c jej \u015bwie\u017cy, promienny wygl\u0105d. W rezultacie sk\u00f3ra staje si\u0119 g\u0142adsza, bardziej nawil\u017cona i odzyskuje blask. Peeling to doskona\u0142y spos\u00f3b, aby uzyska\u0107 zdrow\u0105 i pi\u0119kn\u0105 sk\u00f3r\u0119, kt\u00f3ra zachwyca swoim wygl\u0105dem i elastyczno\u015bci\u0105.<\/fieldset>\n<\/fieldset>\n<p>&nbsp;<\/fieldset>\n<fieldset>\n<p style=\"font-size: small;\">Jaki peeling chemiczny wybra\u0107?<\/p>\n<fieldset>Indywidualny dob\u00f3r odpowiedniego peelingu chemicznego jest niezwykle istotny dla osi\u0105gni\u0119cia najlepszych efekt\u00f3w i minimalizowania ryzyka dzia\u0142a\u0144 niepo\u017c\u0105danych. Na wst\u0119pie nale\u017cy przeprowadzi\u0107 ocen\u0119 i odpowiednio dobra\u0107 peeling, bior\u0105c pod uwag\u0119 specyfik\u0119 sk\u00f3ry ka\u017cdego pacjenta. Peelingi chemiczne r\u00f3\u017cni\u0105 si\u0119 sk\u0142adem, st\u0119\u017ceniem oraz warto\u015bci\u0105 pH, co wp\u0142ywa na ich si\u0142\u0119 i g\u0142\u0119boko\u015b\u0107 penetracji w g\u0142\u0105b sk\u00f3ry.<\/p>\n<p>Dla sk\u00f3r delikatnych, wra\u017cliwych, naczyniowych, zaleca si\u0119 unikanie mocnych peeling\u00f3w z efektem g\u0142\u0119bokiego z\u0142uszczania, poniewa\u017c chcemy unikn\u0105\u0107 uszkodzenia bariery ochronnej sk\u00f3ry. Natomiast dla sk\u00f3ry grubych i t\u0142ustych konieczne mo\u017ce si\u0119 okaza\u0107 zastosowanie mocniejszych peeling\u00f3w. Dzi\u0119ki g\u0142\u0119bszemu wnikaniu, mog\u0105 stymulowa\u0107 produkcj\u0119 kolagenu i elastyny, co wspomaga popraw\u0119 struktury sk\u00f3ry i zmniejszenie widoczno\u015bci por\u00f3w i wzmaga procesy naprawcze. Je\u015bli cera jest problematyczna i towarzysz\u0105 jej aktywne zmiany tr\u0105dzikowe w\u00f3wczas nale\u017cy si\u0119gn\u0105\u0107 po kwas salicylowy. Je\u015bli problem opiera si\u0119 na zask\u00f3rnikach, a tak\u017ce widocznych bliznach potr\u0105dzikowych polecamy wybra\u0107 kwas pirogronowy. W przypadku cer naczyniowych z teleangiektazj\u0105 oraz z tr\u0105dzikiem r\u00f3\u017cowatym, kierujemy si\u0119 w stron\u0119 mieszanek z dodatkiem Argininy lub kwasu migda\u0142owego.<\/fieldset>\n<\/fieldset>\n<p>&nbsp;<\/p>\n<fieldset>\n<p style=\"font-size: small;\">Kiedy robi\u0107 peelingi chemiczne?<\/p>\n<fieldset>Wybierz odpowiedni\u0105 por\u0119 roku: Peelingi chemiczne mog\u0105 sprawdza\u0107 si\u0119 przez ca\u0142y rok, ale warto unika\u0107 ich w okresach intensywnego nas\u0142onecznienia, zw\u0142aszcza je\u015bli planujesz peelingi g\u0142\u0119bsze. Sk\u00f3ra po peelingu jest bardziej wra\u017cliwa na promienie UV, dlatego lepiej wykonywa\u0107 zabiegi w okresie, kiedy s\u0142o\u0144ce jest mniej intensywne. Cz\u0119sto peelingi powierzchniowe s\u0105 bardziej tolerowane w okresie letnim, ale zawsze nale\u017cy stosowa\u0107 kremy z filtrem przeciws\u0142onecznym po zabiegu. Je\u015bli masz na sk\u00f3rze aktywne stany zapalne, takie jak tr\u0105dzik czy wypryski, warto poczeka\u0107, a\u017c stany zapalne si\u0119 unormuj\u0105 przed wykonaniem peelingu chemicznego. Peelingi w takiej sytuacji mog\u0105 pogorszy\u0107 podra\u017cnienia i wywo\u0142a\u0107 dodatkowe reakcje sk\u00f3rne. Przed wykonaniem peelingu chemicznego warto skonsultowa\u0107 si\u0119 z kosmetologiem, dermatologiem lub specjalist\u0105 medycyny estetycznej. Peeling chemiczny mo\u017ce by\u0107 stosowany dla r\u00f3\u017cnych cel\u00f3w, takich jak z\u0142uszczanie, redukcja przebarwie\u0144, poprawa tekstury sk\u00f3ry czy redukcja blizn. Cz\u0119stotliwo\u015b\u0107 wykonania peeling\u00f3w b\u0119dzie zale\u017ca\u0142a od stanu sk\u00f3ry i oczekiwanych rezultat\u00f3w.<\/fieldset>\n<\/fieldset>\n<fieldset>\n<p style=\"font-size: small;\">Czego nie wolno robi\u0107 po kwasach?<\/p>\n<fieldset>Sk\u00f3ra po peelingu chemicznym staje si\u0119 bardziej wra\u017cliwa na promienie UV. Dlatego wa\u017cne jest, aby unika\u0107 d\u0142ugotrwa\u0142ego nara\u017cania sk\u00f3ry na s\u0142o\u0144ce i ograniczy\u0107 pobyt na s\u0142o\u0144cu przez co najmniej kilka dni po zabiegu. Warto stosowa\u0107 kremy z wysokim filtrem przeciws\u0142onecznym i chroni\u0107 sk\u00f3r\u0119 przed dzia\u0142aniem promieni s\u0142onecznych. Nie drap sk\u00f3ry, ani nie usuwaj \u0142uszcz\u0105cej si\u0119 sk\u00f3ry. Po peelingu chemicznym mo\u017ce pojawi\u0107 si\u0119 \u0142uszczenie sk\u00f3ry, co jest naturalnym procesem z\u0142uszczania nask\u00f3rka. Wa\u017cne jest, aby nie drapa\u0107 si\u0119 ani nie rozrywa\u0107 \u0142uszcz\u0105cej si\u0119 sk\u00f3ry, poniewa\u017c mo\u017ce to prowadzi\u0107 do podra\u017cnie\u0144 i zaka\u017ce\u0144. Po peelingu chemicznym sk\u00f3ra mo\u017ce by\u0107 bardziej podatna na dzia\u0142anie innych silnych produkt\u00f3w kosmetycznych, takich jak retinoidy czy produkty z wysokim st\u0119\u017ceniem kwas\u00f3w. Lepiej ograniczy\u0107 stosowanie takich produkt\u00f3w przez pewien czas po zabiegu, aby unikn\u0105\u0107 nadmiernego podra\u017cnienia sk\u00f3ry. Unikaj sauny, basen\u00f3w i gor\u0105cych k\u0105pieli. Nie stosuj mechanicznego z\u0142uszczania, takiego jak peelingi ziarniste czy szczoteczki do sk\u00f3ry. To mo\u017ce podra\u017cni\u0107 sk\u00f3r\u0119 i spowolni\u0107 proces gojenia. Lepiej unika\u0107 tak\u017ce kosmetyk\u00f3w o silnym dzia\u0142aniu, takich jak produkty z alkoholem lub silnymi substancjami dra\u017cni\u0105cymi.<\/fieldset>\n<\/fieldset>\n<p>&nbsp;<\/p>\n<fieldset>\n<p style=\"font-size: small;\">Ile dni po kwasach nie mo\u017cna si\u0119 opala\u0107?<\/p>\n<fieldset>Po zastosowaniu intensywnych peeling\u00f3w chemicznych ( kwas\u00f3w ) nale\u017cy unika\u0107 ekspozycji s\u0142onecznej i chroni\u0107 przed ni\u0105 sk\u00f3r\u0119 przez okres 2 tygodni, aby zapobiec powstawaniu podra\u017cnie\u0144.<\/fieldset>\n<\/fieldset>\n<fieldset>\n<p style=\"font-size: small;\">Kiedy schodzi sk\u00f3ra po kwasach?<\/p>\n<fieldset>Og\u00f3lnie rzecz bior\u0105c, sk\u00f3ra zaczyna si\u0119 z\u0142uszcza\u0107 zazwyczaj w ci\u0105gu 2-7 dni po zabiegu, ale mo\u017ce to by\u0107 tak\u017ce d\u0142u\u017cszy lub kr\u00f3tszy okres czasu. Peelingi powierzchniowe, kt\u00f3re dzia\u0142aj\u0105 g\u0142\u00f3wnie na nask\u00f3rek, powoduj\u0105 delikatniejsze z\u0142uszczanie nie rzucaj\u0105ce si\u0119 mocno w oczy i sk\u00f3ra mo\u017ce zacz\u0105\u0107 si\u0119 \u0142uszczy\u0107 ju\u017c po kilku dniach po zabiegu lub w og\u00f3le. Peelingi o wi\u0119kszej intensywno\u015bci, takie jak peelingi \u015brednio g\u0142\u0119bokie lub g\u0142\u0119bokie, kt\u00f3re docieraj\u0105 do g\u0142\u0119bszych warstw sk\u00f3ry, mog\u0105 spowodowa\u0107 bardziej odznaczaj\u0105ce \u0142uszczenie si\u0119 sk\u00f3ry, kt\u00f3ra mo\u017ce nawet odchodzi\u0107 p\u0142atami (pod \u017cadnym pozorem nie mo\u017cna usuwa\u0107 tych p\u0142at\u00f3w na w\u0142asn\u0105 r\u0119k\u0119).<\/fieldset>\n<\/fieldset>\n<p>&nbsp;<\/p>\n<fieldset>\n<p style=\"font-size: small;\">Ile zabieg\u00f3w kwasami potrzeba?<\/p>\n<fieldset>Je\u015bli celem jest poprawa tekstury sk\u00f3ry i rozja\u015bnienie przebarwie\u0144, zazwyczaj zaleca si\u0119 seri\u0119 3-6 zabieg\u00f3w przeprowadzanych w odst\u0119pach co 2-4 tygodnie. W przypadku redukcji tr\u0105dziku, blizn lub bardziej zaawansowanych problem\u00f3w sk\u00f3rnych, mo\u017ce by\u0107 konieczna d\u0142u\u017csza seria zabieg\u00f3w. Peelingi powierzchniowe zazwyczaj wymagaj\u0105 wi\u0119kszej liczby zabieg\u00f3w, aby osi\u0105gn\u0105\u0107 zamierzony efekt, podczas gdy peelingi \u015brednio g\u0142\u0119bokie lub g\u0142\u0119bokie mog\u0105 przynie\u015b\u0107 oczekiwane rezultaty w mniejszej liczbie zabieg\u00f3w. Indywidualne cechy sk\u00f3ry mog\u0105 wp\u0142yn\u0105\u0107 na liczb\u0119 zabieg\u00f3w potrzebnych do osi\u0105gni\u0119cia po\u017c\u0105danych efekt\u00f3w. Niekt\u00f3rzy klienci mog\u0105 widzie\u0107 szybsze rezultaty ni\u017c inni, w zale\u017cno\u015bci od reakcji sk\u00f3ry na zabieg. zale\u017cno\u015bci od zalece\u0144 kosmetologa, zabiegi z kwasami mog\u0105 by\u0107 wykonywane co 2-4 tygodnie lub w odst\u0119pach czasowych ustalonych na podstawie indywidualnych potrzeb sk\u00f3ry.<\/fieldset>\n<\/fieldset>\n<fieldset>\n<p style=\"font-size: small;\">Kiedy nie robi\u0107 kwas\u00f3w?<\/p>\n<fieldset>Nie nale\u017cy robi\u0107 kwas\u00f3w na opalonej sk\u00f3rze ani przez kilka tygodni po opalaniu. Opalanie sprawia, \u017ce sk\u00f3ra jest bardziej wra\u017cliwa na dzia\u0142anie kwas\u00f3w, co mo\u017ce prowadzi\u0107 do nadmiernego podra\u017cnienia i reakcji sk\u00f3rnych. Je\u015bli na sk\u00f3rze wyst\u0119puj\u0105 aktywne stany zapalne, takie jak tr\u0105dzik z aktywnymi wypryskami czy silne podra\u017cnienia, warto poczeka\u0107, a\u017c stany zapalne si\u0119 unormuj\u0105 przed wykonaniem kwas\u00f3w. Zabieg na podra\u017cnionej sk\u00f3rze mo\u017ce pogorszy\u0107 stan sk\u00f3ry i wywo\u0142a\u0107 dodatkowe reakcje. Kwas\u00f3w nie powinno si\u0119 stosowa\u0107 na sk\u00f3rze, kt\u00f3ra jest podra\u017cniona, uszkodzona, z otwartymi ranami czy oparzeniami. W okresie ci\u0105\u017cy oraz karmienia piersi\u0105 lepiej unika\u0107 zabieg\u00f3w z wykorzystaniem kwas\u00f3w. Przed planowanym zabiegiem kwas\u00f3w, warto przerwa\u0107 stosowanie retinoid\u00f3w i innych silnych kosmetyk\u00f3w kilka dni przed zabiegiem, aby unikn\u0105\u0107 nadmiernego podra\u017cnienia sk\u00f3ry. Je\u015bli pacjent ma alergi\u0119 lub nadwra\u017cliwo\u015bci na dany kwas, lepiej unika\u0107 jego stosowania.<\/fieldset>\n<\/fieldset>\n<p>&nbsp;<\/p>\n<fieldset>\n<p style=\"font-size: small;\">Dlaczego warto robi\u0107 peeling?<\/p>\n<fieldset>Peeling chemiczny usuwa martwe kom\u00f3rki nask\u00f3rka, co skutkuje wyg\u0142adzeniem sk\u00f3ry, popraw\u0105 jej struktury i jednolito\u015bci. Redukcja zmarszczek i linii mimicznych: mog\u0105 pom\u00f3c w zredukowaniu drobnych zmarszczek i linii mimicznych, co nadaje sk\u00f3rze bardziej m\u0142odzie\u0144czy i \u015bwie\u017cy wygl\u0105d. Peelingi chemiczne mog\u0105 pom\u00f3c w rozja\u015bnieniu i zredukowaniu przebarwie\u0144 spowodowanych przez s\u0142o\u0144ce, tr\u0105dzik, starzenie si\u0119 sk\u00f3ry i inne czynniki. Zmniejszenie widoczno\u015bci blizn: mog\u0105 pom\u00f3c w zmniejszeniu widoczno\u015bci blizn potr\u0105dzikowych lub innych blizn na sk\u00f3rze.<br \/>\nPeelingi chemiczne pomagaj\u0105 oczy\u015bci\u0107 zatkane pory, co mo\u017ce zminimalizowa\u0107 problem tr\u0105dziku i zmniejszy\u0107 ryzyko jego nawrot\u00f3w. Poprawa kondycji sk\u00f3ry: Po wykonaniu peelingu chemicznego, sk\u00f3ra staje si\u0119 bardziej nawil\u017cona, promienna i elastyczna. Przygotowanie sk\u00f3ry do innych zabieg\u00f3w: kwas mo\u017ce stanowi\u0107 przygotowanie do innych zabieg\u00f3w piel\u0119gnacyjnych, poniewa\u017c usuwa martwe kom\u00f3rki, umo\u017cliwiaj\u0105c lepsze wch\u0142anianie sk\u0142adnik\u00f3w aktywnych z innych produkt\u00f3w czy zabieg\u00f3w.<\/fieldset>\n<\/fieldset>\n<form action=\"?\">\n<div>Zapraszamy do zapis\u00f3w pod numerem telefonu 505 455 777 lub przez stron\u0119<\/div>\n<\/form>\n<h4><span style=\"color: grey;\">Zapraszamy do rezerwacji zabieg\u00f3w <a href=\"https:\/\/instytut27.booksy.com\">online<\/a>:<\/span><\/h4>\n<h4>Serdecznie zapraszamy do zapoznania si\u0119 z naszymi zabiegami.<\/h4>\n<p>[su_button url=&#8221;https:\/\/instytut27.booksy.com&#8221; target=&#8221;blank&#8221; background=&#8221;#CC0099&#8243; style=&#8221;soft&#8221; size=&#8221;4&#8243; radius=&#8221;round&#8221; text_shadow=&#8221;1px 1px 1px #000000&#8243; rel=&#8221;nofollow&#8221;]Rezerwacja online[\/su_button]<\/p>\n","protected":false},"excerpt":{"rendered":"<p>PEELINGI ENZYMATYCZNE &#8211; przeznaczone dla sk\u00f3ry delikatnej, wra\u017cliwej, ze sk\u0142onno\u015bci\u0105 do p\u0119kaj\u0105cych naczynek. Ich dzia\u0142anie polega na keratolitycznych w\u0142a\u015bciwo\u015bciach enzym\u00f3w, (np. papainy) zawartych w kosmetyku. Pozbywamy si\u0119 \u0142oju i martwych kom\u00f3rek. Kwas pirogronowy Jak wszystkie kwasy nale\u017cy do eksfoliacji chemicznej. Ma silne w\u0142a\u015bciwo\u015bci sebostatyczne i przeciwzask\u00f3rnikowe. Dodatkowo rozja\u015bnia i napina sk\u00f3r\u0119. Przeznaczony szczeg\u00f3lnie dla cery [&hellip;]<\/p>\n","protected":false},"author":6,"featured_media":0,"parent":113,"menu_order":0,"comment_status":"closed","ping_status":"closed","template":"","meta":{"_uf_show_specific_survey":0,"_uf_disable_surveys":false,"__cvm_playback_settings":[],"__cvm_video_id":"","_glsr_average":0,"_glsr_ranking":0,"_glsr_reviews":0,"footnotes":""},"class_list":["post-2291","page","type-page","status-publish","czr-hentry"],"aioseo_notices":[],"_links":{"self":[{"href":"https:\/\/salon-urody.wroclaw.pl\/index.php\/wp-json\/wp\/v2\/pages\/2291","targetHints":{"allow":["GET"]}}],"collection":[{"href":"https:\/\/salon-urody.wroclaw.pl\/index.php\/wp-json\/wp\/v2\/pages"}],"about":[{"href":"https:\/\/salon-urody.wroclaw.pl\/index.php\/wp-json\/wp\/v2\/types\/page"}],"author":[{"embeddable":true,"href":"https:\/\/salon-urody.wroclaw.pl\/index.php\/wp-json\/wp\/v2\/users\/6"}],"replies":[{"embeddable":true,"href":"https:\/\/salon-urody.wroclaw.pl\/index.php\/wp-json\/wp\/v2\/comments?post=2291"}],"version-history":[{"count":0,"href":"https:\/\/salon-urody.wroclaw.pl\/index.php\/wp-json\/wp\/v2\/pages\/2291\/revisions"}],"up":[{"embeddable":true,"href":"https:\/\/salon-urody.wroclaw.pl\/index.php\/wp-json\/wp\/v2\/pages\/113"}],"wp:attachment":[{"href":"https:\/\/salon-urody.wroclaw.pl\/index.php\/wp-json\/wp\/v2\/media?parent=2291"}],"curies":[{"name":"wp","href":"https:\/\/api.w.org\/{rel}","templated":true}]}}