{"id":2285,"date":"2017-10-03T11:22:57","date_gmt":"2017-10-03T09:22:57","guid":{"rendered":"http:\/\/salon-urody.wroclaw.pl\/?page_id=2285"},"modified":"2023-06-16T17:02:59","modified_gmt":"2023-06-16T15:02:59","slug":"a-peel-45-holistyczna-odbudowa-skory-wrazliwej","status":"publish","type":"page","link":"https:\/\/salon-urody.wroclaw.pl\/index.php\/pielegnacja-twarzy\/a-peel-45-holistyczna-odbudowa-skory-wrazliwej\/","title":{"rendered":"A &#8211; PEEL 45% &#8211; odbudowa sk\u00f3ry wra\u017cliwej"},"content":{"rendered":"<h2 style=\"text-align: center;\"><span style=\"color: #ffa500;\"><strong>A-PEEL<\/strong><\/span><\/h2>\n<p><img decoding=\"async\" class=\"wp-image-3338 alignright lazyload\" data-src=\"https:\/\/salon-urody.wroclaw.pl\/wp-content\/uploads\/2023\/04\/MAMY.jpeg\" alt=\"\" width=\"527\" height=\"321\" src=\"data:image\/svg+xml;base64,PHN2ZyB3aWR0aD0iMSIgaGVpZ2h0PSIxIiB4bWxucz0iaHR0cDovL3d3dy53My5vcmcvMjAwMC9zdmciPjwvc3ZnPg==\" style=\"--smush-placeholder-width: 527px; --smush-placeholder-aspect-ratio: 527\/321;\" \/><\/p>\n<p>Terapia wykorzystuj\u0105ca 45% mieszank\u0119 A &#8211; PEEL. Jest to innowacyjne z\u0142uszczanie nask\u00f3rka, kt\u00f3re bazuje na synergicznym dzia\u0142aniu kwas\u00f3w:<\/p>\n<p><strong>argininowego 20%<\/strong><span style=\"font-weight: inherit;\"> + <\/span><strong>lactobionowego 20%<\/strong><span style=\"font-weight: inherit;\"> + <\/span><strong>mocznika 5%<\/strong><span style=\"font-weight: inherit;\">. Peeling rekomendowany jest dla sk\u00f3ry odwodnionej, zm\u0119czonej, a tak\u017ce wra\u017cliwej.<\/span><\/p>\n<p>Mikstura o dzia\u0142aniu powierzchownym wykazuje w\u0142a\u015bciwo\u015bci \u0142agodz\u0105ce, z\u0142uszczaj\u0105ce, zwi\u0119kszaj\u0105ce produkcj\u0119 kolagenu i elastyny. Sk\u0142adniki eksfoliuj\u0105ce wp\u0142ywaj\u0105 na popraw\u0119 mikro &#8211; kr\u0105\u017cenia, aktywacj\u0119 system\u00f3w immunologicznych, a tak\u017ce nawil\u017caj\u0105, wyg\u0142adzaj\u0105 i zwi\u0119kszaj\u0105 poziom ceramid\u00f3w w sk\u00f3rze.<\/p>\n<p>Dodatkowo jako substancja pomocnicza wyst\u0119puje tu alantoina i aloes, kt\u00f3re pobudzaj\u0105 procesy regeneracji i gojenia oraz minimalizuj\u0105 zaczerwienienie i podra\u017cnienie sk\u00f3ry. Jest to jedyna tego typu eksfoliacja , kt\u00f3ra pozwala na opracowanie sk\u00f3ry g\u00f3rnej powieki oraz czerwieni ust.<\/p>\n<p><strong>Efekty<\/strong><\/p>\n<ul>\n<li>bierne z\u0142uszczenie przesuszonego nask\u00f3rka<\/li>\n<li>mobilizacja produkcji bia\u0142ek i kolagenu<\/li>\n<li>zwi\u0119kszenie napi\u0119cia i elastyczno\u015bci<\/li>\n<li>poprawa mikrokr\u0105\u017cenia i kolorytu<\/li>\n<li>nawil\u017cenie, wyg\u0142adzenie<\/li>\n<li>lifting owalu twarzy<\/li>\n<li>regeneracja sk\u00f3ry<\/li>\n<\/ul>\n<p><strong>Przeciwwskazania<\/strong><\/p>\n<ul>\n<li>nowotwory<\/li>\n<li>ci\u0105\u017ca<\/li>\n<li>\u015bwie\u017ce blizny (do 6 tygodni\u00a0od powstania)<\/li>\n<li>grzybica<\/li>\n<li>\u0142uszczyca<\/li>\n<li>cukrzyca<\/li>\n<li>opryszczka<\/li>\n<li>przerwana ci\u0105g\u0142o\u015b\u0107 nask\u00f3rka<\/li>\n<li>uczulenie na kt\u00f3ry\u015b ze sk\u0142adnik\u00f3w<\/li>\n<li>aktywne infekcje wirusowe np. opryszczka<\/li>\n<li>tr\u0105dzik aktywny<\/li>\n<\/ul>\n<p>Kuracja odbudowuj\u0105ca struktur\u0119 sk\u00f3ry A- PEEL &#8211; <strong>150 z\u0142<\/strong> (twarz + maska regeneruj\u0105ca)<\/p>\n<p>Kuracja odbudowuj\u0105ca struktur\u0119 sk\u00f3ry A- PEEL &#8211; <strong>220 z\u0142<\/strong> (twarz + szyja + dekolt + maska regeneruj\u0105ca)<\/p>\n<p>&nbsp;<\/p>\n<p><span style=\"color: grey;\">Zapraszamy do rezerwacji<\/span><span style=\"color: grey; font-weight: inherit;\">\u00a0zabieg\u00f3w <\/span><a style=\"font-weight: inherit;\" href=\"https:\/\/instytut27.booksy.com\">online<\/a><span style=\"color: grey; font-weight: inherit;\">:<\/span><\/p>\n<h4>Serdecznie zapraszamy do zapoznania si\u0119 z naszymi zabiegami.<\/h4>\n<p>[su_button url=&#8221;https:\/\/instytut27.booksy.com&#8221; target=&#8221;blank&#8221; background=&#8221;#9acd32&#8243; style=&#8221;soft&#8221; size=&#8221;4&#8243; radius=&#8221;round&#8221; text_shadow=&#8221;1px 1px 1px #000000&#8243; rel=&#8221;nofollow&#8221;]Rezerwacja online[\/su_button]<span style=\"line-height: 1.5;\"><\/p>\n<p>&nbsp;<\/p>\n","protected":false},"excerpt":{"rendered":"<p>A-PEEL Terapia wykorzystuj\u0105ca 45% mieszank\u0119 A &#8211; PEEL. Jest to innowacyjne z\u0142uszczanie nask\u00f3rka, kt\u00f3re bazuje na synergicznym dzia\u0142aniu kwas\u00f3w: argininowego 20% + lactobionowego 20% + mocznika 5%. Peeling rekomendowany jest dla sk\u00f3ry odwodnionej, zm\u0119czonej, a tak\u017ce wra\u017cliwej. Mikstura o dzia\u0142aniu powierzchownym wykazuje w\u0142a\u015bciwo\u015bci \u0142agodz\u0105ce, z\u0142uszczaj\u0105ce, zwi\u0119kszaj\u0105ce produkcj\u0119 kolagenu i elastyny. Sk\u0142adniki eksfoliuj\u0105ce wp\u0142ywaj\u0105 na popraw\u0119 [&hellip;]<\/p>\n","protected":false},"author":6,"featured_media":0,"parent":113,"menu_order":0,"comment_status":"closed","ping_status":"closed","template":"","meta":{"_uf_show_specific_survey":0,"_uf_disable_surveys":false,"__cvm_playback_settings":[],"__cvm_video_id":"","_glsr_average":0,"_glsr_ranking":0,"_glsr_reviews":0,"footnotes":""},"class_list":["post-2285","page","type-page","status-publish","czr-hentry"],"aioseo_notices":[],"_links":{"self":[{"href":"https:\/\/salon-urody.wroclaw.pl\/index.php\/wp-json\/wp\/v2\/pages\/2285","targetHints":{"allow":["GET"]}}],"collection":[{"href":"https:\/\/salon-urody.wroclaw.pl\/index.php\/wp-json\/wp\/v2\/pages"}],"about":[{"href":"https:\/\/salon-urody.wroclaw.pl\/index.php\/wp-json\/wp\/v2\/types\/page"}],"author":[{"embeddable":true,"href":"https:\/\/salon-urody.wroclaw.pl\/index.php\/wp-json\/wp\/v2\/users\/6"}],"replies":[{"embeddable":true,"href":"https:\/\/salon-urody.wroclaw.pl\/index.php\/wp-json\/wp\/v2\/comments?post=2285"}],"version-history":[{"count":0,"href":"https:\/\/salon-urody.wroclaw.pl\/index.php\/wp-json\/wp\/v2\/pages\/2285\/revisions"}],"up":[{"embeddable":true,"href":"https:\/\/salon-urody.wroclaw.pl\/index.php\/wp-json\/wp\/v2\/pages\/113"}],"wp:attachment":[{"href":"https:\/\/salon-urody.wroclaw.pl\/index.php\/wp-json\/wp\/v2\/media?parent=2285"}],"curies":[{"name":"wp","href":"https:\/\/api.w.org\/{rel}","templated":true}]}}