{"id":2251,"date":"2017-07-07T00:36:23","date_gmt":"2017-07-06T22:36:23","guid":{"rendered":"http:\/\/salon-urody.wroclaw.pl\/?page_id=2251"},"modified":"2025-08-23T10:33:31","modified_gmt":"2025-08-23T08:33:31","slug":"depilacja-laserowa-ipl-shr-epilacja","status":"publish","type":"page","link":"https:\/\/salon-urody.wroclaw.pl\/index.php\/depilacja-laserowa-ipl-shr-epilacja\/","title":{"rendered":"Depilacja laserowa IPL\/SHR &#8211; epilacja"},"content":{"rendered":"<h3 style=\"text-align: center;\"><span style=\"color: #808080;\"><b><a style=\"color: #808080;\" href=\"https:\/\/instytut27.booksy.com\">Depilacja laserowa<\/a> (w\u0142a\u015bciwie epilacja) \u2013 kt\u00f3ra metoda oka\u017ce si\u0119 najskuteczniejsza?<\/b><\/span><\/h3>\n<p><span style=\"color: #808080;\"><strong>Depilacja Laserowa<\/strong><\/span> jest jednym z najcz\u0119\u015bciej wykonywanych zabieg\u00f3w medycyny estetyczne. Ta definitywna metoda pozbywania si\u0119 niechcianego ow\u0142osienia jest wykonywana\u00a0 z u\u017cyciem kilku technologii. I tu pojawia si\u0119 pytanie \u2013 jak wybra\u0107 t\u0119 najskuteczniejsz\u0105? Warto przyjrze\u0107 si\u0119 trzem najbardziej<\/p>\n<p style=\"text-align: center;\"><img decoding=\"async\" class=\"size-medium wp-image-3963 alignright lazyload\" data-src=\"https:\/\/salon-urody.wroclaw.pl\/wp-content\/uploads\/2023\/09\/img_20230911_172000-230x300.jpg\" alt=\"\" width=\"230\" height=\"300\" data-srcset=\"https:\/\/salon-urody.wroclaw.pl\/wp-content\/uploads\/2023\/09\/img_20230911_172000-230x300.jpg 230w, https:\/\/salon-urody.wroclaw.pl\/wp-content\/uploads\/2023\/09\/img_20230911_172000-787x1024.jpg 787w, https:\/\/salon-urody.wroclaw.pl\/wp-content\/uploads\/2023\/09\/img_20230911_172000-115x150.jpg 115w, https:\/\/salon-urody.wroclaw.pl\/wp-content\/uploads\/2023\/09\/img_20230911_172000-768x1000.jpg 768w, https:\/\/salon-urody.wroclaw.pl\/wp-content\/uploads\/2023\/09\/img_20230911_172000-1180x1536.jpg 1180w, https:\/\/salon-urody.wroclaw.pl\/wp-content\/uploads\/2023\/09\/img_20230911_172000-1573x2048.jpg 1573w, https:\/\/salon-urody.wroclaw.pl\/wp-content\/uploads\/2023\/09\/img_20230911_172000-scaled.jpg 1967w\" data-sizes=\"(max-width: 230px) 100vw, 230px\" src=\"data:image\/svg+xml;base64,PHN2ZyB3aWR0aD0iMSIgaGVpZ2h0PSIxIiB4bWxucz0iaHR0cDovL3d3dy53My5vcmcvMjAwMC9zdmciPjwvc3ZnPg==\" style=\"--smush-placeholder-width: 230px; --smush-placeholder-aspect-ratio: 230\/300;\" \/><span style=\"font-weight: inherit;\">popularnym technikom depilacji (epilacji) i por\u00f3wna\u0107 ich precyzj\u0119, skuteczno\u015b\u0107 i komfort pacjenta podczas zabiegu. Mowa o urz\u0105dzeniu <\/span><strong>IPL<\/strong><span style=\"font-weight: inherit;\">, <\/span><strong>SHR<\/strong><span style=\"font-weight: inherit;\"> oraz <\/span><strong>laserze diodowym<\/strong><span style=\"font-weight: inherit;\">.<\/span><\/p>\n<p><a href=\"https:\/\/instytut27.booksy.com\">Rezerwuj online<\/a><\/p>\n<p>tel:50545777<\/p>\n<h4 style=\"text-align: center;\"><span style=\"color: #808080;\"><strong>Laser diodowy<\/strong><\/span> \u2013 dzia\u0142a tylko na ciemniejsze w\u0142oski<\/h4>\n<p>Laser diodowy to cz\u0119sto wybierane urz\u0105dzenie do epilacji. Emituj\u0105c fal\u0119 monochromatyczn\u0105 o d\u0142ugo\u015bci 810 nm, laser ten powoduje<strong> fototermoliz\u0119<\/strong> melaniny, czyli barwnika w\u0142osa. Melanina wyst\u0119puje jednak tak\u017ce w sk\u00f3rze, zatem aby unikn\u0105\u0107 poparzenia, konieczne jest selektywne dzia\u0142anie \u015bwiat\u0142a lasera tylko na w\u0142os, a nie na sk\u00f3r\u0119, gdy\u017c w przeciwnym wypadku generowa\u0107 b\u0119dzie to poparzenia. Laser diodowy jest w stanie podo\u0142a\u0107 temu wyzwaniu, umo\u017cliwiaj\u0105c depilacj\u0119 nawet ja\u015bniejszych w\u0142os\u00f3w, przy jednoczesnej ciemniejszej karnacji. Jednak nie jest to jedyna skuteczna metoda epilacji. Wci\u0105\u017c jeszcze najcz\u0119\u015bciej wybieranym urz\u0105dzeniem do epilacji jest IPL, a najlepsze opinie zbiera najnowocze\u015bniejszy kuzyn IPL \u2013 <span style=\"color: #999999;\"><strong>laser SHR<\/strong><\/span>.<\/p>\n<p>&nbsp;<\/p>\n<h4 style=\"text-align: center;\"><a href=\"https:\/\/salon-urody.wroclaw.pl\/index.php\/depilacja-laserowa-ipl-shr-epilacja\/\"><span style=\"color: #db7093;\"><strong>IPL i SHR<\/strong><\/span><\/a>, czyli dwie ods\u0142ony najskuteczniejszej depilacji (epilacji)<\/h4>\n<p><strong>IPL<\/strong> to urz\u0105dzenie okre\u015blane w j\u0119zyku potocznym mianem lasera, cho\u0107 w rzeczywisto\u015bci laserem nie jest.<\/p>\n<p>\u0179r\u00f3d\u0142em \u015bwiat\u0142a jest tu bowiem lampa ksenonowa, a emitowane \u015bwiat\u0142o jest rozproszone, o d\u0142ugo\u015bci fali w szerokim zakresie 450 \u2013 1100 nm.<\/p>\n<p>W tej metodzie wymagany jest\u00a0 znaczny kontrast mi\u0119dzy odcieniem sk\u00f3ry a barw\u0105 w\u0142osa, co ma zagwarantowa\u0107 selektywno\u015b\u0107 zabiegu, i z drugiej strony, depilacja IPL to zabieg stosunkowo ma\u0142o bolesny, szybki, dedykowany sk\u00f3rze wra\u017cliwej oraz mo\u017cliwy do wykonania w ci\u0105gu ca\u0142ego roku.<\/p>\n<h4 style=\"text-align: center;\">Udoskonaleniem metody IPL jest urz\u0105dzenie E \u2013 LIGHT<\/h4>\n<p>&nbsp;<\/p>\n<p>W urz\u0105dzeniu\u00a0 IPL promie\u0144 \u015bwiat\u0142a jest wzbogacony o <strong>radiofrekfencj\u0119 RF<\/strong>, czyli zmienny pr\u0105d elektryczny. W praktyce oznacza to jeszcze skuteczniejsze, selektywne usuwanie zb\u0119d<span style=\"font-weight: inherit;\">nego ow\u0142osienia. Jednak prawdziwa rewolucja to laser SHR \u2013 najnowocze\u015bniejszy wariant technologii IPL, wykorzystuj\u0105cy innowacyjn\u0105 metod\u0119 <\/span><strong>IN MOTION<\/strong><span style=\"font-weight: inherit;\">, kt\u00f3ra sprowadza si\u0119 do generowania powolnego i d\u0142ugiego rozgrzewania tkanki w\u0142osa, co okazuje si\u0119 by\u0107 bezpieczniejsze ni\u017c kr\u00f3tkie impulsy o bardzo wysokiej energii (jak w laserze diodowym).<\/span><\/p>\n<p><img decoding=\"async\" class=\"alignleft wp-image-3960 size-medium lazyload\" title=\"Depilacja Laserowa SHR\" data-src=\"https:\/\/salon-urody.wroclaw.pl\/wp-content\/uploads\/2023\/09\/img_20230911_132233-225x300.jpg\" alt=\"Depilacja_laserowa_SHR\" width=\"225\" height=\"300\" data-srcset=\"https:\/\/salon-urody.wroclaw.pl\/wp-content\/uploads\/2023\/09\/img_20230911_132233-225x300.jpg 225w, https:\/\/salon-urody.wroclaw.pl\/wp-content\/uploads\/2023\/09\/img_20230911_132233-768x1024.jpg 768w, https:\/\/salon-urody.wroclaw.pl\/wp-content\/uploads\/2023\/09\/img_20230911_132233-113x150.jpg 113w, https:\/\/salon-urody.wroclaw.pl\/wp-content\/uploads\/2023\/09\/img_20230911_132233-1152x1536.jpg 1152w, https:\/\/salon-urody.wroclaw.pl\/wp-content\/uploads\/2023\/09\/img_20230911_132233-1536x2048.jpg 1536w, https:\/\/salon-urody.wroclaw.pl\/wp-content\/uploads\/2023\/09\/img_20230911_132233-scaled.jpg 1920w\" data-sizes=\"(max-width: 225px) 100vw, 225px\" src=\"data:image\/svg+xml;base64,PHN2ZyB3aWR0aD0iMSIgaGVpZ2h0PSIxIiB4bWxucz0iaHR0cDovL3d3dy53My5vcmcvMjAwMC9zdmciPjwvc3ZnPg==\" style=\"--smush-placeholder-width: 225px; --smush-placeholder-aspect-ratio: 225\/300;\" \/><\/p>\n<h4 style=\"text-align: left;\"><span style=\"color: #db7093;\"><strong>Laser SHR<\/strong><\/span><\/h4>\n<p><span style=\"font-weight: inherit;\">Dzia\u0142a on na zasadzie emitowania niskich dawek energii, kt\u00f3re dostarczane s\u0105 jednocze\u015bnie przez wiele wi\u0105zek i w efekcie ich kumulacji skutecznie uszkadzaj\u0105 mieszki w\u0142osowe. Kolejn\u0105 innowacj\u0105 jest spos\u00f3b pracy g\u0142owic\u0105 \u2013 przesuwana jest ona po powierzchni sk\u00f3ry, pozostaj\u0105c z ni\u0105 w sta\u0142ym kontakcie. Gwarantuje to wolniejsze nagrzewanie si\u0119 tkanek i nie <\/span><span style=\"font-weight: inherit;\">generuje poparze\u0144 sk\u00f3ry, takich jakie mog\u0105 powsta\u0107 podczas u\u017cywania lasera diodowego. I jeszcze jedna korzy\u015b\u0107 \u2013 r\u00f3wnomierna praca g\u0142owicy na sk\u00f3rze sprzyja dok\u0142adno\u015bci zabiegu, za\u015b ka\u017cdorazowe przystawianie g\u0142owicy w innym miejscu podczas generowania impulsu \u015bwiat\u0142a laserem diodowym sprzyja pomini\u0119ciu niekt\u00f3rych w\u0142osk\u00f3w.<\/span><\/p>\n<p><a href=\"https:\/\/instytut27.booksy.com\">Rezerwuj online<\/a><\/p>\n<p>Zadzwo\u0144 teraz: <a href=\"tel:50545777\">tel. 505455777<\/a><\/p>\n<p>&nbsp;<\/p>\n<p class=\"western\">Czym sugeruj\u0105 si\u0119 pacjenci podczas wyboru perfekcyjnej metody depilacji laserowej?<img decoding=\"async\" class=\"alignright wp-image-3961 size-medium lazyload\" data-src=\"https:\/\/salon-urody.wroclaw.pl\/wp-content\/uploads\/2023\/09\/img_20230911_132003-225x300.jpg\" alt=\"Depilacja_laserowa_Wroc\u0142aw\" width=\"225\" height=\"300\" data-srcset=\"https:\/\/salon-urody.wroclaw.pl\/wp-content\/uploads\/2023\/09\/img_20230911_132003-225x300.jpg 225w, https:\/\/salon-urody.wroclaw.pl\/wp-content\/uploads\/2023\/09\/img_20230911_132003-768x1024.jpg 768w, https:\/\/salon-urody.wroclaw.pl\/wp-content\/uploads\/2023\/09\/img_20230911_132003-113x150.jpg 113w, https:\/\/salon-urody.wroclaw.pl\/wp-content\/uploads\/2023\/09\/img_20230911_132003-1152x1536.jpg 1152w, https:\/\/salon-urody.wroclaw.pl\/wp-content\/uploads\/2023\/09\/img_20230911_132003-1536x2048.jpg 1536w, https:\/\/salon-urody.wroclaw.pl\/wp-content\/uploads\/2023\/09\/img_20230911_132003-scaled.jpg 1920w\" data-sizes=\"(max-width: 225px) 100vw, 225px\" src=\"data:image\/svg+xml;base64,PHN2ZyB3aWR0aD0iMSIgaGVpZ2h0PSIxIiB4bWxucz0iaHR0cDovL3d3dy53My5vcmcvMjAwMC9zdmciPjwvc3ZnPg==\" style=\"--smush-placeholder-width: 225px; --smush-placeholder-aspect-ratio: 225\/300;\" \/><\/p>\n<h3 style=\"text-align: center;\"><\/h3>\n<p class=\"western\">Lista wymaga\u0144 jest do\u015b\u0107 d\u0142uga, a na jej czele znajduj\u0105 si\u0119 nast\u0119puj\u0105ce postulaty:<\/p>\n<p>&#8211; <em>depilacja<\/em> powinna by\u0107 jak najmniej bolesna<br \/>\n&#8211; zabieg nie powinien powodowa\u0107 podra\u017cnienia sk\u00f3ry czy oparze\u0144<br \/>\n&#8211; <em>la<\/em>ser powinien by\u0107 odpowiedni tak\u017ce dla sk\u00f3ry wra\u017cliwej<br \/>\n&#8211; <span style=\"color: #db7093;\"><strong>depilacja<\/strong><\/span> powinna by\u0107 mo\u017cliwa do przeprowadzenia nie tylko jesieni\u0105 i zim\u0105, ale tak\u017ce podczas bardziej nas\u0142onecznionych miesi\u0119cy<br \/>\n&#8211; opalenizna nie powinna by\u0107 przeciwwskazaniem do wykonania zabiegu, podobnie jak ja\u015bniejszy odcie\u0144 w\u0142oska<\/p>\n<p>Brzmi zbyt perfekcyjnie?<\/p>\n<p>Taka metoda jest\u00a0 dost\u0119pna \u2013 jest to\u00a0 wspomniany <strong>laser SHR.<\/strong> Dlatego, w \u015bwietle tylu zalet wyb\u00f3r najskuteczniejszej metody depilacji nie powinien stwarza\u0107 k\u0142opotu. Zyskasz zatem nienagannie g\u0142adkie cia\u0142o na d\u0142ugie lata, bez obaw o stan zdrowia sk\u00f3ry. Po zabiegu pojawi\u0107 si\u0119 mo\u017ce jedynie czasowe zaczerwienienie, kt\u00f3re samoistnie ust\u0119puje przy odpowiedniej piel\u0119gnacji sk\u00f3ry \u2013 jej nawil\u017caniu i unikaniu podra\u017cniaj\u0105cych czynnik\u00f3w mechanicznych, termicznych i chemicznych.<\/p>\n<p>Najcz\u0119\u015bciej zadawane pytania:<\/p>\n<details>\n<summary>Jak d\u0142ugo utrzymuje si\u0119 depilacja laserowa?<\/summary>\n<p>Depilacja laserowa jest jedn\u0105 z metod trwa\u0142ego usuwania ow\u0142osienia. Po przeprowadzeniu serii odpowiednich zabieg\u00f3w mo\u017cna osi\u0105gn\u0105\u0107 d\u0142ugotrwa\u0142e efekty.<\/p>\n<p>Niemniej jednak, skuteczno\u015b\u0107 i trwa\u0142o\u015b\u0107 depilacji laserowej mog\u0105 r\u00f3\u017cni\u0107 si\u0119 w zale\u017cno\u015bci od kilku czynnik\u00f3w, takich jak rodzaj sk\u00f3ry, kolor w\u0142os\u00f3w, obszar poddawany zabiegowi oraz indywidualne cechy organizmu.<\/p>\n<p>Po serii zabieg\u00f3w depilacji laserowej wi\u0119kszo\u015b\u0107 os\u00f3b do\u015bwiadcza d\u0142ugotrwa\u0142ego zmniejszenia ilo\u015bci i grubo\u015bci w\u0142os\u00f3w. Niekt\u00f3rzy mog\u0105 do\u015bwiadczy\u0107 ca\u0142kowitego zaniku niepo\u017c\u0105danego ow\u0142osienia na obszarze poddanym depilacji laserowej. Warto zauwa\u017cy\u0107, \u017ce depilacja laserowa jest bardziej skuteczna u os\u00f3b o jasnej sk\u00f3rze i ciemnych w\u0142osach, poniewa\u017c wi\u0105zka laserowa jest absorbowana przez barwnik (melanin\u0119) obecn\u0105 w w\u0142osach.<\/p>\n<\/details>\n<details>\n<summary>Ile razy trzeba i\u015b\u0107 na depilacje laserowa?<\/summary>\n<p>Cz\u0119sto zaleca si\u0119 przeprowadzenie serii 6-8 zabieg\u00f3w depilacji laserowej w odst\u0119pach co oko\u0142o 4-8 tygodni, aby uzyska\u0107 optymalne wyniki. Po zako\u0144czeniu serii zabieg\u00f3w mo\u017ce by\u0107 konieczne przeprowadzenie zabieg\u00f3w przegl\u0105dowych w celu utrzymania osi\u0105gni\u0119tych rezultat\u00f3w. W\u0142os obj\u0119ty zabiegiem musi by\u0107 w fazie wzrostu ANAGENU.<\/p>\n<\/details>\n<details>\n<summary>Czy do depilacji laserowej trzeba si\u0119 goli\u0107?<\/summary>\n<p>Golenie usuwa widoczn\u0105 cz\u0119\u015b\u0107 w\u0142osa, pozostawiaj\u0105c tylko struktur\u0119 w\u0142osa znajduj\u0105c\u0105 si\u0119 pod sk\u00f3r\u0105. Skierowana na obszar poddanego goleniu wi\u0105zka laserowa mo\u017ce skupi\u0107 si\u0119 na mieszkach w\u0142osowych, kt\u00f3re s\u0105 g\u0142\u00f3wnym celem zabiegu. Je\u015bli w\u0142osy nie zostan\u0105 zgolone, \u015bwiat\u0142o laserowe mo\u017ce by\u0107 absorbowane przez widoczn\u0105 cz\u0119\u015b\u0107 w\u0142osa na powierzchni, co utrudnia skuteczne dotarcie do mieszka w\u0142osowego. Golenie przed depilacj\u0105 laserow\u0105 minimalizuje ryzyko poparze\u0144 lub nadmiernego nagrzewania si\u0119 w\u0142osa na powierzchni sk\u00f3ry. Golenie obszaru przed depilacj\u0105 laserow\u0105 u\u0142atwia profesjonalistom przeprowadzenie zabiegu, poniewa\u017c nie musz\u0105 zajmowa\u0107 si\u0119 obcinaniem czy przycinaniem w\u0142os\u00f3w w trakcie zabiegu.<\/p>\n<\/details>\n<details>\n<summary>Czy depilacja laserowa jest bolesna?<\/summary>\n<p>Depilacja laserowa mo\u017ce powodowa\u0107 pewne uczucie dyskomfortu lub delikatnego b\u00f3lu, ale odczucia r\u00f3\u017cni\u0105 si\u0119 w zale\u017cno\u015bci od indywidualnej wra\u017cliwo\u015bci osoby, obszaru poddanego zabiegowi, rodzaju u\u017cytego lasera oraz parametr\u00f3w zabiegu. Wa\u017cne jest r\u00f3wnie\u017c, aby pami\u0119ta\u0107, \u017ce b\u00f3l jest subiektywnym do\u015bwiadczeniem, kt\u00f3re mo\u017ce by\u0107 r\u00f3\u017cnie odczuwane przez r\u00f3\u017cne osoby.<\/p>\n<\/details>\n<details>\n<summary>W jakiej porze roku najlepiej robi\u0107 depilacje laserowa?<\/summary>\n<p>Depilacj\u0119 laserow\u0105 mo\u017cna przeprowadza\u0107 przez ca\u0142y rok, jednak istnieje kilka czynnik\u00f3w, kt\u00f3re mog\u0105 wp\u0142ywa\u0107 na optymaln\u0105 por\u0119 roku dla tego zabiegu. Je\u015bli miejsce jest nara\u017cone na dzia\u0142anie promieniowania UV, na s\u0142o\u0144ce nale\u017cy przenie\u015b\u0107 zabiegi na okres jesienny\/ zimowy. Obszary zakryte, os\u0142oni\u0119te przed promieniowaniem mo\u017cemy wykona\u0107 w dowolnej porze, pami\u0119taj\u0105c o zachowaniu ostro\u017cno\u015bci.<\/p>\n<\/details>\n<details>\n<summary>Na kogo nie dzia\u0142a depilacja laserowa?<\/summary>\n<p>Depilacja laserowa mo\u017ce nie by\u0107 odpowiednia dla wszystkich os\u00f3b. Istniej\u0105 pewne czynniki, kt\u00f3re mog\u0105 wp\u0142ywa\u0107 na skuteczno\u015b\u0107 i bezpiecze\u0144stwo procedury depilacji laserowej. Jasne i siwe w\u0142osy, ciemna sk\u00f3ra: Procedura depilacji laserowej opiera si\u0119 na r\u00f3\u017cnicy w pigmentacji mi\u0119dzy w\u0142osami a sk\u00f3r\u0105. W przypadku ciemnej sk\u00f3ry istnieje ryzyko, \u017ce laser mo\u017ce r\u00f3wnie\u017c reagowa\u0107 na melanin\u0119 w sk\u00f3rze, ci\u0105\u017ca, osoby z aktywnymi infekcjami sk\u00f3ry, tr\u0105dzikiem r\u00f3\u017cowatym, opryszczk\u0105 w okolicy, czerniakiem lub innymi nowotworami sk\u00f3ry powinny unika\u0107 procedury.<\/p>\n<\/details>\n<details>\n<summary>Dlaczego ponownie rosn\u0105 w\u0142osy po depilacji laserowej?<\/summary>\n<p>Mimo \u017ce depilacja laserowa jest skuteczn\u0105 metod\u0105, kt\u00f3ra mo\u017ce prowadzi\u0107 do d\u0142ugotrwa\u0142ego zmniejszenia ilo\u015bci w\u0142os\u00f3w, nie jest ona w stanie zapewni\u0107 trwa\u0142ego usuni\u0119cia wszystkich w\u0142os\u00f3w. Istnieje kilka powod\u00f3w, dlaczego w\u0142osy mog\u0105 ponownie odrasta\u0107 po depilacji laserowej: fazy wzrostu w\u0142os\u00f3w, nieaktywne cebulki w\u0142os\u00f3w, zmiany hormonalne, czynniki genetyczne.<\/p>\n<\/details>\n<details>\n<summary>Czy depilacja laserowa ma skutki uboczne?<\/summary>\n<p>Poni\u017cej przedstawiam niekt\u00f3re z najcz\u0119stszych skutk\u00f3w ubocznych depilacji laserowej:<\/p>\n<ol>\n<li>Podra\u017cnienie sk\u00f3ry: Po zabiegu mo\u017ce wyst\u0105pi\u0107 \u0142agodne podra\u017cnienie sk\u00f3ry, kt\u00f3re mo\u017ce objawia\u0107 si\u0119 zaczerwienieniem, obrz\u0119kiem, sw\u0119dzeniem lub uczuciem pieczenia. Te objawy zwykle ust\u0119puj\u0105 samoistnie w ci\u0105gu kilku godzin lub dni po zabiegu.<\/li>\n<li>Przej\u015bciowy dyskomfort.<\/li>\n<li>Zmiany pigmentacyjne: U niekt\u00f3rych os\u00f3b po depilacji laserowej mog\u0105 wyst\u0105pi\u0107 przej\u015bciowe zmiany pigmentacyjne sk\u00f3ry, takie jak przebarwienia (hiperpigmentacja) lub utrata pigmentu (hipopigmentacja). Zazwyczaj s\u0105 one \u0142agodne i ust\u0119puj\u0105 w ci\u0105gu kilku tygodni lub miesi\u0119cy. Wa\u017cne jest stosowanie ochrony przeciws\u0142onecznej po zabiegu, aby zmniejszy\u0107 ryzyko wyst\u0105pienia tych zmian.<\/li>\n<li>Oparzenia sk\u00f3ry: Je\u015bli depilacja laserowa jest przeprowadzana przez niew\u0142a\u015bciwie przeszkolony personel lub zastosowano nieodpowiednie parametry \u015bwiat\u0142a, istnieje ryzyko oparzenia sk\u00f3ry. Dlatego wa\u017cne jest wybranie zaufanego salonu kosmetycznego lub kliniki medycyny estetycznej i upewnienie si\u0119, \u017ce zabieg przeprowadzany jest przez do\u015bwiadczony personel.<\/li>\n<li>Powik\u0142ania alergiczne.<\/li>\n<\/ol>\n<\/details>\n<details>\n<summary>Jak wygl\u0105da sk\u00f3ra po depilacji laserowej?<\/summary>\n<p>Po depilacji laserowej sk\u00f3ra mo\u017ce wykazywa\u0107 r\u00f3\u017cne reakcje, kt\u00f3re zale\u017c\u0105 od sk\u00f3ry oraz od typu urz\u0105dzenia stosowanego podczas zabiegu. Oto kilka mo\u017cliwych zmian, jakie mog\u0105 wyst\u0105pi\u0107 na sk\u00f3rze po depilacji laserowej: zaczerwienienie, obrz\u0119k, \u015bwi\u0105d, nietrwa\u0142e plamy, przej\u015bciowe przebarwienia, sucho\u015b\u0107 sk\u00f3ry.<\/p>\n<summary>Czego nie bra\u0107 przed depilacj\u0105 laserow\u0105?<\/summary>\n<p>Przed przeprowadzeniem depilacji laserowej nale\u017cy unika\u0107 niekt\u00f3rych sytuacji w celu minimalizacji ryzyka skutk\u00f3w ubocznych lub komplikacji. W\u015br\u00f3d tych czynnik\u00f3w znajdziemy: opalenizn\u0119, samoopalacze, plastry do depilacji i woski, antybiotyki i leki, a w szczeg\u00f3lno\u015bci fotouczulaj\u0105ce substancje, preparaty znieczulaj\u0105ce oraz takie, kt\u00f3re podra\u017cniaj\u0105 sk\u00f3r\u0119, m.in. kwasy.<\/p>\n<\/details>\n<p><a href=\"https:\/\/instytut27.booksy.com\">Rezerwuj online<\/a><\/p>\n<p>Zadzwo\u0144 teraz: <a href=\"tel:50545777\">tel. 505455777<\/a><\/p>\n<p>&nbsp;<\/p>\n","protected":false},"excerpt":{"rendered":"<p>Depilacja laserowa (w\u0142a\u015bciwie epilacja) \u2013 kt\u00f3ra metoda oka\u017ce si\u0119 najskuteczniejsza? Depilacja Laserowa jest jednym z najcz\u0119\u015bciej wykonywanych zabieg\u00f3w medycyny estetyczne. Ta definitywna metoda pozbywania si\u0119 niechcianego ow\u0142osienia jest wykonywana\u00a0 z u\u017cyciem kilku technologii. I tu pojawia si\u0119 pytanie \u2013 jak wybra\u0107 t\u0119 najskuteczniejsz\u0105? Warto przyjrze\u0107 si\u0119 trzem najbardziej popularnym technikom depilacji (epilacji) i por\u00f3wna\u0107 ich [&hellip;]<\/p>\n","protected":false},"author":1,"featured_media":0,"parent":0,"menu_order":0,"comment_status":"closed","ping_status":"closed","template":"","meta":{"_uf_show_specific_survey":0,"_uf_disable_surveys":false,"__cvm_playback_settings":[],"__cvm_video_id":"","_glsr_average":0,"_glsr_ranking":0,"_glsr_reviews":0,"footnotes":""},"class_list":["post-2251","page","type-page","status-publish","czr-hentry"],"aioseo_notices":[],"_links":{"self":[{"href":"https:\/\/salon-urody.wroclaw.pl\/index.php\/wp-json\/wp\/v2\/pages\/2251","targetHints":{"allow":["GET"]}}],"collection":[{"href":"https:\/\/salon-urody.wroclaw.pl\/index.php\/wp-json\/wp\/v2\/pages"}],"about":[{"href":"https:\/\/salon-urody.wroclaw.pl\/index.php\/wp-json\/wp\/v2\/types\/page"}],"author":[{"embeddable":true,"href":"https:\/\/salon-urody.wroclaw.pl\/index.php\/wp-json\/wp\/v2\/users\/1"}],"replies":[{"embeddable":true,"href":"https:\/\/salon-urody.wroclaw.pl\/index.php\/wp-json\/wp\/v2\/comments?post=2251"}],"version-history":[{"count":4,"href":"https:\/\/salon-urody.wroclaw.pl\/index.php\/wp-json\/wp\/v2\/pages\/2251\/revisions"}],"predecessor-version":[{"id":4152,"href":"https:\/\/salon-urody.wroclaw.pl\/index.php\/wp-json\/wp\/v2\/pages\/2251\/revisions\/4152"}],"wp:attachment":[{"href":"https:\/\/salon-urody.wroclaw.pl\/index.php\/wp-json\/wp\/v2\/media?parent=2251"}],"curies":[{"name":"wp","href":"https:\/\/api.w.org\/{rel}","templated":true}]}}