{"id":2238,"date":"2017-06-29T13:04:25","date_gmt":"2017-06-29T11:04:25","guid":{"rendered":"http:\/\/salon-urody.wroclaw.pl\/?page_id=2238"},"modified":"2025-08-07T20:53:24","modified_gmt":"2025-08-07T18:53:24","slug":"hifu-4d-lift-lifting-bezoperacyjny","status":"publish","type":"page","link":"https:\/\/salon-urody.wroclaw.pl\/index.php\/hifu-4d-lift-lifting-bezoperacyjny\/","title":{"rendered":"HIFU 4D Lift &#8211; Lifting bezoperacyjny"},"content":{"rendered":"<h4><span style=\"color: #808080;\"><b>HIFU 4D Lift &#8211; nieinwazyjne odm\u0142odzenie sk\u00f3ry<\/b><\/span><\/h4>\n<p><img decoding=\"async\" class=\"size-medium wp-image-2665 alignleft lazyload\" data-src=\"http:\/\/salon-urody.wroclaw.pl\/wp-content\/uploads\/2019\/08\/hifu-mapa-zabiegowa-249x300.jpg\" alt=\"Lifting sk\u00f3ry - HIFU\" width=\"249\" height=\"300\" data-srcset=\"https:\/\/salon-urody.wroclaw.pl\/wp-content\/uploads\/2019\/08\/hifu-mapa-zabiegowa-249x300.jpg 249w, https:\/\/salon-urody.wroclaw.pl\/wp-content\/uploads\/2019\/08\/hifu-mapa-zabiegowa-124x150.jpg 124w, https:\/\/salon-urody.wroclaw.pl\/wp-content\/uploads\/2019\/08\/hifu-mapa-zabiegowa.jpg 336w\" data-sizes=\"(max-width: 249px) 100vw, 249px\" src=\"data:image\/svg+xml;base64,PHN2ZyB3aWR0aD0iMSIgaGVpZ2h0PSIxIiB4bWxucz0iaHR0cDovL3d3dy53My5vcmcvMjAwMC9zdmciPjwvc3ZnPg==\" style=\"--smush-placeholder-width: 249px; --smush-placeholder-aspect-ratio: 249\/300;\" \/>HIFU 4D Lift to bez w\u0105tpienia innowacja na rynku us\u0142ug medycyny estetycznej, kt\u00f3ra nadaje nowego znaczenia terapii anti \u2013 aging.<br \/>\nTo multifunkcyjne urz\u0105dzenie wyr\u00f3\u017cnia si\u0119 dog\u0142\u0119bnym dzia\u0142aniem, skoncentrowanym na warstwie SMAS, czyli warstwie mi\u0119\u015bniowo \u2013 powi\u0119ziowej, bez oddzia\u0142ywania na p\u0142ytsze warstwy sk\u00f3ry. Oznacza to selektywne dzia\u0142anie uj\u0119drniaj\u0105ce na drodze g\u0142\u0119bokiego, a zarazem nieinwazyjnego liftingu stanowi\u0105cego doskona\u0142\u0105 alternatyw\u0119 dla zabieg\u00f3w chirurgicznych.<\/p>\n<h4><span style=\"color: #808080;\"><strong>W jaki spos\u00f3b dzia\u0142a HIFU 4D Lift?<\/strong><\/span><\/h4>\n<p>HIFU 4D Lift wykorzystuje fale ultrad\u017awi\u0119kowe, a zatem ca\u0142kowicie bezpieczne fale akustyczne. Najnowocze\u015bniejsza technologia skupionych fal ultrad\u017awi\u0119kowych oddzia\u0142uje na najg\u0142\u0119bsze warstwy sk\u00f3ry, bez jednoczesnego naruszania integralno\u015bci nask\u00f3rka. Jak to mo\u017cliwe?<\/p>\n<p>HIFU 4D Lift wykorzystuje technologi\u0119 sto\u017ckowej koncentracji fal ultrad\u017awi\u0119kowych \u2013 g\u0142owica o szeroko\u015bci 5 \u2013 10 cm emituje fale, kt\u00f3re tworz\u0105 sto\u017cek si\u0119gaj\u0105cy dok\u0142adnie warstwy SMAS. Fala przenika przez wierzchnie warstwy sk\u00f3ry i dopiero na odpowiedniej g\u0142\u0119boko\u015bci kumuluje si\u0119, daj\u0105c efekt punktowego poparzenia o \u015brednicy 0, 5 \u2013 1 mm. Unikatowe po\u0142\u0105czenie dw\u00f3ch mechanizm\u00f3w dzia\u0142ania:<br \/>\ntermicznego uszkodzenia tkanek (ich koagulacji)<br \/>\n&#8211; kontrolowanego, mechanicznego ich uszkodzenia. To gwarantuje kompleksowy remodeling sk\u00f3ry i natychmiastowy efekt.<\/p>\n<p>Efektem dzia\u0142ania jest skr\u00f3cenie w\u0142\u00f3kien kolagenowych i lifting twarzy.<br \/>\nNiew\u0105tpliw\u0105 zalet\u0105 HIFU jest ca\u0142kowity brak rekonwalescencji \u2013 klient natychmiast wraca do codziennej aktywno\u015bci, a sk\u00f3ra pozostaje nienaruszona. Osoby do 50 roku \u017cycia najcz\u0119\u015bciej osi\u0105gaj\u0105 upragniony efekt ju\u017c po pierwszym zabiegu, a klienci po przekroczeniu tego wieku niekiedy wykonuj\u0105 powt\u00f3rny zabieg.<\/p>\n<p><a href=\"https:\/\/salon-urody.wroclaw.pl\/index.php\/hifu-4d-lift-lifting-bezoperacyjny\/\"><img decoding=\"async\" class=\"wp-image-2592 aligncenter lazyload\" title=\"Hifu - lifting twarzy \" data-src=\"http:\/\/salon-urody.wroclaw.pl\/wp-content\/uploads\/2019\/01\/Hifu-lifting-twarzy-Wroc\u0142aw.jpg\" alt=\"Hifu_Wroc\u0142aw\" width=\"569\" height=\"430\" data-srcset=\"https:\/\/salon-urody.wroclaw.pl\/wp-content\/uploads\/2019\/01\/Hifu-lifting-twarzy-Wroc\u0142aw.jpg 767w, https:\/\/salon-urody.wroclaw.pl\/wp-content\/uploads\/2019\/01\/Hifu-lifting-twarzy-Wroc\u0142aw-150x113.jpg 150w, https:\/\/salon-urody.wroclaw.pl\/wp-content\/uploads\/2019\/01\/Hifu-lifting-twarzy-Wroc\u0142aw-300x226.jpg 300w\" data-sizes=\"(max-width: 569px) 100vw, 569px\" src=\"data:image\/svg+xml;base64,PHN2ZyB3aWR0aD0iMSIgaGVpZ2h0PSIxIiB4bWxucz0iaHR0cDovL3d3dy53My5vcmcvMjAwMC9zdmciPjwvc3ZnPg==\" style=\"--smush-placeholder-width: 569px; --smush-placeholder-aspect-ratio: 569\/430;\" \/><\/a><\/p>\n<p><span style=\"color: #808080;\"><strong>\u00a0 \u00a0 Zadzwo\u0144 teraz: <a href=\"tel:50545777\">tel. 505455777<\/a><\/strong><\/span><\/p>\n<p><a href=\"https:\/\/instytut27.booksy.com\">\u00a0 \u00a0 \u00a0 \u00a0Rezerwuj online\u00a0\u00a0\u00a0\u00a0\u00a0\u00a0<\/a><\/p>\n<h4><span style=\"color: #808080;\"><strong>Komu dedykowany jest zabieg HIFU 4D Lift?<\/strong><\/span><\/h4>\n<p>Zabieg HIFU 4D Lift jest idealny dla ka\u017cdego, kto pragnie zauwa\u017calnie odm\u0142odzi\u0107 twarz i poprawi\u0107 jej owal.<br \/>\nGwarantuje nast\u0119puj\u0105ce efekty:<\/p>\n<ul>\n<li>\u00a0podniesienie linii brwi<\/li>\n<li>\u00a0odm\u0142odzenie szyi i dekoltu<\/li>\n<li>\u00a0usuni\u0119cie zmarszczek na czole<\/li>\n<li>\u00a0lifting policzk\u00f3w<\/li>\n<li>\u00a0poprawa owalu twarzy<\/li>\n<li>\u00a0likwidacja wiotko\u015bci powiek dolnych<\/li>\n<li>\u00a0likwidacja podw\u00f3jnego podbr\u00f3dka<\/li>\n<\/ul>\n<p>HIFU 4D Lift stosujemy nie tylko na obszarze twarzy, ale tak\u017ce cia\u0142a:<\/p>\n<p>redukcja tkanki t\u0142uszczowej na drodze lipolizy<br \/>\nmodelowanie sylwetki<br \/>\nuelastycznienie sk\u00f3ry na ciele<br \/>\nzlikwidowanie wiotko\u015bci sk\u00f3ry na ramionach, kolanach czy po\u015bladkach<\/p>\n<h4><span style=\"color: #808080;\"><strong>Czy zabieg HIFU 4D Lift jest dla ka\u017cdego?<\/strong><\/span><\/h4>\n<p>Przeciwwskazania:<\/p>\n<ul>\n<li>\u00a0zmiany sk\u00f3rne na obszarze cia\u0142a maj\u0105cym by\u0107 obj\u0119tym zabiegiem<\/li>\n<li>\u00a0stany zapalne w obr\u0119bie sk\u00f3ry<\/li>\n<li>\u00a0opryszczka sk\u00f3rna<\/li>\n<li>\u00a0choroba nowotworowa<\/li>\n<li>\u00a0ci\u0105\u017ca<\/li>\n<\/ul>\n<h5><span style=\"color: #808080;\"><strong><em>Zalety technologii HIFU 4D Lift<\/em><\/strong><\/span><\/h5>\n<p>Niew\u0105tpliw\u0105 zalet\u0105 zabieg\u00f3w \u00a0z zastosowaniem HIFU jest bezinwazyjno\u015b\u0107 zabiegu i bezpiecze\u0144stwo jego stosowania.<br \/>\nAle nie tylko \u2013 HIFU gwarantuje ogromn\u0105 skuteczno\u015b\u0107 w zakresie liftingu twarzy i modelowania cia\u0142a oraz znaczn\u0105 uniwersalno\u015b\u0107 zastosowania. Kolejn\u0105 zalet\u0105 jest mo\u017cliwo\u015b\u0107 wykonania zabiegu przez ca\u0142y rok, a tak\u017ce precyzja dzia\u0142ania oraz d\u0142ugotrwa\u0142y i bardzo naturalny rezultat. Kompaktowa g\u0142owica umo\u017cliwia dotarcie nawet w trudno dost\u0119pne miejsca.<\/p>\n<h3><em>Najcz\u0119\u015bciej zadawane pytania:<\/em><\/h3>\n<details>\n<summary>Czy warto robi\u0107 zabieg HIFU?<\/summary>\n<p>HIFU (High-Intensity Focused Ultrasound) <strong>NIECHIRURGICZNA PLASTYKA SK\u00d3RY W CI\u0104GU 1 GODZINY!<\/strong> To jeden z nieinwazyjnych zabieg\u00f3w, kt\u00f3ry ma na celu popraw\u0119 j\u0119drno\u015bci i napi\u0119cia sk\u00f3ry, wykorzystuj\u0105cy skuteczno\u015b\u0107 wysoko skoncentrowanej wi\u0105zki energii. Istot\u0105 tej metody jest precyzyjne skupienie fali ultrad\u017awi\u0119kowej o wysokiej energii na ma\u0142ym punktowym obszarze. Rewelacyjnie sprawdza si\u0119 zar\u00f3wno w przypadku p\u0142ytkich, jak u g\u0142\u0119bokich zmarszczek oraz tzw. chomik\u00f3w w obr\u0119bie \u017cuchwy. W trakcie zabiegu tkanki podgrzewane s\u0105 do temperatury 60-70 st. C, co prowadzi do ich obkurczenia i skutecznego remodelingu kolagenu.<\/p>\n<\/details>\n<details>\n<summary>Czy wystarczy jeden zabieg HIFU?<\/summary>\n<p>Wyniki i efekty HIFU mog\u0105 r\u00f3\u017cni\u0107 si\u0119 w zale\u017cno\u015bci od indywidualnych warunk\u00f3w sk\u00f3ry oraz wieku. Cho\u0107 w niekt\u00f3rych przypadkach, mo\u017cna zauwa\u017cy\u0107 widoczne efekty po jednym zabiegu HIFU, zazwyczaj zaleca si\u0119 seri\u0119 zabieg\u00f3w, aby uzyska\u0107 optymalne rezultaty.<\/p>\n<\/details>\n<details>\n<summary>Jak d\u0142ugo utrzymuje si\u0119 efekt po HIFU?<\/summary>\n<p>Na efekty zabiegowe trzeba poczeka\u0107 3 miesi\u0105ce- tyle trwa proces neokolagenezy, czyli nowotworzenia si\u0119 w\u0142\u00f3kien kolagenowych. Kolejny zabieg mo\u017cna wykona\u0107 nie szybciej ni\u017c po 3 miesi\u0105cach od ostatniego zabiegu. Minimalny czas utrzymania si\u0119 efekt\u00f3w po zabiegu wynosi 18 miesi\u0119cy. W du\u017cej mierze efekty po zabiegowe zale\u017c\u0105 od stanu sk\u00f3ry pacjenta i jego wieku.<\/p>\n<p><span style=\"color: #252525;\"><span style=\"font-family: 'Times New Roman', serif;\"><span style=\"font-size: medium;\">20-30 lat\u00a0<\/span><\/span><\/span><span style=\"color: #252525;\"><span style=\"font-family: Wingdings, serif;\"><span style=\"font-size: medium;\">\u00e0<\/span><\/span><\/span><span style=\"color: #252525;\"><span style=\"font-family: 'Times New Roman', serif;\"><span style=\"font-size: medium;\">\u00a03-5 lat<\/span><\/span><\/span><\/p>\n<p><span style=\"color: #252525;\"><span style=\"font-family: 'Times New Roman', serif;\"><span style=\"font-size: medium;\">30-45 lat\u00a0<\/span><\/span><\/span><span style=\"color: #252525;\"><span style=\"font-family: Wingdings, serif;\"><span style=\"font-size: medium;\">\u00e0<\/span><\/span><\/span><span style=\"color: #252525;\"><span style=\"font-family: 'Times New Roman', serif;\"><span style=\"font-size: medium;\">\u00a02-3 lat<\/span><\/span><\/span><\/p>\n<p><span style=\"font-weight: inherit; color: #252525;\"><span style=\"font-family: 'Times New Roman', serif;\"><span style=\"font-size: medium;\">50-75 lat\u00a0<\/span><\/span><\/span><span style=\"font-weight: inherit; color: #252525;\"><span style=\"font-family: Wingdings, serif;\"><span style=\"font-size: medium;\">\u00e0<\/span><\/span><\/span><span style=\"font-weight: inherit; color: #252525;\"><span style=\"font-family: 'Times New Roman', serif;\"><span style=\"font-size: medium;\">\u00a01-2 lat<\/span><\/span><\/span><\/p>\n<\/details>\n<details>\n<summary>Jak wygl\u0105da twarz po HIFU?<\/summary>\n<p>Zabieg nie wy\u0142\u0105cza pacjenta z codziennych czynno\u015bci. Pacjent po zabiegu mo\u017ce by\u0107 delikatnie zaczerwieniony, ale stan ten ust\u0105pi po kilku godzinach. Zabieg nie wymaga specjalnej piel\u0119gnacji pozabiegowej.<\/p>\n<\/details>\n<details>\n<summary>Czego nie wolno robi\u0107 po HIFU?<\/summary>\n<p>Po zabiegu nie wolno:<\/p>\n<ol>\n<li>My\u0107 twarzy gor\u0105c\u0105 wod\u0105 do 24 h po zabiegu.<\/li>\n<li>Korzysta\u0107 z sauny przez dwa tygodnie.<\/li>\n<li>Wykonywa\u0107 masa\u017cu twarzy, szyi i dekoltu przez dwa tygodnie.<\/li>\n<li>Unika\u0107 intensywnego opalania przez tydzie\u0144.<\/li>\n<li>Przez siedem dni intensywnie nawil\u017ca\u0107 sk\u00f3r\u0119, stosuj\u0105c maski nawil\u017caj\u0105ce (nie ch\u0142odz\u0105ce).<\/li>\n<li>Nie wykonywa\u0107 zabieg\u00f3w laserowych i RF przez 15 dni.<\/li>\n<\/ol>\n<\/details>\n<details>\n<summary>Gdzie nie wolno robi\u0107 HIFU?<\/summary>\n<p>G\u00f3rna i dolna powieka(oko). dolna i g\u00f3rna warga ( nerwy stomatologiczne), ko\u015bci jarzmowe ( powierzchnia sk\u00f3ry w tym obszarze cz\u0119sto bywa zbyt cienka, szczeg\u00f3lnie u os\u00f3b starszych.<\/p>\n<\/details>\n<details>\n<summary>Z czym \u0142\u0105czy\u0107 HIFU? Czy zabieg HIFU jest bezpieczny?<\/summary>\n<p>Najlepszym po\u0142\u0105czeniem jest wykonanie w pierwszym etapie mezoterapii ig\u0142owej pistoletowej, po tygodniu zabieg HIFU, nast\u0119pnie ponownie po tygodniu mezoterapi\u0119 pistoletow\u0105. Cz\u0119stym wyborem jest r\u00f3wnie\u017c mezoterpia mikroig\u0142owa, ale dopiero po up\u0142ywie dw\u00f3ch tygodni od zabiegu HIFU.<\/p>\n<\/details>\n<details>\n<summary><\/summary>\n<p>Zabieg jest uwa\u017cany za bezpieczn\u0105 niechirurgiczn\u0105 metod\u0119 plastyki sk\u00f3ry, pod warunkiem, \u017ce jest przeprowadzana przez do\u015bwiadczonego specjalist\u0119 i zgodnie z odpowiednimi zasadami. Jest to zabieg nieiniekcyjny, nieinwazyjny, co oznacza, \u017ce nie wymaga uszkodzenia sk\u00f3ry. Ultrad\u017awi\u0119ki przenikaj\u0105 przez sk\u00f3r\u0119, docieraj\u0105c do g\u0142\u0119bszych warstw, bez uszkadzania nask\u00f3rka. Jest zaprojektowane tak, aby dociera\u0107 do konkretnych warstw sk\u00f3ry, omijaj\u0105c przy tym otaczaj\u0105ce tkanki i struktury, takie jak mi\u0119\u015bnie, nerwy czy naczynia krwiono\u015bne. Specjali\u015bci, kt\u00f3rzy wykonuj\u0105 zabiegi HIFU, maj\u0105 kontrol\u0119 nad intensywno\u015bci\u0105 i g\u0142\u0119boko\u015bci\u0105 ultrad\u017awi\u0119k\u00f3w. Dzi\u0119ki temu zabieg jest ca\u0142kowicie bezpieczny.<\/p>\n<\/details>\n<details>\n<summary>W jakim wieku warto robi\u0107 zabieg Hifu?<\/summary>\n<p>HIFU mo\u017ce by\u0107 stosowane w szerokim przedziale wiekowym, najcz\u0119\u015bciej jednak jest wykorzystywane w celu profilaktyki przeciwstarzeniowej lub redukcji pierwszych oznak starzenia si\u0119 sk\u00f3ry u os\u00f3b w wieku powy\u017cej 30-40 lat. W tym okresie sk\u00f3ra zazwyczaj zaczyna traci\u0107 elastyczno\u015b\u0107 i j\u0119drno\u015b\u0107, co prowadzi do pojawienia si\u0119 zmarszczek, zmniejszenia napi\u0119cia sk\u00f3ry i utraty konturu twarzy. U klientki, kt\u00f3ra d\u0142u\u017cej zmaga si\u0119 z rezultatami starzenia si\u0119 sk\u00f3ry konieczna jest seria zabieg\u00f3w.<\/p>\n<\/details>\n<details open=\"open\">\n<summary>Jak d\u0142ugo trwa zabieg HIFU?<\/summary>\n<p>W zale\u017cno\u015bci od obszaru zabieg mo\u017ce trwa\u0107 30 minut lub godzin\u0119. Oczywi\u015bcie je\u015bli zabieg dotyczy wi\u0119kszego pola zabiegowego, na przyk\u0142ad brzucha lub ca\u0142ej twarzy nale\u017cy bra\u0107 pod uwag\u0119 t\u0105 g\u00f3rn\u0105 granic\u0119. W czas zabiegu wchodzi r\u00f3wnie\u017c rozmowa z klientem, wykluczenie wszelkich przeciwwskaza\u0144, dobranie parametr\u00f3w oraz obja\u015bnienie odczu\u0107 i wszelkich wskaz\u00f3wek pozabiegowych.<\/p>\n<p>&nbsp;<\/p>\n<hr \/>\n<\/details>\n<p>Zadzwo\u0144 teraz: <a href=\"tel:50545777\">tel. 505455777<\/a> lub<br \/>\n<span style=\"color: grey;\">Zapraszamy do rezerwacji<\/span><span style=\"color: grey; font-weight: inherit;\">\u00a0zabieg\u00f3w <\/span><a style=\"font-weight: inherit;\" href=\"https:\/\/instytut27.booksy.com\">online<\/a><\/p>\n<p>&nbsp;<\/p>\n","protected":false},"excerpt":{"rendered":"<p>HIFU 4D Lift &#8211; nieinwazyjne odm\u0142odzenie sk\u00f3ry HIFU 4D Lift to bez w\u0105tpienia innowacja na rynku us\u0142ug medycyny estetycznej, kt\u00f3ra nadaje nowego znaczenia terapii anti \u2013 aging. To multifunkcyjne urz\u0105dzenie wyr\u00f3\u017cnia si\u0119 dog\u0142\u0119bnym dzia\u0142aniem, skoncentrowanym na warstwie SMAS, czyli warstwie mi\u0119\u015bniowo \u2013 powi\u0119ziowej, bez oddzia\u0142ywania na p\u0142ytsze warstwy sk\u00f3ry. Oznacza to selektywne dzia\u0142anie uj\u0119drniaj\u0105ce na [&hellip;]<\/p>\n","protected":false},"author":1,"featured_media":0,"parent":0,"menu_order":0,"comment_status":"closed","ping_status":"closed","template":"","meta":{"_uf_show_specific_survey":0,"_uf_disable_surveys":false,"__cvm_playback_settings":[],"__cvm_video_id":"","_glsr_average":0,"_glsr_ranking":0,"_glsr_reviews":0,"footnotes":""},"class_list":["post-2238","page","type-page","status-publish","czr-hentry"],"aioseo_notices":[],"_links":{"self":[{"href":"https:\/\/salon-urody.wroclaw.pl\/index.php\/wp-json\/wp\/v2\/pages\/2238","targetHints":{"allow":["GET"]}}],"collection":[{"href":"https:\/\/salon-urody.wroclaw.pl\/index.php\/wp-json\/wp\/v2\/pages"}],"about":[{"href":"https:\/\/salon-urody.wroclaw.pl\/index.php\/wp-json\/wp\/v2\/types\/page"}],"author":[{"embeddable":true,"href":"https:\/\/salon-urody.wroclaw.pl\/index.php\/wp-json\/wp\/v2\/users\/1"}],"replies":[{"embeddable":true,"href":"https:\/\/salon-urody.wroclaw.pl\/index.php\/wp-json\/wp\/v2\/comments?post=2238"}],"version-history":[{"count":2,"href":"https:\/\/salon-urody.wroclaw.pl\/index.php\/wp-json\/wp\/v2\/pages\/2238\/revisions"}],"predecessor-version":[{"id":4123,"href":"https:\/\/salon-urody.wroclaw.pl\/index.php\/wp-json\/wp\/v2\/pages\/2238\/revisions\/4123"}],"wp:attachment":[{"href":"https:\/\/salon-urody.wroclaw.pl\/index.php\/wp-json\/wp\/v2\/media?parent=2238"}],"curies":[{"name":"wp","href":"https:\/\/api.w.org\/{rel}","templated":true}]}}