{"id":2210,"date":"2017-05-03T13:18:21","date_gmt":"2017-05-03T11:18:21","guid":{"rendered":"http:\/\/salon-urody.wroclaw.pl\/?page_id=2210"},"modified":"2023-08-21T10:39:40","modified_gmt":"2023-08-21T08:39:40","slug":"henna-brwi-i-rzes","status":"publish","type":"page","link":"https:\/\/salon-urody.wroclaw.pl\/index.php\/pielegnacja-twarzy\/henna-brwi-i-rzes\/","title":{"rendered":"Henna brwi i rz\u0119s"},"content":{"rendered":"<h2 style=\"text-align: center;\"><span style=\"color: #ffa500;\"><strong>Henna rz\u0119s i regulacja brwi<\/strong><\/span><\/h2>\n<h2 style=\"text-align: center;\"><span style=\"color: #ffa500;\"><strong><img decoding=\"async\" class=\"alignright wp-image-3135 size-medium lazyload\" data-src=\"https:\/\/salon-urody.wroclaw.pl\/wp-content\/uploads\/2023\/01\/20230102_140558_0000-300x300.png\" alt=\"Henna pudrowa i klasyczna- Wroc\u0142aw\" width=\"300\" height=\"300\" data-srcset=\"https:\/\/salon-urody.wroclaw.pl\/wp-content\/uploads\/2023\/01\/20230102_140558_0000-300x300.png 300w, https:\/\/salon-urody.wroclaw.pl\/wp-content\/uploads\/2023\/01\/20230102_140558_0000-1024x1024.png 1024w, https:\/\/salon-urody.wroclaw.pl\/wp-content\/uploads\/2023\/01\/20230102_140558_0000-150x150.png 150w, https:\/\/salon-urody.wroclaw.pl\/wp-content\/uploads\/2023\/01\/20230102_140558_0000-768x768.png 768w, https:\/\/salon-urody.wroclaw.pl\/wp-content\/uploads\/2023\/01\/20230102_140558_0000.png 1080w\" data-sizes=\"(max-width: 300px) 100vw, 300px\" src=\"data:image\/svg+xml;base64,PHN2ZyB3aWR0aD0iMSIgaGVpZ2h0PSIxIiB4bWxucz0iaHR0cDovL3d3dy53My5vcmcvMjAwMC9zdmciPjwvc3ZnPg==\" style=\"--smush-placeholder-width: 300px; --smush-placeholder-aspect-ratio: 300\/300;\" \/><\/strong><\/span><\/h2>\n<p><span style=\"color: #ffa500;\"><strong>\u00a0<\/strong><\/span><\/p>\n<p style=\"text-align: center;\">Wyraziste podkre\u015blenie oka uzupe\u0142nia obraz twarzy. Dobrany odcie\u0144, kszta\u0142t oraz wyko\u0144czenie brwi jest w stanie\u00a0 uwydatni\u0107 rysy twarzy.\u00a0<span style=\"font-family: 'Open Sans'; font-size: 16px; font-weight: inherit;\">Zadbane rz\u0119sy z intensywnym kolorem, od\u017cywione i podkre\u015blone, pi\u0119knie<\/span><span style=\"font-family: 'Open Sans'; font-size: 16px; font-weight: inherit;\">\u00a0otwieraj\u0105 oko i zapewniaj\u0105 \u015bwie\u017cy, wypocz\u0119ty wygl\u0105d. Jednym z najcz\u0119\u015bciej wykonywanych zabieg\u00f3w upi\u0119kszaj\u0105cych jest <\/span><a href=\"https:\/\/salon-urody.wroclaw.pl\/index.php\/pielegnacja-twarzy\/henna-brwi-i-rzes\/\"><span style=\"color: #333399;\">henna brwi i rz\u0119s<\/span><\/a><span style=\"font-family: 'Open Sans'; font-size: 16px; font-weight: inherit;\">. Sproszkowane \u0142odygi i li\u015bcie <\/span><em style=\"font-family: 'Open Sans'; font-size: 16px; font-weight: inherit;\"><strong>lawsonii bezbronnej<\/strong><\/em><span style=\"font-family: 'Open Sans'; font-size: 16px; font-weight: inherit;\"> posiadaj\u0105 wyj\u0105tkow\u0105 barw\u0119 o wiele trwalsz\u0105 od innych substancji naturalnych.<\/span><\/p>\n<p>&nbsp;<\/p>\n<ul>\n<li><em>Henna klasyczna brwi &#8211;<strong> 50 z\u0142<\/strong><\/em><\/li>\n<li><em>Henna klasyczna brwi+ regulacja- <strong>75 z\u0142<\/strong><\/em><\/li>\n<li><em>Henna klasyczna rz\u0119s- <strong>50 z\u0142<\/strong><\/em><\/li>\n<\/ul>\n<p>&nbsp;<\/p>\n<h2 style=\"text-align: center;\"><span style=\"color: #ffa500;\"><strong><img decoding=\"async\" class=\"size-medium wp-image-3141 alignleft lazyload\" data-src=\"https:\/\/salon-urody.wroclaw.pl\/wp-content\/uploads\/2023\/01\/IMG_20221213_183221-252x300.jpg\" alt=\"\" width=\"252\" height=\"300\" data-srcset=\"https:\/\/salon-urody.wroclaw.pl\/wp-content\/uploads\/2023\/01\/IMG_20221213_183221-252x300.jpg 252w, https:\/\/salon-urody.wroclaw.pl\/wp-content\/uploads\/2023\/01\/IMG_20221213_183221-859x1024.jpg 859w, https:\/\/salon-urody.wroclaw.pl\/wp-content\/uploads\/2023\/01\/IMG_20221213_183221-126x150.jpg 126w, https:\/\/salon-urody.wroclaw.pl\/wp-content\/uploads\/2023\/01\/IMG_20221213_183221-768x915.jpg 768w, https:\/\/salon-urody.wroclaw.pl\/wp-content\/uploads\/2023\/01\/IMG_20221213_183221.jpg 1080w\" data-sizes=\"(max-width: 252px) 100vw, 252px\" src=\"data:image\/svg+xml;base64,PHN2ZyB3aWR0aD0iMSIgaGVpZ2h0PSIxIiB4bWxucz0iaHR0cDovL3d3dy53My5vcmcvMjAwMC9zdmciPjwvc3ZnPg==\" style=\"--smush-placeholder-width: 252px; --smush-placeholder-aspect-ratio: 252\/300;\" \/><\/strong><\/span><\/h2>\n<p style=\"text-align: left;\">Barwnik ten od czas\u00f3w epoki br\u0105zu bezustannie wykorzystywany jest do ozdabiania cia\u0142a, w\u0142os\u00f3w, brwi i rz\u0119s. Nadaje efekt pog\u0142\u0119bienia spojrzenia i wyostrzenia rys\u00f3w twarzy bez konieczno\u015bci zag\u0119szczania rz\u0119s, kolorowania brwi, czy u\u017cywania tuszu do rz\u0119s. Je\u015bli chcesz poczu\u0107 si\u0119 pi\u0119knie i wyj\u0105tkowo skorzystaj z henny na rz\u0119sy i poddaj si\u0119 profesjonalnej regulacji brwi, kt\u00f3ra \u201eotworzy oko\u201d i doda elegancji i wyrazisto\u015bci Twojemu spojrzeniu. W zale\u017cno\u015bci od sk\u00f3ry i piel\u0119gnacji utrzymuje si\u0119 na w\u0142oskach <strong>3-5 dni.<\/strong><\/p>\n<p>&nbsp;<\/p>\n<p><span style=\"color: grey;\">Zapraszamy do rezerwacji zabieg\u00f3w <a href=\"https:\/\/instytut27.booksy.com\">online<\/a>:<\/span><\/p>\n<h4>Serdecznie zapraszamy do zapoznania si\u0119 z naszymi zabiegami.<\/h4>\n<p>[su_button url=&#8221;https:\/\/instytut27.booksy.com&#8221; target=&#8221;blank&#8221; background=&#8221;#FFA500&#8243; style=&#8221;soft&#8221; size=&#8221;4&#8243; radius=&#8221;round&#8221; text_shadow=&#8221;1px 1px 1px #000000&#8243; rel=&#8221;nofollow&#8221;]Rezerwacja online[\/su_button]<\/p>\n<p>&nbsp;<\/p>\n<h2>NOWO\u015a\u0106!<\/h2>\n<p><img decoding=\"async\" class=\"wp-image-3334 alignright lazyload\" data-src=\"https:\/\/salon-urody.wroclaw.pl\/wp-content\/uploads\/2023\/04\/1665498123089.jpg\" alt=\"\" width=\"289\" height=\"514\" src=\"data:image\/svg+xml;base64,PHN2ZyB3aWR0aD0iMSIgaGVpZ2h0PSIxIiB4bWxucz0iaHR0cDovL3d3dy53My5vcmcvMjAwMC9zdmciPjwvc3ZnPg==\" style=\"--smush-placeholder-width: 289px; --smush-placeholder-aspect-ratio: 289\/514;\" \/><\/p>\n<p>&nbsp;<\/p>\n<h3>Henna Pudrowa<\/h3>\n<p>Henna pudrowa jest w pe\u0142ni naturalnym preparatem pozyskiwanym ze sk\u0142adnik\u00f3w ro\u015blinnych, m.in. lawsonii bezbronnej, kt\u00f3ra nie tylko skutecznie barwi w\u0142oski brwi wraz ze sk\u00f3r\u0105, ale tak\u017ce piel\u0119gnuje, nawil\u017ca i nab\u0142yszcza, nadaj\u0105c naturalny efekt. Dzi\u0119ki zawarto\u015bci minera\u0142\u00f3w i witamin henna pudrowa nie os\u0142abia brwi, a wr\u0119cz przeciwnie nadaje im zdrowy i l\u015bni\u0105cy wygl\u0105d.<\/p>\n<p>Efekt barwienia Henn\u0105 Pudrow\u0105 utrzymuje si\u0119 na sk\u00f3rze oko\u0142o 14 dni, a na w\u0142oskach nawet do 3-4 tygodni. Dzi\u0119ki szerokiej gamie kolor\u00f3w, poprzez mieszanie i nak\u0142adanie wielu warstw w wyniku zabiegu mo\u017cemy uzyska\u0107 r\u00f3\u017cnorodne odcienie, dostosowane do potrzeb klientki. W sk<span style=\"font-weight: inherit;\">\u0142ad zabiegu wchodzi r\u00f3wnie\u017c geometria, co pozwala nada\u0107 kszta\u0142t nawet zupe\u0142nie nie widocznym brwiom. Pod koniec zabiegu uzyskany kszta\u0142t zostaje dope\u0142niony regulacj\u0105 i nawil\u017ceniem brwi.<\/span><\/p>\n<p>Us\u0142uga<span style=\"font-weight: inherit;\">\u00a0polecana jest dla brwi z ubytkami w celu uzyskania zmienionego kszta\u0142tu.<\/span><\/p>\n<p><img decoding=\"async\" class=\"size-medium wp-image-3335 alignleft lazyload\" data-src=\"https:\/\/salon-urody.wroclaw.pl\/wp-content\/uploads\/2023\/04\/0-300x240.png\" alt=\"\" width=\"300\" height=\"240\" data-srcset=\"https:\/\/salon-urody.wroclaw.pl\/wp-content\/uploads\/2023\/04\/0-300x240.png 300w, https:\/\/salon-urody.wroclaw.pl\/wp-content\/uploads\/2023\/04\/0-1024x819.png 1024w, https:\/\/salon-urody.wroclaw.pl\/wp-content\/uploads\/2023\/04\/0-150x120.png 150w, https:\/\/salon-urody.wroclaw.pl\/wp-content\/uploads\/2023\/04\/0-768x614.png 768w, https:\/\/salon-urody.wroclaw.pl\/wp-content\/uploads\/2023\/04\/0.png 1174w\" data-sizes=\"(max-width: 300px) 100vw, 300px\" src=\"data:image\/svg+xml;base64,PHN2ZyB3aWR0aD0iMSIgaGVpZ2h0PSIxIiB4bWxucz0iaHR0cDovL3d3dy53My5vcmcvMjAwMC9zdmciPjwvc3ZnPg==\" style=\"--smush-placeholder-width: 300px; --smush-placeholder-aspect-ratio: 300\/240;\" \/><\/p>\n<p>&nbsp;<\/p>\n<p>&nbsp;<\/p>\n<p>Czas zabiegu: 60 minut<\/p>\n<p>Cena: 110 z\u0142<\/p>\n<p>&nbsp;<\/p>\n<p>&nbsp;<\/p>\n<p>&nbsp;<\/p>\n<p>&nbsp;<\/p>\n<p>&nbsp;<\/p>\n<h4>Najcz\u0119\u015bciej zadawane pytania:<\/h4>\n<ul>\n<li>\n<div class=\"JlqpRe\"><span class=\"JCzEY ZwRhJd\"><span class=\"CSkcDe\">Jak d\u0142ugo trzyma si\u0119 henna pudrowa?<\/span><\/span><\/div>\n<\/li>\n<\/ul>\n<p>Henna pudrowa jest zdecydowanie bardziej trwa\u0142a ni\u017c henna tradycyjna. Na okres oko\u0142o 2 tygodni uzyskujemy efekt zabarwienia sk\u00f3ry, natomiast nieco d\u0142u\u017cej,\u00a0 3-4 tygodnie, kolor jest obecny na w\u0142oskach.<\/p>\n<ul>\n<li>\n<div class=\"JlqpRe\"><span class=\"JCzEY ZwRhJd\"><span class=\"CSkcDe\">Co lepsze Henna pudrowa czy zwyk\u0142a?<\/span><\/span><\/div>\n<\/li>\n<\/ul>\n<p>Henna pudrowa w odr\u00f3\u017cnieniu od klasycznej nadaje naturalny, mocny, wyrazisty i matowy efekt. Jest mo\u017cliwo\u015b\u0107 stworzenia przej\u015bcia w stylu ombre, tak by brwi zaczyna\u0142y si\u0119 delikatnie, a kolor przechodzi stopniowo w ciemniejsze tony. W zwi\u0105zku z tym henna pudrowa mo\u017ce by\u0107 lepszym wyborem dla os\u00f3b, kt\u00f3re chc\u0105 cieszy\u0107 si\u0119 d\u0142u\u017cej podkre\u015blonym kszta\u0142tem i pi\u0119knym odcieniem brwi.<\/p>\n<ul>\n<li>\n<div class=\"JlqpRe\"><span class=\"JCzEY ZwRhJd\"><span class=\"CSkcDe\">Co oznacza brwi pudrowe?<\/span><\/span><\/div>\n<\/li>\n<\/ul>\n<p>Brwi stylizowane przy zastosowaniu henny pudrowej, produktu koloryzuj\u0105cego, kt\u00f3ry opiera si\u0119 na zmielonych li\u015bciach henny (Lawsonii bezbronnej), mieszance zi\u00f3\u0142 i zwi\u0105zk\u00f3w organicznych. Zastosowanie henny pudrowej zapewnia trwa\u0142e zabarwienie brwi, daj\u0105c efekt podobny do tatuowania z wra\u017ceniem lekkiego cienia. Bogata paleta naturalnych odcieni pozwala na indywidualne stosowanie lub \u0142\u0105czenie ich ze sob\u0105. Brwi pudrowe s\u0105 popularne, poniewa\u017c pozwalaj\u0105 na subtelne wzmocnienie brwi, dodanie im obj\u0119to\u015bci i kszta\u0142tu, jednocze\u015bnie wygl\u0105daj\u0105c naturalnie.\u00a0 Istnieje mo\u017cliwo\u015b\u0107 uzupe\u0142nienia ubytk\u00f3w, dzi\u0119ki dobremu kryciu i pigmentacji zar\u00f3wno sk\u00f3ry jak i w\u0142osk\u00f3w.<\/p>\n<ul>\n<li>\n<div class=\"JlqpRe\"><span class=\"JCzEY ZwRhJd\"><span class=\"CSkcDe\">Czy henna pudrowa nadaje si\u0119 do rz\u0119s?<\/span><\/span><\/div>\n<\/li>\n<\/ul>\n<p>W przypadku koloryzacji rz\u0119s, zgodnie z Rozporz\u0105dzeniem o Produktach Kosmetycznych, konieczne jest u\u017cycie produkt\u00f3w przeznaczonych specjalnie do koloryzacji rz\u0119s, kt\u00f3re zosta\u0142y odpowiednio przetestowane i s\u0105 bezpieczne w stosowaniu wok\u00f3\u0142 delikatnego obszaru oka. Henna pudrowa nie jest odpowiednim preparatem do barwienia rz\u0119s, lepiej zastosowa\u0107 henn\u0119 w postaci \u017celowej.<\/p>\n<ul>\n<li>\n<div class=\"JlqpRe\"><span class=\"JCzEY ZwRhJd\"><span class=\"CSkcDe\">Czy henna pudrowa farbuje sk\u00f3r\u0119?<\/span><\/span><\/div>\n<\/li>\n<\/ul>\n<p>Henna pudrowa pozwala osi\u0105gn\u0105\u0107 bardziej trwa\u0142y efekt i daje mo\u017cliwo\u015b\u0107 d\u0142u\u017cszego utrzymania wygl\u0105du pe\u0142nych brwi. Nie tylko farbuje w\u0142oski, ale r\u00f3wnie\u017c sk\u00f3r\u0119, co czyni j\u0105 idealnym rozwi\u0105zaniem dla os\u00f3b z ubytkami w brwiach, przerzedzonymi brwiami, kt\u00f3re wymagaj\u0105 codziennego r\u0119cznego wype\u0142niania przy u\u017cyciu kredki lub innych kosmetyk\u00f3w.<\/p>\n<ul>\n<li>Jak wygl\u0105da zabieg henny pudrowej?<\/li>\n<\/ul>\n<p>Podczas wykonywania zabiegu henny pudrowej, aplikujemy j\u0105 na brwi za pomoc\u0105 specjalnego p\u0119dzelka. Proszek rozrabiany jest z dodatkiem soli fizjologicznej, poniewa\u017c dodatek wody z kranu, w kt\u00f3rej znajduj\u0105 si\u0119 mikroelementy, m\u00f3g\u0142by wp\u0142yn\u0105\u0107 na modyfikacj\u0119 koloru. Proces rozpoczynamy od na\u0142o\u017cenia pierwszej cienkiej warstwy, a nast\u0119pnie aplikujemy drug\u0105 warstw\u0119, kt\u00f3ra podbija kolor. Po zako\u0144czeniu procesu koloryzacji, henn\u0119 usuwamy za pomoc\u0105 wacika nas\u0105czonego sol\u0105 fizjologiczn\u0105. Warto zauwa\u017cy\u0107, \u017ce zaraz po zmyciu, brwi mog\u0105 jeszcze nieco przyciemni\u0107 si\u0119. Po zako\u0144czeniu koloryzacji, wa\u017cne jest wyregulowanie brwi i u\u0142o\u017cenie ewentualnie niesfornych w\u0142osk\u00f3w. Mo\u017cna to zrobi\u0107 za pomoc\u0105 szczoteczki do brwi lub innych narz\u0119dzi do stylizacji, aby uzyska\u0107 po\u017c\u0105dany kszta\u0142t i wygl\u0105d.<\/p>\n<ul>\n<li>\n<div class=\"JlqpRe\"><span class=\"JCzEY ZwRhJd\"><span class=\"CSkcDe\">Ile czasu robi si\u0119 henn\u0119 brwi?<\/span><\/span><\/div>\n<\/li>\n<\/ul>\n<p>Zabieg henny pudrowej mo\u017ce trwa\u0107 do godziny, z uwzgl\u0119dnieniem geometrii brwi, nadania kszta\u0142tu, koloryzacji oraz regulacji. Czas henny pudrowej jest nieco d\u0142u\u017cszy ni\u017c klasycznej, poniewa\u017c konieczne jest oczekiwanie na wyschni\u0119cie jednej warstwy przed na\u0142o\u017ceniem nast\u0119pnej, tak aby nie stworzy\u0107 plam. Jest to czasoch\u0142onne.<\/p>\n<ul>\n<li>\n<div class=\"JlqpRe\"><span class=\"JCzEY ZwRhJd\"><span class=\"CSkcDe\">Jak ustali\u0107 kszta\u0142t brwi?<\/span><\/span><\/div>\n<\/li>\n<\/ul>\n<p>Geometria brwi odnosi si\u0119 do kszta\u0142tu, proporcji i linii brwi, kt\u00f3re s\u0105 odpowiednio dopasowane do twarzy, aby stworzy\u0107 harmonijny wygl\u0105d. Poprawna geometria brwi jest wa\u017cna, poniewa\u017c mo\u017ce wp\u0142ywa\u0107 na odbi\u00f3r twarzy i jej og\u00f3ln\u0105 estetyk\u0119. To dzia\u0142anie jest istotne r\u00f3wnie\u017c w przypadku ubytk\u00f3w lub braku brwi. Podczas geometrii istotne s\u0105 trzy punkty:<\/p>\n<ol>\n<li>Pocz\u0105tek brwi: punkt, w kt\u00f3rym brwi zaczynaj\u0105 si\u0119 na linii czo\u0142a.<\/li>\n<li>Wygi\u0119cie brwi (apex): miejsce, w kt\u00f3rym brwi osi\u0105gaj\u0105 najwy\u017cszy punkt \u0142uku.<\/li>\n<li>Koniec brwi: Punkt, w kt\u00f3rym brwi ko\u0144cz\u0105 si\u0119 na linii czo\u0142a.<\/li>\n<\/ol>\n<ul>\n<li>\n<div class=\"JlqpRe\"><span class=\"JCzEY ZwRhJd\"><span class=\"CSkcDe\">Jak cz\u0119sto mo\u017cna robi\u0107 henn\u0119 pudrowa?<\/span><\/span><\/div>\n<\/li>\n<\/ul>\n<p>Cz\u0119stotliwo\u015b\u0107 stosowania henny pudrowej zale\u017cy od indywidualnych preferencji i potrzeb. Og\u00f3lnie rzecz bior\u0105c, henn\u0119 pudrow\u0105 mo\u017cna stosowa\u0107 co 2-4 tygodnie, aby utrzyma\u0107 po\u017c\u0105dany kolor i wygl\u0105d brwi.<\/p>\n<ul>\n<li>Dlaczego henna pudrowa robi si\u0119 zielona?<\/li>\n<\/ul>\n<p>Po zmyciu henny pudrowej z brwi, pocz\u0105tkowy kolor mo\u017ce by\u0107 r\u00f3\u017cny od oczekiwanego rezultatu (odcienie \u017c\u00f3\u0142te, zielone). Wa\u017cne jest, aby da\u0107 hennie czas na utlenienie i rozwini\u0119cie pe\u0142nego koloru. Zazwyczaj ju\u017c po kilku minutach, a czasami nawet z minuty na minut\u0119, kolor zacznie zmienia\u0107 si\u0119 i osi\u0105gnie zamierzony odcie\u0144, kt\u00f3ry by\u0142 oczekiwany po koloryzacji.<\/p>\n<p><span style=\"color: grey;\">Zapraszamy do rezerwacji<\/span><span style=\"color: grey; font-weight: inherit;\">\u00a0zabieg\u00f3w <\/span><a style=\"font-weight: inherit;\" href=\"https:\/\/instytut27.booksy.com\">online<\/a><span style=\"color: grey; font-weight: inherit;\">:<\/span><\/p>\n<h4>Serdecznie zapraszamy do zapoznania si\u0119 z naszymi zabiegami.<\/h4>\n<p>[su_button url=&#8221;https:\/\/instytut27.booksy.com&#8221; target=&#8221;blank&#8221; background=&#8221;#9acd32&#8243; style=&#8221;soft&#8221; size=&#8221;4&#8243; radius=&#8221;round&#8221; text_shadow=&#8221;1px 1px 1px #000000&#8243; rel=&#8221;nofollow&#8221;]Rezerwacja online[\/su_button]<span style=\"line-height: 1.5;\"><br \/>\n<\/span><\/p>\n<p>&nbsp;<\/p>\n<p class=\"adL\">\n","protected":false},"excerpt":{"rendered":"<p>Henna rz\u0119s i regulacja brwi \u00a0 Wyraziste podkre\u015blenie oka uzupe\u0142nia obraz twarzy. Dobrany odcie\u0144, kszta\u0142t oraz wyko\u0144czenie brwi jest w stanie\u00a0 uwydatni\u0107 rysy twarzy.\u00a0Zadbane rz\u0119sy z intensywnym kolorem, od\u017cywione i podkre\u015blone, pi\u0119knie\u00a0otwieraj\u0105 oko i zapewniaj\u0105 \u015bwie\u017cy, wypocz\u0119ty wygl\u0105d. Jednym z najcz\u0119\u015bciej wykonywanych zabieg\u00f3w upi\u0119kszaj\u0105cych jest henna brwi i rz\u0119s. Sproszkowane \u0142odygi i li\u015bcie lawsonii bezbronnej [&hellip;]<\/p>\n","protected":false},"author":1,"featured_media":0,"parent":113,"menu_order":0,"comment_status":"closed","ping_status":"closed","template":"","meta":{"_uf_show_specific_survey":0,"_uf_disable_surveys":false,"__cvm_playback_settings":[],"__cvm_video_id":"","_glsr_average":0,"_glsr_ranking":0,"_glsr_reviews":0,"footnotes":""},"class_list":["post-2210","page","type-page","status-publish","czr-hentry"],"aioseo_notices":[],"_links":{"self":[{"href":"https:\/\/salon-urody.wroclaw.pl\/index.php\/wp-json\/wp\/v2\/pages\/2210","targetHints":{"allow":["GET"]}}],"collection":[{"href":"https:\/\/salon-urody.wroclaw.pl\/index.php\/wp-json\/wp\/v2\/pages"}],"about":[{"href":"https:\/\/salon-urody.wroclaw.pl\/index.php\/wp-json\/wp\/v2\/types\/page"}],"author":[{"embeddable":true,"href":"https:\/\/salon-urody.wroclaw.pl\/index.php\/wp-json\/wp\/v2\/users\/1"}],"replies":[{"embeddable":true,"href":"https:\/\/salon-urody.wroclaw.pl\/index.php\/wp-json\/wp\/v2\/comments?post=2210"}],"version-history":[{"count":0,"href":"https:\/\/salon-urody.wroclaw.pl\/index.php\/wp-json\/wp\/v2\/pages\/2210\/revisions"}],"up":[{"embeddable":true,"href":"https:\/\/salon-urody.wroclaw.pl\/index.php\/wp-json\/wp\/v2\/pages\/113"}],"wp:attachment":[{"href":"https:\/\/salon-urody.wroclaw.pl\/index.php\/wp-json\/wp\/v2\/media?parent=2210"}],"curies":[{"name":"wp","href":"https:\/\/api.w.org\/{rel}","templated":true}]}}