{"id":212,"date":"2014-12-15T02:32:35","date_gmt":"2014-12-15T01:32:35","guid":{"rendered":"http:\/\/salon-urody.wroclaw.pl\/?page_id=212"},"modified":"2023-04-17T12:13:38","modified_gmt":"2023-04-17T10:13:38","slug":"depilacja-laserowa","status":"publish","type":"page","link":"https:\/\/salon-urody.wroclaw.pl\/index.php\/pielegnacja-ciala\/depilacja-laserowa\/","title":{"rendered":"Depilacja Laserowa Light Sheer"},"content":{"rendered":"<h1><\/h1>\n<p>&nbsp;<\/p>\n<p><strong><img decoding=\"async\" class=\"wp-image-648 alignleft lazyload\" data-src=\"http:\/\/salon-urody.wroclaw.pl\/wp-content\/uploads\/2014\/12\/laser.jpg\" alt=\"laser\" width=\"274\" height=\"418\" data-srcset=\"https:\/\/salon-urody.wroclaw.pl\/wp-content\/uploads\/2014\/12\/laser.jpg 567w, https:\/\/salon-urody.wroclaw.pl\/wp-content\/uploads\/2014\/12\/laser-98x150.jpg 98w, https:\/\/salon-urody.wroclaw.pl\/wp-content\/uploads\/2014\/12\/laser-197x300.jpg 197w\" data-sizes=\"(max-width: 274px) 100vw, 274px\" src=\"data:image\/svg+xml;base64,PHN2ZyB3aWR0aD0iMSIgaGVpZ2h0PSIxIiB4bWxucz0iaHR0cDovL3d3dy53My5vcmcvMjAwMC9zdmciPjwvc3ZnPg==\" style=\"--smush-placeholder-width: 274px; --smush-placeholder-aspect-ratio: 274\/418;\" \/><\/strong><\/p>\n<h2 style=\"text-align: center;\"><span style=\"color: #f08080;\"><strong>DEPILACJA LASEROWA<\/strong><\/span><\/h2>\n<h4 style=\"text-align: center;\"><span style=\"color: #999999;\"><strong>Depilacja laserowa<\/strong><\/span> pozwala nam trwale usun\u0105\u0107 niechciane ow\u0142osienie.<\/h4>\n<p style=\"text-align: center;\">Wzrost w\u0142osa sk\u0142ada si\u0119 z trzech faz:<\/p>\n<p style=\"text-align: center;\"><strong>ANAGEN<\/strong>&#8211; faza wzrostu,<\/p>\n<p style=\"text-align: center;\"><strong>TELOGEN<\/strong>-faza spoczynku,<\/p>\n<p style=\"text-align: center;\"><strong>KATAGEN<\/strong>&#8211; faza wypadania.<\/p>\n<p>\u015awiat\u0142o <span style=\"color: #f08080;\"><strong>lasera diodowego<\/strong><\/span> o d\u0142ugo\u015bci 808 nm absorbowane jest tylko przez melanin\u0119 znajduj\u0105c\u0105 si\u0119 w mieszku w\u0142osowym, b\u0119d\u0105cym w fazie aktywnego wzrostu. Jest ona zale\u017cna od obszaru cia\u0142a, poziomu hormon\u00f3w, wieku, p\u0142ci, sposobu od\u017cywiania oraz innych indywidualnych predyspozycji i trwa od 3 do 8 tygodni. Po up\u0142ywie tego czasu w\u0142os zn\u00f3w wchodzi w faz\u0119 aktywn\u0105.<\/p>\n<p>Podczas jednej sesji jeste\u015bmy w stanie wyeliminowa\u0107 od 15% do 30% ow\u0142osienia. Aby osi\u0105gn\u0105\u0107 zadowalaj\u0105ce efekty przeprowadzamy na danym fragmencie cia\u0142a oko\u0142o 3 \u2013 6 sesji <em>depilacji<\/em>\u00a0<em>laserowej<\/em> w odst\u0119pie 6 tygodni. Najskuteczniejsze b\u0119d\u0105 zabiegi wykonywane na jasnej sk\u00f3rze przy ciemnym ow\u0142osieniu.<\/p>\n<p><span style=\"color: #f08080;\"><strong>Laser LightSheer<\/strong><\/span>\u00a0nie usuwa\u00a0ow\u0142osienia siwego, blond, rudego czy jasnego tylko umo\u017cliwia ewentualne jego przerzedzenie.<img decoding=\"async\" class=\"size-full wp-image-654 alignright lazyload\" data-src=\"http:\/\/salon-urody.wroclaw.pl\/wp-content\/uploads\/2015\/02\/Anagen.jpg\" alt=\"Anagen\" width=\"287\" height=\"191\" data-srcset=\"https:\/\/salon-urody.wroclaw.pl\/wp-content\/uploads\/2015\/02\/Anagen.jpg 287w, https:\/\/salon-urody.wroclaw.pl\/wp-content\/uploads\/2015\/02\/Anagen-150x100.jpg 150w\" data-sizes=\"(max-width: 287px) 100vw, 287px\" src=\"data:image\/svg+xml;base64,PHN2ZyB3aWR0aD0iMSIgaGVpZ2h0PSIxIiB4bWxucz0iaHR0cDovL3d3dy53My5vcmcvMjAwMC9zdmciPjwvc3ZnPg==\" style=\"--smush-placeholder-width: 287px; --smush-placeholder-aspect-ratio: 287\/191;\" \/><\/p>\n<p>&nbsp;<\/p>\n<h4 style=\"text-align: center;\"><span style=\"color: grey;\"><strong>LightSheer\u00ae<\/strong><\/span><\/h4>\n<p>W naszym gabinecie dysponujemy najlepszym z dost\u0119pnych obecnie na rynku laser\u00f3w diodowych &#8211; <span style=\"color: #999999;\"><strong>LightSheer\u00ae<\/strong><\/span> wyprodukowanym w Stanach Zjednoczonych przez firm\u0119 <em><span style=\"color: #f08080;\">Lumenis<\/span><\/em>. Posiada on presti\u017cowy i rozpoznawalny na ca\u0142ym \u015bwiecie certyfikat \u00a0jako\u015bci\u00a0<strong>FDA<\/strong> zatwierdzony przez ameryka\u0144sk\u0105 Agencj\u0119 do spraw \u017bywno\u015bci i Lek\u00f3w (Food and Drug Administration). Ameryka\u0144skie Towarzystwo Dermatologiczne uzna\u0142o depilacj\u0119 laserow\u0105\u00a0<span style=\"color: #f08080;\"><em>Light Sheer<\/em> Diode Laser System\u00ae<\/span> za najskuteczniejsz\u0105 metod\u0119 trwa\u0142ego usuwania ow\u0142osienia.<\/p>\n<p>&nbsp;<\/p>\n<fieldset style=\"border: 2px dotted #FFFAFA; padding: 3; background: #FFFAFA;\">\n<h4 style=\"text-align: center;\"><span style=\"color: #f08080;\"><strong>ZALECENIA:<\/strong><\/span><\/h4>\n<p style=\"text-align: center;\">Oko\u0142o 3 tygodnie przed planowan\u0105 wizyt\u0105 nale\u017cy zaprzesta\u0107 mechanicznego wyrywania w\u0142os\u00f3w za pomoc\u0105 p\u0119sety, depilatora, wosku, pasty cukrowej czy krem\u00f3w depilacyjnych. Dopuszczalne jest tylko golenie, kt\u00f3re nie zaburza proces\u00f3w wzrostu w\u0142osa. Sk\u00f3ra nie powinna by\u0107 opalona, a po zabiegach przez minimum dwa tygodnie unikamy s\u0142o\u0144ca i stosujemy ochronne filtry UVA i UVB.<\/p>\n<\/fieldset>\n<h3><\/h3>\n<fieldset style=\"border: 2px dotted #FFFAFA; padding: 3; background: #FFFAFA;\">\n<h4 style=\"text-align: center;\"><span style=\"color: #f08080;\"><strong>PRZECIWSKAZANIA:<\/strong><\/span><\/h4>\n<ul>\n<li>ci\u0105\u017ca i okres laktacji,<a href=\"http:\/\/salon-urody.wroclaw.pl\/wp-content\/uploads\/2015\/02\/Light-Sheer.jpg\"><img decoding=\"async\" class=\"wp-image-659 alignright lazyload\" data-src=\"http:\/\/salon-urody.wroclaw.pl\/wp-content\/uploads\/2015\/02\/Light-Sheer-300x178.jpg\" alt=\"Light Sheer\" width=\"342\" height=\"203\" data-srcset=\"https:\/\/salon-urody.wroclaw.pl\/wp-content\/uploads\/2015\/02\/Light-Sheer-300x178.jpg 300w, https:\/\/salon-urody.wroclaw.pl\/wp-content\/uploads\/2015\/02\/Light-Sheer-150x89.jpg 150w, https:\/\/salon-urody.wroclaw.pl\/wp-content\/uploads\/2015\/02\/Light-Sheer.jpg 616w\" data-sizes=\"(max-width: 342px) 100vw, 342px\" src=\"data:image\/svg+xml;base64,PHN2ZyB3aWR0aD0iMSIgaGVpZ2h0PSIxIiB4bWxucz0iaHR0cDovL3d3dy53My5vcmcvMjAwMC9zdmciPjwvc3ZnPg==\" style=\"--smush-placeholder-width: 342px; --smush-placeholder-aspect-ratio: 342\/203;\" \/><\/a><\/li>\n<li>nowotw\u00f3r,<\/li>\n<li>tatua\u017c w miejscu planowanego zabiegu,<\/li>\n<li>sk\u00f3ra po peelingach chemicznych,<\/li>\n<li>mechanicznych lub zabiegach laserowych typu foto-odm\u0142adzanie,<\/li>\n<li>\u0142uszczyca,<\/li>\n<li>opryszczka,<\/li>\n<li>padaczka,<\/li>\n<li>nadwra\u017cliwo\u015b\u0107 na s\u0142o\u0144ce,<\/li>\n<li>opalona sk\u00f3ra,<\/li>\n<li>przyjmowanie lek\u00f3w lub zi\u00f3\u0142 \u015bwiat\u0142o-uczulaj\u0105cych (dziurawiec, nagietek);<\/li>\n<\/ul>\n<\/fieldset>\n<p>&nbsp;<\/p>\n<p>&nbsp;<\/p>\n<h4 style=\"text-align: center;\">Zapraszamy na nieodp\u0142atne konsultacje wraz z pr\u00f3b\u0105 laserow\u0105.<\/h4>\n<h4 style=\"text-align: left;\"><span style=\"color: #999999;\"><strong><span lang=\"it-IT\">D<\/span><\/strong><em><span lang=\"it-IT\"><strong>epilacja Laserowa &#8211; LightSheer\u00ae Wroc\u0142aw:<\/strong><\/span><\/em><\/span><\/h4>\n<ul>\n<li>w\u0105sik lub baczki- 80 z\u0142<\/li>\n<li>broda- 80 z\u0142<\/li>\n<li>pachy lub przedramiona- 120 z\u0142<\/li>\n<li>bikini p\u0142ytkie- 120 z\u0142<\/li>\n<li>bikini g\u0142\u0119bokie(linia bia\u0142a lub szpara mi\u0119dzy \u2013 po\u015bladkowa gratis!)- 180 z\u0142<\/li>\n<li>\u0142ydki(kolana gratis!)- 240 z\u0142<\/li>\n<li>uda(kolana gratis!) &#8211; 240 z\u0142<\/li>\n<li>nogi- 480 z\u0142<\/li>\n<\/ul>\n<fieldset style=\"border: 2px dotted #FFFAFA; padding: 3; background: #FFFAFA;\">\n<h4 style=\"text-align: left;\"><span style=\"color: #dc143c;\">PROMOCJA!<\/span><\/h4>\n<ul>\n<li>pachy + bikini &#8211; 300 z\u0142<\/li>\n<li>pachy + bikini + \u0142ydki- 520 z\u0142<\/li>\n<\/ul>\n<\/fieldset>\n","protected":false},"excerpt":{"rendered":"<p>&nbsp; DEPILACJA LASEROWA Depilacja laserowa pozwala nam trwale usun\u0105\u0107 niechciane ow\u0142osienie. Wzrost w\u0142osa sk\u0142ada si\u0119 z trzech faz: ANAGEN&#8211; faza wzrostu, TELOGEN-faza spoczynku, KATAGEN&#8211; faza wypadania. \u015awiat\u0142o lasera diodowego o d\u0142ugo\u015bci 808 nm absorbowane jest tylko przez melanin\u0119 znajduj\u0105c\u0105 si\u0119 w mieszku w\u0142osowym, b\u0119d\u0105cym w fazie aktywnego wzrostu. Jest ona zale\u017cna od obszaru cia\u0142a, poziomu [&hellip;]<\/p>\n","protected":false},"author":1,"featured_media":767,"parent":110,"menu_order":0,"comment_status":"open","ping_status":"open","template":"","meta":{"_uf_show_specific_survey":0,"_uf_disable_surveys":false,"__cvm_playback_settings":[],"__cvm_video_id":"","_glsr_average":0,"_glsr_ranking":0,"_glsr_reviews":0,"footnotes":""},"class_list":["post-212","page","type-page","status-publish","has-post-thumbnail","czr-hentry"],"aioseo_notices":[],"_links":{"self":[{"href":"https:\/\/salon-urody.wroclaw.pl\/index.php\/wp-json\/wp\/v2\/pages\/212","targetHints":{"allow":["GET"]}}],"collection":[{"href":"https:\/\/salon-urody.wroclaw.pl\/index.php\/wp-json\/wp\/v2\/pages"}],"about":[{"href":"https:\/\/salon-urody.wroclaw.pl\/index.php\/wp-json\/wp\/v2\/types\/page"}],"author":[{"embeddable":true,"href":"https:\/\/salon-urody.wroclaw.pl\/index.php\/wp-json\/wp\/v2\/users\/1"}],"replies":[{"embeddable":true,"href":"https:\/\/salon-urody.wroclaw.pl\/index.php\/wp-json\/wp\/v2\/comments?post=212"}],"version-history":[{"count":0,"href":"https:\/\/salon-urody.wroclaw.pl\/index.php\/wp-json\/wp\/v2\/pages\/212\/revisions"}],"up":[{"embeddable":true,"href":"https:\/\/salon-urody.wroclaw.pl\/index.php\/wp-json\/wp\/v2\/pages\/110"}],"wp:featuredmedia":[{"embeddable":true,"href":"https:\/\/salon-urody.wroclaw.pl\/index.php\/wp-json\/wp\/v2\/media\/767"}],"wp:attachment":[{"href":"https:\/\/salon-urody.wroclaw.pl\/index.php\/wp-json\/wp\/v2\/media?parent=212"}],"curies":[{"name":"wp","href":"https:\/\/api.w.org\/{rel}","templated":true}]}}