{"id":2071,"date":"2017-01-13T16:49:43","date_gmt":"2017-01-13T15:49:43","guid":{"rendered":"http:\/\/salon-urody.wroclaw.pl\/?page_id=2071"},"modified":"2023-06-16T16:47:09","modified_gmt":"2023-06-16T14:47:09","slug":"pakiety-odchudzajace","status":"publish","type":"page","link":"https:\/\/salon-urody.wroclaw.pl\/index.php\/pakiety-odchudzajace\/","title":{"rendered":"Pakiety Odchudzaj\u0105ce"},"content":{"rendered":"<p>Opieraj\u0105c si\u0119 na wieloletnim do\u015bwiadczeniu oraz wsp\u00f3\u0142pracy z wieloma specjalistami, z dum\u0105 mo\u017cemy Pa\u0144stwu poleci\u0107 innowacyjne pakiety odchudzaj\u0105ce z gwarancj\u0105\u00a0100% skuteczno\u015bci.<\/p>\n<p>Zastosowanie nowoczesnej technologi oraz autorskich masa\u017cy odchudzaj\u0105cych gwarantuje najwy\u017csz\u0105 skuteczno\u015b\u0107 w modelowaniu sylwetki.<\/p>\n<p><strong><img decoding=\"async\" class=\"wp-image-2090 alignleft lazyload\" data-src=\"http:\/\/salon-urody.wroclaw.pl\/wp-content\/uploads\/2017\/01\/Betty-1-213x300.jpg\" alt=\"\" width=\"210\" height=\"296\" data-srcset=\"https:\/\/salon-urody.wroclaw.pl\/wp-content\/uploads\/2017\/01\/Betty-1-213x300.jpg 213w, https:\/\/salon-urody.wroclaw.pl\/wp-content\/uploads\/2017\/01\/Betty-1-107x150.jpg 107w, https:\/\/salon-urody.wroclaw.pl\/wp-content\/uploads\/2017\/01\/Betty-1.jpg 535w\" data-sizes=\"(max-width: 210px) 100vw, 210px\" src=\"data:image\/svg+xml;base64,PHN2ZyB3aWR0aD0iMSIgaGVpZ2h0PSIxIiB4bWxucz0iaHR0cDovL3d3dy53My5vcmcvMjAwMC9zdmciPjwvc3ZnPg==\" style=\"--smush-placeholder-width: 210px; --smush-placeholder-aspect-ratio: 210\/296;\" \/><\/strong><\/p>\n<p>&nbsp;<\/p>\n<p>&nbsp;<\/p>\n<p><strong>Boska Betty<\/strong><\/p>\n<p>20 zabieg\u00f3w Slim Fast +\u00a0Kriolipoliza 1x<\/p>\n<p><a href=\"https:\/\/instytut27.booksy.com\">1490 z\u0142<\/a><\/p>\n<p>Betty jest zawsze serdeczna i opanowana.<\/p>\n<p>Wytrwale d\u0105\u017cy do realizacji za\u0142o\u017conych cel\u00f3w, dzielnie opieraj\u0105c si\u0119 pokusom.<\/p>\n<p>Betty pod\u0105\u017ca za g\u0142osem rozs\u0105dku i wybiera podw\u00f3jne uderzenie:<\/p>\n<p>[su_button url=&#8221;https:\/\/instytut27.booksy.com&#8221; target=&#8221;blank&#8221; style=&#8221;soft&#8221; size=&#8221;4&#8243; radius=&#8221;round&#8221; text_shadow=&#8221;1px 1px 1px #000000&#8243; rel=&#8221;nofollow&#8221;]Zarezerwuj online[\/su_button]<\/p>\n<hr \/>\n<p>&nbsp;<\/p>\n<p>&nbsp;<\/p>\n<p>Dzie\u0144 1 + Dzie\u0144 6: Lipolaser + Masa\u017c Royal<\/p>\n<p>Dzie\u0144 2 + Dzie\u0144 7: 3D Slimm + Masa\u017c Princess<\/p>\n<p>Dzie\u0144 3 + Dzie\u0144 8: Liposukcja Kawitacyjna + Masa\u017c Royal<\/p>\n<p>Dzie\u0144 4 + Dzie\u0144 9: Lipolaser + Ba\u0144ka Chi\u0144ska<\/p>\n<p align=\"left\">Dzie\u0144 5 + Dzie\u0144 10: 3D + Masa\u017c Princess<\/p>\n<p>&nbsp;<\/p>\n<p>&nbsp;<\/p>\n<p><strong>Dzie\u0144 1 + Dzie\u0144 6: LIPOLASER + masa\u017c r\u0119czny odchudzaj\u0105cy ROYAL<\/strong><\/p>\n<p><strong>Lipo Laser <\/strong>to jedna z najskuteczniejszych metod modelowania i wyszczuplania sylwetki w naszym salonie. Projekt urz\u0105dzenia\u00a0powsta\u0142 w oparciu o prac\u0119 naukowo \u2013 medyczn\u0105 i przewy\u017csza pod wzgl\u0119dem oferowanej funkcjonalno\u015bci technicznej, wiele innych urz\u0105dze\u0144 dost\u0119pnych na rynku.<\/p>\n<p>Laser diodowy nazywane inaczej \u201ezimnym laserem\u201d stosowany jest do przezsk\u00f3rnej redukcji nadmiaru tkanki t\u0142uszczowej. Promieniowanie bez trudu przenika przez sk\u00f3r\u0119 i dociera do tkanki t\u0142uszczowej, doprowadzaj\u0105c do rozk\u0142adu tr\u00f3jgliceryd\u00f3w na kwasy t\u0142uszczowe, glicerol i wod\u0119. Stosunkowo niewielkie rozmiary tych cz\u0105steczek umo\u017cliwiaj\u0105 \u0142atwiejsze wydalenie ich poprzez b\u0142on\u0119 mi\u0119dzykom\u00f3rkow\u0105 do przestrzeni \u015br\u00f3dmi\u0105\u017cszowej.<\/p>\n<p>ZALETY TERAPII:<\/p>\n<ul>\n<li>Zabieg jest ca\u0142kowicie bezbolesny<\/li>\n<li>bezpieczna alternatywa dla chirurgicznego wyszczuplania sylwetki<\/li>\n<li>utrata zb\u0119dnych cm w obwodach<\/li>\n<li>redukcja tkanki t\u0142uszczowej i cellulitu<\/li>\n<li>znaczne zmniejszenie obwod\u00f3w cia\u0142a<\/li>\n<\/ul>\n<p>Nieod\u0142\u0105cznym elementem zabieg\u00f3w z u\u017cyciem lasera jest r\u0119cznie wykonywany stymuluj\u0105cy drena\u017c limfatyczny, kt\u00f3ry zwi\u0119ksza skuteczno\u015b\u0107 oddzia\u0142ywania lasera pozwalaj\u0105c na szybsz\u0105 absorpcj\u0119 nadmiaru adipocyt\u00f3w do uk\u0142adu limfatycznego sk\u0105d ich nadmiar zostaje zmetabolizowany poprzez uk\u0142ad trawienny.<\/p>\n<p><strong>Dzie\u0144 2 + Dzie\u0144 7: 3D Slimm + masa\u017c r\u0119czny odchudzaj\u0105cy Princess<\/strong><\/p>\n<p>Terapia wyszczuplaj\u0105ca opiera si\u0119 na zastosowaniu innowacyjnego urz\u0105dzenia 3D Slimm\u00ae, kt\u00f3re wykorzystuje \u201epotr\u00f3jn\u0105 technologi\u0119\u201d: fal\u0119 radiow\u0105 RF, podczerwie\u0144 oraz podci\u015bnienie Vacu. \u015awiat\u0142o lasera podczerwieni rozgrzewa powierzchni\u0119 sk\u00f3ry dzi\u0119ki czemu energia RF mo\u017ce penetrowa\u0107 g\u0142\u0119boko tkank\u0119 \u0142\u0105czn\u0105 w efekcie przy\u015bpieszamy spalanie t\u0142uszczu i zwi\u0119kszamy metabolizm kom\u00f3rkowy, dodatkow\u0105 zaleta jest pobudzenie w\u0142\u00f3kien kolagenowych i elastynowych, dzi\u0119ki czemu sk\u00f3ra staje si\u0119 bardziej j\u0119drna, a cellulit mniej widoczny.<\/p>\n<p>Synergiczny efekt zabiegu zwi\u0119kszony jest dzi\u0119ki po\u0142\u0105czeniu podczerwieni i energii fal radiowych RF z zasysaniem sk\u00f3ry i rolowaniem jej jednocze\u015bnie.<\/p>\n<p>EFEKTY:<\/p>\n<ul>\n<li>redukcja tkanki t\u0142uszczowej<\/li>\n<li>zmniejszenie cellulitu<\/li>\n<li>wyg\u0142adzenie sk\u00f3ry oraz poprawa jej og\u00f3lnego wygl\u0105du<\/li>\n<li>pobudzenie w\u0142\u00f3kien kolagenowych i elastynowych<\/li>\n<\/ul>\n<p><strong>Dzie\u0144 3 + Dzie\u0144 8: LIPOSUKCJA KAWITACYJNA + masa\u017c r\u0119czny odchudzaj\u0105cy ROYAL<\/strong><br \/>\nLiposukcja kawitacyjna opiera si\u0119 na synergicznym zastosowaniu podczerwieni oraz ultrad\u017awi\u0119k\u00f3w. Pierwszy etap zabiegu stanowi wykorzystanie podczerwieni, kt\u00f3ra rozgrzewa sk\u00f3r\u0119, zwi\u0119kszaj\u0105c tym przepuszczalno\u015b\u0107 kom\u00f3rkow\u0105, w efekcie ultrad\u017awi\u0119ki s\u0105 w stanie penetrowa\u0107 w g\u0142\u0105b sk\u00f3ry. Dodatkow\u0105 zalet\u0105 jest przyspieszenie przemiany materii oraz pobudzenie do spalania zb\u0119dnych kom\u00f3rek t\u0142uszczowych.<\/p>\n<p>Pierwsza faza procesu polega na rozgrzaniu tkanki t\u0142uszczowej g\u0142owic\u0105 IR (g\u0142\u0119boka podczerwie\u0144). Podniesienie temperatury tkanek do oko\u0142o 55\u00baC inicjuje zjawisko up\u0142ynniania t\u0142uszczu i jest nieodzownym etapem przygotowuj\u0105cym do g\u0142\u0119bszej penetracji ultrad\u017awi\u0119kami. Automatycznie wzmaga przemian\u0119 materii dzi\u0119ki zwi\u0119kszeniu ukrwienia i od\u017cywienia kom\u00f3rek. Dodatkow\u0105 zalet\u0105 oddzia\u0142ywania g\u0142\u0119bok\u0105 podczerwieni\u0105 jest redukcja napi\u0119cia mi\u0119\u015bniowego i podniesienie progu b\u00f3lowego dzi\u0119ki stymulacji wydzielania endorfin.<\/p>\n<p>W kolejnej fazie mo\u017cemy przyst\u0105pi\u0107 do liposukcji w\u0142a\u015bciwej. Oddzia\u0142ujemy ultrad\u017awi\u0119kami o niskiej cz\u0119stotliwo\u015bci aby rozbi\u0107 kom\u00f3rki t\u0142uszczowe i uwolni\u0107 ich zawarto\u015b\u0107 do uk\u0142adu limfatycznego. Kawitacja przyspiesza tak\u017ce wch\u0142anianie sk\u0142adnik\u00f3w aktywnych w preparatach sprz\u0119gaj\u0105cych do g\u0142\u0119bszych warstw sk\u00f3ry poprawiaj\u0105c jej j\u0119drno\u015b\u0107. Liposukcja daje efekt masa\u017cu biochemicznego tkanek, stymulacji uk\u0142adu limfatycznego, naczyniowego oraz przyspiesza procesy metaboliczne.<\/p>\n<p>Liposukcja kawitacyjna w po\u0142\u0105czeni z r\u0119cznym masa\u017cem odchudzaj\u0105cym pozwoli na:<\/p>\n<ul>\n<li>redukcj\u0119 nadmiaru tkanki t\u0142uszczowej i korygowanie kszta\u0142t\u00f3w cia\u0142a<\/li>\n<li>zmniejszenie cellulitu<\/li>\n<li>popraw\u0119 ukrwienia poprzez mikro-masa\u017c i zwi\u0119kszenie zaopatrzenia kom\u00f3rek w tlen<\/li>\n<li>zmniejszenie kom\u00f3rek t\u0142uszczowych poprzez uwolnienie cz\u0105steczek t\u0142uszczu i pobudzenie przemiany materii<\/li>\n<li>skuteczniejsze wnikanie produkt\u00f3w kosmetycznych w g\u0142\u0105b sk\u00f3ry \u2013 w celu zwi\u0119kszenia j\u0119drno\u015bci i napi\u0119cia cia\u0142a<\/li>\n<\/ul>\n<p><strong>Dzie\u0144 4 + Dzie\u0144 9: Lipolaser + Ba\u0144ka Chi\u0144ska<\/strong><\/p>\n<p>Wyj\u0105tkowy zabieg \u0142\u0105cz\u0105cy w sobie synergiczne oddzia\u0142ywanie wy\u017cej opisanego Lipolasera z intensywnym masa\u017cem przy u\u017cyciu ba\u0144ki chi\u0144skiej. Indywidualnie dobierane gumowe ba\u0144ki<br \/>\nzasysaj\u0105 sk\u00f3r\u0119, tkank\u0119 podsk\u00f3rn\u0105 i t\u0142uszczow\u0105 do wn\u0119trza. Ma to na celu poprawienie kr\u0105\u017cenia podsk\u00f3rnego.<\/p>\n<p>Najcz\u0119\u015bciej zabieg ba\u0144kami chi\u0144skimi wykonywany jest w przypadku cellulitu, ma\u0142o elastycznej sk\u00f3ry lub jako uzupe\u0142nienie masa\u017cu leczniczego, a przede wszystkim w zabiegach wyszczuplaj\u0105cych i zastojach limfy. Cz\u0119sto zastoje ch\u0142onki powoduj\u0105 dodatkowe cm jak i uporczyw\u0105 tzw. \u201epomara\u0144czow\u0105 sk\u00f3rk\u0119\u201d.<\/p>\n<p>Masa\u017c ba\u0144k\u0105 chi\u0144sk\u0105 bardzo intensywnie wp\u0142ywa na ukrwienie obj\u0119tych nim miejsc, dlatego te\u017c<br \/>\npo zabiegu mog\u0105 wyst\u0105pi\u0107 zaczerwienienie, a nawet zasinienie, szczeg\u00f3lnie u os\u00f3b podatnych<br \/>\nna powstawanie siniak\u00f3w (krucho\u015b\u0107 naczynek w\u0142osowatych).<\/p>\n<p>EFEKTY Po\u0142\u0105czenia lipoterapii z drena\u017cem ba\u0144ka chi\u0144sk\u0105:<\/p>\n<ul>\n<li>redukcja tkanki t\u0142uszczowej i cellulitu<\/li>\n<li>zmniejszenie obwod\u00f3w cia\u0142a poddanych zabiegowi<\/li>\n<li>wyg\u0142adzenie sk\u00f3ry<\/li>\n<li>pobudzenie uk\u0142adu limfatycznego<\/li>\n<li>redukcja zastoj\u00f3w wody<\/li>\n<li>uelastycznienie i wyg\u0142adzenie sk\u00f3ry<\/li>\n<li>zwi\u0119kszenie ukrwienia tkanek<\/li>\n<\/ul>\n<p><strong>Dzie\u0144 5 + Dzie\u0144 10: 3D SLIMM + serum rozgrzewaj\u0105ce + masa\u017c odchudzaj\u0105cy Princess<\/strong><\/p>\n<p>Terapia modeluj\u0105ca \u0142\u0105cz\u0105ca w sobie dzia\u0142anie 3 innowacyjnych technologii. Opiera si\u0119 na po\u0142\u0105czeniu Liposukcji ultrad\u017awi\u0119kowej z fal\u0105 radiow\u0105 RF oraz zasysaniem Vacu.<\/p>\n<ul>\n<li><em>Cavi \u2013 Lipo <\/em>powoduje rozpad kom\u00f3rek t\u0142uszczowych, wp\u0142ywaj\u0105c na redukcj\u0119 cellulitu i w efekcie zmniejszenie obwod\u00f3w cia\u0142a<\/li>\n<li><em>Multipolarna fala radiowa RF <\/em>-prowadzi do rozpadu w tkance t\u0142uszczowej tr\u00f3jgliceryd\u00f3w oraz uj\u0119drnia sk\u00f3r\u0119!<\/li>\n<li><em>Vacu Power <\/em>\u2013 intensywny drena\u017c limfatyczny<\/li>\n<\/ul>\n<p>W zabiegu dodatkowo wykorzystywany jest wyszczuplaj\u0105co &#8211; rozgrzewaj\u0105cy \u017cel, przyspieszaj\u0105cy spalanie tkanki t\u0142uszczowej. Zawarty w produkcie ISOCELL SLIM to unikatowy kompleks, kt\u00f3ry posiada zamkni\u0119t\u0105 w liposomach kofein\u0119, kt\u00f3ra redukuje obrz\u0119ki, oraz umo\u017cliwia odprowadzanie zb\u0119dnych produkt\u00f3w przemiany materii do w\u0119z\u0142\u00f3w ch\u0142onnych. Liposomy to cz\u0105stki, kt\u00f3re przenosz\u0105 substancje aktywne w g\u0142\u0105b nask\u00f3rka bez naruszania bariery sk\u00f3rnej.<\/p>\n<p>Dodatkowym sk\u0142adnikiem mikstury wyszczuplaj\u0105cej jest pieprz Cayenne, kt\u00f3ry stymuluje szybsze spalanie tkanki t\u0142uszczowej. Produkt si\u0119 wch\u0142ania pozostawiaj\u0105c sk\u00f3r\u0119 delikatn\u0105 i g\u0142adk\u0105 w dotyku.<\/p>\n<p>W efekcie po\u0142\u0105czenia ze sob\u0105 3D SLIMM z \u017celem wyszczuplaj\u0105cym i masa\u017cem mo\u017cliwe jest uzyskanie efektu wyszczuplenia bez wizyty u chirurga plastycznego.<\/p>\n<p><strong>Boska Betty<\/strong> nie boi si\u0119 wyzwa\u0144\u00a0aby osi\u0105gn\u0105\u0107 ol\u015bniewaj\u0105ce rezultaty. Stara si\u0119 \u0107wiczy\u0107 regularnie, ka\u017cdego dnia.<\/p>\n<p>&nbsp;<\/p>\n<hr \/>\n<p><strong><img decoding=\"async\" class=\"wp-image-2060 alignleft lazyload\" data-src=\"http:\/\/salon-urody.wroclaw.pl\/wp-content\/uploads\/2017\/01\/Kr\u00f3lowa-199x300.jpg\" alt=\"\" width=\"225\" height=\"339\" data-srcset=\"https:\/\/salon-urody.wroclaw.pl\/wp-content\/uploads\/2017\/01\/Kr\u00f3lowa-199x300.jpg 199w, https:\/\/salon-urody.wroclaw.pl\/wp-content\/uploads\/2017\/01\/Kr\u00f3lowa-100x150.jpg 100w, https:\/\/salon-urody.wroclaw.pl\/wp-content\/uploads\/2017\/01\/Kr\u00f3lowa.jpg 576w\" data-sizes=\"(max-width: 225px) 100vw, 225px\" src=\"data:image\/svg+xml;base64,PHN2ZyB3aWR0aD0iMSIgaGVpZ2h0PSIxIiB4bWxucz0iaHR0cDovL3d3dy53My5vcmcvMjAwMC9zdmciPjwvc3ZnPg==\" style=\"--smush-placeholder-width: 225px; --smush-placeholder-aspect-ratio: 225\/339;\" \/><\/strong><\/p>\n<p>&nbsp;<\/p>\n<p>&nbsp;<\/p>\n<p><a href=\"https:\/\/instytut27.booksy.com\"><strong>The Queen<\/strong><\/a><\/p>\n<p>20 zabieg\u00f3w Slim Fast<\/p>\n<p>+ KRIOLIPOLIZA<\/p>\n<p>+ Konsultacja Dietetyczna<\/p>\n<p>1980 z\u0142<\/p>\n<h4>Serdecznie zapraszamy do zapoznania si\u0119 z naszymi zabiegami.<\/h4>\n<p>[su_button url=&#8221;https:\/\/instytut27.booksy.com&#8221; target=&#8221;blank&#8221; background=&#8221;#9acd32&#8243; style=&#8221;soft&#8221; size=&#8221;4&#8243; radius=&#8221;round&#8221; text_shadow=&#8221;1px 1px 1px #000000&#8243; rel=&#8221;nofollow&#8221;]Rezerwacja online[\/su_button]<span style=\"line-height: 1.5;\"><br \/>\n&nbsp;<\/p>\n<p>&nbsp;<\/p>\n<hr \/>\n<p>Prawdziwa Kr\u00f3lowa uwielbia si\u0119 dopieszcza\u0107, ale jednocze\u015bnie jest aktywistk\u0105 z natury. Nie zagrzeje d\u0142u\u017cej miejsca, a wewn\u0119trzna energia pcha j\u0105 nieustannie do czyn\u00f3w. W swojej m\u0105dro\u015bci wie, \u017ce aby jak najlepiej o Siebie zadba\u0107 warto pos\u0142ucha\u0107 doradc\u00f3w i skorzysta\u0107 z ich wiedzy. Niczego nie robi na p\u00f3\u0142 gwizdka. Pragnie tego co najlepsze wi\u0119c zaczyna swoj\u0105 metamorfoz\u0119 od najbardziej spektakularnego zabiegu: podw\u00f3jnego przy\u0142o\u017cenia Kriolipolizy. Kontynuuje przez nast\u0119pne 10 dni d\u0105\u017cenie do doskona\u0142o\u015bci profesjonalnie zaplanowan\u0105 terapi\u0105 i regularnymi \u0107wiczeniami. Uzupe\u0142nieniem kuracji wyszczuplaj\u0105cej b\u0119dzie konsultacja dietetyczna wraz z \u00a0opracowan\u0105 diet\u0105 dopasowan\u0105 do kuracji odchudzaj\u0105cej.<\/p>\n<p>Dzie\u0144 1 &#8211; podw\u00f3jna <a href=\"http:\/\/salon-urody.wroclaw.pl\/index.php\/pielegnacja-ciala\/kriolipoliza\/\">Kriolipoliza<\/a><\/p>\n<p>Dzie\u0144 2 + Dzie\u0144 7: Lipolaser + Masa\u017c Royal<\/p>\n<p>Dzie\u0144 3 + Dzie\u0144 8: Vela Slim + Masa\u017c Princess<\/p>\n<p>Dzie\u0144 4 + Dzie\u0144 9: Liposukcja Kawitacyjna + Masa\u017c Royal<\/p>\n<p>Dzie\u0144 5 + Dzie\u0144 10: Lipolaser + Ba\u0144ka Chi\u0144ska<\/p>\n<p align=\"left\">Dzie\u0144 6 + Dzie\u0144 11: 3D + Masa\u017c Princess<\/p>\n","protected":false},"excerpt":{"rendered":"<p>Opieraj\u0105c si\u0119 na wieloletnim do\u015bwiadczeniu oraz wsp\u00f3\u0142pracy z wieloma specjalistami, z dum\u0105 mo\u017cemy Pa\u0144stwu poleci\u0107 innowacyjne pakiety odchudzaj\u0105ce z gwarancj\u0105\u00a0100% skuteczno\u015bci. Zastosowanie nowoczesnej technologi oraz autorskich masa\u017cy odchudzaj\u0105cych gwarantuje najwy\u017csz\u0105 skuteczno\u015b\u0107 w modelowaniu sylwetki. &nbsp; &nbsp; Boska Betty 20 zabieg\u00f3w Slim Fast +\u00a0Kriolipoliza 1x 1490 z\u0142 Betty jest zawsze serdeczna i opanowana. Wytrwale d\u0105\u017cy do [&hellip;]<\/p>\n","protected":false},"author":6,"featured_media":1434,"parent":0,"menu_order":0,"comment_status":"closed","ping_status":"closed","template":"","meta":{"_uf_show_specific_survey":0,"_uf_disable_surveys":false,"__cvm_playback_settings":[],"__cvm_video_id":"","_glsr_average":0,"_glsr_ranking":0,"_glsr_reviews":0,"footnotes":""},"class_list":["post-2071","page","type-page","status-publish","has-post-thumbnail","czr-hentry"],"aioseo_notices":[],"_links":{"self":[{"href":"https:\/\/salon-urody.wroclaw.pl\/index.php\/wp-json\/wp\/v2\/pages\/2071","targetHints":{"allow":["GET"]}}],"collection":[{"href":"https:\/\/salon-urody.wroclaw.pl\/index.php\/wp-json\/wp\/v2\/pages"}],"about":[{"href":"https:\/\/salon-urody.wroclaw.pl\/index.php\/wp-json\/wp\/v2\/types\/page"}],"author":[{"embeddable":true,"href":"https:\/\/salon-urody.wroclaw.pl\/index.php\/wp-json\/wp\/v2\/users\/6"}],"replies":[{"embeddable":true,"href":"https:\/\/salon-urody.wroclaw.pl\/index.php\/wp-json\/wp\/v2\/comments?post=2071"}],"version-history":[{"count":0,"href":"https:\/\/salon-urody.wroclaw.pl\/index.php\/wp-json\/wp\/v2\/pages\/2071\/revisions"}],"wp:featuredmedia":[{"embeddable":true,"href":"https:\/\/salon-urody.wroclaw.pl\/index.php\/wp-json\/wp\/v2\/media\/1434"}],"wp:attachment":[{"href":"https:\/\/salon-urody.wroclaw.pl\/index.php\/wp-json\/wp\/v2\/media?parent=2071"}],"curies":[{"name":"wp","href":"https:\/\/api.w.org\/{rel}","templated":true}]}}