{"id":207,"date":"2014-12-15T02:17:21","date_gmt":"2014-12-15T01:17:21","guid":{"rendered":"http:\/\/salon-urody.wroclaw.pl\/?page_id=207"},"modified":"2023-09-25T12:36:06","modified_gmt":"2023-09-25T10:36:06","slug":"pedicure","status":"publish","type":"page","link":"https:\/\/salon-urody.wroclaw.pl\/index.php\/dlonie-i-stopy\/pedicure\/","title":{"rendered":"Pedicure klasyczny i hybrydowy"},"content":{"rendered":"<h2 style=\"text-align: center;\"><span style=\"color: #a52a2a;\"><strong>Pedicure<\/strong> <strong>klasyczny<\/strong><\/span><\/h2>\n<p style=\"text-align: center;\">Piel\u0119gnacja st\u00f3p opiera si\u0119 nie tylko na ich myciu, stosowaniu odpowiednich preparat\u00f3w piel\u0119gnuj\u0105cych, czy chocia\u017cby codziennej gimnastyce i doborze odpowiedniego obuwia. Niezb\u0119dnym elementem dbania o nie jest regularne poddawanie ich zabiegowi pedicure, kt\u00f3ry sprawi \u017ce b\u0119d\u0105 wygl\u0105da\u0142y pi\u0119knie i zdrowo.<\/p>\n<p><span style=\"color: #daa520;\"><strong><em>Pedicure klasyczny<\/em><\/strong><\/span> pozwoli usun\u0105\u0107 zrogowacia\u0142y nask\u00f3rek z podeszwy stopy, przygotowa\u0107 sk\u00f3rki wok\u00f3\u0142 paznokci, a tak\u017ce sam\u0105 p\u0142ytk\u0119 paznokcia. Zabieg jest sterylny, ca\u0142kowicie bezbolesny, wykonywany przy pomocy specjalistycznej frezarki i preparat\u00f3w piel\u0119gnacyjnych marki GEHWOL, zako\u0144czony\u00a0 pomalowaniem lakierem (OPI, Semilac lub Indigo) paznokci.<\/p>\n<h3><\/h3>\n<p>&nbsp;<\/p>\n<h3 style=\"text-align: left;\"><span style=\"color: #d2691e;\"><strong>Pedicure hybrydowy<\/strong><\/span><\/h3>\n<p><img decoding=\"async\" class=\"wp-image-1616 alignright lazyload\" style=\"--smush-placeholder-width: 353px; --smush-placeholder-aspect-ratio: 353\/219;height: 258px; max-width: 100%; display: block; margin-left: auto; margin-right: auto;\" data-src=\"https:\/\/salon-urody.wroclaw.pl\/wp-content\/uploads\/2015\/08\/Podologia-Fantastic-Body-300x219.jpg\" alt=\"podologia wroc\u0142aw\" width=\"353\" height=\"219\" src=\"data:image\/svg+xml;base64,PHN2ZyB3aWR0aD0iMSIgaGVpZ2h0PSIxIiB4bWxucz0iaHR0cDovL3d3dy53My5vcmcvMjAwMC9zdmciPjwvc3ZnPg==\" \/><\/p>\n<p>Zabieg polega na obci\u0119ciu i oszlifowaniu paznokci, usuni\u0119ciu fizjologicznych zrogowace\u0144. Po oczyszczeniu wa\u0142\u00f3w paznokciowych przy pomocy frezarki<span style=\"font-weight: inherit;\">\u00a0nadajemy im odpowiedni kszta\u0142t. Na\u00a0 p\u0142ytk\u0119 paznokcia nak\u0142adamy warstwy lakieru hybrydowego, kt\u00f3re kolejno utwardzamy w lampie UV. Na koniec<\/span><span style=\"font-weight: inherit;\"> zabiegu\u00a0 wmasowywany jest odpowiedni preparat do piel\u0119gnacji st\u00f3p. Lakier hybrydowy utrzymuje si\u0119 na p\u0142ytce paznokciowej nawet do miesi\u0105ca.\u00a0<\/span>Narz\u0119dzia stosowane do pedicure, je\u015bli nie s\u0105 jednorazowego u\u017cytku, zostaj\u0105 wysterylizowane w autoklawie.<\/p>\n<p><span style=\"font-weight: inherit;\">Ponadto oferujemy <\/span><span style=\"font-weight: inherit;\"> \u2013 specjalistyczn\u0105 piel\u0119gnacj\u0119 st\u00f3p: usuwanie modzeli, odcisk\u00f3w i suchej sk\u00f3ry, rekonstrukcj\u0119 uszkodzonych paznokci, a tak\u017ce ich przed\u0142u\u017canie i utwardzanie. Systematyczne dbanie o stopy mo\u017ce zapobiec wrastaniu paznokci i zniwelowa\u0107 dyskomfort wynikaj\u0105cy z powstawania odcisk\u00f3w lub nagniotk\u00f3w.<br \/>\nW naszej ofercie znajd\u0105 Pa\u0144stwo r\u00f3wnie\u017c <a href=\"https:\/\/salon-urody.wroclaw.pl\/index.php\/pielegnacja-ciala\/pedicure-podologiczny\/\"><span style=\"color: #daa520;\"><strong><em>pedicure podologiczny<\/em><\/strong><\/span><\/a><\/span><\/p>\n<p>Tak wypiel\u0119gnowane stopy dadz\u0105 Ci poczucie komfortu w ka\u017cdej sytuacji.<\/p>\n<p>&nbsp;<\/p>\n<h4>\u00a0Cennik zabieg\u00f3w:<\/h4>\n<ul>\n<li><strong>Pedicure klasyczny<\/strong> -130\u00a0z\u0142<\/li>\n<li>pedicure klasyczny + malowanie ( OPI, Semilac, Indigo) &#8211; 150 z\u0142<\/li>\n<li><strong>Pedicure biologiczny<\/strong> (bez malowania) &#8211; 130 z\u0142<\/li>\n<li>pedicure + malowanie french &#8211; 100 z\u0142<\/li>\n<li>\u015bci\u0105gni\u0119cie \u017celu lub hybrydy za\u0142o\u017conej w innym salonie &#8211; 60z\u0142<\/li>\n<li>pedicure hybrydowy bez \u015bci\u0105gania hybrydy lub \u017celu &#8211; 150 z\u0142<\/li>\n<li>pedicure hybrydowy ze \u015bci\u0105gni\u0119ciem hybrydy- 180 z\u0142<\/li>\n<li><strong>Pedicure hybrydowy<\/strong> PIXEL &#8211; 160 z\u0142<\/li>\n<li><strong>Pedicure podologiczny<\/strong> &#8211; od 180 z\u0142<\/li>\n<li><strong>Masa\u017c st\u00f3p<\/strong> &#8211; 70 z\u0142<\/li>\n<li>Peeling st\u00f3p &#8211; 30 z\u0142<\/li>\n<\/ul>\n<p>[su_button url=&#8221;https:\/\/instytut27.booksy.com&#8221; target=&#8221;blank&#8221; style=&#8221;soft&#8221; size=&#8221;4&#8243; radius=&#8221;round&#8221; text_shadow=&#8221;1px 1px 1px #000000&#8243; rel=&#8221;nofollow&#8221;]Zarezerwuj online[\/su_button]<\/p>\n<div id=\"fb-root\"><\/div>\n<p>&nbsp;<\/p>\n","protected":false},"excerpt":{"rendered":"<p>Pedicure klasyczny Piel\u0119gnacja st\u00f3p opiera si\u0119 nie tylko na ich myciu, stosowaniu odpowiednich preparat\u00f3w piel\u0119gnuj\u0105cych, czy chocia\u017cby codziennej gimnastyce i doborze odpowiedniego obuwia. Niezb\u0119dnym elementem dbania o nie jest regularne poddawanie ich zabiegowi pedicure, kt\u00f3ry sprawi \u017ce b\u0119d\u0105 wygl\u0105da\u0142y pi\u0119knie i zdrowo. Pedicure klasyczny pozwoli usun\u0105\u0107 zrogowacia\u0142y nask\u00f3rek z podeszwy stopy, przygotowa\u0107 sk\u00f3rki wok\u00f3\u0142 paznokci, [&hellip;]<\/p>\n","protected":false},"author":1,"featured_media":0,"parent":171,"menu_order":2,"comment_status":"open","ping_status":"open","template":"","meta":{"_uf_show_specific_survey":0,"_uf_disable_surveys":false,"__cvm_playback_settings":[],"__cvm_video_id":"","_glsr_average":0,"_glsr_ranking":0,"_glsr_reviews":0,"footnotes":""},"class_list":["post-207","page","type-page","status-publish","czr-hentry"],"aioseo_notices":[],"_links":{"self":[{"href":"https:\/\/salon-urody.wroclaw.pl\/index.php\/wp-json\/wp\/v2\/pages\/207","targetHints":{"allow":["GET"]}}],"collection":[{"href":"https:\/\/salon-urody.wroclaw.pl\/index.php\/wp-json\/wp\/v2\/pages"}],"about":[{"href":"https:\/\/salon-urody.wroclaw.pl\/index.php\/wp-json\/wp\/v2\/types\/page"}],"author":[{"embeddable":true,"href":"https:\/\/salon-urody.wroclaw.pl\/index.php\/wp-json\/wp\/v2\/users\/1"}],"replies":[{"embeddable":true,"href":"https:\/\/salon-urody.wroclaw.pl\/index.php\/wp-json\/wp\/v2\/comments?post=207"}],"version-history":[{"count":0,"href":"https:\/\/salon-urody.wroclaw.pl\/index.php\/wp-json\/wp\/v2\/pages\/207\/revisions"}],"up":[{"embeddable":true,"href":"https:\/\/salon-urody.wroclaw.pl\/index.php\/wp-json\/wp\/v2\/pages\/171"}],"wp:attachment":[{"href":"https:\/\/salon-urody.wroclaw.pl\/index.php\/wp-json\/wp\/v2\/media?parent=207"}],"curies":[{"name":"wp","href":"https:\/\/api.w.org\/{rel}","templated":true}]}}