{"id":1837,"date":"2015-12-09T21:06:21","date_gmt":"2015-12-09T20:06:21","guid":{"rendered":"http:\/\/salon-urody.wroclaw.pl\/?page_id=1837"},"modified":"2023-09-25T13:33:38","modified_gmt":"2023-09-25T11:33:38","slug":"powiew-piekna","status":"publish","type":"page","link":"https:\/\/salon-urody.wroclaw.pl\/index.php\/pielegnacja-twarzy\/odzywienie-regeneracja\/powiew-piekna\/","title":{"rendered":"Powiew Pi\u0119kna"},"content":{"rendered":"<h3><strong><span style=\"color: #cccc33;\"><em>Powiew Pi\u0119kna<\/em><\/span><\/strong><\/h3>\n<p>Kieruj\u0105c si\u0119 zapotrzebowaniem r\u00f3\u017cnych typ\u00f3w cer stworzyli\u015bmy rytua\u0142 \u0142\u0105cz\u0105cy w sobie najkorzystniejsze metody piel\u0119gnacji sk\u00f3ry.<\/p>\n<p><a style=\"color: #26a69a;\" href=\"http:\/\/salon-urody.wroclaw.pl\/wp-content\/uploads\/2015\/12\/Powiew-Piekna.png\"><img decoding=\"async\" class=\"size-medium wp-image-1838 alignleft lazyload\" data-src=\"http:\/\/salon-urody.wroclaw.pl\/wp-content\/uploads\/2015\/12\/Powiew-Piekna-300x142.png\" alt=\"Powiew Piekna\" width=\"400\" height=\"242\" data-wp-pid=\"1838\" src=\"data:image\/svg+xml;base64,PHN2ZyB3aWR0aD0iMSIgaGVpZ2h0PSIxIiB4bWxucz0iaHR0cDovL3d3dy53My5vcmcvMjAwMC9zdmciPjwvc3ZnPg==\" style=\"--smush-placeholder-width: 400px; --smush-placeholder-aspect-ratio: 400\/242;\" \/><\/a> Spa dla twarzy, szyi i dekoltu rozpoczynamy od delikatnego peelingu enzymatycznego, kt\u00f3ry pozwala wyg\u0142adzi\u0107 nask\u00f3rek i zwi\u0119kszy\u0107 jego przepuszczalno\u015b\u0107 dla substancji aktywnych aplikowanych w p\u00f3\u017aniejszych etapach zabiegu. W celu poprawienia mikro-cyrkulacji i dodatkowo od\u015bwie\u017cenia cery wykonujemy <a href=\"http:\/\/salon-urody.wroclaw.pl\/index.php\/pielegnacja-twarzy\/oksybrazja\/\">hydrodermabrazj\u0119,<\/a> zwi\u0119kszaj\u0105c\u0105 nawil\u017cenie na poziomie kom\u00f3rkowym sk\u00f3ry. Nast\u0119pnie wprowadzamy ampu\u0142k\u0119 na bazie nisko &#8211; cz\u0105steczkowego kwasu hialuronowego bogat\u0105 w aminokwasy, kolagen oraz kom\u00f3rki macierzyste przy pomocy <a href=\"http:\/\/salon-urody.wroclaw.pl\/index.php\/pielegnacja-twarzy\/mezoterapia-beziglowa\/\">mezoterapii bezig\u0142owej<\/a>.<\/p>\n<p>&nbsp;<\/p>\n<p>Po dog\u0142\u0119bnym od\u017cywieniu sk\u00f3ry wykonujemy liftinguj\u0105cy lub relaksacyjny masa\u017c na bazie oligo- peptydowej maski <strong>Thalgo<\/strong>, kt\u00f3ry pozostawi sk\u00f3r\u0119 promienn\u0105 i nawil\u017con\u0105. Jest to jeden z najprzyjemniejszych i najbardziej kompleksowych rytua\u0142\u00f3w piel\u0119gnacyjnych, intuicyjnie skonstruowanym dzi\u0119ki do\u015bwiadczeniu i spektakularnych efektach poprawienia kondycji sk\u00f3ry.<\/p>\n<p>&nbsp;<\/p>\n<h3><strong><span style=\"color: #cccc33;\"><em>Powiew Pi\u0119kna &#8211; 230 z\u0142<\/em><\/span><\/strong><\/h3>\n<h4><span style=\"color: grey;\">Zapraszamy do rezerwacji zabieg\u00f3w <a href=\"https:\/\/instytut27.booksy.com\">online<\/a><\/span><\/h4>\n<p>[su_button url=&#8221;https:\/\/instytut27.booksy.com&#8221; target=&#8221;blank&#8221; background=&#8221;#CC0099&#8243; style=&#8221;soft&#8221; size=&#8221;4&#8243; radius=&#8221;round&#8221; text_shadow=&#8221;1px 1px 1px #000000&#8243; rel=&#8221;nofollow&#8221;]Rezerwacja online[\/su_button]<\/p>\n<div id=\"fb-root\" style=\"text-align: center;\"><\/div>\n","protected":false},"excerpt":{"rendered":"<p>Powiew Pi\u0119kna Kieruj\u0105c si\u0119 zapotrzebowaniem r\u00f3\u017cnych typ\u00f3w cer stworzyli\u015bmy rytua\u0142 \u0142\u0105cz\u0105cy w sobie najkorzystniejsze metody piel\u0119gnacji sk\u00f3ry. Spa dla twarzy, szyi i dekoltu rozpoczynamy od delikatnego peelingu enzymatycznego, kt\u00f3ry pozwala wyg\u0142adzi\u0107 nask\u00f3rek i zwi\u0119kszy\u0107 jego przepuszczalno\u015b\u0107 dla substancji aktywnych aplikowanych w p\u00f3\u017aniejszych etapach zabiegu. W celu poprawienia mikro-cyrkulacji i dodatkowo od\u015bwie\u017cenia cery wykonujemy hydrodermabrazj\u0119, zwi\u0119kszaj\u0105c\u0105 [&hellip;]<\/p>\n","protected":false},"author":6,"featured_media":0,"parent":2310,"menu_order":0,"comment_status":"closed","ping_status":"closed","template":"","meta":{"_uf_show_specific_survey":0,"_uf_disable_surveys":false,"__cvm_playback_settings":[],"__cvm_video_id":"","_glsr_average":0,"_glsr_ranking":0,"_glsr_reviews":0,"footnotes":""},"class_list":["post-1837","page","type-page","status-publish","czr-hentry"],"aioseo_notices":[],"_links":{"self":[{"href":"https:\/\/salon-urody.wroclaw.pl\/index.php\/wp-json\/wp\/v2\/pages\/1837","targetHints":{"allow":["GET"]}}],"collection":[{"href":"https:\/\/salon-urody.wroclaw.pl\/index.php\/wp-json\/wp\/v2\/pages"}],"about":[{"href":"https:\/\/salon-urody.wroclaw.pl\/index.php\/wp-json\/wp\/v2\/types\/page"}],"author":[{"embeddable":true,"href":"https:\/\/salon-urody.wroclaw.pl\/index.php\/wp-json\/wp\/v2\/users\/6"}],"replies":[{"embeddable":true,"href":"https:\/\/salon-urody.wroclaw.pl\/index.php\/wp-json\/wp\/v2\/comments?post=1837"}],"version-history":[{"count":0,"href":"https:\/\/salon-urody.wroclaw.pl\/index.php\/wp-json\/wp\/v2\/pages\/1837\/revisions"}],"up":[{"embeddable":true,"href":"https:\/\/salon-urody.wroclaw.pl\/index.php\/wp-json\/wp\/v2\/pages\/2310"}],"wp:attachment":[{"href":"https:\/\/salon-urody.wroclaw.pl\/index.php\/wp-json\/wp\/v2\/media?parent=1837"}],"curies":[{"name":"wp","href":"https:\/\/api.w.org\/{rel}","templated":true}]}}