{"id":167,"date":"2014-12-13T00:46:34","date_gmt":"2014-12-12T23:46:34","guid":{"rendered":"http:\/\/salon-urody.wroclaw.pl\/?page_id=167"},"modified":"2023-09-25T13:24:12","modified_gmt":"2023-09-25T11:24:12","slug":"mikrodermabrazja-diamentowa","status":"publish","type":"page","link":"https:\/\/salon-urody.wroclaw.pl\/index.php\/pielegnacja-twarzy\/zluszczanie-mechaniczne\/mikrodermabrazja-diamentowa\/","title":{"rendered":"Mikrodermabrazja diamentowa"},"content":{"rendered":"<h3><span style=\"color: #800080;\"><strong><img decoding=\"async\" class=\"size-medium wp-image-3675 alignleft lazyload\" data-src=\"https:\/\/salon-urody.wroclaw.pl\/wp-content\/uploads\/2023\/07\/zabieg-malinowy-twarz-1-300x202.jpeg\" alt=\"\" width=\"300\" height=\"202\" data-srcset=\"https:\/\/salon-urody.wroclaw.pl\/wp-content\/uploads\/2023\/07\/zabieg-malinowy-twarz-1-300x202.jpeg 300w, https:\/\/salon-urody.wroclaw.pl\/wp-content\/uploads\/2023\/07\/zabieg-malinowy-twarz-1-1024x688.jpeg 1024w, https:\/\/salon-urody.wroclaw.pl\/wp-content\/uploads\/2023\/07\/zabieg-malinowy-twarz-1-150x101.jpeg 150w, https:\/\/salon-urody.wroclaw.pl\/wp-content\/uploads\/2023\/07\/zabieg-malinowy-twarz-1-768x516.jpeg 768w, https:\/\/salon-urody.wroclaw.pl\/wp-content\/uploads\/2023\/07\/zabieg-malinowy-twarz-1.jpeg 1100w\" data-sizes=\"(max-width: 300px) 100vw, 300px\" src=\"data:image\/svg+xml;base64,PHN2ZyB3aWR0aD0iMSIgaGVpZ2h0PSIxIiB4bWxucz0iaHR0cDovL3d3dy53My5vcmcvMjAwMC9zdmciPjwvc3ZnPg==\" style=\"--smush-placeholder-width: 300px; --smush-placeholder-aspect-ratio: 300\/202;\" \/>Mikrodermabrazja diamentowa<\/strong><\/span><\/h3>\n<p><img decoding=\"async\" class=\"size-medium wp-image-541 alignright lazyload\" data-src=\"http:\/\/salon-urody.wroclaw.pl\/wp-content\/uploads\/2015\/02\/Diamentowa-sk\u00f3ra.jpg\" alt=\"Diamentowa sk\u00f3ra\" width=\"400\" height=\"300\" src=\"data:image\/svg+xml;base64,PHN2ZyB3aWR0aD0iMSIgaGVpZ2h0PSIxIiB4bWxucz0iaHR0cDovL3d3dy53My5vcmcvMjAwMC9zdmciPjwvc3ZnPg==\" style=\"--smush-placeholder-width: 400px; --smush-placeholder-aspect-ratio: 400\/300;\" \/><\/p>\n<p><span style=\"color: #808080;\"><strong>Mikrodermabrazja<\/strong><\/span> nale\u017cy do zabieg\u00f3w piel\u0119gnacyjnych polegaj\u0105cych na mechanicznym z\u0142uszczaniu nask\u00f3rka przy pomocy diamentowe<span style=\"font-weight: inherit;\">j g\u0142owicy. W kontrolowany spos\u00f3b \u015bcierane s\u0105 martwe kom\u00f3rki nask\u00f3rka mikro-warstwa po mikro warstwie (usuwana jest tylko wierzchnia, zrogowacia\u0142a warstwa kom\u00f3rek) a\u017c do po\u017c\u0105danego poziomu, pod sta\u0142ym nadzorem wizualnym. W efekcie nast\u0119puje szybkie i niezwykle intensywne powstawanie nowych kom\u00f3rek, poprawia si\u0119 jako\u015b\u0107 sk\u00f3ry i jej kolorytu. Pomimo powierzchniowego oddzia\u0142ywania, zmiany histologiczne obserwowane w mikroskopie elektronowym dotycz\u0105 nie tylko nask\u00f3rka, ale te\u017c sk\u00f3ry w\u0142a\u015bciwej. <\/span><em><span style=\"font-weight: inherit; color: #800080;\">Nast\u0119puje pogrubienie nask\u00f3rka i wzmo\u017cenie syntezy kolagenu i elastyny.<\/span><\/em><\/p>\n<p>Nast\u0119pnym efektem mikrodermabrazji jest wyeliminowanie toksyn i odtrucie g\u0142\u0119bszych warstw sk\u00f3ry wskutek zastosowania element\u00f3w masa\u017cu pr\u00f3\u017cniowego (g\u0142owica zasysa z\u0142uszczan\u0105 parti\u0119 sk\u00f3ry), dzieje si\u0119 tak gdy\u017c powodujemy silne dotlenienie sk\u00f3ry i poprawiamy mikrokr\u0105\u017cenie.<\/p>\n<p><span style=\"color: #800080;\">Na skutek z\u0142uszczenia nask\u00f3rka nast\u0119puje redukcja widoczno\u015bci uj\u015b\u0107 gruczo\u0142\u00f3w \u0142ojowych, por\u00f3w oraz zmniejsza si\u0119 ilo\u015b\u0107 zask\u00f3rnik\u00f3w.<\/span> Sk\u00f3ra staje si\u0119 od\u015bwie\u017cona i\u00a0idealnie przygotowana do zabieg\u00f3w nawil\u017caj\u0105cych. Wydatnie zwi\u0119ksza si\u0119 absorpcja\u00a0aplikowanych preparat\u00f3w co zapewnia spektakularny efekt. Doskona\u0142ym uzupe\u0142nieniem delikatnej mikrodermabrazji mo\u017ce by\u0107 peeling chemiczny np. migda\u0142owy, kt\u00f3ry delikatnie z\u0142uszcza nask\u00f3rek, ale przede wszystkim nawil\u017ca. <span style=\"color: #800080;\">Dodatkowo pobudzone zostaj\u0105 do pracy fibroblasty oraz zwi\u0119ksza si\u0119 j\u0119drno\u015b\u0107 i elastyczno\u015b\u0107 sk\u00f3ry.<\/span><\/p>\n<p><a href=\"https:\/\/salon-urody.wroclaw.pl\/index.php\/pielegnacja-twarzy\/zluszczanie-mechaniczne\/mikrodermabrazja-diamentowa\/\"><span style=\"color: #808080;\"><strong>Mikrodermabrazj\u0119 diamentow\u0105<\/strong><\/span><\/a> stosujemy tak\u017ce w przypadku leczenia rozst\u0119p\u00f3w, czy te\u017c rogowacenia oko\u0142omieszkowego. Dodatkowo zmniejsza widoczno\u015b\u0107 blizn i przebarwie\u0144. Zabieg jest w pe\u0142ni bezpieczny, poniewa\u017c na bie\u017c\u0105co kontrolowana jest ilo\u015b\u0107 i g\u0142\u0119boko\u015b\u0107 \u015bcieranego nask\u00f3rka. Si\u0142\u0119 dzia\u0142ania mikrodermabrazji dostosowuje si\u0119 indywidualnie do problemu i rodzaju sk\u00f3ry oraz ilo\u015bci wizyt. Zabieg jest ca\u0142kowicie bezbolesny, mo\u017ce pojawi\u0107 si\u0119 uczucie mrowienia lub rozgrzania i przej\u015bciowy rumie\u0144 pozabiegowy.<\/p>\n<p><strong><span style=\"color: #800080;\">Wp\u0142yw mikrodermabrazji na sk\u00f3r\u0119:<\/span><\/strong><\/p>\n<p>Poprawa jako\u015bci sk\u00f3ry (struktury i kolorytu), zwi\u0119kszenie elastyczno\u015bci, zmniejszenie rozszerzonych uj\u015b\u0107 gruczo\u0142\u00f3w \u0142ojowych, usuni\u0119cie zask\u00f3rnik\u00f3w, sp\u0142ycenie powierzchownych zmarszczek, wyg\u0142adzenie sk\u00f3ry, usuni\u0119cie przebarwie\u0144 pos\u0142onecznych (lub starczych), zmniejszenie \u0142ojotoku, sk\u00f3ra \u015bwie\u017csza i m\u0142odsza, Wzrasta tak\u017ce przepustowo\u015b\u0107 sk\u00f3ry, a w zwi\u0105zku z tym intensyfikuje si\u0119 absorpcja substancji aktywnych w kosmetykach.<\/p>\n<p><strong><span style=\"color: #800080;\">Wskazania do mikrodermabrazji:<\/span><\/strong><\/p>\n<ul>\n<li>Tr\u0105dzik pospolity,<\/li>\n<li>Zask\u00f3rniki,<\/li>\n<li>Blizny po tr\u0105dziku,<\/li>\n<li>\u0141ojotok,<\/li>\n<li>zask\u00f3rniki,<\/li>\n<li>Prosaki,<\/li>\n<li>Rogowacenie oko\u0142omieszkowe,<\/li>\n<li>Rozszerzone uj\u015bcia gruczo\u0142\u00f3w \u0142ojowych,<\/li>\n<li>Blizny zanikowe,<\/li>\n<li>Przebarwienia i odbarwienia,<\/li>\n<li>Szorstki,<\/li>\n<li>Zrogowacia\u0142y nask\u00f3rek,<\/li>\n<li>Rozst\u0119py,<\/li>\n<li>Odm\u0142adzanie sk\u00f3ry i likwidacja delikatnych zmarszczek wok\u00f3\u0142 oczu ust i szyi,<\/li>\n<li>Zabieg jest idealnym przygotowaniem do wielu innych zabieg\u00f3w.<\/li>\n<\/ul>\n<p><strong><span style=\"color: #800080;\">Przeciwwskazania do mikrodermabrazji:<\/span><\/strong><\/p>\n<ul>\n<li>Zaka\u017cenia wirusowe: brodawki, opryszczka, mi\u0119czak zaka\u017any, zaka\u017cenia bakteryjne (liszajec zaka\u017any, fig\u00f3wka gronkowcowa),<\/li>\n<li>zaka\u017cenia grzybicze,<\/li>\n<li>tr\u0105dzik krostkowy, ropowiczy, tr\u0105dzik r\u00f3\u017cowaty,<\/li>\n<li>sk\u00f3ra powiek,<\/li>\n<li>przeczosy,<\/li>\n<li>nad\u017cerki (uszkodzenia ci\u0105g\u0142o\u015bci sk\u00f3ry),<\/li>\n<li>nowotwory sk\u00f3ry i znamiona,<\/li>\n<li>naczyniaki jamiste,<\/li>\n<li>terapia przeciwtr\u0105dzikowa Roaccutanem &#8211; wskazana co najmniej 3 miesi\u0119czna przerwa,<\/li>\n<li>sk\u0142onno\u015b\u0107 do koloid\u00f3w (bliznowc\u00f3w),<\/li>\n<li>zabiegi chirurgiczne w obr\u0119bie twarzy (do 2 miesi\u0119cy)<\/li>\n<li>sk\u00f3ra z tendencj\u0105 do powstawania naczynek,<\/li>\n<li>tendencja do powstawania blizn i bliznowc\u00f3w,<\/li>\n<li>aktywny tr\u0105dzik,<\/li>\n<li>cukrzyca.<\/li>\n<\/ul>\n<p><strong><span style=\"color: #800080;\">Piel\u0119gnacja i przygotowanie sk\u00f3ry przed zabiegiem mikrodermabrazji:<\/span><\/strong><\/p>\n<p><span style=\"font-weight: inherit;\">5 dni przed wykonaniem zabiegu nale\u017cy unika\u0107: chemicznych krem\u00f3w do depilacji, elektrolizy, zabieg\u00f3w laserowych na okolice twarzy, woskowania, szorstkich g\u0105bek\/szczoteczek do czyszczenia twarzy, \u017cel\u00f3w i krem\u00f3w z\u0142uszczaj\u0105cych do twarzy, opalania sk\u00f3ry.<\/span><\/p>\n<p><strong><span style=\"color: #800080;\">Po zabiegu:<\/span><\/strong><\/p>\n<p>Unikanie opalania przez 2 tygodnie po zabiegu, k\u0105pieli w chlorowanej wodzie (baseny) do 48 godzin po zabiegu, picie ok. 2l wody mineralnej dziennie (uelastycznia dodatkowo sk\u00f3r\u0119), na dzie\u0144 zaleca si\u0119 stosowanie krem\u00f3w z filtrem przeciws\u0142onecznym o faktorze co najmniej 25, (najlepiej faktor 50), przez tydzie\u0144 unika\u0107 : solarium, sauny, fitnessu, depilacji, peelingu.<\/p>\n<p><strong><span style=\"color: #800080;\">Cz\u0119stotliwo\u015b\u0107 zabieg\u00f3w:<\/span><\/strong><\/p>\n<p>Co 2-3 tygodnie w leczeniu tr\u0105dziku i zmian potr\u0105dzikowych, cykl obejmuje 5-10 zabieg\u00f3w. Co 3-4 tygodnie w zabiegach odm\u0142adzaj\u0105cych, cykl oko\u0142o 5 zabieg\u00f3w, poleca si\u0119 wykonanie 2 sesji w ci\u0105gu roku. W celu podtrzymania i utrwalenia uzyskanych wynik\u00f3w zaleca si\u0119 co 8 &#8211; 12 tygodni ponowne wykonanie mikrodermabrazji, regularnie w razie potrzeby jako oczyszczenie i od\u015bwie\u017cenie sk\u00f3ry<\/p>\n<fieldset>\n<legend>Najcz\u0119\u015bciej zadawane pytania<\/legend>\n<fieldset>\n<p style=\"font-size: small;\">Czy warto robi\u0107 mikrodermabrazj\u0119?<\/p>\n<fieldset>Mikrodermabrazja nale\u017cy do zabieg\u00f3w piel\u0119gnacyjnych polegaj\u0105cych na mechanicznym z\u0142uszczaniu nask\u00f3rka przy pomocy diamentowej g\u0142owicy. W kontrolowany spos\u00f3b \u015bcierane s\u0105 martwe kom\u00f3rki nask\u00f3rka mikro-warstwa po mikro warstwie (usuwana jest tylko wierzchnia, zrogowacia\u0142a warstwa kom\u00f3rek) a\u017c do po\u017c\u0105danego poziomu, pod sta\u0142ym nadzorem wizualnym. W efekcie nast\u0119puje szybkie i niezwykle intensywne powstawanie nowych kom\u00f3rek, poprawia si\u0119 jako\u015b\u0107 sk\u00f3ry i jej kolorytu. Kolejnym efektem mikrodermabrazji jest wyeliminowanie toksyn i odtrucie g\u0142\u0119bszych warstw sk\u00f3ry wskutek zastosowania element\u00f3w masa\u017cu pr\u00f3\u017cniowego (g\u0142owica zasysa z\u0142uszczan\u0105 parti\u0119 sk\u00f3ry), dzieje si\u0119 tak gdy\u017c powodujemy silne dotlenienie sk\u00f3ry i poprawiamy mikrokr\u0105\u017cenie.<\/fieldset>\n<\/fieldset>\n<p>&nbsp;<\/p>\n<fieldset>\n<p style=\"font-size: small;\">Czego nie robi\u0107 po mikrodermabrazji?<\/p>\n<fieldset>Po mikrodermabrazji diamentowej unikaj s\u0142o\u0144ca przez 2 tygodnie i stosuj krem z wysokim filtrem przeciws\u0142onecznym, tak aby zapobiec powstawaniu przebarwie\u0144. R\u00f3wnie\u017c po zabiegu zaleca si\u0119 powstrzymanie si\u0119 od nak\u0142adania makija\u017cu, poniewa\u017c b\u0119dzie to zapycha\u0107 \u015bwie\u017co oczyszczon\u0105 sk\u00f3r\u0119 i obci\u0105\u017ca\u0107, powoduj\u0105c gromadzenie toksyn. Polecamy unika\u0107 sauny, basenu z chlorowan\u0105 wod\u0105 i intensywnego wysi\u0142ku fizycznego przez 24 godziny po zabiegu. Warto zrezygnowa\u0107 z preparat\u00f3w na bazie alkoholu i skupi\u0107 si\u0119 na dog\u0142\u0119bnym nawil\u017ceniu sk\u00f3ry.<\/fieldset>\n<\/fieldset>\n<p>&nbsp;<\/fieldset>\n<fieldset>\n<p style=\"font-size: small;\">Ile razy mikrodermabrazja?<\/p>\n<fieldset>W zale\u017cno\u015bci od danego problemu zalecana jest seria od 3-8 zabieg\u00f3w w odst\u0119pie 3-4 tygodni. Sk\u00f3r\u0119 nale\u017cy obserwowa\u0107 i w przypadku zbyt du\u017cej wra\u017cliwo\u015bci na zabieg wyd\u0142u\u017cy\u0107 czas rekonwalescencji mi\u0119dzy spotkaniami. \u00a0Terapi\u0119 odm\u0142adzaj\u0105c\u0105 stosuje si\u0119 w odst\u0119pach 10-15 dni, a przeciwtr\u0105dzikow\u0105 w odst\u0119pach 3 tygodni.<\/fieldset>\n<\/fieldset>\n<p>&nbsp;<\/p>\n<fieldset>\n<p style=\"font-size: small;\">Kiedy nie robi\u0107 mikrodermabrazji?<\/p>\n<fieldset>Zaka\u017cenia wirusowe: brodawki, opryszczka, mi\u0119czak zaka\u017any, zaka\u017cenia bakteryjne (liszajec zaka\u017any, fig\u00f3wka gronkowcowa), zaka\u017cenia grzybicze, tr\u0105dzik krostkowy, ropowiczy, tr\u0105dzik r\u00f3\u017cowaty, sk\u00f3ra powiek, przeczosy, nad\u017cerki (uszkodzenia ci\u0105g\u0142o\u015bci sk\u00f3ry), nowotwory sk\u00f3ry i znamiona, naczyniaki jamiste, terapia przeciwtr\u0105dzikowa Roaccutanem &#8211; wskazana co najmniej 3 miesi\u0119czna przerwa, sk\u0142onno\u015b\u0107 do koloid\u00f3w (bliznowc\u00f3w), zabiegi chirurgiczne w obr\u0119bie twarzy (do 2 miesi\u0119cy) sk\u00f3ra z tendencj\u0105 do powstawania naczynek, tendencja do powstawania blizn i bliznowc\u00f3w, aktywny tr\u0105dzik, cukrzyca.<\/fieldset>\n<\/fieldset>\n<fieldset>\n<p style=\"font-size: small;\">Czym r\u00f3\u017cni si\u0119 mikrodermabrazja diamentowa od Korundowej?<\/p>\n<fieldset>Mikrodermabrazja diamentowa wykorzystuje diamentowe ko\u0144c\u00f3wki \u015bcierne oraz zasysanie do z\u0142uszczania kolejnych warstw nask\u00f3rka.\u00a0G\u0142owice s\u0105 w r\u00f3\u017cnych gradacjach i rozmiarach. Peeling mo\u017cna wykona\u0107 delikatnie, za pomoc\u0105 nasadki delikatnej. T\u0142usta, gruba sk\u00f3ra wymaga wi\u0119kszego z\u0142uszczania.\u00a0Mikrodermabrazja Diamentowa skutecznie redukuje drobne linie, kurze \u0142apki, blizny potr\u0105dzikowe i przebarwienia. Stymuluje odnow\u0119 kom\u00f3rek sk\u00f3ry i tworzenie kolagenu. Efekt zabiegu pojawia si\u0119 natychmiast po zabiegu. Mikrodermabrazja diamentowa ma wiele zalet. W bezpieczny spos\u00f3b kontroluje g\u0142\u0119boko\u015b\u0107 \u015bcierania, pobudza mikrokr\u0105\u017cenie w sk\u00f3rze oraz wzmacnia mechanizmy obronne sk\u00f3ry (pobudza kolagen i elastyn\u0119). Dodatkowo jest r\u00f3wnie\u017c \u015bwietn\u0105 alternatyw\u0105 dla peeling\u00f3w chemicznych. Warto zaznaczy\u0107, \u017ce mikrodermabrazj\u0119 diamentow\u0105 mog\u0105 stosowa\u0107 r\u00f3wnie\u017c kobiety w ci\u0105\u017cy. Korundowa mikrodermabrazja to peeling mechaniczny. Urz\u0105dzenie porusza korund (kryszta\u0142y aluminium), kt\u00f3re oddzia\u0142uj\u0105 na nask\u00f3rek i z\u0142uszczaj\u0105 martwe kom\u00f3rki nask\u00f3rka. Tlenek glinu wraca do maszyny w specjalnym pojemniku zwanym zu\u017cytym tlenkiem glinu. W przeciwie\u0144stwie do mikrodermabrazji diamentowej nie ma konieczno\u015bci wymiany ko\u0144c\u00f3wki. Jedynym czynnikiem mechanicznym jest korund.\u00a0Jedna dysza podaje czysty korund, a druga pobiera zanieczyszczony tlenek glinu po obr\u00f3bce wt\u00f3rnej. Mikrodermabrazja korundowa jest stosunkowo silniejsza ni\u017c mikrodermabrazja diamentowa. Szczeg\u00f3lnie zabieg polecany jest osobom, kt\u00f3re niepokoj\u0105 si\u0119 bliznami potr\u0105dzikowymi i rozszerzonymi porami. Bezpo\u015brednio po zabiegu Twoja sk\u00f3ra b\u0119dzie zaczerwieniona i poczujesz lekkie uczucie ciep\u0142a. Po kilku dniach nast\u0119puje lekkie z\u0142uszczanie, a sk\u00f3ra staje si\u0119 g\u0142adsza i bardziej jednolita. Zmniejszaj\u0105 si\u0119 rozszerzone pory, \u0142ojotok, ilo\u015b\u0107 zask\u00f3rnik\u00f3w i prosak\u00f3w, poprawia si\u0119 koloryt sk\u00f3ry i wyg\u0142adzaj\u0105 drobne zmarszczki.<\/fieldset>\n<\/fieldset>\n<p>&nbsp;<\/p>\n<fieldset>\n<p style=\"font-size: small;\">Czy mikrodermabrazja usuwa zask\u00f3rniki?<\/p>\n<fieldset>Jak najbardziej zabieg usuwa wszelkie zask\u00f3rniki, zmniejsza \u0142ojotok oraz wyr\u00f3wnuje koloryt\u00a0sk\u00f3ry. W wyniku kuracji sk\u00f3ra wygl\u0105da na zdrowsz\u0105, \u015bwie\u017csz\u0105 i oczyszczon\u0105. Dodatkowo, w spos\u00f3b kontrolowany umo\u017cliwia usuwanie warstw martwego nask\u00f3rka, co w konsekwencji niweluje zmarszczki oraz przebarwienia. Nast\u0119puje tak\u017ce stopniowe obkurczenie uj\u015b\u0107 gruczo\u0142\u00f3w \u0142ojowych i zmniejszenie widoczno\u015bci rozszerzonych por\u00f3w.<\/fieldset>\n<\/fieldset>\n<fieldset>\n<p style=\"font-size: small;\">Czy mikrodermabrazja usuwa zmarszczki?<\/p>\n<fieldset>Mikrodermabrazja diamentowa to procedura eksfoliacji, kt\u00f3ra polega na mechanicznym \u015bcieraniu nask\u00f3rka za pomoc\u0105 diamentowej g\u0142owicy. Zabieg mo\u017ce pom\u00f3c w zmniejszeniu widoczno\u015bci drobnych zmarszczek i linii, szczeg\u00f3lnie tych powsta\u0142ych na skutek ekspozycji na s\u0142o\u0144ce lub starzenia si\u0119 sk\u00f3ry. Dzi\u0119ki delikatnemu z\u0142uszczaniu nask\u00f3rka, mikrodermabrazja mo\u017ce pom\u00f3c r\u00f3wnie\u017c w poprawie tekstury sk\u00f3ry, czyni\u0105c j\u0105 bardziej g\u0142adk\u0105 i mi\u0119kk\u0105.<\/fieldset>\n<\/fieldset>\n<p>&nbsp;<\/p>\n<fieldset>\n<p style=\"font-size: small;\">Czy po mikrodermabrazji \u0142uszczy si\u0119 sk\u00f3ra?<\/p>\n<fieldset>Tak, po mikrodermabrazji mo\u017ce wyst\u0119powa\u0107 \u0142uszczenie si\u0119 sk\u00f3ry. Jednak\u017ce jest to bardzo subtelny proces delikatnego z\u0142uszczenia cz\u0119sto nie widoczny na pierwszy rzut oka. Mikrodermabrazja to procedura eksfoliacji, w kt\u00f3rej nask\u00f3rek jest delikatnie \u015bcierany za pomoc\u0105 diamentowej g\u0142owicy. To powoduje usuni\u0119cie martwych kom\u00f3rek nask\u00f3rka i stymuluje proces odnowy sk\u00f3ry. Po zako\u0144czeniu zabiegu sk\u00f3ra mo\u017ce by\u0107 czerwona i delikatnie opuchni\u0119ta. Nast\u0119pnie, w ci\u0105gu kilku dni po zabiegu, sk\u00f3ra zacznie si\u0119 z\u0142uszcza\u0107. Ten proces \u0142uszczenia to normalna reakcja organizmu na stymulacj\u0119 mikrodermabrazj\u0105 i jest naturalnym etapem procesu odnowy sk\u00f3ry.<\/p>\n<p>\u0141uszczenie si\u0119 sk\u00f3ry po mikrodermabrazji jest zwykle \u0142agodne i mo\u017ce utrzymywa\u0107 si\u0119 przez kilka dni. Wa\u017cne jest, aby nie podra\u017cnia\u0107 sk\u00f3ry i w tym czasie warto stosowa\u0107 \u0142agodne, nawil\u017caj\u0105ce kremy, unika\u0107 ekspozycji na s\u0142o\u0144ce i stosowa\u0107 filtr przeciws\u0142oneczny, aby chroni\u0107 sk\u00f3r\u0119.<\/fieldset>\n<\/fieldset>\n<fieldset>\n<p style=\"font-size: small;\">Czy mikrodermabrazja usuwa przebarwienia<\/p>\n<fieldset>Mikrodermabrazja jest procedur\u0105 eksfoliacji, kt\u00f3ra usuwa martwe kom\u00f3rki nask\u00f3rka, wspomagaj\u0105c proces odnowy sk\u00f3ry. Dzi\u0119ki temu mo\u017ce pom\u00f3c w z\u0142uszczaniu nask\u00f3rka, gdzie znajduj\u0105 si\u0119 niekt\u00f3re przebarwienia wynikaj\u0105ce z nadmiernego nara\u017cenia na s\u0142o\u0144ce. W ten spos\u00f3b mikrodermabrazja mo\u017ce doprowadzi\u0107 do rozja\u015bnienia tych powierzchownych przebarwie\u0144, co jest szczeg\u00f3lnie skuteczne w przypadku niewielkich, p\u0142ytkich plam.<\/fieldset>\n<\/fieldset>\n<p>&nbsp;<\/p>\n<fieldset>\n<p style=\"font-size: small;\">Jak dba\u0107 o twarz po mikrodermabrazji?<\/p>\n<fieldset>Unikanie opalania przez 2 tygodnie po zabiegu, k\u0105pieli w chlorowanej wodzie (baseny) do 48 godzin po zabiegu, picie ok. 2l wody mineralnej dziennie (uelastycznia dodatkowo sk\u00f3r\u0119), na dzie\u0144 zaleca si\u0119 stosowanie krem\u00f3w z filtrem przeciws\u0142onecznym o faktorze co najmniej 25, (najlepiej faktor 50), przez tydzie\u0144 unika\u0107 : solarium, sauny, fitnessu, depilacji, peelingu. W tym czasie warto stosowa\u0107 \u0142agodne, nawil\u017caj\u0105ce kremy, unika\u0107 ekspozycji na s\u0142o\u0144ce.<\/fieldset>\n<\/fieldset>\n<form action=\"?\">\n<div><em><strong>Cena:<\/strong><\/em> \u00a0\u00a0<a href=\"https:\/\/instytut27.booksy.com\">Mikrodermabrazja twarzy &#8211; 180 z\u0142 (serum nawil\u017caj\u0105ce) + 35 z\u0142 maska algowa<\/a><\/div>\n<\/form>\n","protected":false},"excerpt":{"rendered":"<p>Mikrodermabrazja diamentowa Mikrodermabrazja nale\u017cy do zabieg\u00f3w piel\u0119gnacyjnych polegaj\u0105cych na mechanicznym z\u0142uszczaniu nask\u00f3rka przy pomocy diamentowej g\u0142owicy. W kontrolowany spos\u00f3b \u015bcierane s\u0105 martwe kom\u00f3rki nask\u00f3rka mikro-warstwa po mikro warstwie (usuwana jest tylko wierzchnia, zrogowacia\u0142a warstwa kom\u00f3rek) a\u017c do po\u017c\u0105danego poziomu, pod sta\u0142ym nadzorem wizualnym. W efekcie nast\u0119puje szybkie i niezwykle intensywne powstawanie nowych kom\u00f3rek, poprawia si\u0119 [&hellip;]<\/p>\n","protected":false},"author":1,"featured_media":0,"parent":2295,"menu_order":3,"comment_status":"open","ping_status":"open","template":"","meta":{"_uf_show_specific_survey":0,"_uf_disable_surveys":false,"__cvm_playback_settings":[],"__cvm_video_id":"","_glsr_average":0,"_glsr_ranking":0,"_glsr_reviews":0,"footnotes":""},"class_list":["post-167","page","type-page","status-publish","czr-hentry"],"aioseo_notices":[],"_links":{"self":[{"href":"https:\/\/salon-urody.wroclaw.pl\/index.php\/wp-json\/wp\/v2\/pages\/167","targetHints":{"allow":["GET"]}}],"collection":[{"href":"https:\/\/salon-urody.wroclaw.pl\/index.php\/wp-json\/wp\/v2\/pages"}],"about":[{"href":"https:\/\/salon-urody.wroclaw.pl\/index.php\/wp-json\/wp\/v2\/types\/page"}],"author":[{"embeddable":true,"href":"https:\/\/salon-urody.wroclaw.pl\/index.php\/wp-json\/wp\/v2\/users\/1"}],"replies":[{"embeddable":true,"href":"https:\/\/salon-urody.wroclaw.pl\/index.php\/wp-json\/wp\/v2\/comments?post=167"}],"version-history":[{"count":0,"href":"https:\/\/salon-urody.wroclaw.pl\/index.php\/wp-json\/wp\/v2\/pages\/167\/revisions"}],"up":[{"embeddable":true,"href":"https:\/\/salon-urody.wroclaw.pl\/index.php\/wp-json\/wp\/v2\/pages\/2295"}],"wp:attachment":[{"href":"https:\/\/salon-urody.wroclaw.pl\/index.php\/wp-json\/wp\/v2\/media?parent=167"}],"curies":[{"name":"wp","href":"https:\/\/api.w.org\/{rel}","templated":true}]}}