{"id":1662,"date":"2015-09-26T11:21:59","date_gmt":"2015-09-26T09:21:59","guid":{"rendered":"http:\/\/salon-urody.wroclaw.pl\/?page_id=1662"},"modified":"2023-09-25T13:32:33","modified_gmt":"2023-09-25T11:32:33","slug":"pixel-peel","status":"publish","type":"page","link":"https:\/\/salon-urody.wroclaw.pl\/index.php\/pielegnacja-twarzy\/kwasy-eksfoiacje\/pixel-peel\/","title":{"rendered":"PIXEL PEEL"},"content":{"rendered":"<p><span style=\"color: #008080;\"><strong>PIXEL PEEL<\/strong><\/span><\/p>\n<p>Mikroig\u0142owa eksfoliacja i odm\u0142adzanie sk\u00f3ry.<\/p>\n<p>Nowatorska metoda odnawiania nask\u00f3rka opieraj\u0105ca si\u0119 na wprowadzaniu do warstwy rogowej sk\u00f3ry indywidualnie dobranych kwas\u00f3w eksfoliuj\u0105cych przy pomocy mezoterapii mikroig\u0142owej Derma Pen&#8217;em. Nak\u0142uwanie frakcyjne przyspiesza penetracj\u0119 substancji aktywnych intensyfikuj\u0105c spektrum ich dzia\u0142ania na niedoskona\u0142o\u015bci sk\u00f3ry. Naturalnym efektem jest pobudzanie proces\u00f3w regeneracji nask\u00f3rka daj\u0105cych bardziej spektakularne rezultaty ni\u017c klasyczne eksfoliacje lub mikro-nak\u0142uwania.<\/p>\n<p>Wskazaniem do zabiegu<span style=\"color: #008080;\"><strong> PIXEL PEEL<\/strong><\/span><\/p>\n<ul>\n<li>\u00a0foto &#8211; starzenie<\/li>\n<li>\u00a0przebarwienia i nier\u00f3wnomierny koloryt sk\u00f3ry<\/li>\n<li>\u00a0zmarszczki mimiczne i bruzdy<\/li>\n<li>\u00a0rozszerzone uj\u015bcia gruczo\u0142\u00f3w \u0142ojowych, rozszerzone pory<\/li>\n<li>\u00a0cera palacza<\/li>\n<li>\u00a0szara i matowa sk\u00f3ra<\/li>\n<li>\u00a0zask\u00f3rniki<\/li>\n<li>\u00a0blizny potr\u0105dzikowe<\/li>\n<\/ul>\n<p>&nbsp;<\/p>\n<p><span style=\"color: #008080;\"><strong>Kuracja nawil\u017caj\u0105co \u2013 odnawiaj\u0105ca dla cer suchych z pierwszymi oznakami starzenia<\/strong><\/span><\/p>\n<p><span style=\"color: #ff6600;\"><em>Kwas szikimowy &amp; st\u0119\u017cony 4% kwas hialuronowy<\/em><\/span><\/p>\n<p>Dzi\u0119ki proszkowej formie kwasu hialuronowego utrzymuje si\u0119 jego 100 % stabilno\u015b\u0107. Zostaje on uaktywniony dopiero w reakcji z kawasem szikimowym bezpo\u015brednio po na\u0142o\u017ceniu na sk\u00f3r\u0119. Aktywny nisko-cz\u0105steczkowy kwas hialuronowy hamuje TEWL (Transepidermal water loss)\u00a0czyli proces tracenia wody w warstwie rogowej nask\u00f3rka. Zabieg pogrubia sk\u00f3r\u0119 pozwalaj\u0105c utrzyma\u0107 sta\u0142y poziom nawil\u017cenia na poziomie 10-13 %. Kwas szikimowy otrzymywany z any\u017cu gwia\u017adzistego &#8211; Shikimi penetruj\u0105c w g\u0142\u0105b nask\u00f3rka promuje sorpcj\u0119 wody z otoczenia dzi\u0119ki czemu sk\u00f3ra po ka\u017cdym rytuale PIXEL PEEL jest coraz bardziej nawil\u017cona i napi\u0119ta.<\/p>\n<p>&nbsp;<\/p>\n<p><span style=\"color: #008080;\"><strong>Kuracja ani \u2013 age dla sk\u00f3r dojrza\u0142ych, z przebarwieniami oraz wzmacniaj\u0105ca do cer naczyniowych<\/strong><\/span><\/p>\n<p><span style=\"color: #ff6600;\"><em>Kwas feluronowy &amp; stabilna 100% witamina C<\/em><\/span><\/p>\n<p>Specjalnie dopracowana formu\u0142a kwasu feluronowego w po\u0142\u0105czeniu ze stabiln\u0105 witamina C dzia\u0142a anty &#8211; rodnikowo, redukuje przebarwienia w g\u0142\u0119bszych warstwach nask\u00f3rka, zwi\u0119ksza g\u0119sto\u015b\u0107 i napi\u0119cie sk\u00f3ry oraz wzmacnia naczynia kapilarne. Kombinacja obu suplement\u00f3w stymuluje eksfoliacj\u0119, keratynizacj\u0119 i regeneracj\u0119 nask\u00f3rka. Dzi\u0119ki zwi\u0119kszeniu syntezy kolagenu i elastyny zmniejszaj\u0105 si\u0119 zmarszczki mimiczne, a pow\u0142oki sk\u00f3rne ulegaj\u0105 g\u0142\u0119bokiej restrukturyzacji.<\/p>\n<p class=\"western\"><a href=\"http:\/\/salon-urody.wroclaw.pl\/wp-content\/uploads\/2015\/09\/Pixel-Peel-Wroc\u0142aw.jpg\"><img decoding=\"async\" class=\"size-medium wp-image-1701 alignright lazyload\" data-src=\"http:\/\/salon-urody.wroclaw.pl\/wp-content\/uploads\/2015\/09\/Pixel-Peel-Wroc\u0142aw-300x300.jpg\" alt=\"Pixel Peel Wroc\u0142aw\" width=\"300\" height=\"300\" data-wp-pid=\"1701\" data-srcset=\"https:\/\/salon-urody.wroclaw.pl\/wp-content\/uploads\/2015\/09\/Pixel-Peel-Wroc\u0142aw-300x300.jpg 300w, https:\/\/salon-urody.wroclaw.pl\/wp-content\/uploads\/2015\/09\/Pixel-Peel-Wroc\u0142aw-150x150.jpg 150w, https:\/\/salon-urody.wroclaw.pl\/wp-content\/uploads\/2015\/09\/Pixel-Peel-Wroc\u0142aw-200x200.jpg 200w, https:\/\/salon-urody.wroclaw.pl\/wp-content\/uploads\/2015\/09\/Pixel-Peel-Wroc\u0142aw.jpg 600w\" data-sizes=\"(max-width: 300px) 100vw, 300px\" src=\"data:image\/svg+xml;base64,PHN2ZyB3aWR0aD0iMSIgaGVpZ2h0PSIxIiB4bWxucz0iaHR0cDovL3d3dy53My5vcmcvMjAwMC9zdmciPjwvc3ZnPg==\" style=\"--smush-placeholder-width: 300px; --smush-placeholder-aspect-ratio: 300\/300;\" \/><\/a><\/p>\n<p class=\"western\">Po zabiegu:<\/p>\n<p class=\"western\">Zalecamy wykonywanie tego typu zabieg\u00f3w w godzinach popo\u0142udniowych i wieczornych, aby nie nara\u017ca\u0107 sk\u00f3ry na promieniowanie s\u0142oneczne i zanieczyszczenia atmosferyczne. W dniu zabiegu nie wykonujemy makija\u017cu, nie korzystamy z basenu, si\u0142owni czy sauny, unikaj\u0105c mo\u017cliwo\u015bci zaka\u017cenia bakteriami. Unikamy opalania do 30 dni i stosujemy filtry UVA+UVB na okolice poddane ostrzykiwaniu. Wieczorem wykonujemy codzienna piel\u0119gnacj\u0119, bior\u0105c pod uwag\u0119 stosowanie krem\u00f3w suplementacyjnych ze wzgl\u0119du na zwi\u0119kszon\u0105 ch\u0142onno\u015b\u0107 sk\u00f3ry, a tak\u017ce przez czas gojenia do czterech d\u00f3b po zabiegu.<\/p>\n<p class=\"western\">Przeciwwskazania:<\/p>\n<ul>\n<li class=\"western\">\u00a0zmiany \u0142ojotokowe, tr\u0105dzik, atopowe zapalenie sk\u00f3ry, \u0142uszczyca, tr\u0105dzik r\u00f3\u017cowaty<\/li>\n<li class=\"western\">\u00a0ci\u0105\u017ca i okres laktacji<\/li>\n<li class=\"western\">\u00a0choroby nowotworowe<\/li>\n<li class=\"western\">\u00a0teleangiektazje \u2013 poszerzone drobne naczynia krwiono\u015bne, paj\u0105czki, punkty rubinowe<\/li>\n<li class=\"western\">\u00a0tendencja do tworzenia blizn hipertroficznych i keloid\u00f3w, powolne gojenie si\u0119 ran<\/li>\n<li class=\"western\">\u00a0opalona sk\u00f3ra \u2013 nale\u017cy odczeka\u0107 minimum miesi\u0105c<\/li>\n<li class=\"western\">\u00a0inwazyjne zabiegi laserowych \u2013 nale\u017cy zastosowa\u0107 zalecany odst\u0119p czasowy<\/li>\n<li class=\"western\">\u00a0alergia na stal nierdzewn\u0105<\/li>\n<li class=\"western\">\u00a0hemofilia lub zaburzenia krwawienia, wysokie ci\u015bnienie krwi, przyjmowanie lek\u00f3w przeciw ci\u015bnieniowych lub nasercowych<\/li>\n<li class=\"western\">\u00a0opryszczka lub inna chroniczna infekcja na obszarze, kt\u00f3ry ma by\u0107 poddany zabiegowi<\/li>\n<li class=\"western\">\u00a0brak czucia na obszarze, kt\u00f3ry ma by\u0107 poddany zabiegowi (nie stosujemy \u017cadnego znieczulenia miejscowego typu emla lub zastrzyki znieczulaj\u0105ce)<\/li>\n<li class=\"western\">\u00a0przyjmowanie lek\u00f3w, witamin, zi\u00f3\u0142 lub preparat\u00f3w homeopatycznych rozrzedzaj\u0105cych krew<\/li>\n<li class=\"western\">\u00a0botoks lub wype\u0142niacz zaaplikowany w ci\u0105gu ostatnich 3 miesi\u0119cy na okolic\u0105 zabiegow\u0105<\/li>\n<li class=\"western\">\u00a0operacje plastyczne przebyte w ci\u0105gu ostatnich 4 miesi\u0119cy<\/li>\n<li class=\"western\">\u00a0iniekcji permanentnymi wype\u0142niaczami w ci\u0105gu ostatnich 6 miesi\u0119cy<\/li>\n<\/ul>\n<p>&nbsp;<\/p>\n<p>&nbsp;<\/p>\n<p><a href=\"http:\/\/salon-urody.wroclaw.pl\/wp-content\/uploads\/2015\/09\/PIXEL-PEEL-WROC\u0141AW.jpg\"><img decoding=\"async\" class=\"size-medium wp-image-1658 alignright lazyload\" data-src=\"http:\/\/salon-urody.wroclaw.pl\/wp-content\/uploads\/2015\/09\/PIXEL-PEEL-WROC\u0141AW-300x139.jpg\" alt=\"PIXEL PEEL WROC\u0141AW\" width=\"400\" height=\"200\" data-wp-pid=\"1658\" src=\"data:image\/svg+xml;base64,PHN2ZyB3aWR0aD0iMSIgaGVpZ2h0PSIxIiB4bWxucz0iaHR0cDovL3d3dy53My5vcmcvMjAwMC9zdmciPjwvc3ZnPg==\" style=\"--smush-placeholder-width: 400px; --smush-placeholder-aspect-ratio: 400\/200;\" \/><\/a>Zalecana jest seria od 3 \u2013 5 zabieg\u00f3w w odst\u0119pach, w zale\u017cno\u015bci od problemu sk\u00f3ry, 2\/3-tygodniowych. Mo\u017cliwe jest naprzemienne wykonywanie obu rytua\u0142\u00f3w dla osi\u0105gni\u0119cia jak najbardziej wszechstronnych rezultat\u00f3w.<\/p>\n<p>&nbsp;<\/p>\n<p>&nbsp;<\/p>\n","protected":false},"excerpt":{"rendered":"<p>PIXEL PEEL Mikroig\u0142owa eksfoliacja i odm\u0142adzanie sk\u00f3ry. Nowatorska metoda odnawiania nask\u00f3rka opieraj\u0105ca si\u0119 na wprowadzaniu do warstwy rogowej sk\u00f3ry indywidualnie dobranych kwas\u00f3w eksfoliuj\u0105cych przy pomocy mezoterapii mikroig\u0142owej Derma Pen&#8217;em. Nak\u0142uwanie frakcyjne przyspiesza penetracj\u0119 substancji aktywnych intensyfikuj\u0105c spektrum ich dzia\u0142ania na niedoskona\u0142o\u015bci sk\u00f3ry. Naturalnym efektem jest pobudzanie proces\u00f3w regeneracji nask\u00f3rka daj\u0105cych bardziej spektakularne rezultaty ni\u017c klasyczne [&hellip;]<\/p>\n","protected":false},"author":6,"featured_media":1657,"parent":2291,"menu_order":0,"comment_status":"closed","ping_status":"closed","template":"","meta":{"_uf_show_specific_survey":0,"_uf_disable_surveys":false,"__cvm_playback_settings":[],"__cvm_video_id":"","_glsr_average":0,"_glsr_ranking":0,"_glsr_reviews":0,"footnotes":""},"class_list":["post-1662","page","type-page","status-publish","has-post-thumbnail","czr-hentry"],"aioseo_notices":[],"_links":{"self":[{"href":"https:\/\/salon-urody.wroclaw.pl\/index.php\/wp-json\/wp\/v2\/pages\/1662","targetHints":{"allow":["GET"]}}],"collection":[{"href":"https:\/\/salon-urody.wroclaw.pl\/index.php\/wp-json\/wp\/v2\/pages"}],"about":[{"href":"https:\/\/salon-urody.wroclaw.pl\/index.php\/wp-json\/wp\/v2\/types\/page"}],"author":[{"embeddable":true,"href":"https:\/\/salon-urody.wroclaw.pl\/index.php\/wp-json\/wp\/v2\/users\/6"}],"replies":[{"embeddable":true,"href":"https:\/\/salon-urody.wroclaw.pl\/index.php\/wp-json\/wp\/v2\/comments?post=1662"}],"version-history":[{"count":0,"href":"https:\/\/salon-urody.wroclaw.pl\/index.php\/wp-json\/wp\/v2\/pages\/1662\/revisions"}],"up":[{"embeddable":true,"href":"https:\/\/salon-urody.wroclaw.pl\/index.php\/wp-json\/wp\/v2\/pages\/2291"}],"wp:featuredmedia":[{"embeddable":true,"href":"https:\/\/salon-urody.wroclaw.pl\/index.php\/wp-json\/wp\/v2\/media\/1657"}],"wp:attachment":[{"href":"https:\/\/salon-urody.wroclaw.pl\/index.php\/wp-json\/wp\/v2\/media?parent=1662"}],"curies":[{"name":"wp","href":"https:\/\/api.w.org\/{rel}","templated":true}]}}